{"id":755,"date":"2020-04-21T17:35:14","date_gmt":"2020-04-21T17:35:14","guid":{"rendered":"https:\/\/unceasinglypray.org\/?page_id=755"},"modified":"2020-06-11T15:13:02","modified_gmt":"2020-06-11T15:13:02","slug":"day-29","status":"publish","type":"page","link":"https:\/\/unceasinglypray.org\/pt\/day-29\/","title":{"rendered":"Day 29"},"content":{"rendered":"<p><a href=\"https:\/\/unceasinglypray.org\/pt\/day-29\/\">DAY 29: PRAYER FOR A NEW REVIVAL<\/a><\/p>\n\t<p>1Tm 1:3-4; Gl 2:20; Fp 1:21a; Jo 21:15-17; 1Co 12:24; Cl 3:10-11<\/p>\n\t<p>Orar para que a restaura\u00e7\u00e3o do Senhor experimente um novo reavivamento, um reavivamento que nunca ocorreu na hist\u00f3ria, e que ser\u00e1 o resultado da pr\u00e1tica bem-sucedida do pico elevado das revela\u00e7\u00f5es da economia de Deus, incluindo o viver do homem-Deus, o apascentamento universal e o entremesclar para a realidade do Corpo de Cristo e do novo homem (1Tm 1:3-4; Gl 2:20; Fp 1:21a; Jo 21:15-17; 1Co 12:24; Cl 3:10-11).<\/p>\n\t<p><strong>1Tm 1:3-4<\/strong>\u2014Even as I exhorted you, when I was going into Macedonia, to remain in Ephesus in order that you might charge certain ones not to teach different things nor to give heed to myths and unending genealogies, which produce questionings rather than God&#8217;s economy, which is in faith.<\/p>\n<p><strong>Gl 2:20<\/strong>\u2014Estou crucificado com Cristo; logo, j\u00e1 n\u00e3o sou eu quem vive, mas Cristo vive em mim; e a vida que agora vivo na carne, vivo na f\u00e9, a f\u00e9 do Filho de Deus, que me amou e se entregou por mim.<\/p>\n<p><strong>Fp 1:21a<\/strong>\u2014Pois, para mim, viver \u00e9 Cristo.<\/p>\n<p><strong>Jo 21:15-17<\/strong>\u2014Depois de terem comido, perguntou Jesus a Sim\u00e3o Pedro: Sim\u00e3o, filho de Jo\u00e3o, tu Me amas mais do que estes? Ele Lhe respondeu: Sim, Senhor, Tu sabes que Te amo. Ele lhe disse: Alimenta os Meu cordeiros. Tornou a perguntar-lhe pela segunda vez: Sim\u00e3o, filho de Jo\u00e3o, tu Me amas? Ele Lhe respondeu: Sim, Senhor, Tu sabes que Te amo. Disse-lhe Jesus: Apascenta as Minhas ovelhas. Pela terceira vez lhe perguntou: Sim\u00e3o, filho de Jo\u00e3o, tu Me amas? Pedro entristeceu-se por Ele lhe ter dito pela terceira vez: Tu Me amas? Respondeu-Lhe: Senhor, Tu sabes todas as coisas, Tu sabes que eu Te amo. Jesus lhe disse: Alimenta as Minhas ovelhas.<\/p>\n<p><strong>1Co 12:24<\/strong>\u2014Mas os nossos membros nobres n\u00e3o t\u00eam necessidade disso. Contudo, Deus entremesclou o corpo, concedendo muito mais honra ao membro que menos tinha.<\/p>\n<p><strong>Cl 3:10-11<\/strong>\u2014e vos revestistes do novo homem, que est\u00e1 sendo renovado para o pleno conhecimento segundo a imagem Daquele que o criou, onde n\u00e3o pode haver grego nem judeu, circuncis\u00e3o nem incircuncis\u00e3o, b\u00e1rbaro, cita, escravo, livre, mas Cristo \u00e9 tudo e em todos.<\/p>\n\t\t<h3><\/h3>\n\t\t<p>Persevere em ora\u00e7\u00e3o.<\/p>\n\t\t\t<a href=\"https:\/\/unceasinglypray.org\/pt\/sign-up\/\" target=\"_self\" role=\"button\" rel=\"noopener noreferrer\">\n\t\t\t\t\t\t\tESCOLHA UM HOR\u00c1RIO\n\t\t\t\t\t<\/a>","protected":false},"excerpt":{"rendered":"<p>DAY 29: PRAYER FOR A NEW REVIVAL 1 Tim. 1:3-4; Gal. 2:20; Phil. 1:21a; John 21:15-17; 1 Cor. 12:24; Col. 3:10-11 Pray for the Lord\u2019s recovery to experience a new revival, a revival that has never occurred in history, which will be the issue of our successful practice of the high peak revelations of God\u2019s&hellip;<\/p>","protected":false},"author":2,"featured_media":0,"parent":0,"menu_order":0,"comment_status":"closed","ping_status":"closed","template":"","meta":{"inline_featured_image":false,"footnotes":""},"class_list":["post-755","page","type-page","status-publish","hentry"],"yoast_head":"<!-- This site is optimized with the Yoast SEO plugin v27.5 - https:\/\/yoast.com\/product\/yoast-seo-wordpress\/ -->\n<title>Day 29 - Unceasingly Pray<\/title>\n<meta name=\"robots\" content=\"index, follow, max-snippet:-1, max-image-preview:large, max-video-preview:-1\" \/>\n<link rel=\"canonical\" href=\"http:\/\/unceasinglypray.org\/pt\/day-29\/\" \/>\n<meta property=\"og:locale\" content=\"pt_BR\" \/>\n<meta property=\"og:type\" content=\"article\" \/>\n<meta property=\"og:title\" content=\"Day 29 - Unceasingly Pray\" \/>\n<meta property=\"og:description\" content=\"DAY 29: PRAYER FOR A NEW REVIVAL 1 Tim. 1:3-4; Gal. 2:20; Phil. 1:21a; John 21:15-17; 1 Cor. 12:24; Col. 3:10-11 Pray for the Lord\u2019s recovery to experience a new revival, a revival that has never occurred in history, which will be the issue of our successful practice of the high peak revelations of God\u2019s&hellip;\" \/>\n<meta property=\"og:url\" content=\"http:\/\/unceasinglypray.org\/pt\/day-29\/\" \/>\n<meta property=\"og:site_name\" content=\"Unceasingly Pray\" \/>\n<meta property=\"article:modified_time\" content=\"2020-06-11T15:13:02+00:00\" \/>\n<meta name=\"twitter:card\" content=\"summary_large_image\" \/>\n<meta name=\"twitter:label1\" content=\"Est. tempo de leitura\" \/>\n\t<meta name=\"twitter:data1\" content=\"2 minutos\" \/>\n<script type=\"application\/ld+json\" class=\"yoast-schema-graph\">{\"@context\":\"https:\\\/\\\/schema.org\",\"@graph\":[{\"@type\":\"WebPage\",\"@id\":\"http:\\\/\\\/unceasinglypray.org\\\/cs\\\/day-29\\\/\",\"url\":\"http:\\\/\\\/unceasinglypray.org\\\/cs\\\/day-29\\\/\",\"name\":\"Day 29 - Unceasingly Pray\",\"isPartOf\":{\"@id\":\"https:\\\/\\\/unceasinglypray.org\\\/ar\\\/#website\"},\"datePublished\":\"2020-04-21T17:35:14+00:00\",\"dateModified\":\"2020-06-11T15:13:02+00:00\",\"breadcrumb\":{\"@id\":\"http:\\\/\\\/unceasinglypray.org\\\/cs\\\/day-29\\\/#breadcrumb\"},\"inLanguage\":\"pt-BR\",\"potentialAction\":[{\"@type\":\"ReadAction\",\"target\":[\"http:\\\/\\\/unceasinglypray.org\\\/cs\\\/day-29\\\/\"]}]},{\"@type\":\"BreadcrumbList\",\"@id\":\"http:\\\/\\\/unceasinglypray.org\\\/cs\\\/day-29\\\/#breadcrumb\",\"itemListElement\":[{\"@type\":\"ListItem\",\"position\":1,\"name\":\"Home\",\"item\":\"https:\\\/\\\/unceasinglypray.org\\\/pt\\\/\"},{\"@type\":\"ListItem\",\"position\":2,\"name\":\"Day 29\"}]},{\"@type\":\"WebSite\",\"@id\":\"https:\\\/\\\/unceasinglypray.org\\\/ar\\\/#website\",\"url\":\"https:\\\/\\\/unceasinglypray.org\\\/ar\\\/\",\"name\":\"Unceasingly Pray\",\"description\":\"\",\"potentialAction\":[{\"@type\":\"SearchAction\",\"target\":{\"@type\":\"EntryPoint\",\"urlTemplate\":\"https:\\\/\\\/unceasinglypray.org\\\/ar\\\/?s={search_term_string}\"},\"query-input\":{\"@type\":\"PropertyValueSpecification\",\"valueRequired\":true,\"valueName\":\"search_term_string\"}}],\"inLanguage\":\"pt-BR\"}]}<\/script>\n<!-- \/ Yoast SEO plugin. -->","yoast_head_json":{"title":"Day 29 - Unceasingly Pray","robots":{"index":"index","follow":"follow","max-snippet":"max-snippet:-1","max-image-preview":"max-image-preview:large","max-video-preview":"max-video-preview:-1"},"canonical":"http:\/\/unceasinglypray.org\/pt\/day-29\/","og_locale":"pt_BR","og_type":"article","og_title":"Day 29 - Unceasingly Pray","og_description":"DAY 29: PRAYER FOR A NEW REVIVAL 1 Tim. 1:3-4; Gal. 2:20; Phil. 1:21a; John 21:15-17; 1 Cor. 12:24; Col. 3:10-11 Pray for the Lord\u2019s recovery to experience a new revival, a revival that has never occurred in history, which will be the issue of our successful practice of the high peak revelations of God\u2019s&hellip;","og_url":"http:\/\/unceasinglypray.org\/pt\/day-29\/","og_site_name":"Unceasingly Pray","article_modified_time":"2020-06-11T15:13:02+00:00","twitter_card":"summary_large_image","twitter_misc":{"Est. tempo de leitura":"2 minutos"},"schema":{"@context":"https:\/\/schema.org","@graph":[{"@type":"WebPage","@id":"http:\/\/unceasinglypray.org\/cs\/day-29\/","url":"http:\/\/unceasinglypray.org\/cs\/day-29\/","name":"Day 29 - Unceasingly Pray","isPartOf":{"@id":"https:\/\/unceasinglypray.org\/ar\/#website"},"datePublished":"2020-04-21T17:35:14+00:00","dateModified":"2020-06-11T15:13:02+00:00","breadcrumb":{"@id":"http:\/\/unceasinglypray.org\/cs\/day-29\/#breadcrumb"},"inLanguage":"pt-BR","potentialAction":[{"@type":"ReadAction","target":["http:\/\/unceasinglypray.org\/cs\/day-29\/"]}]},{"@type":"BreadcrumbList","@id":"http:\/\/unceasinglypray.org\/cs\/day-29\/#breadcrumb","itemListElement":[{"@type":"ListItem","position":1,"name":"Home","item":"https:\/\/unceasinglypray.org\/pt\/"},{"@type":"ListItem","position":2,"name":"Day 29"}]},{"@type":"WebSite","@id":"https:\/\/unceasinglypray.org\/ar\/#website","url":"https:\/\/unceasinglypray.org\/ar\/","name":"Unceasingly Pray","description":"","potentialAction":[{"@type":"SearchAction","target":{"@type":"EntryPoint","urlTemplate":"https:\/\/unceasinglypray.org\/ar\/?s={search_term_string}"},"query-input":{"@type":"PropertyValueSpecification","valueRequired":true,"valueName":"search_term_string"}}],"inLanguage":"pt-BR"}]}},"_links":{"self":[{"href":"https:\/\/unceasinglypray.org\/pt\/wp-json\/wp\/v2\/pages\/755","targetHints":{"allow":["GET"]}}],"collection":[{"href":"https:\/\/unceasinglypray.org\/pt\/wp-json\/wp\/v2\/pages"}],"about":[{"href":"https:\/\/unceasinglypray.org\/pt\/wp-json\/wp\/v2\/types\/page"}],"author":[{"embeddable":true,"href":"https:\/\/unceasinglypray.org\/pt\/wp-json\/wp\/v2\/users\/2"}],"replies":[{"embeddable":true,"href":"https:\/\/unceasinglypray.org\/pt\/wp-json\/wp\/v2\/comments?post=755"}],"version-history":[{"count":0,"href":"https:\/\/unceasinglypray.org\/pt\/wp-json\/wp\/v2\/pages\/755\/revisions"}],"wp:attachment":[{"href":"https:\/\/unceasinglypray.org\/pt\/wp-json\/wp\/v2\/media?parent=755"}],"curies":[{"name":"wp","href":"https:\/\/api.w.org\/{rel}","templated":true}]}}