{"id":752,"date":"2020-04-21T17:30:43","date_gmt":"2020-04-21T17:30:43","guid":{"rendered":"https:\/\/unceasinglypray.org\/?page_id=752"},"modified":"2020-06-11T15:12:02","modified_gmt":"2020-06-11T15:12:02","slug":"day-26","status":"publish","type":"page","link":"https:\/\/unceasinglypray.org\/pt\/day-26\/","title":{"rendered":"Day 26"},"content":{"rendered":"<p><a href=\"https:\/\/unceasinglypray.org\/pt\/day-26\/\">DAY 26: PRAYER FOR MATURITY<\/a><\/p>\n\t<p>2Pe 1:5-11<\/p>\n\t<p>Orar para que os santos cres\u00e7am em vida at\u00e9 a maturidade a fim de que \u201cdessa maneira [lhes seja] rica e abundantemente suprida a entrada no reino eterno de nosso Senhor e Salvador Jesus Cristo\u201d (2Pe 1:5-11).<\/p>\n\t<p><strong>2Pe 1:5-11<\/strong>\u2014E tamb\u00e9m por isso mesmo v\u00f3s, reunindo toda a dilig\u00eancia, acrescentai abundantemente \u00e0 vossa f\u00e9 a virtude; \u00e0 virtude, o conhecimento; ao conhecimento, o dom\u00ednio pr\u00f3prio; ao dom\u00ednio pr\u00f3prio, a perseveran\u00e7a; \u00e0 perseveran\u00e7a, a piedade; \u00e0 piedade, o amor fraternal; e ao amor fraternal, o amor. Porque essas coisas, existindo em v\u00f3s e abundando, n\u00e3o vos constituem inativos nem infrut\u00edferos para o pleno conhecimento de nosso Senhor Jesus Cristo. Pois aquele em quem essas coisas n\u00e3o est\u00e3o presentes \u00e9 cego, vendo s\u00f3 o que est\u00e1 perto, tendo se esquecido da purifica\u00e7\u00e3o dos seus pecados do passado. Por isso, irm\u00e3os, procurai, com dilig\u00eancia cada vez maior, firmar o vosso chamamento e elei\u00e7\u00e3o; pois, fazendo isso, de modo algum trope\u00e7areis, jamais. Pois dessa maneira vos ser\u00e1 rica e abundantemente suprida a entrada no reino eterno de nosso Senhor e Salvador Jesus Cristo.<\/p>\n\t\t<h3><\/h3>\n\t\t<p>Persevere em ora\u00e7\u00e3o.<\/p>\n\t\t\t<a href=\"https:\/\/unceasinglypray.org\/pt\/sign-up\/\" target=\"_self\" role=\"button\" rel=\"noopener noreferrer\">\n\t\t\t\t\t\t\tESCOLHA UM HOR\u00c1RIO\n\t\t\t\t\t<\/a>","protected":false},"excerpt":{"rendered":"<p>DAY 26: PRAYER FOR MATURITY 2 Pet. 1:5-11 Pray for the saints to grow in life unto maturity so that \u201cin this way the entrance into the eternal kingdom of our Lord and Savior Jesus Christ will be richly and bountifully supplied\u201d to them (2 Pet. 1:5-11). 2 Pet. 1:5-11\u2014And for this very reason also,&hellip;<\/p>","protected":false},"author":2,"featured_media":0,"parent":0,"menu_order":0,"comment_status":"closed","ping_status":"closed","template":"","meta":{"inline_featured_image":false,"footnotes":""},"class_list":["post-752","page","type-page","status-publish","hentry"],"yoast_head":"<!-- This site is optimized with the Yoast SEO plugin v27.3 - https:\/\/yoast.com\/product\/yoast-seo-wordpress\/ -->\n<title>Day 26 - Unceasingly Pray<\/title>\n<meta name=\"robots\" content=\"index, follow, max-snippet:-1, max-image-preview:large, max-video-preview:-1\" \/>\n<link rel=\"canonical\" href=\"http:\/\/unceasinglypray.org\/pt\/day-26\/\" \/>\n<meta property=\"og:locale\" content=\"pt_BR\" \/>\n<meta property=\"og:type\" content=\"article\" \/>\n<meta property=\"og:title\" content=\"Day 26 - Unceasingly Pray\" \/>\n<meta property=\"og:description\" content=\"DAY 26: PRAYER FOR MATURITY 2 Pet. 1:5-11 Pray for the saints to grow in life unto maturity so that \u201cin this way the entrance into the eternal kingdom of our Lord and Savior Jesus Christ will be richly and bountifully supplied\u201d to them (2 Pet. 1:5-11). 2 Pet. 1:5-11\u2014And for this very reason also,&hellip;\" \/>\n<meta property=\"og:url\" content=\"http:\/\/unceasinglypray.org\/pt\/day-26\/\" \/>\n<meta property=\"og:site_name\" content=\"Unceasingly Pray\" \/>\n<meta property=\"article:modified_time\" content=\"2020-06-11T15:12:02+00:00\" \/>\n<meta name=\"twitter:card\" content=\"summary_large_image\" \/>\n<meta name=\"twitter:label1\" content=\"Est. tempo de leitura\" \/>\n\t<meta name=\"twitter:data1\" content=\"1 minuto\" \/>\n<script type=\"application\/ld+json\" class=\"yoast-schema-graph\">{\"@context\":\"https:\\\/\\\/schema.org\",\"@graph\":[{\"@type\":\"WebPage\",\"@id\":\"http:\\\/\\\/unceasinglypray.org\\\/ko\\\/day-26\\\/\",\"url\":\"http:\\\/\\\/unceasinglypray.org\\\/ko\\\/day-26\\\/\",\"name\":\"Day 26 - Unceasingly Pray\",\"isPartOf\":{\"@id\":\"https:\\\/\\\/unceasinglypray.org\\\/ar\\\/#website\"},\"datePublished\":\"2020-04-21T17:30:43+00:00\",\"dateModified\":\"2020-06-11T15:12:02+00:00\",\"breadcrumb\":{\"@id\":\"http:\\\/\\\/unceasinglypray.org\\\/ko\\\/day-26\\\/#breadcrumb\"},\"inLanguage\":\"pt-BR\",\"potentialAction\":[{\"@type\":\"ReadAction\",\"target\":[\"http:\\\/\\\/unceasinglypray.org\\\/ko\\\/day-26\\\/\"]}]},{\"@type\":\"BreadcrumbList\",\"@id\":\"http:\\\/\\\/unceasinglypray.org\\\/ko\\\/day-26\\\/#breadcrumb\",\"itemListElement\":[{\"@type\":\"ListItem\",\"position\":1,\"name\":\"Home\",\"item\":\"https:\\\/\\\/unceasinglypray.org\\\/pt\\\/\"},{\"@type\":\"ListItem\",\"position\":2,\"name\":\"Day 26\"}]},{\"@type\":\"WebSite\",\"@id\":\"https:\\\/\\\/unceasinglypray.org\\\/ar\\\/#website\",\"url\":\"https:\\\/\\\/unceasinglypray.org\\\/ar\\\/\",\"name\":\"Unceasingly Pray\",\"description\":\"\",\"potentialAction\":[{\"@type\":\"SearchAction\",\"target\":{\"@type\":\"EntryPoint\",\"urlTemplate\":\"https:\\\/\\\/unceasinglypray.org\\\/ar\\\/?s={search_term_string}\"},\"query-input\":{\"@type\":\"PropertyValueSpecification\",\"valueRequired\":true,\"valueName\":\"search_term_string\"}}],\"inLanguage\":\"pt-BR\"}]}<\/script>\n<!-- \/ Yoast SEO plugin. -->","yoast_head_json":{"title":"Day 26 - Unceasingly Pray","robots":{"index":"index","follow":"follow","max-snippet":"max-snippet:-1","max-image-preview":"max-image-preview:large","max-video-preview":"max-video-preview:-1"},"canonical":"http:\/\/unceasinglypray.org\/pt\/day-26\/","og_locale":"pt_BR","og_type":"article","og_title":"Day 26 - Unceasingly Pray","og_description":"DAY 26: PRAYER FOR MATURITY 2 Pet. 1:5-11 Pray for the saints to grow in life unto maturity so that \u201cin this way the entrance into the eternal kingdom of our Lord and Savior Jesus Christ will be richly and bountifully supplied\u201d to them (2 Pet. 1:5-11). 2 Pet. 1:5-11\u2014And for this very reason also,&hellip;","og_url":"http:\/\/unceasinglypray.org\/pt\/day-26\/","og_site_name":"Unceasingly Pray","article_modified_time":"2020-06-11T15:12:02+00:00","twitter_card":"summary_large_image","twitter_misc":{"Est. tempo de leitura":"1 minuto"},"schema":{"@context":"https:\/\/schema.org","@graph":[{"@type":"WebPage","@id":"http:\/\/unceasinglypray.org\/ko\/day-26\/","url":"http:\/\/unceasinglypray.org\/ko\/day-26\/","name":"Day 26 - Unceasingly Pray","isPartOf":{"@id":"https:\/\/unceasinglypray.org\/ar\/#website"},"datePublished":"2020-04-21T17:30:43+00:00","dateModified":"2020-06-11T15:12:02+00:00","breadcrumb":{"@id":"http:\/\/unceasinglypray.org\/ko\/day-26\/#breadcrumb"},"inLanguage":"pt-BR","potentialAction":[{"@type":"ReadAction","target":["http:\/\/unceasinglypray.org\/ko\/day-26\/"]}]},{"@type":"BreadcrumbList","@id":"http:\/\/unceasinglypray.org\/ko\/day-26\/#breadcrumb","itemListElement":[{"@type":"ListItem","position":1,"name":"Home","item":"https:\/\/unceasinglypray.org\/pt\/"},{"@type":"ListItem","position":2,"name":"Day 26"}]},{"@type":"WebSite","@id":"https:\/\/unceasinglypray.org\/ar\/#website","url":"https:\/\/unceasinglypray.org\/ar\/","name":"Unceasingly Pray","description":"","potentialAction":[{"@type":"SearchAction","target":{"@type":"EntryPoint","urlTemplate":"https:\/\/unceasinglypray.org\/ar\/?s={search_term_string}"},"query-input":{"@type":"PropertyValueSpecification","valueRequired":true,"valueName":"search_term_string"}}],"inLanguage":"pt-BR"}]}},"_links":{"self":[{"href":"https:\/\/unceasinglypray.org\/pt\/wp-json\/wp\/v2\/pages\/752","targetHints":{"allow":["GET"]}}],"collection":[{"href":"https:\/\/unceasinglypray.org\/pt\/wp-json\/wp\/v2\/pages"}],"about":[{"href":"https:\/\/unceasinglypray.org\/pt\/wp-json\/wp\/v2\/types\/page"}],"author":[{"embeddable":true,"href":"https:\/\/unceasinglypray.org\/pt\/wp-json\/wp\/v2\/users\/2"}],"replies":[{"embeddable":true,"href":"https:\/\/unceasinglypray.org\/pt\/wp-json\/wp\/v2\/comments?post=752"}],"version-history":[{"count":0,"href":"https:\/\/unceasinglypray.org\/pt\/wp-json\/wp\/v2\/pages\/752\/revisions"}],"wp:attachment":[{"href":"https:\/\/unceasinglypray.org\/pt\/wp-json\/wp\/v2\/media?parent=752"}],"curies":[{"name":"wp","href":"https:\/\/api.w.org\/{rel}","templated":true}]}}