{"id":750,"date":"2020-04-21T17:29:53","date_gmt":"2020-04-21T17:29:53","guid":{"rendered":"https:\/\/unceasinglypray.org\/?page_id=750"},"modified":"2020-06-11T15:11:41","modified_gmt":"2020-06-11T15:11:41","slug":"day-25","status":"publish","type":"page","link":"https:\/\/unceasinglypray.org\/pt\/day-25\/","title":{"rendered":"Day 25"},"content":{"rendered":"<p><a href=\"https:\/\/unceasinglypray.org\/pt\/day-25\/\">DAY 25: PRAYER TO HAVE A HIDDEN LIFE WITH THE FATHER<\/a><\/p>\n\t<p>Mt 6:1-6; Cl 3:3<\/p>\n\t<p>Orar para que os santos, como o povo do reino, filhos do Pai celestial, tenham uma vida espiritual que corresponda com a natureza misteriosa, oculta, da vida divina, orando a seu Pai celestial em secreto, experimentando um desfrute secreto do Pai e recebendo respostas secretas Dele (Mt 6:1-6; Cl 3:3).<\/p>\n\t<p><strong>Mt 6:1-6<\/strong>\u2014Guardai-vos de exercer a vossa justi\u00e7a diante dos homens, com o fim de serdes vistos por eles; doutra sorte n\u00e3o tereis recompensa junto de vosso Pai que est\u00e1 nos c\u00e9us. Quando, pois, deres esmola, n\u00e3o toques trombeta diante de ti, como fazem os hip\u00f3critas nas sinagogas e nas ruas, para serem glorificados pelos homens. Em verdade vos digo: Eles j\u00e1 receberam por completo a sua recompensa. Tu, por\u00e9m, ao dares esmola, n\u00e3o saiba a tua esquerda o que faz a tua direita, para que a tua esmola fique em segredo; e teu Pai, que v\u00ea secretamente, te recompensar\u00e1. E, quando orardes, n\u00e3o sereis como os hip\u00f3critas, porque gostam de orar em p\u00e9 nas sinagogas e nas esquinas das ruas para serem vistos pelos homens. Em verdade vos digo: Eles j\u00e1 receberam por completo a sua recompensa. Tu, por\u00e9m, quando orares, entra no teu aposento \u00edntimo e, fechada a porta, ora a teu Pai que est\u00e1 em secreto; e teu Pai, que v\u00ea em secreto, te recompensar\u00e1.<\/p>\n<p><strong>Cl 3:3<\/strong>\u2014Porque morrestes, e a vossa vida est\u00e1 oculta juntamente com Cristo em Deus.<\/p>\n\t\t<h3><\/h3>\n\t\t<p>Persevere em ora\u00e7\u00e3o.<\/p>\n\t\t\t<a href=\"https:\/\/unceasinglypray.org\/pt\/sign-up\/\" target=\"_self\" role=\"button\" rel=\"noopener noreferrer\">\n\t\t\t\t\t\t\tESCOLHA UM HOR\u00c1RIO\n\t\t\t\t\t<\/a>","protected":false},"excerpt":{"rendered":"<p>DAY 25: PRAYER TO HAVE A HIDDEN LIFE WITH THE FATHER Matt. 6:1-6; Col. 3:3 Pray for the saints, as kingdom people, children of the heavenly Father, to have a spiritual life that corresponds with the mysterious, hidden nature of the divine life, praying to their heavenly Father in secret, experiencing some secret enjoyment of&hellip;<\/p>","protected":false},"author":2,"featured_media":0,"parent":0,"menu_order":0,"comment_status":"closed","ping_status":"closed","template":"","meta":{"inline_featured_image":false,"footnotes":""},"class_list":["post-750","page","type-page","status-publish","hentry"],"yoast_head":"<!-- This site is optimized with the Yoast SEO plugin v27.5 - https:\/\/yoast.com\/product\/yoast-seo-wordpress\/ -->\n<title>Day 25 - Unceasingly Pray<\/title>\n<meta name=\"robots\" content=\"index, follow, max-snippet:-1, max-image-preview:large, max-video-preview:-1\" \/>\n<link rel=\"canonical\" href=\"https:\/\/unceasinglypray.org\/pt\/day-25\/\" \/>\n<meta property=\"og:locale\" content=\"pt_BR\" \/>\n<meta property=\"og:type\" content=\"article\" \/>\n<meta property=\"og:title\" content=\"Day 25 - Unceasingly Pray\" \/>\n<meta property=\"og:description\" content=\"DAY 25: PRAYER TO HAVE A HIDDEN LIFE WITH THE FATHER Matt. 6:1-6; Col. 3:3 Pray for the saints, as kingdom people, children of the heavenly Father, to have a spiritual life that corresponds with the mysterious, hidden nature of the divine life, praying to their heavenly Father in secret, experiencing some secret enjoyment of&hellip;\" \/>\n<meta property=\"og:url\" content=\"https:\/\/unceasinglypray.org\/pt\/day-25\/\" \/>\n<meta property=\"og:site_name\" content=\"Unceasingly Pray\" \/>\n<meta property=\"article:modified_time\" content=\"2020-06-11T15:11:41+00:00\" \/>\n<meta name=\"twitter:card\" content=\"summary_large_image\" \/>\n<meta name=\"twitter:label1\" content=\"Est. tempo de leitura\" \/>\n\t<meta name=\"twitter:data1\" content=\"1 minuto\" \/>\n<script type=\"application\/ld+json\" class=\"yoast-schema-graph\">{\"@context\":\"https:\\\/\\\/schema.org\",\"@graph\":[{\"@type\":\"WebPage\",\"@id\":\"https:\\\/\\\/unceasinglypray.org\\\/day-25\\\/\",\"url\":\"https:\\\/\\\/unceasinglypray.org\\\/day-25\\\/\",\"name\":\"Day 25 - Unceasingly Pray\",\"isPartOf\":{\"@id\":\"https:\\\/\\\/unceasinglypray.org\\\/ar\\\/#website\"},\"datePublished\":\"2020-04-21T17:29:53+00:00\",\"dateModified\":\"2020-06-11T15:11:41+00:00\",\"breadcrumb\":{\"@id\":\"https:\\\/\\\/unceasinglypray.org\\\/day-25\\\/#breadcrumb\"},\"inLanguage\":\"pt-BR\",\"potentialAction\":[{\"@type\":\"ReadAction\",\"target\":[\"https:\\\/\\\/unceasinglypray.org\\\/day-25\\\/\"]}]},{\"@type\":\"BreadcrumbList\",\"@id\":\"https:\\\/\\\/unceasinglypray.org\\\/day-25\\\/#breadcrumb\",\"itemListElement\":[{\"@type\":\"ListItem\",\"position\":1,\"name\":\"Home\",\"item\":\"https:\\\/\\\/unceasinglypray.org\\\/pt\\\/\"},{\"@type\":\"ListItem\",\"position\":2,\"name\":\"Day 25\"}]},{\"@type\":\"WebSite\",\"@id\":\"https:\\\/\\\/unceasinglypray.org\\\/ar\\\/#website\",\"url\":\"https:\\\/\\\/unceasinglypray.org\\\/ar\\\/\",\"name\":\"Unceasingly Pray\",\"description\":\"\",\"potentialAction\":[{\"@type\":\"SearchAction\",\"target\":{\"@type\":\"EntryPoint\",\"urlTemplate\":\"https:\\\/\\\/unceasinglypray.org\\\/ar\\\/?s={search_term_string}\"},\"query-input\":{\"@type\":\"PropertyValueSpecification\",\"valueRequired\":true,\"valueName\":\"search_term_string\"}}],\"inLanguage\":\"pt-BR\"}]}<\/script>\n<!-- \/ Yoast SEO plugin. -->","yoast_head_json":{"title":"Day 25 - Unceasingly Pray","robots":{"index":"index","follow":"follow","max-snippet":"max-snippet:-1","max-image-preview":"max-image-preview:large","max-video-preview":"max-video-preview:-1"},"canonical":"https:\/\/unceasinglypray.org\/pt\/day-25\/","og_locale":"pt_BR","og_type":"article","og_title":"Day 25 - Unceasingly Pray","og_description":"DAY 25: PRAYER TO HAVE A HIDDEN LIFE WITH THE FATHER Matt. 6:1-6; Col. 3:3 Pray for the saints, as kingdom people, children of the heavenly Father, to have a spiritual life that corresponds with the mysterious, hidden nature of the divine life, praying to their heavenly Father in secret, experiencing some secret enjoyment of&hellip;","og_url":"https:\/\/unceasinglypray.org\/pt\/day-25\/","og_site_name":"Unceasingly Pray","article_modified_time":"2020-06-11T15:11:41+00:00","twitter_card":"summary_large_image","twitter_misc":{"Est. tempo de leitura":"1 minuto"},"schema":{"@context":"https:\/\/schema.org","@graph":[{"@type":"WebPage","@id":"https:\/\/unceasinglypray.org\/day-25\/","url":"https:\/\/unceasinglypray.org\/day-25\/","name":"Day 25 - Unceasingly Pray","isPartOf":{"@id":"https:\/\/unceasinglypray.org\/ar\/#website"},"datePublished":"2020-04-21T17:29:53+00:00","dateModified":"2020-06-11T15:11:41+00:00","breadcrumb":{"@id":"https:\/\/unceasinglypray.org\/day-25\/#breadcrumb"},"inLanguage":"pt-BR","potentialAction":[{"@type":"ReadAction","target":["https:\/\/unceasinglypray.org\/day-25\/"]}]},{"@type":"BreadcrumbList","@id":"https:\/\/unceasinglypray.org\/day-25\/#breadcrumb","itemListElement":[{"@type":"ListItem","position":1,"name":"Home","item":"https:\/\/unceasinglypray.org\/pt\/"},{"@type":"ListItem","position":2,"name":"Day 25"}]},{"@type":"WebSite","@id":"https:\/\/unceasinglypray.org\/ar\/#website","url":"https:\/\/unceasinglypray.org\/ar\/","name":"Unceasingly Pray","description":"","potentialAction":[{"@type":"SearchAction","target":{"@type":"EntryPoint","urlTemplate":"https:\/\/unceasinglypray.org\/ar\/?s={search_term_string}"},"query-input":{"@type":"PropertyValueSpecification","valueRequired":true,"valueName":"search_term_string"}}],"inLanguage":"pt-BR"}]}},"_links":{"self":[{"href":"https:\/\/unceasinglypray.org\/pt\/wp-json\/wp\/v2\/pages\/750","targetHints":{"allow":["GET"]}}],"collection":[{"href":"https:\/\/unceasinglypray.org\/pt\/wp-json\/wp\/v2\/pages"}],"about":[{"href":"https:\/\/unceasinglypray.org\/pt\/wp-json\/wp\/v2\/types\/page"}],"author":[{"embeddable":true,"href":"https:\/\/unceasinglypray.org\/pt\/wp-json\/wp\/v2\/users\/2"}],"replies":[{"embeddable":true,"href":"https:\/\/unceasinglypray.org\/pt\/wp-json\/wp\/v2\/comments?post=750"}],"version-history":[{"count":0,"href":"https:\/\/unceasinglypray.org\/pt\/wp-json\/wp\/v2\/pages\/750\/revisions"}],"wp:attachment":[{"href":"https:\/\/unceasinglypray.org\/pt\/wp-json\/wp\/v2\/media?parent=750"}],"curies":[{"name":"wp","href":"https:\/\/api.w.org\/{rel}","templated":true}]}}