{"id":748,"date":"2020-04-21T17:27:58","date_gmt":"2020-04-21T17:27:58","guid":{"rendered":"https:\/\/unceasinglypray.org\/?page_id=748"},"modified":"2023-06-26T13:25:30","modified_gmt":"2023-06-26T13:25:30","slug":"day-23","status":"publish","type":"page","link":"https:\/\/unceasinglypray.org\/pt\/day-23\/","title":{"rendered":"Day 23"},"content":{"rendered":"<p><a href=\"https:\/\/unceasinglypray.org\/pt\/day-23\/\">DAY 23: PRAYER FOR GOD&#8217;S RIGHTEOUS JUDGMENT<\/a><\/p>\n\t<p>Ap 8:1-8<\/p>\n\t<p>Orar para que os santos ofere\u00e7am ora\u00e7\u00f5es em que Cristo como o outro Anjo possa adicionar incenso, a fim de que, do trono de Deus, o fogo do justo ju\u00edzo seja lan\u00e7ado na terra para lidar com a impiedade e iniquidade (Ap 8:1-8).<\/p>\n\t<p><strong>Ap 8:1-8<\/strong>\u2014Quando Ele abriu o s\u00e9timo selo, houve sil\u00eancio no c\u00e9u cerca de meia hora. E vi os sete anjos que est\u00e3o em p\u00e9 diante de Deus, e lhes foram dadas sete trombetas. Veio outro Anjo e ficou de p\u00e9 junto ao altar, tendo um incens\u00e1rio de ouro; e foi-Lhe dado muito incenso para oferec\u00ea-lo, juntamente com as ora\u00e7\u00f5es de todos os santos, sobre o altar de ouro que estava diante do trono. E da m\u00e3o do Anjo subiu \u00e0 presen\u00e7a de Deus a fuma\u00e7a do incenso com as ora\u00e7\u00f5es dos santos. E o Anjo tomou o incens\u00e1rio, encheu-o com o fogo do altar e o lan\u00e7ou \u00e0 terra; e houve trov\u00f5es, vozes, rel\u00e2mpagos e terremoto. E os sete anjos que tinham as sete trombetas prepararam-se para tocar. O primeiro tocou a trombeta, e houve granizo e fogo misturados com sangue, que foram atirados \u00e0 terra; e foi queimada a ter\u00e7a parte da terra, a ter\u00e7a parte das \u00e1rvores e toda relva verde. O segundo anjo tocou a trombeta, e algo como uma grande montanha ardendo em chamas foi atirado ao mar; e a ter\u00e7a parte do mar transformou-se em sangue.<\/p>\n\t\t<h3><\/h3>\n\t\t<p>Persevere em ora\u00e7\u00e3o.<\/p>\n\t\t\t<a href=\"https:\/\/unceasinglypray.org\/pt\/sign-up\/\" target=\"_self\" role=\"button\" rel=\"noopener noreferrer\">\n\t\t\t\t\t\t\tESCOLHA UM HOR\u00c1RIO\n\t\t\t\t\t<\/a>","protected":false},"excerpt":{"rendered":"<p>DAY 23: PRAYER FOR GOD&#8217;S RIGHTEOUS JUDGMENT Rev. 8:1-8 Pray for the saints to offer prayers to which Christ as another Angel can add incense so that from the throne of God the fire of righteous judgment will be cast to the earth to deal with godlessness and lawlessness (Rev. 8:1-8). Rev. 8:1-8\u2014And when He&hellip;<\/p>","protected":false},"author":2,"featured_media":0,"parent":0,"menu_order":0,"comment_status":"closed","ping_status":"closed","template":"","meta":{"inline_featured_image":false,"footnotes":""},"class_list":["post-748","page","type-page","status-publish","hentry"],"yoast_head":"<!-- This site is optimized with the Yoast SEO plugin v27.4 - https:\/\/yoast.com\/product\/yoast-seo-wordpress\/ -->\n<title>Day 23 - Unceasingly Pray<\/title>\n<meta name=\"robots\" content=\"index, follow, max-snippet:-1, max-image-preview:large, max-video-preview:-1\" \/>\n<link rel=\"canonical\" href=\"https:\/\/unceasinglypray.org\/pt\/day-23\/\" \/>\n<meta property=\"og:locale\" content=\"pt_BR\" \/>\n<meta property=\"og:type\" content=\"article\" \/>\n<meta property=\"og:title\" content=\"Day 23 - Unceasingly Pray\" \/>\n<meta property=\"og:description\" content=\"DAY 23: PRAYER FOR GOD&#8217;S RIGHTEOUS JUDGMENT Rev. 8:1-8 Pray for the saints to offer prayers to which Christ as another Angel can add incense so that from the throne of God the fire of righteous judgment will be cast to the earth to deal with godlessness and lawlessness (Rev. 8:1-8). Rev. 8:1-8\u2014And when He&hellip;\" \/>\n<meta property=\"og:url\" content=\"https:\/\/unceasinglypray.org\/pt\/day-23\/\" \/>\n<meta property=\"og:site_name\" content=\"Unceasingly Pray\" \/>\n<meta property=\"article:modified_time\" content=\"2023-06-26T13:25:30+00:00\" \/>\n<meta name=\"twitter:card\" content=\"summary_large_image\" \/>\n<meta name=\"twitter:label1\" content=\"Est. tempo de leitura\" \/>\n\t<meta name=\"twitter:data1\" content=\"2 minutos\" \/>\n<script type=\"application\/ld+json\" class=\"yoast-schema-graph\">{\"@context\":\"https:\\\/\\\/schema.org\",\"@graph\":[{\"@type\":\"WebPage\",\"@id\":\"https:\\\/\\\/unceasinglypray.org\\\/day-23\\\/\",\"url\":\"https:\\\/\\\/unceasinglypray.org\\\/day-23\\\/\",\"name\":\"Day 23 - Unceasingly Pray\",\"isPartOf\":{\"@id\":\"https:\\\/\\\/unceasinglypray.org\\\/ar\\\/#website\"},\"datePublished\":\"2020-04-21T17:27:58+00:00\",\"dateModified\":\"2023-06-26T13:25:30+00:00\",\"breadcrumb\":{\"@id\":\"https:\\\/\\\/unceasinglypray.org\\\/day-23\\\/#breadcrumb\"},\"inLanguage\":\"pt-BR\",\"potentialAction\":[{\"@type\":\"ReadAction\",\"target\":[\"https:\\\/\\\/unceasinglypray.org\\\/day-23\\\/\"]}]},{\"@type\":\"BreadcrumbList\",\"@id\":\"https:\\\/\\\/unceasinglypray.org\\\/day-23\\\/#breadcrumb\",\"itemListElement\":[{\"@type\":\"ListItem\",\"position\":1,\"name\":\"Home\",\"item\":\"https:\\\/\\\/unceasinglypray.org\\\/pt\\\/\"},{\"@type\":\"ListItem\",\"position\":2,\"name\":\"Day 23\"}]},{\"@type\":\"WebSite\",\"@id\":\"https:\\\/\\\/unceasinglypray.org\\\/ar\\\/#website\",\"url\":\"https:\\\/\\\/unceasinglypray.org\\\/ar\\\/\",\"name\":\"Unceasingly Pray\",\"description\":\"\",\"potentialAction\":[{\"@type\":\"SearchAction\",\"target\":{\"@type\":\"EntryPoint\",\"urlTemplate\":\"https:\\\/\\\/unceasinglypray.org\\\/ar\\\/?s={search_term_string}\"},\"query-input\":{\"@type\":\"PropertyValueSpecification\",\"valueRequired\":true,\"valueName\":\"search_term_string\"}}],\"inLanguage\":\"pt-BR\"}]}<\/script>\n<!-- \/ Yoast SEO plugin. -->","yoast_head_json":{"title":"Day 23 - Unceasingly Pray","robots":{"index":"index","follow":"follow","max-snippet":"max-snippet:-1","max-image-preview":"max-image-preview:large","max-video-preview":"max-video-preview:-1"},"canonical":"https:\/\/unceasinglypray.org\/pt\/day-23\/","og_locale":"pt_BR","og_type":"article","og_title":"Day 23 - Unceasingly Pray","og_description":"DAY 23: PRAYER FOR GOD&#8217;S RIGHTEOUS JUDGMENT Rev. 8:1-8 Pray for the saints to offer prayers to which Christ as another Angel can add incense so that from the throne of God the fire of righteous judgment will be cast to the earth to deal with godlessness and lawlessness (Rev. 8:1-8). Rev. 8:1-8\u2014And when He&hellip;","og_url":"https:\/\/unceasinglypray.org\/pt\/day-23\/","og_site_name":"Unceasingly Pray","article_modified_time":"2023-06-26T13:25:30+00:00","twitter_card":"summary_large_image","twitter_misc":{"Est. tempo de leitura":"2 minutos"},"schema":{"@context":"https:\/\/schema.org","@graph":[{"@type":"WebPage","@id":"https:\/\/unceasinglypray.org\/day-23\/","url":"https:\/\/unceasinglypray.org\/day-23\/","name":"Day 23 - Unceasingly Pray","isPartOf":{"@id":"https:\/\/unceasinglypray.org\/ar\/#website"},"datePublished":"2020-04-21T17:27:58+00:00","dateModified":"2023-06-26T13:25:30+00:00","breadcrumb":{"@id":"https:\/\/unceasinglypray.org\/day-23\/#breadcrumb"},"inLanguage":"pt-BR","potentialAction":[{"@type":"ReadAction","target":["https:\/\/unceasinglypray.org\/day-23\/"]}]},{"@type":"BreadcrumbList","@id":"https:\/\/unceasinglypray.org\/day-23\/#breadcrumb","itemListElement":[{"@type":"ListItem","position":1,"name":"Home","item":"https:\/\/unceasinglypray.org\/pt\/"},{"@type":"ListItem","position":2,"name":"Day 23"}]},{"@type":"WebSite","@id":"https:\/\/unceasinglypray.org\/ar\/#website","url":"https:\/\/unceasinglypray.org\/ar\/","name":"Unceasingly Pray","description":"","potentialAction":[{"@type":"SearchAction","target":{"@type":"EntryPoint","urlTemplate":"https:\/\/unceasinglypray.org\/ar\/?s={search_term_string}"},"query-input":{"@type":"PropertyValueSpecification","valueRequired":true,"valueName":"search_term_string"}}],"inLanguage":"pt-BR"}]}},"_links":{"self":[{"href":"https:\/\/unceasinglypray.org\/pt\/wp-json\/wp\/v2\/pages\/748","targetHints":{"allow":["GET"]}}],"collection":[{"href":"https:\/\/unceasinglypray.org\/pt\/wp-json\/wp\/v2\/pages"}],"about":[{"href":"https:\/\/unceasinglypray.org\/pt\/wp-json\/wp\/v2\/types\/page"}],"author":[{"embeddable":true,"href":"https:\/\/unceasinglypray.org\/pt\/wp-json\/wp\/v2\/users\/2"}],"replies":[{"embeddable":true,"href":"https:\/\/unceasinglypray.org\/pt\/wp-json\/wp\/v2\/comments?post=748"}],"version-history":[{"count":0,"href":"https:\/\/unceasinglypray.org\/pt\/wp-json\/wp\/v2\/pages\/748\/revisions"}],"wp:attachment":[{"href":"https:\/\/unceasinglypray.org\/pt\/wp-json\/wp\/v2\/media?parent=748"}],"curies":[{"name":"wp","href":"https:\/\/api.w.org\/{rel}","templated":true}]}}