{"id":528,"date":"2020-04-04T21:53:21","date_gmt":"2020-04-04T21:53:21","guid":{"rendered":"https:\/\/unceasinglypray.org\/?page_id=528"},"modified":"2020-06-11T14:26:31","modified_gmt":"2020-06-11T14:26:31","slug":"day-15","status":"publish","type":"page","link":"https:\/\/unceasinglypray.org\/pt\/day-15\/","title":{"rendered":"Day 15"},"content":{"rendered":"<p>DAY 15: PRAYER FOR THE BUILDING UP OF THE BODY<\/p>\n\t<p>CL 2:6-7; RM 8:4; EF 4:15-16<\/p>\n\t<p>Para que os santos andem em Cristo pelo esp\u00edrito no seu viver di\u00e1rio, cres\u00e7am em Cristo em todas as coisas e sejam entrela\u00e7ados e edificados como o Corpo de Cristo (Cl 2:6-7; Rm 8:4; Ef 4:15-16).<\/p>\n\t<p><strong>Cl 2:6-7<\/strong>\u2014Portanto, como recebestes o Cristo, Jesus, o Senhor, andai Nele, tendo sido arraigados e sendo edificados Nele, e sendo firmados na f\u00e9 assim como fostes ensinados, transbordando em a\u00e7\u00f5es de gra\u00e7as.<\/p>\n<p><strong>Rm 8:4<\/strong>\u2014A fim de que a justa exig\u00eancia da lei se cumprisse em n\u00f3s, que n\u00e3o andamos segundo a carne, mas segundo o esp\u00edrito.<\/p>\n<p><strong>Ef 4:15-16<\/strong>\u2014Mas, apegando-nos \u00e0 verdade em amor, cres\u00e7amos em tudo Naquele que \u00e9 a Cabe\u00e7a, Cristo, de quem todo o Corpo, bem ajustado e entrela\u00e7ado por meio de toda junta do rico suprimento e por meio da opera\u00e7\u00e3o segundo a medida de cada parte, realiza o crescimento do pr\u00f3prio Corpo para a edifica\u00e7\u00e3o de si mesmo em amor.<\/p>\n\t\t<h3><\/h3>\n\t\t<p>Persevere em ora\u00e7\u00e3o.<\/p>\n\t\t\t<a href=\"https:\/\/unceasinglypray.org\/pt\/sign-up\/\" target=\"_self\" role=\"button\" rel=\"noopener noreferrer\">\n\t\t\t\t\t\t\tESCOLHA UM HOR\u00c1RIO\n\t\t\t\t\t<\/a>","protected":false},"excerpt":{"rendered":"<p>DAY 15: PRAYER FOR THE BUILDING UP OF THE BODY Col. 2:6-7; Rom. 8:4; Eph. 4:15-16 For the saints to walk in Christ by the spirit in their daily life, to grow up into Christ in all things, and to be knit and built together as the Body of Christ (Col. 2:6-7; Rom. 8:4; Eph.&hellip;<\/p>","protected":false},"author":1,"featured_media":771,"parent":0,"menu_order":0,"comment_status":"closed","ping_status":"closed","template":"","meta":{"inline_featured_image":false,"footnotes":""},"class_list":["post-528","page","type-page","status-publish","has-post-thumbnail","hentry"],"yoast_head":"<!-- This site is optimized with the Yoast SEO plugin v27.3 - https:\/\/yoast.com\/product\/yoast-seo-wordpress\/ -->\n<title>Day 15 - Unceasingly Pray<\/title>\n<meta name=\"robots\" content=\"index, follow, max-snippet:-1, max-image-preview:large, max-video-preview:-1\" \/>\n<link rel=\"canonical\" href=\"https:\/\/unceasinglypray.org\/pt\/day-15\/\" \/>\n<meta property=\"og:locale\" content=\"pt_BR\" \/>\n<meta property=\"og:type\" content=\"article\" \/>\n<meta property=\"og:title\" content=\"Day 15 - Unceasingly Pray\" \/>\n<meta property=\"og:description\" content=\"DAY 15: PRAYER FOR THE BUILDING UP OF THE BODY Col. 2:6-7; Rom. 8:4; Eph. 4:15-16 For the saints to walk in Christ by the spirit in their daily life, to grow up into Christ in all things, and to be knit and built together as the Body of Christ (Col. 2:6-7; Rom. 8:4; Eph.&hellip;\" \/>\n<meta property=\"og:url\" content=\"https:\/\/unceasinglypray.org\/pt\/day-15\/\" \/>\n<meta property=\"og:site_name\" content=\"Unceasingly Pray\" \/>\n<meta property=\"article:modified_time\" content=\"2020-06-11T14:26:31+00:00\" \/>\n<meta property=\"og:image\" content=\"https:\/\/unceasinglypray.org\/wp-content\/uploads\/2020\/04\/social_share.gif\" \/>\n\t<meta property=\"og:image:width\" content=\"1200\" \/>\n\t<meta property=\"og:image:height\" content=\"630\" \/>\n\t<meta property=\"og:image:type\" content=\"image\/gif\" \/>\n<meta name=\"twitter:card\" content=\"summary_large_image\" \/>\n<meta name=\"twitter:label1\" content=\"Est. tempo de leitura\" \/>\n\t<meta name=\"twitter:data1\" content=\"1 minuto\" \/>\n<script type=\"application\/ld+json\" class=\"yoast-schema-graph\">{\"@context\":\"https:\\\/\\\/schema.org\",\"@graph\":[{\"@type\":\"WebPage\",\"@id\":\"https:\\\/\\\/unceasinglypray.org\\\/cs\\\/day-15\\\/\",\"url\":\"https:\\\/\\\/unceasinglypray.org\\\/cs\\\/day-15\\\/\",\"name\":\"Day 15 - Unceasingly Pray\",\"isPartOf\":{\"@id\":\"https:\\\/\\\/unceasinglypray.org\\\/ar\\\/#website\"},\"primaryImageOfPage\":{\"@id\":\"https:\\\/\\\/unceasinglypray.org\\\/cs\\\/day-15\\\/#primaryimage\"},\"image\":{\"@id\":\"https:\\\/\\\/unceasinglypray.org\\\/cs\\\/day-15\\\/#primaryimage\"},\"thumbnailUrl\":\"https:\\\/\\\/unceasinglypray.org\\\/wp-content\\\/uploads\\\/2020\\\/04\\\/social_share.gif\",\"datePublished\":\"2020-04-04T21:53:21+00:00\",\"dateModified\":\"2020-06-11T14:26:31+00:00\",\"breadcrumb\":{\"@id\":\"https:\\\/\\\/unceasinglypray.org\\\/cs\\\/day-15\\\/#breadcrumb\"},\"inLanguage\":\"pt-BR\",\"potentialAction\":[{\"@type\":\"ReadAction\",\"target\":[\"https:\\\/\\\/unceasinglypray.org\\\/cs\\\/day-15\\\/\"]}]},{\"@type\":\"ImageObject\",\"inLanguage\":\"pt-BR\",\"@id\":\"https:\\\/\\\/unceasinglypray.org\\\/cs\\\/day-15\\\/#primaryimage\",\"url\":\"https:\\\/\\\/unceasinglypray.org\\\/wp-content\\\/uploads\\\/2020\\\/04\\\/social_share.gif\",\"contentUrl\":\"https:\\\/\\\/unceasinglypray.org\\\/wp-content\\\/uploads\\\/2020\\\/04\\\/social_share.gif\",\"width\":1200,\"height\":630},{\"@type\":\"BreadcrumbList\",\"@id\":\"https:\\\/\\\/unceasinglypray.org\\\/cs\\\/day-15\\\/#breadcrumb\",\"itemListElement\":[{\"@type\":\"ListItem\",\"position\":1,\"name\":\"Home\",\"item\":\"https:\\\/\\\/unceasinglypray.org\\\/pt\\\/\"},{\"@type\":\"ListItem\",\"position\":2,\"name\":\"Day 15\"}]},{\"@type\":\"WebSite\",\"@id\":\"https:\\\/\\\/unceasinglypray.org\\\/ar\\\/#website\",\"url\":\"https:\\\/\\\/unceasinglypray.org\\\/ar\\\/\",\"name\":\"Unceasingly Pray\",\"description\":\"\",\"potentialAction\":[{\"@type\":\"SearchAction\",\"target\":{\"@type\":\"EntryPoint\",\"urlTemplate\":\"https:\\\/\\\/unceasinglypray.org\\\/ar\\\/?s={search_term_string}\"},\"query-input\":{\"@type\":\"PropertyValueSpecification\",\"valueRequired\":true,\"valueName\":\"search_term_string\"}}],\"inLanguage\":\"pt-BR\"}]}<\/script>\n<!-- \/ Yoast SEO plugin. -->","yoast_head_json":{"title":"Day 15 - Unceasingly Pray","robots":{"index":"index","follow":"follow","max-snippet":"max-snippet:-1","max-image-preview":"max-image-preview:large","max-video-preview":"max-video-preview:-1"},"canonical":"https:\/\/unceasinglypray.org\/pt\/day-15\/","og_locale":"pt_BR","og_type":"article","og_title":"Day 15 - Unceasingly Pray","og_description":"DAY 15: PRAYER FOR THE BUILDING UP OF THE BODY Col. 2:6-7; Rom. 8:4; Eph. 4:15-16 For the saints to walk in Christ by the spirit in their daily life, to grow up into Christ in all things, and to be knit and built together as the Body of Christ (Col. 2:6-7; Rom. 8:4; Eph.&hellip;","og_url":"https:\/\/unceasinglypray.org\/pt\/day-15\/","og_site_name":"Unceasingly Pray","article_modified_time":"2020-06-11T14:26:31+00:00","og_image":[{"width":1200,"height":630,"url":"https:\/\/unceasinglypray.org\/wp-content\/uploads\/2020\/04\/social_share.gif","type":"image\/gif"}],"twitter_card":"summary_large_image","twitter_misc":{"Est. tempo de leitura":"1 minuto"},"schema":{"@context":"https:\/\/schema.org","@graph":[{"@type":"WebPage","@id":"https:\/\/unceasinglypray.org\/cs\/day-15\/","url":"https:\/\/unceasinglypray.org\/cs\/day-15\/","name":"Day 15 - Unceasingly Pray","isPartOf":{"@id":"https:\/\/unceasinglypray.org\/ar\/#website"},"primaryImageOfPage":{"@id":"https:\/\/unceasinglypray.org\/cs\/day-15\/#primaryimage"},"image":{"@id":"https:\/\/unceasinglypray.org\/cs\/day-15\/#primaryimage"},"thumbnailUrl":"https:\/\/unceasinglypray.org\/wp-content\/uploads\/2020\/04\/social_share.gif","datePublished":"2020-04-04T21:53:21+00:00","dateModified":"2020-06-11T14:26:31+00:00","breadcrumb":{"@id":"https:\/\/unceasinglypray.org\/cs\/day-15\/#breadcrumb"},"inLanguage":"pt-BR","potentialAction":[{"@type":"ReadAction","target":["https:\/\/unceasinglypray.org\/cs\/day-15\/"]}]},{"@type":"ImageObject","inLanguage":"pt-BR","@id":"https:\/\/unceasinglypray.org\/cs\/day-15\/#primaryimage","url":"https:\/\/unceasinglypray.org\/wp-content\/uploads\/2020\/04\/social_share.gif","contentUrl":"https:\/\/unceasinglypray.org\/wp-content\/uploads\/2020\/04\/social_share.gif","width":1200,"height":630},{"@type":"BreadcrumbList","@id":"https:\/\/unceasinglypray.org\/cs\/day-15\/#breadcrumb","itemListElement":[{"@type":"ListItem","position":1,"name":"Home","item":"https:\/\/unceasinglypray.org\/pt\/"},{"@type":"ListItem","position":2,"name":"Day 15"}]},{"@type":"WebSite","@id":"https:\/\/unceasinglypray.org\/ar\/#website","url":"https:\/\/unceasinglypray.org\/ar\/","name":"Unceasingly Pray","description":"","potentialAction":[{"@type":"SearchAction","target":{"@type":"EntryPoint","urlTemplate":"https:\/\/unceasinglypray.org\/ar\/?s={search_term_string}"},"query-input":{"@type":"PropertyValueSpecification","valueRequired":true,"valueName":"search_term_string"}}],"inLanguage":"pt-BR"}]}},"_links":{"self":[{"href":"https:\/\/unceasinglypray.org\/pt\/wp-json\/wp\/v2\/pages\/528","targetHints":{"allow":["GET"]}}],"collection":[{"href":"https:\/\/unceasinglypray.org\/pt\/wp-json\/wp\/v2\/pages"}],"about":[{"href":"https:\/\/unceasinglypray.org\/pt\/wp-json\/wp\/v2\/types\/page"}],"author":[{"embeddable":true,"href":"https:\/\/unceasinglypray.org\/pt\/wp-json\/wp\/v2\/users\/1"}],"replies":[{"embeddable":true,"href":"https:\/\/unceasinglypray.org\/pt\/wp-json\/wp\/v2\/comments?post=528"}],"version-history":[{"count":0,"href":"https:\/\/unceasinglypray.org\/pt\/wp-json\/wp\/v2\/pages\/528\/revisions"}],"wp:featuredmedia":[{"embeddable":true,"href":"https:\/\/unceasinglypray.org\/pt\/wp-json\/wp\/v2\/media\/771"}],"wp:attachment":[{"href":"https:\/\/unceasinglypray.org\/pt\/wp-json\/wp\/v2\/media?parent=528"}],"curies":[{"name":"wp","href":"https:\/\/api.w.org\/{rel}","templated":true}]}}