{"id":520,"date":"2020-04-04T21:48:04","date_gmt":"2020-04-04T21:48:04","guid":{"rendered":"https:\/\/unceasinglypray.org\/?page_id=520"},"modified":"2020-06-11T13:44:12","modified_gmt":"2020-06-11T13:44:12","slug":"day-7","status":"publish","type":"page","link":"https:\/\/unceasinglypray.org\/pt\/day-7\/","title":{"rendered":"Day 7"},"content":{"rendered":"<p>DAY 7: PRAYER FOR THE PERSECUTED, OPPRESSED, &amp; SUFFERING<\/p>\n\t<p>1PE 4:12-14; 5:9-10<\/p>\n\t<p>Para que o Deus de toda a gra\u00e7a console, aperfei\u00e7oe e firme os irm\u00e3os e irm\u00e3s por toda a terra, especialmente os que s\u00e3o perseguidos, oprimidos e sofrem priva\u00e7\u00f5es e prova\u00e7\u00f5es (1Pe 4:12-14; 5:9-10).<\/p>\n\n\t<p><strong>1Pe 4:12-14<\/strong>\u2014Amados, n\u00e3o estranheis o fogo ardente no vosso meio, que vem para vos provar, como se alguma coisa estranha vos estivesse acontecendo; pelo contr\u00e1rio, alegrai-vos na medida em que sois participantes dos sofrimentos de Cristo, para que tamb\u00e9m na revela\u00e7\u00e3o da Sua gl\u00f3ria vos alegreis exultando. Se sois injuriados estando no nome de Cristo, bem-aventurados sois, porque sobre v\u00f3s repousa o Esp\u00edrito da gl\u00f3ria e de Deus.<\/p>\n<p><strong>1Pe 5:9-10<\/strong>\u2014Resisti-lhe, firmes na f\u00e9, sabendo que os mesmos sofrimentos est\u00e3o se cumprindo na vossa irmandade no mundo. Mas o Deus de toda a gra\u00e7a, que vos chamou \u00e0 Sua eterna gl\u00f3ria em Cristo Jesus, depois de terdes sofrido por um pouco, Ele mesmo vos aperfei\u00e7oar\u00e1, firmar\u00e1, fortificar\u00e1 e alicer\u00e7ar\u00e1.<\/p>\n\t\t<h3><\/h3>\n\t\t<p>Persevere em ora\u00e7\u00e3o.<\/p>\n\t\t\t<a href=\"https:\/\/unceasinglypray.org\/pt\/sign-up\/\" target=\"_self\" role=\"button\" rel=\"noopener noreferrer\">\n\t\t\t\t\t\t\tESCOLHA UM HOR\u00c1RIO\n\t\t\t\t\t<\/a>","protected":false},"excerpt":{"rendered":"<p>DAY 7: PRAYER FOR THE PERSECUTED, OPPRESSED, &amp; SUFFERING 1 Pet. 4:12-14; 5:9-10 For the God of all grace to comfort, perfect, and establish the brothers and sisters throughout the world, especially those who are persecuted, oppressed, and suffering deprivation and trials (1 Pet. 4:12-14; 5:9-10). 1 Pet. 4:12-14\u2014Beloved, do not think that the fiery&hellip;<\/p>","protected":false},"author":1,"featured_media":771,"parent":0,"menu_order":0,"comment_status":"closed","ping_status":"closed","template":"","meta":{"inline_featured_image":false,"footnotes":""},"class_list":["post-520","page","type-page","status-publish","has-post-thumbnail","hentry"],"yoast_head":"<!-- This site is optimized with the Yoast SEO plugin v27.4 - https:\/\/yoast.com\/product\/yoast-seo-wordpress\/ -->\n<title>Day 7 - Unceasingly Pray<\/title>\n<meta name=\"robots\" content=\"index, follow, max-snippet:-1, max-image-preview:large, max-video-preview:-1\" \/>\n<link rel=\"canonical\" href=\"https:\/\/unceasinglypray.org\/pt\/day-7\/\" \/>\n<meta property=\"og:locale\" content=\"pt_BR\" \/>\n<meta property=\"og:type\" content=\"article\" \/>\n<meta property=\"og:title\" content=\"Day 7 - Unceasingly Pray\" \/>\n<meta property=\"og:description\" content=\"DAY 7: PRAYER FOR THE PERSECUTED, OPPRESSED, &amp; SUFFERING 1 Pet. 4:12-14; 5:9-10 For the God of all grace to comfort, perfect, and establish the brothers and sisters throughout the world, especially those who are persecuted, oppressed, and suffering deprivation and trials (1 Pet. 4:12-14; 5:9-10). 1 Pet. 4:12-14\u2014Beloved, do not think that the fiery&hellip;\" \/>\n<meta property=\"og:url\" content=\"https:\/\/unceasinglypray.org\/pt\/day-7\/\" \/>\n<meta property=\"og:site_name\" content=\"Unceasingly Pray\" \/>\n<meta property=\"article:modified_time\" content=\"2020-06-11T13:44:12+00:00\" \/>\n<meta property=\"og:image\" content=\"https:\/\/unceasinglypray.org\/wp-content\/uploads\/2020\/04\/social_share.gif\" \/>\n\t<meta property=\"og:image:width\" content=\"1200\" \/>\n\t<meta property=\"og:image:height\" content=\"630\" \/>\n\t<meta property=\"og:image:type\" content=\"image\/gif\" \/>\n<meta name=\"twitter:card\" content=\"summary_large_image\" \/>\n<meta name=\"twitter:label1\" content=\"Est. tempo de leitura\" \/>\n\t<meta name=\"twitter:data1\" content=\"1 minuto\" \/>\n<script type=\"application\/ld+json\" class=\"yoast-schema-graph\">{\"@context\":\"https:\\\/\\\/schema.org\",\"@graph\":[{\"@type\":\"WebPage\",\"@id\":\"https:\\\/\\\/unceasinglypray.org\\\/pt\\\/day-7\\\/\",\"url\":\"https:\\\/\\\/unceasinglypray.org\\\/pt\\\/day-7\\\/\",\"name\":\"Day 7 - Unceasingly Pray\",\"isPartOf\":{\"@id\":\"https:\\\/\\\/unceasinglypray.org\\\/ar\\\/#website\"},\"primaryImageOfPage\":{\"@id\":\"https:\\\/\\\/unceasinglypray.org\\\/pt\\\/day-7\\\/#primaryimage\"},\"image\":{\"@id\":\"https:\\\/\\\/unceasinglypray.org\\\/pt\\\/day-7\\\/#primaryimage\"},\"thumbnailUrl\":\"https:\\\/\\\/unceasinglypray.org\\\/wp-content\\\/uploads\\\/2020\\\/04\\\/social_share.gif\",\"datePublished\":\"2020-04-04T21:48:04+00:00\",\"dateModified\":\"2020-06-11T13:44:12+00:00\",\"breadcrumb\":{\"@id\":\"https:\\\/\\\/unceasinglypray.org\\\/pt\\\/day-7\\\/#breadcrumb\"},\"inLanguage\":\"pt-BR\",\"potentialAction\":[{\"@type\":\"ReadAction\",\"target\":[\"https:\\\/\\\/unceasinglypray.org\\\/pt\\\/day-7\\\/\"]}]},{\"@type\":\"ImageObject\",\"inLanguage\":\"pt-BR\",\"@id\":\"https:\\\/\\\/unceasinglypray.org\\\/pt\\\/day-7\\\/#primaryimage\",\"url\":\"https:\\\/\\\/unceasinglypray.org\\\/wp-content\\\/uploads\\\/2020\\\/04\\\/social_share.gif\",\"contentUrl\":\"https:\\\/\\\/unceasinglypray.org\\\/wp-content\\\/uploads\\\/2020\\\/04\\\/social_share.gif\",\"width\":1200,\"height\":630},{\"@type\":\"BreadcrumbList\",\"@id\":\"https:\\\/\\\/unceasinglypray.org\\\/pt\\\/day-7\\\/#breadcrumb\",\"itemListElement\":[{\"@type\":\"ListItem\",\"position\":1,\"name\":\"Home\",\"item\":\"https:\\\/\\\/unceasinglypray.org\\\/pt\\\/\"},{\"@type\":\"ListItem\",\"position\":2,\"name\":\"Day 7\"}]},{\"@type\":\"WebSite\",\"@id\":\"https:\\\/\\\/unceasinglypray.org\\\/ar\\\/#website\",\"url\":\"https:\\\/\\\/unceasinglypray.org\\\/ar\\\/\",\"name\":\"Unceasingly Pray\",\"description\":\"\",\"potentialAction\":[{\"@type\":\"SearchAction\",\"target\":{\"@type\":\"EntryPoint\",\"urlTemplate\":\"https:\\\/\\\/unceasinglypray.org\\\/ar\\\/?s={search_term_string}\"},\"query-input\":{\"@type\":\"PropertyValueSpecification\",\"valueRequired\":true,\"valueName\":\"search_term_string\"}}],\"inLanguage\":\"pt-BR\"}]}<\/script>\n<!-- \/ Yoast SEO plugin. -->","yoast_head_json":{"title":"Day 7 - Unceasingly Pray","robots":{"index":"index","follow":"follow","max-snippet":"max-snippet:-1","max-image-preview":"max-image-preview:large","max-video-preview":"max-video-preview:-1"},"canonical":"https:\/\/unceasinglypray.org\/pt\/day-7\/","og_locale":"pt_BR","og_type":"article","og_title":"Day 7 - Unceasingly Pray","og_description":"DAY 7: PRAYER FOR THE PERSECUTED, OPPRESSED, &amp; SUFFERING 1 Pet. 4:12-14; 5:9-10 For the God of all grace to comfort, perfect, and establish the brothers and sisters throughout the world, especially those who are persecuted, oppressed, and suffering deprivation and trials (1 Pet. 4:12-14; 5:9-10). 1 Pet. 4:12-14\u2014Beloved, do not think that the fiery&hellip;","og_url":"https:\/\/unceasinglypray.org\/pt\/day-7\/","og_site_name":"Unceasingly Pray","article_modified_time":"2020-06-11T13:44:12+00:00","og_image":[{"width":1200,"height":630,"url":"https:\/\/unceasinglypray.org\/wp-content\/uploads\/2020\/04\/social_share.gif","type":"image\/gif"}],"twitter_card":"summary_large_image","twitter_misc":{"Est. tempo de leitura":"1 minuto"},"schema":{"@context":"https:\/\/schema.org","@graph":[{"@type":"WebPage","@id":"https:\/\/unceasinglypray.org\/pt\/day-7\/","url":"https:\/\/unceasinglypray.org\/pt\/day-7\/","name":"Day 7 - Unceasingly Pray","isPartOf":{"@id":"https:\/\/unceasinglypray.org\/ar\/#website"},"primaryImageOfPage":{"@id":"https:\/\/unceasinglypray.org\/pt\/day-7\/#primaryimage"},"image":{"@id":"https:\/\/unceasinglypray.org\/pt\/day-7\/#primaryimage"},"thumbnailUrl":"https:\/\/unceasinglypray.org\/wp-content\/uploads\/2020\/04\/social_share.gif","datePublished":"2020-04-04T21:48:04+00:00","dateModified":"2020-06-11T13:44:12+00:00","breadcrumb":{"@id":"https:\/\/unceasinglypray.org\/pt\/day-7\/#breadcrumb"},"inLanguage":"pt-BR","potentialAction":[{"@type":"ReadAction","target":["https:\/\/unceasinglypray.org\/pt\/day-7\/"]}]},{"@type":"ImageObject","inLanguage":"pt-BR","@id":"https:\/\/unceasinglypray.org\/pt\/day-7\/#primaryimage","url":"https:\/\/unceasinglypray.org\/wp-content\/uploads\/2020\/04\/social_share.gif","contentUrl":"https:\/\/unceasinglypray.org\/wp-content\/uploads\/2020\/04\/social_share.gif","width":1200,"height":630},{"@type":"BreadcrumbList","@id":"https:\/\/unceasinglypray.org\/pt\/day-7\/#breadcrumb","itemListElement":[{"@type":"ListItem","position":1,"name":"Home","item":"https:\/\/unceasinglypray.org\/pt\/"},{"@type":"ListItem","position":2,"name":"Day 7"}]},{"@type":"WebSite","@id":"https:\/\/unceasinglypray.org\/ar\/#website","url":"https:\/\/unceasinglypray.org\/ar\/","name":"Unceasingly Pray","description":"","potentialAction":[{"@type":"SearchAction","target":{"@type":"EntryPoint","urlTemplate":"https:\/\/unceasinglypray.org\/ar\/?s={search_term_string}"},"query-input":{"@type":"PropertyValueSpecification","valueRequired":true,"valueName":"search_term_string"}}],"inLanguage":"pt-BR"}]}},"_links":{"self":[{"href":"https:\/\/unceasinglypray.org\/pt\/wp-json\/wp\/v2\/pages\/520","targetHints":{"allow":["GET"]}}],"collection":[{"href":"https:\/\/unceasinglypray.org\/pt\/wp-json\/wp\/v2\/pages"}],"about":[{"href":"https:\/\/unceasinglypray.org\/pt\/wp-json\/wp\/v2\/types\/page"}],"author":[{"embeddable":true,"href":"https:\/\/unceasinglypray.org\/pt\/wp-json\/wp\/v2\/users\/1"}],"replies":[{"embeddable":true,"href":"https:\/\/unceasinglypray.org\/pt\/wp-json\/wp\/v2\/comments?post=520"}],"version-history":[{"count":0,"href":"https:\/\/unceasinglypray.org\/pt\/wp-json\/wp\/v2\/pages\/520\/revisions"}],"wp:featuredmedia":[{"embeddable":true,"href":"https:\/\/unceasinglypray.org\/pt\/wp-json\/wp\/v2\/media\/771"}],"wp:attachment":[{"href":"https:\/\/unceasinglypray.org\/pt\/wp-json\/wp\/v2\/media?parent=520"}],"curies":[{"name":"wp","href":"https:\/\/api.w.org\/{rel}","templated":true}]}}