{"id":518,"date":"2020-04-04T21:46:02","date_gmt":"2020-04-04T21:46:02","guid":{"rendered":"https:\/\/unceasinglypray.org\/?page_id=518"},"modified":"2020-06-11T13:43:31","modified_gmt":"2020-06-11T13:43:31","slug":"day-5","status":"publish","type":"page","link":"https:\/\/unceasinglypray.org\/pt\/day-5\/","title":{"rendered":"Day 5"},"content":{"rendered":"<p><a href=\"https:\/\/unceasinglypray.org\/pt\/day-5\/\">DAY 5: PRAYER FOR GOD&#8217;S ULTIMATE MOVE OVER THE WHOLE EARTH<\/a><\/p>\n\t<p><b>At 17:26-27; Fp 1:21a; Rm 12:2; Ef 4:16; Ap 19:7<\/b><\/p>\n\t<p>Orar pelo mover final de Deus em toda a Terra para ganhar um povo que conhe\u00e7a o Cristo todo-inclusivo e maravilhoso, O experimente como sua vida e O viva, e seja transformado e edificado para ser Seu Corpo e, por fim, Sua noiva preparada para Sua volta (At 17:26-27; Fp 1:21a; Rm 12:2; Ef 4:16; Ap 19:7).<\/p>\n\t<p><strong>At 17:26-27<\/strong>\u2014De um s\u00f3 fez toda na\u00e7\u00e3o de homens para habitar sobre a face da terra, havendo fixado os tempos previamente determinados e os limites da sua habita\u00e7\u00e3o; para que buscassem a Deus se, porventura, tateando, O pudessem achar, ainda que n\u00e3o esteja longe de cada um de n\u00f3s.<\/p>\n<p><strong>Fp 1:21a<\/strong>\u2014Pois, para mim, viver \u00e9 Cristo.<\/p>\n<p><strong>Rm 12:2<\/strong>\u2014E n\u00e3o vos conformeis a esta era, mas transformai-vos pela renova\u00e7\u00e3o da mente, para que experimenteis qual \u00e9 a vontade de Deus, o que \u00e9 bom, agrad\u00e1vel e perfeito.<\/p>\n<p><strong>Ef 4:16<\/strong>\u2014De quem todo o Corpo, bem ajustado e entrela\u00e7ado por meio de toda junta do rico suprimento e por meio da opera\u00e7\u00e3o segundo a medida de cada parte, realiza o crescimento do pr\u00f3prio Corpo para a edifica\u00e7\u00e3o de si mesmo em amor.<\/p>\n<p><strong>Ap 19:7<\/strong>\u2014Alegremo-nos, exultemos e demos-Lhe a gl\u00f3ria, porque chegaram as bodas do Cordeiro, e a Sua esposa j\u00e1 se preparou.<\/p>\n\t\t<h3><\/h3>\n\t\t<p>Persevere em ora\u00e7\u00e3o.<\/p>\n\t\t\t<a href=\"https:\/\/unceasinglypray.org\/pt\/sign-up\/\" target=\"_self\" role=\"button\" rel=\"noopener noreferrer\">\n\t\t\t\t\t\t\tESCOLHA UM HOR\u00c1RIO\n\t\t\t\t\t<\/a>","protected":false},"excerpt":{"rendered":"<p>DAY 5: PRAYER FOR GOD&#8217;S ULTIMATE MOVE OVER THE WHOLE EARTH Acts 17:26-27; Phil. 1:21a; Rom. 12:2; Eph. 4:16; Rev. 19:7 Pray for God\u2019s ultimate move over the whole earth to gain a people who know the wonderful, all-inclusive Christ, who experience Him as their life and live Him, and who are transformed and built&hellip;<\/p>","protected":false},"author":1,"featured_media":771,"parent":0,"menu_order":0,"comment_status":"closed","ping_status":"closed","template":"","meta":{"inline_featured_image":false,"footnotes":""},"class_list":["post-518","page","type-page","status-publish","has-post-thumbnail","hentry"],"yoast_head":"<!-- This site is optimized with the Yoast SEO plugin v27.4 - https:\/\/yoast.com\/product\/yoast-seo-wordpress\/ -->\n<title>Day 5 - Unceasingly Pray<\/title>\n<meta name=\"robots\" content=\"index, follow, max-snippet:-1, max-image-preview:large, max-video-preview:-1\" \/>\n<link rel=\"canonical\" href=\"http:\/\/unceasinglypray.org\/pt\/day-5\/\" \/>\n<meta property=\"og:locale\" content=\"pt_BR\" \/>\n<meta property=\"og:type\" content=\"article\" \/>\n<meta property=\"og:title\" content=\"Day 5 - Unceasingly Pray\" \/>\n<meta property=\"og:description\" content=\"DAY 5: PRAYER FOR GOD&#8217;S ULTIMATE MOVE OVER THE WHOLE EARTH Acts 17:26-27; Phil. 1:21a; Rom. 12:2; Eph. 4:16; Rev. 19:7 Pray for God\u2019s ultimate move over the whole earth to gain a people who know the wonderful, all-inclusive Christ, who experience Him as their life and live Him, and who are transformed and built&hellip;\" \/>\n<meta property=\"og:url\" content=\"http:\/\/unceasinglypray.org\/pt\/day-5\/\" \/>\n<meta property=\"og:site_name\" content=\"Unceasingly Pray\" \/>\n<meta property=\"article:modified_time\" content=\"2020-06-11T13:43:31+00:00\" \/>\n<meta property=\"og:image\" content=\"https:\/\/unceasinglypray.org\/wp-content\/uploads\/2020\/04\/social_share.gif\" \/>\n\t<meta property=\"og:image:width\" content=\"1200\" \/>\n\t<meta property=\"og:image:height\" content=\"630\" \/>\n\t<meta property=\"og:image:type\" content=\"image\/gif\" \/>\n<meta name=\"twitter:card\" content=\"summary_large_image\" \/>\n<meta name=\"twitter:label1\" content=\"Est. tempo de leitura\" \/>\n\t<meta name=\"twitter:data1\" content=\"1 minuto\" \/>\n<script type=\"application\/ld+json\" class=\"yoast-schema-graph\">{\"@context\":\"https:\\\/\\\/schema.org\",\"@graph\":[{\"@type\":\"WebPage\",\"@id\":\"http:\\\/\\\/unceasinglypray.org\\\/de\\\/day-5\\\/\",\"url\":\"http:\\\/\\\/unceasinglypray.org\\\/de\\\/day-5\\\/\",\"name\":\"Day 5 - Unceasingly Pray\",\"isPartOf\":{\"@id\":\"https:\\\/\\\/unceasinglypray.org\\\/ar\\\/#website\"},\"primaryImageOfPage\":{\"@id\":\"http:\\\/\\\/unceasinglypray.org\\\/de\\\/day-5\\\/#primaryimage\"},\"image\":{\"@id\":\"http:\\\/\\\/unceasinglypray.org\\\/de\\\/day-5\\\/#primaryimage\"},\"thumbnailUrl\":\"https:\\\/\\\/unceasinglypray.org\\\/wp-content\\\/uploads\\\/2020\\\/04\\\/social_share.gif\",\"datePublished\":\"2020-04-04T21:46:02+00:00\",\"dateModified\":\"2020-06-11T13:43:31+00:00\",\"breadcrumb\":{\"@id\":\"http:\\\/\\\/unceasinglypray.org\\\/de\\\/day-5\\\/#breadcrumb\"},\"inLanguage\":\"pt-BR\",\"potentialAction\":[{\"@type\":\"ReadAction\",\"target\":[\"http:\\\/\\\/unceasinglypray.org\\\/de\\\/day-5\\\/\"]}]},{\"@type\":\"ImageObject\",\"inLanguage\":\"pt-BR\",\"@id\":\"http:\\\/\\\/unceasinglypray.org\\\/de\\\/day-5\\\/#primaryimage\",\"url\":\"https:\\\/\\\/unceasinglypray.org\\\/wp-content\\\/uploads\\\/2020\\\/04\\\/social_share.gif\",\"contentUrl\":\"https:\\\/\\\/unceasinglypray.org\\\/wp-content\\\/uploads\\\/2020\\\/04\\\/social_share.gif\",\"width\":1200,\"height\":630},{\"@type\":\"BreadcrumbList\",\"@id\":\"http:\\\/\\\/unceasinglypray.org\\\/de\\\/day-5\\\/#breadcrumb\",\"itemListElement\":[{\"@type\":\"ListItem\",\"position\":1,\"name\":\"Home\",\"item\":\"https:\\\/\\\/unceasinglypray.org\\\/pt\\\/\"},{\"@type\":\"ListItem\",\"position\":2,\"name\":\"Day 5\"}]},{\"@type\":\"WebSite\",\"@id\":\"https:\\\/\\\/unceasinglypray.org\\\/ar\\\/#website\",\"url\":\"https:\\\/\\\/unceasinglypray.org\\\/ar\\\/\",\"name\":\"Unceasingly Pray\",\"description\":\"\",\"potentialAction\":[{\"@type\":\"SearchAction\",\"target\":{\"@type\":\"EntryPoint\",\"urlTemplate\":\"https:\\\/\\\/unceasinglypray.org\\\/ar\\\/?s={search_term_string}\"},\"query-input\":{\"@type\":\"PropertyValueSpecification\",\"valueRequired\":true,\"valueName\":\"search_term_string\"}}],\"inLanguage\":\"pt-BR\"}]}<\/script>\n<!-- \/ Yoast SEO plugin. -->","yoast_head_json":{"title":"Day 5 - Unceasingly Pray","robots":{"index":"index","follow":"follow","max-snippet":"max-snippet:-1","max-image-preview":"max-image-preview:large","max-video-preview":"max-video-preview:-1"},"canonical":"http:\/\/unceasinglypray.org\/pt\/day-5\/","og_locale":"pt_BR","og_type":"article","og_title":"Day 5 - Unceasingly Pray","og_description":"DAY 5: PRAYER FOR GOD&#8217;S ULTIMATE MOVE OVER THE WHOLE EARTH Acts 17:26-27; Phil. 1:21a; Rom. 12:2; Eph. 4:16; Rev. 19:7 Pray for God\u2019s ultimate move over the whole earth to gain a people who know the wonderful, all-inclusive Christ, who experience Him as their life and live Him, and who are transformed and built&hellip;","og_url":"http:\/\/unceasinglypray.org\/pt\/day-5\/","og_site_name":"Unceasingly Pray","article_modified_time":"2020-06-11T13:43:31+00:00","og_image":[{"width":1200,"height":630,"url":"https:\/\/unceasinglypray.org\/wp-content\/uploads\/2020\/04\/social_share.gif","type":"image\/gif"}],"twitter_card":"summary_large_image","twitter_misc":{"Est. tempo de leitura":"1 minuto"},"schema":{"@context":"https:\/\/schema.org","@graph":[{"@type":"WebPage","@id":"http:\/\/unceasinglypray.org\/de\/day-5\/","url":"http:\/\/unceasinglypray.org\/de\/day-5\/","name":"Day 5 - Unceasingly Pray","isPartOf":{"@id":"https:\/\/unceasinglypray.org\/ar\/#website"},"primaryImageOfPage":{"@id":"http:\/\/unceasinglypray.org\/de\/day-5\/#primaryimage"},"image":{"@id":"http:\/\/unceasinglypray.org\/de\/day-5\/#primaryimage"},"thumbnailUrl":"https:\/\/unceasinglypray.org\/wp-content\/uploads\/2020\/04\/social_share.gif","datePublished":"2020-04-04T21:46:02+00:00","dateModified":"2020-06-11T13:43:31+00:00","breadcrumb":{"@id":"http:\/\/unceasinglypray.org\/de\/day-5\/#breadcrumb"},"inLanguage":"pt-BR","potentialAction":[{"@type":"ReadAction","target":["http:\/\/unceasinglypray.org\/de\/day-5\/"]}]},{"@type":"ImageObject","inLanguage":"pt-BR","@id":"http:\/\/unceasinglypray.org\/de\/day-5\/#primaryimage","url":"https:\/\/unceasinglypray.org\/wp-content\/uploads\/2020\/04\/social_share.gif","contentUrl":"https:\/\/unceasinglypray.org\/wp-content\/uploads\/2020\/04\/social_share.gif","width":1200,"height":630},{"@type":"BreadcrumbList","@id":"http:\/\/unceasinglypray.org\/de\/day-5\/#breadcrumb","itemListElement":[{"@type":"ListItem","position":1,"name":"Home","item":"https:\/\/unceasinglypray.org\/pt\/"},{"@type":"ListItem","position":2,"name":"Day 5"}]},{"@type":"WebSite","@id":"https:\/\/unceasinglypray.org\/ar\/#website","url":"https:\/\/unceasinglypray.org\/ar\/","name":"Unceasingly Pray","description":"","potentialAction":[{"@type":"SearchAction","target":{"@type":"EntryPoint","urlTemplate":"https:\/\/unceasinglypray.org\/ar\/?s={search_term_string}"},"query-input":{"@type":"PropertyValueSpecification","valueRequired":true,"valueName":"search_term_string"}}],"inLanguage":"pt-BR"}]}},"_links":{"self":[{"href":"https:\/\/unceasinglypray.org\/pt\/wp-json\/wp\/v2\/pages\/518","targetHints":{"allow":["GET"]}}],"collection":[{"href":"https:\/\/unceasinglypray.org\/pt\/wp-json\/wp\/v2\/pages"}],"about":[{"href":"https:\/\/unceasinglypray.org\/pt\/wp-json\/wp\/v2\/types\/page"}],"author":[{"embeddable":true,"href":"https:\/\/unceasinglypray.org\/pt\/wp-json\/wp\/v2\/users\/1"}],"replies":[{"embeddable":true,"href":"https:\/\/unceasinglypray.org\/pt\/wp-json\/wp\/v2\/comments?post=518"}],"version-history":[{"count":0,"href":"https:\/\/unceasinglypray.org\/pt\/wp-json\/wp\/v2\/pages\/518\/revisions"}],"wp:featuredmedia":[{"embeddable":true,"href":"https:\/\/unceasinglypray.org\/pt\/wp-json\/wp\/v2\/media\/771"}],"wp:attachment":[{"href":"https:\/\/unceasinglypray.org\/pt\/wp-json\/wp\/v2\/media?parent=518"}],"curies":[{"name":"wp","href":"https:\/\/api.w.org\/{rel}","templated":true}]}}