{"id":313,"date":"2020-03-30T23:34:54","date_gmt":"2020-03-30T23:34:54","guid":{"rendered":"https:\/\/unceasepray.wpengine.com\/?page_id=313"},"modified":"2020-03-30T23:56:56","modified_gmt":"2020-03-30T23:56:56","slug":"privacy-policy-temp","status":"publish","type":"page","link":"https:\/\/unceasinglypray.org\/pt\/privacy-policy-temp\/","title":{"rendered":"Privacy Policy Temp"},"content":{"rendered":"<h1>\n\t\tPOL\u00cdTICA DE PRIVACIDADE\n\t<\/h1>\n\t<p>Unceasingly Pray (\u201cUnceasingly Pray\u201d) tem o prazer de fornecer informa\u00e7\u00f5es aos visitantes do nosso site sobre nossa Pol\u00edtica de Privacidade on-line. Sua privacidade \u00e9 importante para n\u00f3s e nossa Pol\u00edtica de Privacidade on-line visa proteger qualquer informa\u00e7\u00e3o pessoal (\"informa\u00e7\u00f5es pessoais\") fornecida \u00e0 Unceasingly Pray on-line quando voc\u00ea visita e utiliza os sites ou servi\u00e7os da Unceasingly Pray (\"sites\") .<\/p>\n<p>Esta Pol\u00edtica de Privacidade permanecer\u00e1 em pleno vigor e efeito pelo tempo que voc\u00ea for usu\u00e1rio de qualquer um dos sites da Unceasingly Pray. Ao visitar ou usar qualquer um dos sites da Unceasingly Pray, voc\u00ea aceita as pr\u00e1ticas descritas nesta Pol\u00edtica de Privacidade. Se voc\u00ea n\u00e3o concorda com esta Pol\u00edtica de Privacidade, n\u00e3o participe de nenhuma das atividades dos sites que exigem que voc\u00ea forne\u00e7a suas informa\u00e7\u00f5es pessoais.<\/p>\n<p>Revisamos regularmente a nossa Pol\u00edtica de Privacidade e, quando necess\u00e1rio, a atualizamos. Todas as atualiza\u00e7\u00f5es e altera\u00e7\u00f5es entram em vigor imediatamente e voc\u00ea ser\u00e1 notificado sobre quaisquer altera\u00e7\u00f5es aplic\u00e1veis ao visitar nossos sites.<\/p>\n<p>&nbsp;<\/p>\n<p><strong>Tipo de dados que coletamos<\/strong><\/p>\n<p>As informa\u00e7\u00f5es pessoais que coletamos s\u00e3o fornecidas voluntariamente por voc\u00ea quando voc\u00ea:<\/p>\n<ul>\n<li>Solicita informa\u00e7\u00f5es de Unceasingly Pray<\/li>\n<li>Cria uma conta com a Unceasingly Pray<\/li>\n<li>Inscreve-se para receber emails de Unceasingly Pray<\/li>\n<\/ul>\n<p>As infroma\u00e7\u00f5es pessoais que coletamos podem incluir seu nome e sobrenome, e-mail, e\/ou cidade e pa\u00eds de resid\u00eancia.<\/p>\n<p>Al\u00e9m disso, coletamos dados demogr\u00e1ficos e de interesse n\u00e3o identificados por meio dos Relat\u00f3rios demogr\u00e1ficos e de interesse do Google Analytics. Os visitantes podem desativar o Google Analytics para exibi\u00e7\u00e3o de an\u00fancios nas Configura\u00e7\u00f5es de an\u00fancios do Google ou por meio do complemento de desativa\u00e7\u00e3o do Google Analytics do navegador, que pode ser encontrado em\u00a0<a href=\"http:\/\/tools.google.com\/dlpage\/gaoptout\">http:\/\/tools.google.com\/dlpage\/gaoptout<\/a>.<\/p>\n<p>&nbsp;<\/p>\n<p><strong>Como a informa\u00e7\u00e3o \u00e9 usada<\/strong><\/p>\n<p>Suas informa\u00e7\u00f5es pessoais ser\u00e3o usadas para enviar a voc\u00ea as informa\u00e7\u00f5es solicitadas e qualquer literatura adicional relacionada \u00e0s atividades de Pray Unceasingly.<\/p>\n<p>Unceasingly Pray n\u00e3o vende, troca, aluga, arrenda ou divulga suas informa\u00e7\u00f5es pessoais a comerciantes, pessoas ou organiza\u00e7\u00f5es de terceiros. N\u00e3o usamos suas informa\u00e7\u00f5es pessoais para fins comerciais.<\/p>\n<p>Unceasingly Pray reserva-se o direito de usar ou divulgar qualquer informa\u00e7\u00e3o conforme necess\u00e1rio para satisfazer qualquer lei, regulamento ou solicita\u00e7\u00e3o legal para proteger a integridade dos sites, para atender seus pedidos ou cooperar em qualquer investiga\u00e7\u00e3o policial ou qualquer quest\u00e3o de seguran\u00e7a p\u00fablica.<\/p>\n<p>Os dados demogr\u00e1ficos e de interesse coletados por meio dos Relat\u00f3rios demogr\u00e1ficos e de interesse do Google Analytics destinam-se a analisar tend\u00eancias agregadas e nunca s\u00e3o combinados com informa\u00e7\u00f5es de identifica\u00e7\u00e3o pessoal.<\/p>\n<p>Tamb\u00e9m damos a voc\u00ea a oportunidade de revisar, atualizar ou excluir suas informa\u00e7\u00f5es pessoais coletadas pelos sites. Consulte a se\u00e7\u00e3o \"Altera\u00e7\u00e3o de informa\u00e7\u00f5es pessoais\" abaixo.<\/p>\n<p>&nbsp;<\/p>\n<p><strong>Envios de usu\u00e1rios<\/strong><\/p>\n<p>Perguntas, coment\u00e1rios e observa\u00e7\u00f5es que voc\u00ea transmitir \u00e0 Unceasingly Pray por meio de qualquer um de seus sites ou por qualquer outro meio, incluindo, entre outros, emails, ser\u00e3o tratados como n\u00e3o confidenciais e n\u00e3o propriet\u00e1rios.<\/p>\n<p>Unceasingly Pray se reserva o direito de editar, usar ou n\u00e3o usar, a seu crit\u00e9rio, quaisquer envios feitos pelos usu\u00e1rios por qualquer meio nos Sites da Unceasingly Pray ou em outros materiais.<\/p>\n<p>&nbsp;<\/p>\n<p><strong>Por quanto tempo mantemos suas informa\u00e7\u00f5es pessoais<\/strong><\/p>\n<p>Quando suas informa\u00e7\u00f5es pessoais s\u00e3o usadas com o seu consentimento para os servi\u00e7os do Unceasingly Pray, voc\u00ea pode cancelar sua assinatura a qualquer momento.<\/p>\n<p>&nbsp;<\/p>\n<p><strong>Como protegemos suas informa\u00e7\u00f5es pessoais<\/strong><\/p>\n<p>Fazemos o m\u00e1ximo poss\u00edvel para proteger sua privacidade. Dessa forma, implementamos sistemas e procedimentos de seguran\u00e7a padr\u00e3o do setor para proteger suas informa\u00e7\u00f5es pessoais contra divulga\u00e7\u00e3o n\u00e3o autorizada, uso indevido ou destrui\u00e7\u00e3o.<\/p>\n<p>&nbsp;<\/p>\n<p><strong>Altera\u00e7\u00e3o de informa\u00e7\u00f5es pessoais<\/strong><\/p>\n<p>Voc\u00ea pode revisar, atualizar ou solicitar a exclus\u00e3o de suas informa\u00e7\u00f5es pessoais que foram coletadas pelos sites. Para fazer isso, envie um email ao administrador de informa\u00e7\u00f5es em\u00a0<a href=\"mailto:info@unceasinglypray.org\">info@unceasinglypray.org<\/a>\u00a0com sua solicita\u00e7\u00e3o. Voc\u00ea dever\u00e1 verificar sua identidade antes de quaisquer altera\u00e7\u00f5es serem feitas. Reservamo-nos o direito de negar acesso a qualquer usu\u00e1rio se tivermos alguma d\u00favida de sua identidade.<\/p>\n<p>&nbsp;<\/p>\n<p><strong>Pol\u00edtica de Privacidade relacionada a menores<\/strong><\/p>\n<p>Os usu\u00e1rios dos sites da Unceasingly Pray devem ter pelo menos 14 anos de idade para participar de qualquer atividade que exija o envio de informa\u00e7\u00f5es pessoais. Ao enviar informa\u00e7\u00f5es pessoais \u00e0 Unceasingly Pray ou ao participar de nossos Sites, voc\u00ea certifica que tem pelo menos 14 anos de idade. Todos os usu\u00e1rios dos sites devem fornecer informa\u00e7\u00f5es pessoais verdadeiras, atuais, completas e precisas quando solicitados e rejeitaremos e excluiremos qualquer entrada que acreditemos de boa f\u00e9 ser falsa ou fraudulenta.<\/p>\n<p>N\u00e3o aceitamos intencionalmente informa\u00e7\u00f5es pessoais de menores de 14 anos e rejeitamos e exclu\u00edmos automaticamente informa\u00e7\u00f5es pessoais de qualquer pessoa que acreditamos de boa f\u00e9 ter menos de 14 anos.<\/p>\n<p>&nbsp;<\/p>\n<p><strong>Links para outros sites<\/strong><\/p>\n<p>Os sites da Unceasingly Pray fornecem links para sites de terceiros que podem ser do interesse de nossos usu\u00e1rios. A Unceasingly Pray n\u00e3o opera esses sites e n\u00e3o \u00e9 respons\u00e1vel pelas pol\u00edticas e pr\u00e1ticas de outras empresas e seus sites.<\/p>\n<p>&nbsp;<\/p>\n<p><strong>Cookies<\/strong><\/p>\n<p>Um cookie \u00e9 um pequeno arquivo de texto que os sites criam e armazenam no seu computador contendo dados como informa\u00e7\u00f5es de identifica\u00e7\u00e3o do computador do usu\u00e1rio, prefer\u00eancias personalizadas ou atividades enquanto visitam um site. A Unceasingly Pray n\u00e3o divulga a terceiros nenhuma informa\u00e7\u00e3o sobre cookies criada por nosso site, exceto quando necess\u00e1rio para cumprir qualquer lei, regulamento ou solicita\u00e7\u00e3o legal. A Unceasingly Pray n\u00e3o \u00e9 respons\u00e1vel pela cria\u00e7\u00e3o ou armazenamento de quaisquer cookies no seu computador por outras empresas ou sites. Voc\u00ea pode recusar ou desativar os cookies ajustando as configura\u00e7\u00f5es de seguran\u00e7a no seu navegador.<strong>\u00a0<\/strong><\/p>\n<p>&nbsp;<\/p>\n<p><strong>Contate-nos<\/strong><\/p>\n<p class=\"translation-block\">Se voc\u00ea tem alguma pergunta ou preocupa\u00e7\u00e3o, envie um email para <a href=\"mailto:info@unceasinglypray.org\" target=\"_self\">info@unceasinglypray.org<\/a>.<\/p>","protected":false},"excerpt":{"rendered":"<p>PRIVACY POLICY Unceasingly Pray (\u201cUnceasingly Pray\u201d) is pleased to provide information to our website visitors about our online Privacy Policy. Your privacy is important to us, and our online Privacy Policy is intended to protect and secure any personally identifiable information (\u201cPersonal Information\u201d) you provide to Unceasingly Pray online when you visit and use Unceasingly&hellip;<\/p>","protected":false},"author":3,"featured_media":0,"parent":0,"menu_order":0,"comment_status":"closed","ping_status":"closed","template":"","meta":{"inline_featured_image":false,"footnotes":""},"class_list":["post-313","page","type-page","status-publish","hentry"],"yoast_head":"<!-- This site is optimized with the Yoast SEO plugin v27.4 - https:\/\/yoast.com\/product\/yoast-seo-wordpress\/ -->\n<title>Privacy Policy Temp - Unceasingly Pray<\/title>\n<meta name=\"robots\" content=\"index, follow, max-snippet:-1, max-image-preview:large, max-video-preview:-1\" \/>\n<link rel=\"canonical\" href=\"https:\/\/unceasinglypray.org\/pt\/privacy-policy-temp\/\" \/>\n<meta property=\"og:locale\" content=\"pt_BR\" \/>\n<meta property=\"og:type\" content=\"article\" \/>\n<meta property=\"og:title\" content=\"Privacy Policy Temp - Unceasingly Pray\" \/>\n<meta property=\"og:description\" content=\"PRIVACY POLICY Unceasingly Pray (\u201cUnceasingly Pray\u201d) is pleased to provide information to our website visitors about our online Privacy Policy. Your privacy is important to us, and our online Privacy Policy is intended to protect and secure any personally identifiable information (\u201cPersonal Information\u201d) you provide to Unceasingly Pray online when you visit and use Unceasingly&hellip;\" \/>\n<meta property=\"og:url\" content=\"https:\/\/unceasinglypray.org\/pt\/privacy-policy-temp\/\" \/>\n<meta property=\"og:site_name\" content=\"Unceasingly Pray\" \/>\n<meta property=\"article:modified_time\" content=\"2020-03-30T23:56:56+00:00\" \/>\n<meta name=\"twitter:card\" content=\"summary_large_image\" \/>\n<meta name=\"twitter:label1\" content=\"Est. tempo de leitura\" \/>\n\t<meta name=\"twitter:data1\" content=\"5 minutos\" \/>\n<script type=\"application\/ld+json\" class=\"yoast-schema-graph\">{\"@context\":\"https:\\\/\\\/schema.org\",\"@graph\":[{\"@type\":\"WebPage\",\"@id\":\"https:\\\/\\\/unceasinglypray.org\\\/sk_sk\\\/privacy-policy-temp\\\/\",\"url\":\"https:\\\/\\\/unceasinglypray.org\\\/sk_sk\\\/privacy-policy-temp\\\/\",\"name\":\"Privacy Policy Temp - Unceasingly Pray\",\"isPartOf\":{\"@id\":\"https:\\\/\\\/unceasinglypray.org\\\/ar\\\/#website\"},\"datePublished\":\"2020-03-30T23:34:54+00:00\",\"dateModified\":\"2020-03-30T23:56:56+00:00\",\"breadcrumb\":{\"@id\":\"https:\\\/\\\/unceasinglypray.org\\\/sk_sk\\\/privacy-policy-temp\\\/#breadcrumb\"},\"inLanguage\":\"pt-BR\",\"potentialAction\":[{\"@type\":\"ReadAction\",\"target\":[\"https:\\\/\\\/unceasinglypray.org\\\/sk_sk\\\/privacy-policy-temp\\\/\"]}]},{\"@type\":\"BreadcrumbList\",\"@id\":\"https:\\\/\\\/unceasinglypray.org\\\/sk_sk\\\/privacy-policy-temp\\\/#breadcrumb\",\"itemListElement\":[{\"@type\":\"ListItem\",\"position\":1,\"name\":\"Home\",\"item\":\"https:\\\/\\\/unceasinglypray.org\\\/pt\\\/\"},{\"@type\":\"ListItem\",\"position\":2,\"name\":\"Privacy Policy Temp\"}]},{\"@type\":\"WebSite\",\"@id\":\"https:\\\/\\\/unceasinglypray.org\\\/ar\\\/#website\",\"url\":\"https:\\\/\\\/unceasinglypray.org\\\/ar\\\/\",\"name\":\"Unceasingly Pray\",\"description\":\"\",\"potentialAction\":[{\"@type\":\"SearchAction\",\"target\":{\"@type\":\"EntryPoint\",\"urlTemplate\":\"https:\\\/\\\/unceasinglypray.org\\\/ar\\\/?s={search_term_string}\"},\"query-input\":{\"@type\":\"PropertyValueSpecification\",\"valueRequired\":true,\"valueName\":\"search_term_string\"}}],\"inLanguage\":\"pt-BR\"}]}<\/script>\n<!-- \/ Yoast SEO plugin. -->","yoast_head_json":{"title":"Privacy Policy Temp - Unceasingly Pray","robots":{"index":"index","follow":"follow","max-snippet":"max-snippet:-1","max-image-preview":"max-image-preview:large","max-video-preview":"max-video-preview:-1"},"canonical":"https:\/\/unceasinglypray.org\/pt\/privacy-policy-temp\/","og_locale":"pt_BR","og_type":"article","og_title":"Privacy Policy Temp - Unceasingly Pray","og_description":"PRIVACY POLICY Unceasingly Pray (\u201cUnceasingly Pray\u201d) is pleased to provide information to our website visitors about our online Privacy Policy. Your privacy is important to us, and our online Privacy Policy is intended to protect and secure any personally identifiable information (\u201cPersonal Information\u201d) you provide to Unceasingly Pray online when you visit and use Unceasingly&hellip;","og_url":"https:\/\/unceasinglypray.org\/pt\/privacy-policy-temp\/","og_site_name":"Unceasingly Pray","article_modified_time":"2020-03-30T23:56:56+00:00","twitter_card":"summary_large_image","twitter_misc":{"Est. tempo de leitura":"5 minutos"},"schema":{"@context":"https:\/\/schema.org","@graph":[{"@type":"WebPage","@id":"https:\/\/unceasinglypray.org\/sk_sk\/privacy-policy-temp\/","url":"https:\/\/unceasinglypray.org\/sk_sk\/privacy-policy-temp\/","name":"Privacy Policy Temp - Unceasingly Pray","isPartOf":{"@id":"https:\/\/unceasinglypray.org\/ar\/#website"},"datePublished":"2020-03-30T23:34:54+00:00","dateModified":"2020-03-30T23:56:56+00:00","breadcrumb":{"@id":"https:\/\/unceasinglypray.org\/sk_sk\/privacy-policy-temp\/#breadcrumb"},"inLanguage":"pt-BR","potentialAction":[{"@type":"ReadAction","target":["https:\/\/unceasinglypray.org\/sk_sk\/privacy-policy-temp\/"]}]},{"@type":"BreadcrumbList","@id":"https:\/\/unceasinglypray.org\/sk_sk\/privacy-policy-temp\/#breadcrumb","itemListElement":[{"@type":"ListItem","position":1,"name":"Home","item":"https:\/\/unceasinglypray.org\/pt\/"},{"@type":"ListItem","position":2,"name":"Privacy Policy Temp"}]},{"@type":"WebSite","@id":"https:\/\/unceasinglypray.org\/ar\/#website","url":"https:\/\/unceasinglypray.org\/ar\/","name":"Unceasingly Pray","description":"","potentialAction":[{"@type":"SearchAction","target":{"@type":"EntryPoint","urlTemplate":"https:\/\/unceasinglypray.org\/ar\/?s={search_term_string}"},"query-input":{"@type":"PropertyValueSpecification","valueRequired":true,"valueName":"search_term_string"}}],"inLanguage":"pt-BR"}]}},"_links":{"self":[{"href":"https:\/\/unceasinglypray.org\/pt\/wp-json\/wp\/v2\/pages\/313","targetHints":{"allow":["GET"]}}],"collection":[{"href":"https:\/\/unceasinglypray.org\/pt\/wp-json\/wp\/v2\/pages"}],"about":[{"href":"https:\/\/unceasinglypray.org\/pt\/wp-json\/wp\/v2\/types\/page"}],"author":[{"embeddable":true,"href":"https:\/\/unceasinglypray.org\/pt\/wp-json\/wp\/v2\/users\/3"}],"replies":[{"embeddable":true,"href":"https:\/\/unceasinglypray.org\/pt\/wp-json\/wp\/v2\/comments?post=313"}],"version-history":[{"count":0,"href":"https:\/\/unceasinglypray.org\/pt\/wp-json\/wp\/v2\/pages\/313\/revisions"}],"wp:attachment":[{"href":"https:\/\/unceasinglypray.org\/pt\/wp-json\/wp\/v2\/media?parent=313"}],"curies":[{"name":"wp","href":"https:\/\/api.w.org\/{rel}","templated":true}]}}