{"id":23,"date":"2020-03-26T23:58:07","date_gmt":"2020-03-26T23:58:07","guid":{"rendered":"https:\/\/unceasepray.wpengine.com\/?page_id=23"},"modified":"2020-06-11T15:14:28","modified_gmt":"2020-06-11T15:14:28","slug":"ministry","status":"publish","type":"page","link":"https:\/\/unceasinglypray.org\/pt\/ministry\/","title":{"rendered":"Minist\u00e9rio"},"content":{"rendered":"<p>MINIST\u00c9RIO<\/p>\n\t<p>HINOS SOBRE ORA\u00c7\u00c3O<\/p>\n\t<p>Veja abaixo uma lista de hinos relacionados \u00e0 ora\u00e7\u00e3o. Clique no t\u00edtulo de cada hino para ler a letra completa. Que esses hinos fortale\u00e7am e enrique\u00e7am nossa vida de ora\u00e7\u00e3o com o Senhor.<\/p>\n\n\t<p>762: <a href=\"http:\/\/www.hinario.org\/detail.php?id=841\">Como incenso \u00e9 a ora\u00e7\u00e3o<\/a><\/p>\n<p>767: <a href=\"http:\/\/www.hinario.org\/detail.php?id=846\">Oh! nos ensina a orar, Senhor<\/a><\/p>\n<p>768: <a href=\"http:\/\/www.hinario.org\/detail.php?id=847\">Ensina-me, \u00f3 Deus<\/a><\/p>\n<p>769: <a href=\"http:\/\/www.hinario.org\/detail.php?id=848\">Ao Sant\u00edssimo Lugar<\/a><\/p>\n<p>771: <a href=\"http:\/\/www.hinario.org\/detail.php?id=850\">O v\u00e9u j\u00e1 foi rasgado e eis<\/a><\/p>\n<p>772: <a href=\"http:\/\/www.hinario.org\/detail.php?id=851\">Procuramos-Te, Senhor<\/a><\/p>\n<p>775: <a href=\"http:\/\/www.hinario.org\/detail.php?id=854\">Inclinando-nos ao trono<\/a><\/p>\n<p>776:<a href=\"http:\/\/www.hinario.org\/detail.php?id=855\"> \u201cPede em f\u00e9\u201d perante o trono<\/a><\/p>\n<p>777: <a href=\"http:\/\/www.hinario.org\/detail.php?id=856\">Dizei ao monte j\u00e1<\/a><\/p>\n<p>778: <a href=\"http:\/\/www.hinario.org\/detail.php?id=857\">Canta a can\u00e7\u00e3o da f\u00e9<\/a><\/p>\n<p>779: <a href=\"http:\/\/www.hinario.org\/detail.php?id=858\">Ora un\u00e2nime no esp\u00edr\u2019to<\/a><\/p>\n<p>780: <a href=\"http:\/\/www.hinario.org\/detail.php?id=859\">Sempre orar, orar no esp\u00edr\u2019to<\/a><\/p>\n<p>781: <a href=\"http:\/\/www.hinario.org\/detail.php?id=860\">Devo meu esp\u00edr\u2019to<\/a><\/p>\n<p>783: <a href=\"http:\/\/www.hinario.org\/detail.php?id=862\">Vai ao trono em ora\u00e7\u00e3o<\/a><\/p>\n<p>785: <a href=\"http:\/\/www.hinario.org\/detail.php?id=864\">Ao orar, Deus expressar<\/a><\/p>\n<p>786: <a href=\"http:\/\/www.hinario.org\/detail.php?id=865\">Ora para agir com Deus<\/a><\/p>\n<p>790: <a href=\"http:\/\/www.hinario.org\/detail.php?id=869\">\u201cQueima o incenso\u201d<\/a><\/p>\n\t<p>791: <a href=\"http:\/\/www.hinario.org\/detail.php?id=870\">O sacerdote santo \u00e9<\/a><\/p>\n<p>792: <a href=\"http:\/\/www.hinario.org\/detail.php?id=871\">Espero em Ti, Senhor, s\u00f3 em Ti<\/a><\/p>\n<p>794: <a href=\"http:\/\/www.hinario.org\/detail.php?id=873\">Inflama-me, Senhor, me d\u00e1 ent\u00e3o<\/a><\/p>\n<p>795: <a href=\"http:\/\/www.hinario.org\/detail.php?id=874\">Venha, Pai, o reino Teu<\/a><\/p>\n<p>797: <a href=\"http:\/\/www.hinario.org\/detail.php?id=876\">Oh, vem reavivar<\/a><\/p>\n<p>798: <a href=\"https:\/\/www.hymnal.net\/en\/hymn\/h\/798\">Oh, vem reavivar<\/a><\/p>\n<p>845: <a href=\"http:\/\/www.hinario.org\/detail.php?id=924\">Libera meu esp\u00edrito, Senhor!<\/a><\/p>\n<p>846: <a href=\"http:\/\/www.hinario.org\/detail.php?id=925\">Que meu esp\u00edrito<\/a><\/p>\n<p>848: <a href=\"http:\/\/www.hinario.org\/detail.php?id=927\">Deus chamou-me sacerdote<\/a><\/p>\n<p>849: <a href=\"http:\/\/www.hinario.org\/detail.php?id=928\">Santos sacerdotes s\u00e3o<\/a><\/p>\n<p>876: <a href=\"http:\/\/www.hinario.org\/detail.php?id=955\">A guerra ao redor<\/a><\/p>\n<p>885: <a href=\"http:\/\/www.hinario.org\/detail.php?id=964\">Luta junto com o Corpo<\/a><\/p>\n<p>888: <a href=\"http:\/\/www.hinario.org\/detail.php?id=967\">Armai-vos e lutai<\/a><\/p>\n<p>890: <a href=\"http:\/\/www.hinario.org\/detail.php?id=969\">Cristo \u00e9 Vitorioso!<\/a><\/p>\n<p>892: <a href=\"http:\/\/www.hinario.org\/detail.php?id=971\">Poder total na terra e c\u00e9u<\/a><\/p>\n<p>1217: <a href=\"http:\/\/www.hinario.org\/detail.php?id=1296\">Deus, ouvimos Teu chamado<\/a><\/p>\n\t<p>&nbsp;<\/p>\n<p>Esses hinos foram tomados de <i>Hymns<\/i>, publicado pelo Living Stream Ministry.<\/p>\n\n\t<p>Refer\u00eancias de por\u00e7\u00f5es sobre ora\u00e7\u00e3o<\/p>\n<ul>\n<li class=\"translation-block\"><em>O minist\u00e9rio de ora\u00e7\u00e3o da igreja<\/em>, cap\u00edtulos 1 e 4<\/li>\n<li><em>Burden and Prayer<\/em>, cap\u00edtulo 1<\/li>\n<li class=\"translation-block\"><em>Livro de li\u00e7\u00f5es - N\u00edvel cinco: a igreja - A vis\u00e3o e a edifica\u00e7\u00e3o da igreja<\/em>, cap\u00edtulo 18<\/li>\n<li class=\"translation-block\"><em>The Prayer of the Age<\/em> (Booklet)<\/li>\n<li><em>Li\u00e7\u00f5es sobre Ora\u00e7\u00e3o<\/em><\/li>\n<li class=\"translation-block\"><em> Estudo-Vida de \u00caxodo<\/em>, Mensagens 147, 148 e 152<\/li>\n<li class=\"translation-block\"><em> Estudo-Vida de G\u00eanesis<\/em>, Mensagem 51<\/li>\n<li class=\"translation-block\"><em>New Believers\u2019 Series<\/em>: Lesson 11, Prayer<\/li>\n<li><em>The Collected Works of Watchman Nee,\u00a0Set 2, vol. 38: General Messages (2)<\/em>, Chapter 23<\/li>\n<li class=\"translation-block\"><em>Comunh\u00e3o sobre a necessidade urgente dos grupos vitais<\/em>, cap\u00edtulo 14<\/li>\n<\/ul>\n\n\t<p><img \/>Fa\u00e7a o download de uma lista ampliada de refer\u00eancias do minist\u00e9rio sobre ora\u00e7\u00e3o <a href=\"https:\/\/unceasinglypray.org\/wp-content\/uploads\/2020\/05\/Ministry_on_Prayer-final.pdf\">aqui<\/a>.<\/p>\n<p><img alt=\"\" width=\"25650\" height=\"150\" \/><\/p>\n\t\t<h3><\/h3>\n\t\t<p>Persevere em ora\u00e7\u00e3o.<\/p>\n\t\t\t<a href=\"https:\/\/unceasinglypray.org\/pt\/sign-up\/\" target=\"_self\" role=\"button\" rel=\"noopener noreferrer\">\n\t\t\t\t\t\t\tESCOLHA UM HOR\u00c1RIO\n\t\t\t\t\t<\/a>","protected":false},"excerpt":{"rendered":"<p>MINISTRY HYMNS ON PRAYER Below is a list of hymns related to prayer. Click on each title to read the full lyrics. May these hymns strengthen and enrich our prayer life with the Lord. 762: Prayer is the incense of a holy heart 767: Teach us to pray that we may cause 768: Lord, teach&hellip;<\/p>","protected":false},"author":1,"featured_media":0,"parent":0,"menu_order":0,"comment_status":"closed","ping_status":"closed","template":"","meta":{"inline_featured_image":false,"footnotes":""},"class_list":["post-23","page","type-page","status-publish","hentry"],"yoast_head":"<!-- This site is optimized with the Yoast SEO plugin v27.4 - https:\/\/yoast.com\/product\/yoast-seo-wordpress\/ -->\n<title>Ministry - Unceasingly Pray<\/title>\n<meta name=\"robots\" content=\"index, follow, max-snippet:-1, max-image-preview:large, max-video-preview:-1\" \/>\n<link rel=\"canonical\" href=\"http:\/\/unceasinglypray.org\/pt\/ministry\/\" \/>\n<meta property=\"og:locale\" content=\"pt_BR\" \/>\n<meta property=\"og:type\" content=\"article\" \/>\n<meta property=\"og:title\" content=\"Ministry - Unceasingly Pray\" \/>\n<meta property=\"og:description\" content=\"MINISTRY HYMNS ON PRAYER Below is a list of hymns related to prayer. Click on each title to read the full lyrics. May these hymns strengthen and enrich our prayer life with the Lord. 762: Prayer is the incense of a holy heart 767: Teach us to pray that we may cause 768: Lord, teach&hellip;\" \/>\n<meta property=\"og:url\" content=\"http:\/\/unceasinglypray.org\/pt\/ministry\/\" \/>\n<meta property=\"og:site_name\" content=\"Unceasingly Pray\" \/>\n<meta property=\"article:modified_time\" content=\"2020-06-11T15:14:28+00:00\" \/>\n<meta name=\"twitter:card\" content=\"summary_large_image\" \/>\n<meta name=\"twitter:label1\" content=\"Est. tempo de leitura\" \/>\n\t<meta name=\"twitter:data1\" content=\"2 minutos\" \/>\n<script type=\"application\/ld+json\" class=\"yoast-schema-graph\">{\"@context\":\"https:\\\/\\\/schema.org\",\"@graph\":[{\"@type\":\"WebPage\",\"@id\":\"http:\\\/\\\/unceasinglypray.org\\\/fa\\\/ministry\\\/\",\"url\":\"http:\\\/\\\/unceasinglypray.org\\\/fa\\\/ministry\\\/\",\"name\":\"Ministry - Unceasingly Pray\",\"isPartOf\":{\"@id\":\"https:\\\/\\\/unceasinglypray.org\\\/ar\\\/#website\"},\"datePublished\":\"2020-03-26T23:58:07+00:00\",\"dateModified\":\"2020-06-11T15:14:28+00:00\",\"breadcrumb\":{\"@id\":\"http:\\\/\\\/unceasinglypray.org\\\/fa\\\/ministry\\\/#breadcrumb\"},\"inLanguage\":\"pt-BR\",\"potentialAction\":[{\"@type\":\"ReadAction\",\"target\":[\"http:\\\/\\\/unceasinglypray.org\\\/fa\\\/ministry\\\/\"]}]},{\"@type\":\"BreadcrumbList\",\"@id\":\"http:\\\/\\\/unceasinglypray.org\\\/fa\\\/ministry\\\/#breadcrumb\",\"itemListElement\":[{\"@type\":\"ListItem\",\"position\":1,\"name\":\"Home\",\"item\":\"https:\\\/\\\/unceasinglypray.org\\\/pt\\\/\"},{\"@type\":\"ListItem\",\"position\":2,\"name\":\"Ministry\"}]},{\"@type\":\"WebSite\",\"@id\":\"https:\\\/\\\/unceasinglypray.org\\\/ar\\\/#website\",\"url\":\"https:\\\/\\\/unceasinglypray.org\\\/ar\\\/\",\"name\":\"Unceasingly Pray\",\"description\":\"\",\"potentialAction\":[{\"@type\":\"SearchAction\",\"target\":{\"@type\":\"EntryPoint\",\"urlTemplate\":\"https:\\\/\\\/unceasinglypray.org\\\/ar\\\/?s={search_term_string}\"},\"query-input\":{\"@type\":\"PropertyValueSpecification\",\"valueRequired\":true,\"valueName\":\"search_term_string\"}}],\"inLanguage\":\"pt-BR\"}]}<\/script>\n<!-- \/ Yoast SEO plugin. -->","yoast_head_json":{"title":"Ministry - Unceasingly Pray","robots":{"index":"index","follow":"follow","max-snippet":"max-snippet:-1","max-image-preview":"max-image-preview:large","max-video-preview":"max-video-preview:-1"},"canonical":"http:\/\/unceasinglypray.org\/pt\/ministry\/","og_locale":"pt_BR","og_type":"article","og_title":"Ministry - Unceasingly Pray","og_description":"MINISTRY HYMNS ON PRAYER Below is a list of hymns related to prayer. Click on each title to read the full lyrics. May these hymns strengthen and enrich our prayer life with the Lord. 762: Prayer is the incense of a holy heart 767: Teach us to pray that we may cause 768: Lord, teach&hellip;","og_url":"http:\/\/unceasinglypray.org\/pt\/ministry\/","og_site_name":"Unceasingly Pray","article_modified_time":"2020-06-11T15:14:28+00:00","twitter_card":"summary_large_image","twitter_misc":{"Est. tempo de leitura":"2 minutos"},"schema":{"@context":"https:\/\/schema.org","@graph":[{"@type":"WebPage","@id":"http:\/\/unceasinglypray.org\/fa\/ministry\/","url":"http:\/\/unceasinglypray.org\/fa\/ministry\/","name":"Ministry - Unceasingly Pray","isPartOf":{"@id":"https:\/\/unceasinglypray.org\/ar\/#website"},"datePublished":"2020-03-26T23:58:07+00:00","dateModified":"2020-06-11T15:14:28+00:00","breadcrumb":{"@id":"http:\/\/unceasinglypray.org\/fa\/ministry\/#breadcrumb"},"inLanguage":"pt-BR","potentialAction":[{"@type":"ReadAction","target":["http:\/\/unceasinglypray.org\/fa\/ministry\/"]}]},{"@type":"BreadcrumbList","@id":"http:\/\/unceasinglypray.org\/fa\/ministry\/#breadcrumb","itemListElement":[{"@type":"ListItem","position":1,"name":"Home","item":"https:\/\/unceasinglypray.org\/pt\/"},{"@type":"ListItem","position":2,"name":"Ministry"}]},{"@type":"WebSite","@id":"https:\/\/unceasinglypray.org\/ar\/#website","url":"https:\/\/unceasinglypray.org\/ar\/","name":"Unceasingly Pray","description":"","potentialAction":[{"@type":"SearchAction","target":{"@type":"EntryPoint","urlTemplate":"https:\/\/unceasinglypray.org\/ar\/?s={search_term_string}"},"query-input":{"@type":"PropertyValueSpecification","valueRequired":true,"valueName":"search_term_string"}}],"inLanguage":"pt-BR"}]}},"_links":{"self":[{"href":"https:\/\/unceasinglypray.org\/pt\/wp-json\/wp\/v2\/pages\/23","targetHints":{"allow":["GET"]}}],"collection":[{"href":"https:\/\/unceasinglypray.org\/pt\/wp-json\/wp\/v2\/pages"}],"about":[{"href":"https:\/\/unceasinglypray.org\/pt\/wp-json\/wp\/v2\/types\/page"}],"author":[{"embeddable":true,"href":"https:\/\/unceasinglypray.org\/pt\/wp-json\/wp\/v2\/users\/1"}],"replies":[{"embeddable":true,"href":"https:\/\/unceasinglypray.org\/pt\/wp-json\/wp\/v2\/comments?post=23"}],"version-history":[{"count":0,"href":"https:\/\/unceasinglypray.org\/pt\/wp-json\/wp\/v2\/pages\/23\/revisions"}],"wp:attachment":[{"href":"https:\/\/unceasinglypray.org\/pt\/wp-json\/wp\/v2\/media?parent=23"}],"curies":[{"name":"wp","href":"https:\/\/api.w.org\/{rel}","templated":true}]}}