{"id":11,"date":"2020-03-25T00:51:57","date_gmt":"2020-03-25T00:51:57","guid":{"rendered":"https:\/\/unceasepray.wpengine.com\/?page_id=11"},"modified":"2020-05-31T20:39:54","modified_gmt":"2020-05-31T20:39:54","slug":"home","status":"publish","type":"page","link":"https:\/\/unceasinglypray.org\/pt\/","title":{"rendered":"Home"},"content":{"rendered":"24H\/30 DIAS<br \/>\nGLOBAL PRAYER\n\t24\u00a0HR\/<br \/>\n30 DIAS<br \/>\nORA\u00c7\u00c3O GLOBAL\n\t<p>Um \u00faltimo aviso<\/p>\n\t<p>Enquanto voc\u00ea l\u00ea este aviso, as igrejas locais na restaura\u00e7\u00e3o do Senhor concluem um per\u00edodo sem precedentes de ora\u00e7\u00e3o global ininterrupta, come\u00e7ando dia 1\u00ba de abril e terminando no dia 30 de maio de 2020. No total, mais de 13.700 santos se inscreveram em<a href=\"https:\/\/unceasinglypray.org\/pt\/\"> unceasinglypray.org\/pt<\/a> para orar em intervalos de 15 minutos, cobrindo cada minuto do dia e representando cada fuso hor\u00e1rio habitado do mundo. Tamb\u00e9m recebemos relatos de muitos, muitos outros que estavam orando fielmente ao redor do mundo sem estarem inscritos; de fato, cremos que o n\u00famero total de santos participantes ultrapassou os 50 mil. <\/p>\n<p><img alt=\"\" width=\"25650\" height=\"150\" \/><\/p>\n\t<p><a href=\"https:\/\/unceasinglypray.org\/pt\/letter\/\">Leia o aviso completo<\/a><\/p>\n\t<p>POR\u00c7\u00d5ES DO MINIST\u00c9RIO<\/p>\n\t<p>\"No Novo Testamento, o templo de Deus \u00e9 composto de sacerdotes que oram, ou seja, queimam incenso. Portanto, o templo deve ser um templo de ora\u00e7\u00e3o (Lc 19:46). A igreja edificada \u00e9 uma casa de ora\u00e7\u00e3o. Isso n\u00e3o \u00e9 uma doutrina, e nem uma opini\u00e3o. Essa \u00e9 um exig\u00eancia para a edifica\u00e7\u00e3o da igreja. Alguns santos devem se levantar de maneira pr\u00e1tica para cumprir o servi\u00e7o sacerdotal de entrar no Santo Lugar e queimar incenso; ou seja, deve haver alguns que se levantam para orar. Caso contr\u00e1rio, n\u00e3o ser\u00e1 poss\u00edvel edificar a igreja.<\/p>\n<p>Nas igrejas, carecemos de santos dispostos a cumprir o servi\u00e7o sacerdotal de queimar incenso diante de Deus. O Senhor nos iluminou para que cuidemos dessa necessidade.\"<\/p>\n<p>\u2014Witness Lee,\u00a0<em>The Exercise of the Spirit and the Building of God<\/em><\/p>\n\t<p>COLOQUE-SE NA BRECHA<\/p>\n\t<p>EZ 22:30<\/p>\n\t\t\t\t<img decoding=\"async\" src=\"https:\/\/unceasinglypray.org\/wp-content\/uploads\/2020\/04\/1.svg\" alt=\"1\" title=\"1\" itemprop=\"image\"\/>\n\t<p>1. INSCREVA-SE<\/p>\n\t<p>Crie uma conta para receber os encargos de ora\u00e7\u00e3o via email. (S\u00f3 est\u00e3o dispon\u00edveis emails em ingl\u00eas, espanhol, chin\u00eas e coreano.)<\/p>\n\t\t\t\t<img decoding=\"async\" src=\"https:\/\/unceasinglypray.org\/wp-content\/uploads\/2020\/04\/2.svg\" alt=\"2\" title=\"2\" itemprop=\"image\"\/>\n\t<p>2. ESCOLHA UM HOR\u00c1RIO<\/p>\n\t<p>Escolha um intervalo de 15 minutos para orar diariamente.<\/p>\n\t\t\t\t<img decoding=\"async\" src=\"https:\/\/unceasinglypray.org\/wp-content\/uploads\/2020\/04\/3.svg\" alt=\"3\" title=\"3\" itemprop=\"image\"\/>\n\t<p>3. COMECE A ORAR<\/p>\n\t<p>Perseverem un\u00e2nimes em ora\u00e7\u00e3o (Atos 1:14).<\/p>\n\t\t<h3><\/h3>\n\t\t<p>Persevere em ora\u00e7\u00e3o.<\/p>\n\t\t\t<a href=\"https:\/\/unceasinglypray.org\/pt\/sign-up\/\" target=\"_self\" role=\"button\" rel=\"noopener noreferrer\">\n\t\t\t\t\t\t\tESCOLHA UM HOR\u00c1RIO\n\t\t\t\t\t<\/a>","protected":false},"excerpt":{"rendered":"<p>24\u00a0HR\/30\u00a0DAYS GLOBAL PRAYER 24\u00a0HR\/ 30\u00a0DAYS GLOBAL PRAYER A Final Announcement As you read this, the local churches in the Lord\u2019s recovery have concluded an unprecedented period of 24\/7 global prayer, beginning April 1 and ending May 30, 2020. In all, over 13,700 saints signed up on unceasinglypray.org to pray in 15-minute time slots, covering every&hellip;<\/p>","protected":false},"author":1,"featured_media":0,"parent":0,"menu_order":0,"comment_status":"closed","ping_status":"closed","template":"","meta":{"inline_featured_image":false,"footnotes":""},"class_list":["post-11","page","type-page","status-publish","hentry"],"yoast_head":"<!-- This site is optimized with the Yoast SEO plugin v27.5 - https:\/\/yoast.com\/product\/yoast-seo-wordpress\/ -->\n<title>Home - Unceasingly Pray<\/title>\n<meta name=\"robots\" content=\"index, follow, max-snippet:-1, max-image-preview:large, max-video-preview:-1\" \/>\n<link rel=\"canonical\" href=\"https:\/\/unceasinglypray.org\/pt\/\" \/>\n<meta property=\"og:locale\" content=\"pt_BR\" \/>\n<meta property=\"og:type\" content=\"article\" \/>\n<meta property=\"og:title\" content=\"Home - Unceasingly Pray\" \/>\n<meta property=\"og:description\" content=\"24\u00a0HR\/30\u00a0DAYS GLOBAL PRAYER 24\u00a0HR\/ 30\u00a0DAYS GLOBAL PRAYER A Final Announcement As you read this, the local churches in the Lord\u2019s recovery have concluded an unprecedented period of 24\/7 global prayer, beginning April 1 and ending May 30, 2020. In all, over 13,700 saints signed up on unceasinglypray.org to pray in 15-minute time slots, covering every&hellip;\" \/>\n<meta property=\"og:url\" content=\"https:\/\/unceasinglypray.org\/pt\/\" \/>\n<meta property=\"og:site_name\" content=\"Unceasingly Pray\" \/>\n<meta property=\"article:modified_time\" content=\"2020-05-31T20:39:54+00:00\" \/>\n<meta property=\"og:image\" content=\"https:\/\/unceasinglypray.org\/wp-content\/uploads\/2020\/04\/1.svg\" \/>\n<meta name=\"twitter:card\" content=\"summary_large_image\" \/>\n<meta name=\"twitter:label1\" content=\"Est. tempo de leitura\" \/>\n\t<meta name=\"twitter:data1\" content=\"1 minuto\" \/>\n<script type=\"application\/ld+json\" class=\"yoast-schema-graph\">{\"@context\":\"https:\\\/\\\/schema.org\",\"@graph\":[{\"@type\":\"WebPage\",\"@id\":\"https:\\\/\\\/unceasinglypray.org\\\/pt\\\/\",\"url\":\"https:\\\/\\\/unceasinglypray.org\\\/pt\\\/\",\"name\":\"Home - Unceasingly Pray\",\"isPartOf\":{\"@id\":\"https:\\\/\\\/unceasinglypray.org\\\/ar\\\/#website\"},\"primaryImageOfPage\":{\"@id\":\"https:\\\/\\\/unceasinglypray.org\\\/pt\\\/#primaryimage\"},\"image\":{\"@id\":\"https:\\\/\\\/unceasinglypray.org\\\/pt\\\/#primaryimage\"},\"thumbnailUrl\":\"https:\\\/\\\/unceasinglypray.org\\\/wp-content\\\/uploads\\\/2020\\\/04\\\/1.svg\",\"datePublished\":\"2020-03-25T00:51:57+00:00\",\"dateModified\":\"2020-05-31T20:39:54+00:00\",\"breadcrumb\":{\"@id\":\"https:\\\/\\\/unceasinglypray.org\\\/pt\\\/#breadcrumb\"},\"inLanguage\":\"pt-BR\",\"potentialAction\":[{\"@type\":\"ReadAction\",\"target\":[\"https:\\\/\\\/unceasinglypray.org\\\/pt\\\/\"]}]},{\"@type\":\"ImageObject\",\"inLanguage\":\"pt-BR\",\"@id\":\"https:\\\/\\\/unceasinglypray.org\\\/pt\\\/#primaryimage\",\"url\":\"https:\\\/\\\/unceasinglypray.org\\\/wp-content\\\/uploads\\\/2020\\\/04\\\/1.svg\",\"contentUrl\":\"https:\\\/\\\/unceasinglypray.org\\\/wp-content\\\/uploads\\\/2020\\\/04\\\/1.svg\"},{\"@type\":\"BreadcrumbList\",\"@id\":\"https:\\\/\\\/unceasinglypray.org\\\/pt\\\/#breadcrumb\",\"itemListElement\":[{\"@type\":\"ListItem\",\"position\":1,\"name\":\"Home\",\"item\":\"https:\\\/\\\/unceasinglypray.org\\\/pt\\\/\"},{\"@type\":\"ListItem\",\"position\":2,\"name\":\"Home\"}]},{\"@type\":\"WebSite\",\"@id\":\"https:\\\/\\\/unceasinglypray.org\\\/ar\\\/#website\",\"url\":\"https:\\\/\\\/unceasinglypray.org\\\/ar\\\/\",\"name\":\"Unceasingly Pray\",\"description\":\"\",\"potentialAction\":[{\"@type\":\"SearchAction\",\"target\":{\"@type\":\"EntryPoint\",\"urlTemplate\":\"https:\\\/\\\/unceasinglypray.org\\\/ar\\\/?s={search_term_string}\"},\"query-input\":{\"@type\":\"PropertyValueSpecification\",\"valueRequired\":true,\"valueName\":\"search_term_string\"}}],\"inLanguage\":\"pt-BR\"}]}<\/script>\n<!-- \/ Yoast SEO plugin. -->","yoast_head_json":{"title":"Home - Unceasingly Pray","robots":{"index":"index","follow":"follow","max-snippet":"max-snippet:-1","max-image-preview":"max-image-preview:large","max-video-preview":"max-video-preview:-1"},"canonical":"https:\/\/unceasinglypray.org\/pt\/","og_locale":"pt_BR","og_type":"article","og_title":"Home - Unceasingly Pray","og_description":"24\u00a0HR\/30\u00a0DAYS GLOBAL PRAYER 24\u00a0HR\/ 30\u00a0DAYS GLOBAL PRAYER A Final Announcement As you read this, the local churches in the Lord\u2019s recovery have concluded an unprecedented period of 24\/7 global prayer, beginning April 1 and ending May 30, 2020. In all, over 13,700 saints signed up on unceasinglypray.org to pray in 15-minute time slots, covering every&hellip;","og_url":"https:\/\/unceasinglypray.org\/pt\/","og_site_name":"Unceasingly Pray","article_modified_time":"2020-05-31T20:39:54+00:00","og_image":[{"url":"https:\/\/unceasinglypray.org\/wp-content\/uploads\/2020\/04\/1.svg","type":"","width":"","height":""}],"twitter_card":"summary_large_image","twitter_misc":{"Est. tempo de leitura":"1 minuto"},"schema":{"@context":"https:\/\/schema.org","@graph":[{"@type":"WebPage","@id":"https:\/\/unceasinglypray.org\/pt\/","url":"https:\/\/unceasinglypray.org\/pt\/","name":"Home - Unceasingly Pray","isPartOf":{"@id":"https:\/\/unceasinglypray.org\/ar\/#website"},"primaryImageOfPage":{"@id":"https:\/\/unceasinglypray.org\/pt\/#primaryimage"},"image":{"@id":"https:\/\/unceasinglypray.org\/pt\/#primaryimage"},"thumbnailUrl":"https:\/\/unceasinglypray.org\/wp-content\/uploads\/2020\/04\/1.svg","datePublished":"2020-03-25T00:51:57+00:00","dateModified":"2020-05-31T20:39:54+00:00","breadcrumb":{"@id":"https:\/\/unceasinglypray.org\/pt\/#breadcrumb"},"inLanguage":"pt-BR","potentialAction":[{"@type":"ReadAction","target":["https:\/\/unceasinglypray.org\/pt\/"]}]},{"@type":"ImageObject","inLanguage":"pt-BR","@id":"https:\/\/unceasinglypray.org\/pt\/#primaryimage","url":"https:\/\/unceasinglypray.org\/wp-content\/uploads\/2020\/04\/1.svg","contentUrl":"https:\/\/unceasinglypray.org\/wp-content\/uploads\/2020\/04\/1.svg"},{"@type":"BreadcrumbList","@id":"https:\/\/unceasinglypray.org\/pt\/#breadcrumb","itemListElement":[{"@type":"ListItem","position":1,"name":"Home","item":"https:\/\/unceasinglypray.org\/pt\/"},{"@type":"ListItem","position":2,"name":"Home"}]},{"@type":"WebSite","@id":"https:\/\/unceasinglypray.org\/ar\/#website","url":"https:\/\/unceasinglypray.org\/ar\/","name":"Unceasingly Pray","description":"","potentialAction":[{"@type":"SearchAction","target":{"@type":"EntryPoint","urlTemplate":"https:\/\/unceasinglypray.org\/ar\/?s={search_term_string}"},"query-input":{"@type":"PropertyValueSpecification","valueRequired":true,"valueName":"search_term_string"}}],"inLanguage":"pt-BR"}]}},"_links":{"self":[{"href":"https:\/\/unceasinglypray.org\/pt\/wp-json\/wp\/v2\/pages\/11","targetHints":{"allow":["GET"]}}],"collection":[{"href":"https:\/\/unceasinglypray.org\/pt\/wp-json\/wp\/v2\/pages"}],"about":[{"href":"https:\/\/unceasinglypray.org\/pt\/wp-json\/wp\/v2\/types\/page"}],"author":[{"embeddable":true,"href":"https:\/\/unceasinglypray.org\/pt\/wp-json\/wp\/v2\/users\/1"}],"replies":[{"embeddable":true,"href":"https:\/\/unceasinglypray.org\/pt\/wp-json\/wp\/v2\/comments?post=11"}],"version-history":[{"count":0,"href":"https:\/\/unceasinglypray.org\/pt\/wp-json\/wp\/v2\/pages\/11\/revisions"}],"wp:attachment":[{"href":"https:\/\/unceasinglypray.org\/pt\/wp-json\/wp\/v2\/media?parent=11"}],"curies":[{"name":"wp","href":"https:\/\/api.w.org\/{rel}","templated":true}]}}