{"id":993,"date":"2020-05-31T19:34:28","date_gmt":"2020-05-31T19:34:28","guid":{"rendered":"https:\/\/unceasinglypray.org\/?page_id=993"},"modified":"2020-05-31T19:34:28","modified_gmt":"2020-05-31T19:34:28","slug":"letter-3","status":"publish","type":"page","link":"https:\/\/unceasinglypray.org\/pl\/letter-3\/","title":{"rendered":"Letter 3"},"content":{"rendered":"<h2>\n\t\tTRWA\u0106 NIEZ\u0141OMNIE WE WSTAWIENNICTWIE\n\t<\/h2>\n\t<p>29 kwietnia 2020 r.<\/p>\n\t<p>Drodzy \u015bwi\u0119ci!<\/p>\n<p>Jak\u017ce dzi\u0119kujemy Panu za Jego obfite zaopatrzenie dla ko\u015bcio\u0142\u00f3w i \u015bwi\u0119tych w Jego odzyskiwaniu. W ci\u0105gu tego miesi\u0105ca zaopatrzenie to pozwoli\u0142o wielu z nas wstawia\u0107 si\u0119 jako jeden cz\u0142owiek. W historii Pa\u0144skiego odzyskiwania nigdy nie prowadzili\u015bmy takiej og\u00f3lno\u015bwiatowej, ca\u0142odobowej modlitwy. Wprawdzie 30 kwietnia ju\u017c ko\u0144czymy ten skoordynowany trud, jednak mamy nadziej\u0119 w Panu, \u017ce nie b\u0119dzie to dla nas tylko po prostu okres modlitwy, ale \u017ce Pan doda nam wszystkim si\u0142 do czynienia post\u0119p\u00f3w w naszym osobistym \u017cyciu modlitewnym i w zbiorowej modlitewnej pos\u0142udze ko\u015bcio\u0142a.<\/p>\n<p>\u00a0Wierzymy, \u017ce ka\u017cdy \u015bwi\u0119ty, kt\u00f3ry wzi\u0105\u0142 na siebie to brzemi\u0119, w pewnym stopniu zrozumia\u0142, \u017ce do zanoszenia modlitwy wstawienniczej niezb\u0119dna jest wytrwa\u0142o\u015b\u0107 (Kol 4:2). Dlaczego? Poniewa\u017c w niewidzialnej sferze mi\u0119dzy Bogiem a jego wrogiem, szatanem toczy si\u0119 wojna. Bo\u017cy zamys\u0142 oczywi\u015bcie w ko\u0144cu si\u0119 spe\u0142ni, ale jak szybko si\u0119 to stanie i kto wydaje si\u0119 wygrywa\u0107 bitw\u0119 w okre\u015blonym czasie, zale\u017cy od tego, jak bardzo Bo\u017cy lud wsp\u00f3\u0142pracuje z Nim w modlitwie. Szatan wie o tym, stara si\u0119 wi\u0119c wszelkimi sposobami udaremni\u0107 nasz\u0105 modlitw\u0119. Tak naprawd\u0119 jednak, poniewa\u017c ca\u0142y nurt tego wieku jest przeciwny naszej modlitwie, brat Lee powiedzia\u0142 nam: \u201eWytrwa\u0142o\u015b\u0107 w modlitwie przypomina wios\u0142owanie \u0142odzi\u0105 w g\u00f3r\u0119 rzeki. Je\u015bli nie b\u0119dziecie wytrwali, pr\u0105d poniesie was w d\u00f3\u0142. Bez w\u0105tpienia tego rodzaju wytrwa\u0142o\u015b\u0107, czy to w wios\u0142owaniu, czy w modlitwie, wymaga naprawd\u0119 du\u017co energii\u201d (<i>Life-study of Colossians<\/i>, s. 580). Z tego powodu potrzebujemy umocnienia przez Pana (Ef 6:10).<\/p>\n<p>\u00a0Brat Lee udzieli\u0142 kilku praktycznych wskaz\u00f3wek, \u017ceby pom\u00f3c nam trwa\u0107 niez\u0142omnie w modlitwie. Po pierwsze, poleci\u0142 nam, aby\u015bmy pozwolili Panu z nami si\u0119 gruntownie upora\u0107, a nawet z\u0142o\u017cyli Mu \u015blub dotycz\u0105cy naszego \u017cycia modlitewnego. Taki \u015blub jest wyrazem naszego d\u0105\u017cenia do tego, by by\u0107 cz\u0142owiekiem, kt\u00f3ry si\u0119 modli. Jednocze\u015bnie uznajemy, \u017ce potrzebujemy Pana, by pozwoli\u0142 nam wiernie ten \u015blub wype\u0142ni\u0107. Po drugie, musimy codziennie si\u0119 modli\u0107 nie tylko o jednej porze, ale o kilku porach (Dn 6:10). Powinni\u015bmy uwa\u017ca\u0107 modlitw\u0119 za rzecz najwa\u017cniejsz\u0105 i nie pozwala\u0107, aby cokolwiek przyw\u0142aszcza\u0142o sobie te wyznaczone pory lub przerywa\u0142o nasz\u0105 modlitw\u0119. Po trzecie, musimy zwa\u017ca\u0107 na s\u0142owa, jakie wypowiadamy na co dzie\u0144, poniewa\u017c zbyt swobodna rozmowa studzi naszego modl\u0105cego si\u0119 ducha (Ef 4:29\u201330; por. 1 Tes 5:19 i przypis). Po czwarte, aby w\u0142a\u015bciwie si\u0119 modli\u0107, musimy u\u017cywa\u0107 swego ducha, \u0107wiczy\u0107 swoj\u0105 wol\u0119, uspokaja\u0107 sw\u00f3j umys\u0142 i regulowa\u0107 swoje emocje (Ef 6:18; 2 Tm 1:7; 1 P 4:7). Po pi\u0105te, do\u015bwiadczenie uczy nas, \u017ce modlitwa z towarzyszem pomaga nam wykaza\u0107 si\u0119 wi\u0119ksz\u0105 konsekwencj\u0105 w naszej modlitwie (wi\u0119cej o tych pomocnych praktykach przeczytamy w: <i>Life-study of Colossians<\/i>, s. 581\u2013583 i <i>\u017bycio-studium Listu do Efezjan<\/i>, s. 534\u2013537).<\/p>\n<p>\u00a0\u0106wiczenie si\u0119 w modlitwie w taki spos\u00f3b przynosi ogromne korzy\u015bci. Powoduje to, \u017ce zespalamy si\u0119 z Panem po to, by sta\u0107 si\u0119 powieleniem Niego jako cz\u0142owieka modlitwy (Mt 14:23; Mk 1:35; \u0141k 5:16). Powoduje to r\u00f3wnie\u017c, \u017ce kierujemy umys\u0142 na to, co w g\u00f3rze, a nie na ziemskie sprawy zwi\u0105zane z naszymi w\u0142asnymi interesami (Kol 3:2). Pozwala to nam przy\u0142\u0105czy\u0107 si\u0119 do wstawienniczej pos\u0142ugi wyniesionego na niebiosa Chrystusa ze wzgl\u0119du na Bo\u017ce interesy na ziemi (Rz 8:34; Hbr 7:25). Ta modlitwa wstawiennicza, kt\u00f3ra jest w Chrystusie i z Chrystusem jako kadzid\u0142em, to \u201enie modlitwa za siebie samych, ale modlitwa o realizacj\u0119 boskiego zarz\u0105dzania, udzielanie zaopatruj\u0105cej Bo\u017cej \u0142aski, ko\u015bcio\u0142y oraz \u015bwi\u0119tych. Taka modlitwa jest dla Boga wonnym kadzid\u0142em \u2014 wype\u0142nia Jego zamys\u0142, zaspokaja Jego g\u0142\u00f3d i jest rozkosz\u0105 Jego serca\u201d (Wj 30:7, przypis 1). Ponadto, kiedy podchodzimy w modlitwie do tronu \u0142aski, otrzymujemy mi\u0142osierdzie i znajdujemy \u0142ask\u0119 dla uzyskania pomocy w sam\u0105 por\u0119 (Hbr 4:16). Nasza modlitwa przyniesie b\u0142ogos\u0142awie\u0144stwo nam samym, naszym ko\u015bcio\u0142om i naszym narodom.<\/p>\n<p>\u00a0Niezale\u017cnie od tego, czy w naszym odczuciu modlitwa, kt\u00f3r\u0105 zanosili\u015bmy w ci\u0105gu ostatnich trzydziestu dni, zako\u0144czy\u0142a si\u0119 sukcesem, czy te\u017c nie, nie ustawajmy w wysi\u0142kach i r\u00f3bmy dalsze post\u0119py. Gor\u0105co zach\u0119camy wszystkich \u015bwi\u0119tych, by tymi trzydziestoma proponowanymi brzemionami do modlitwy, dost\u0119pnymi na stronie <a href=\"https:\/\/unceasinglypray.org\/pl\/prayer-burdens\/\">unceasinglypray.org<\/a> ponownie modlili si\u0119 w maju. Wierzymy, \u017ce je\u015bli wr\u00f3cicie do modlitwy nad tymi trzydziestoma punktami i towarzysz\u0105cymi im wersetami, zdacie sobie spraw\u0119, \u017ce wci\u0105\u017c wiele rzeczy wymaga dalszego wstawiennictwa z naszej strony. Niech Pan wzmocni swoje odzyskiwanie i uczyni nas swoim domem modlitwy (Mk 11:17). Wys\u0142awiajmy naszego mi\u0142osiernego i wiernego Arcykap\u0142ana, kt\u00f3ry jest wy\u017cszy ni\u017c niebiosa (Hbr 2:17; 7:26) i kt\u00f3ry wprowadza nas w jedno\u015b\u0107 z Nim w Jego niebia\u0144skiej pos\u0142udze wstawiennictwa (Jk 5:17 i przypis).<\/p>\n<p>\u00a0Wasi bracia w Chrystusie,<\/p>\n<p>Wsp\u00f3\u0142pracownicy w Pa\u0144skim odzyskiwaniu<\/p>\n<p>&nbsp;<\/p>","protected":false},"excerpt":{"rendered":"<p>CONTINUING STEADFASTLY IN INTERCESSION APRIL 29, 2020 Dear saints, How we thank the Lord for His abundant supply to the churches and the saints in His recovery that has enabled so many to intercede as one man over this past month. There has never been such global, round-the-clock prayer in the history of His recovery.&hellip;<\/p>","protected":false},"author":2,"featured_media":0,"parent":0,"menu_order":0,"comment_status":"closed","ping_status":"closed","template":"","meta":{"inline_featured_image":false,"footnotes":""},"class_list":["post-993","page","type-page","status-publish","hentry"],"yoast_head":"<!-- This site is optimized with the Yoast SEO plugin v27.3 - https:\/\/yoast.com\/product\/yoast-seo-wordpress\/ -->\n<title>Letter 3 - Unceasingly Pray<\/title>\n<meta name=\"robots\" content=\"index, follow, max-snippet:-1, max-image-preview:large, max-video-preview:-1\" \/>\n<link rel=\"canonical\" href=\"https:\/\/unceasinglypray.org\/pl\/letter-3\/\" \/>\n<meta property=\"og:locale\" content=\"pl_PL\" \/>\n<meta property=\"og:type\" content=\"article\" \/>\n<meta property=\"og:title\" content=\"Letter 3 - Unceasingly Pray\" \/>\n<meta property=\"og:description\" content=\"CONTINUING STEADFASTLY IN INTERCESSION APRIL 29, 2020 Dear saints, How we thank the Lord for His abundant supply to the churches and the saints in His recovery that has enabled so many to intercede as one man over this past month. There has never been such global, round-the-clock prayer in the history of His recovery.&hellip;\" \/>\n<meta property=\"og:url\" content=\"https:\/\/unceasinglypray.org\/pl\/letter-3\/\" \/>\n<meta property=\"og:site_name\" content=\"Unceasingly Pray\" \/>\n<meta name=\"twitter:card\" content=\"summary_large_image\" \/>\n<meta name=\"twitter:label1\" content=\"Szacowany czas czytania\" \/>\n\t<meta name=\"twitter:data1\" content=\"4 minuty\" \/>\n<script type=\"application\/ld+json\" class=\"yoast-schema-graph\">{\"@context\":\"https:\\\/\\\/schema.org\",\"@graph\":[{\"@type\":\"WebPage\",\"@id\":\"https:\\\/\\\/unceasinglypray.org\\\/letter-3\\\/\",\"url\":\"https:\\\/\\\/unceasinglypray.org\\\/letter-3\\\/\",\"name\":\"Letter 3 - Unceasingly Pray\",\"isPartOf\":{\"@id\":\"https:\\\/\\\/unceasinglypray.org\\\/ar\\\/#website\"},\"datePublished\":\"2020-05-31T19:34:28+00:00\",\"breadcrumb\":{\"@id\":\"https:\\\/\\\/unceasinglypray.org\\\/letter-3\\\/#breadcrumb\"},\"inLanguage\":\"pl-PL\",\"potentialAction\":[{\"@type\":\"ReadAction\",\"target\":[\"https:\\\/\\\/unceasinglypray.org\\\/letter-3\\\/\"]}]},{\"@type\":\"BreadcrumbList\",\"@id\":\"https:\\\/\\\/unceasinglypray.org\\\/letter-3\\\/#breadcrumb\",\"itemListElement\":[{\"@type\":\"ListItem\",\"position\":1,\"name\":\"Home\",\"item\":\"https:\\\/\\\/unceasinglypray.org\\\/pt\\\/\"},{\"@type\":\"ListItem\",\"position\":2,\"name\":\"Letter 3\"}]},{\"@type\":\"WebSite\",\"@id\":\"https:\\\/\\\/unceasinglypray.org\\\/ar\\\/#website\",\"url\":\"https:\\\/\\\/unceasinglypray.org\\\/ar\\\/\",\"name\":\"Unceasingly Pray\",\"description\":\"\",\"potentialAction\":[{\"@type\":\"SearchAction\",\"target\":{\"@type\":\"EntryPoint\",\"urlTemplate\":\"https:\\\/\\\/unceasinglypray.org\\\/ar\\\/?s={search_term_string}\"},\"query-input\":{\"@type\":\"PropertyValueSpecification\",\"valueRequired\":true,\"valueName\":\"search_term_string\"}}],\"inLanguage\":\"pl-PL\"}]}<\/script>\n<!-- \/ Yoast SEO plugin. -->","yoast_head_json":{"title":"Letter 3 - Unceasingly Pray","robots":{"index":"index","follow":"follow","max-snippet":"max-snippet:-1","max-image-preview":"max-image-preview:large","max-video-preview":"max-video-preview:-1"},"canonical":"https:\/\/unceasinglypray.org\/pl\/letter-3\/","og_locale":"pl_PL","og_type":"article","og_title":"Letter 3 - Unceasingly Pray","og_description":"CONTINUING STEADFASTLY IN INTERCESSION APRIL 29, 2020 Dear saints, How we thank the Lord for His abundant supply to the churches and the saints in His recovery that has enabled so many to intercede as one man over this past month. There has never been such global, round-the-clock prayer in the history of His recovery.&hellip;","og_url":"https:\/\/unceasinglypray.org\/pl\/letter-3\/","og_site_name":"Unceasingly Pray","twitter_card":"summary_large_image","twitter_misc":{"Szacowany czas czytania":"4 minuty"},"schema":{"@context":"https:\/\/schema.org","@graph":[{"@type":"WebPage","@id":"https:\/\/unceasinglypray.org\/letter-3\/","url":"https:\/\/unceasinglypray.org\/letter-3\/","name":"Letter 3 - Unceasingly Pray","isPartOf":{"@id":"https:\/\/unceasinglypray.org\/ar\/#website"},"datePublished":"2020-05-31T19:34:28+00:00","breadcrumb":{"@id":"https:\/\/unceasinglypray.org\/letter-3\/#breadcrumb"},"inLanguage":"pl-PL","potentialAction":[{"@type":"ReadAction","target":["https:\/\/unceasinglypray.org\/letter-3\/"]}]},{"@type":"BreadcrumbList","@id":"https:\/\/unceasinglypray.org\/letter-3\/#breadcrumb","itemListElement":[{"@type":"ListItem","position":1,"name":"Home","item":"https:\/\/unceasinglypray.org\/pt\/"},{"@type":"ListItem","position":2,"name":"Letter 3"}]},{"@type":"WebSite","@id":"https:\/\/unceasinglypray.org\/ar\/#website","url":"https:\/\/unceasinglypray.org\/ar\/","name":"Unceasingly Pray","description":"","potentialAction":[{"@type":"SearchAction","target":{"@type":"EntryPoint","urlTemplate":"https:\/\/unceasinglypray.org\/ar\/?s={search_term_string}"},"query-input":{"@type":"PropertyValueSpecification","valueRequired":true,"valueName":"search_term_string"}}],"inLanguage":"pl-PL"}]}},"_links":{"self":[{"href":"https:\/\/unceasinglypray.org\/pl\/wp-json\/wp\/v2\/pages\/993","targetHints":{"allow":["GET"]}}],"collection":[{"href":"https:\/\/unceasinglypray.org\/pl\/wp-json\/wp\/v2\/pages"}],"about":[{"href":"https:\/\/unceasinglypray.org\/pl\/wp-json\/wp\/v2\/types\/page"}],"author":[{"embeddable":true,"href":"https:\/\/unceasinglypray.org\/pl\/wp-json\/wp\/v2\/users\/2"}],"replies":[{"embeddable":true,"href":"https:\/\/unceasinglypray.org\/pl\/wp-json\/wp\/v2\/comments?post=993"}],"version-history":[{"count":0,"href":"https:\/\/unceasinglypray.org\/pl\/wp-json\/wp\/v2\/pages\/993\/revisions"}],"wp:attachment":[{"href":"https:\/\/unceasinglypray.org\/pl\/wp-json\/wp\/v2\/media?parent=993"}],"curies":[{"name":"wp","href":"https:\/\/api.w.org\/{rel}","templated":true}]}}