{"id":791,"date":"2020-04-30T03:46:41","date_gmt":"2020-04-30T03:46:41","guid":{"rendered":"https:\/\/unceasinglypray.org\/?page_id=791"},"modified":"2020-05-08T20:52:16","modified_gmt":"2020-05-08T20:52:16","slug":"prayer-burdens-16-20","status":"publish","type":"page","link":"https:\/\/unceasinglypray.org\/pl\/prayer-burdens-16-20\/","title":{"rendered":"Prayer Burdens 16-20"},"content":{"rendered":"<p>DAY 16: PRAYER FOR THE GOD-ORDAINED WAY<\/p>\n\t<p>Dz 2:46\u201347; 1 P 4:10; 1 Kor 14:26; Ef 4:12, 16<\/p>\n\t<p>Aby \u015bwi\u0119ci wykorzystywali obecne okoliczno\u015bci do tego, by piel\u0119gnowa\u0107 \u017cycie ko\u015bcio\u0142a, kt\u00f3re za spraw\u0105 uwolnienia organicznej funkcji ka\u017cdego \u015bwi\u0119tego b\u0119dzie bardziej witalne, konkretne, owocne i bardziej odpowiada\u0142o drodze ustanowionej przez Boga (Dz 2:46\u201347; 1 P 4:10; 1 Kor 14:26; Ef 4:12, 16).<\/p>\n\t<p><strong>Dz 2:46\u201347 <\/strong>\u2014 I codziennie, jednomy\u015blnie trwaj\u0105c niez\u0142omnie w \u015bwi\u0105tyni i \u0142ami\u0105c chleb po domach, przyjmowali wsp\u00f3lnie pokarm z rado\u015bci\u0105 i prostot\u0105 serca, wys\u0142awiaj\u0105c Boga i maj\u0105c \u0142ask\u0119 u ca\u0142ego ludu. Pan za\u015b codziennie dodawa\u0142 razem tych, kt\u00f3rzy byli zbawiani.<\/p>\n<p><strong>1 P 4:10 <\/strong>\u2014 Ka\u017cdy, tak jak otrzyma\u0142 dar, us\u0142uguj\u0105c nim mi\u0119dzy sob\u0105 jako dobrzy szafarze r\u00f3\u017cnorakiej \u0142aski Boga.<\/p>\n<p><strong>1 Kor 14:26 <\/strong>\u2014 C\u00f3\u017c wi\u0119c, bracia? Kiedy si\u0119 razem schodzicie, ka\u017cdy ma psalm, ma nauk\u0119, ma objawienie, ma j\u0119zyk, ma t\u0142umaczenie. Niech wszystko si\u0119 dzieje dla budowania.<\/p>\n<p><strong>Ef 4:12, 16 <\/strong>\u2014 Dla doskonalenia \u015bwi\u0119tych ku dzie\u0142u pos\u0142ugi, ku budowaniu Cia\u0142a Chrystusa, z kt\u00f3rego ca\u0142e Cia\u0142o, razem \u0142\u0105czone i razem wi\u0105zane poprzez ka\u017cdy staw obfitego zaopatrzenia i poprzez dzia\u0142anie w swojej mierze ka\u017cdej jednej cz\u0119\u015bci, sprawia wzrost Cia\u0142a ku budowaniu samego siebie w mi\u0142o\u015bci.<\/p>\n\t<p><b>Pos\u0142uga \u2013 <strong>Dodanie kadzid\u0142a do modlitwy<\/strong><\/b><\/p>\n<p>Rozdzia\u0142 \u00f3smy Ksi\u0119gi Objawienia pokazuje nam, w jaki spos\u00f3b B\u00f3g w swoim zarz\u0105dzaniu os\u0105dzi ten wiek. Ten s\u0105d czeka jednak na modlitwy tych, kt\u00f3rzy s\u0105 zar\u00f3wno odkupieni krwi\u0105, jak i unicestwieni przez krzy\u017c. Czeka on na modlitwy tych, kt\u00f3rzy zostali wzbudzeni z martwych, by szuka\u0107 tego, co jest w Bo\u017cym sercu, i kt\u00f3rzy stoj\u0105 na gruncie \u015bmierci, pozwalaj\u0105c tym samym zmartwychwsta\u0142emu Chrystusowi do\u0142\u0105czy\u0107 si\u0119 do ich modlitw. Skutkiem tego b\u0119d\u0105 pot\u0119\u017cne modlitwy, kt\u00f3re os\u0105dz\u0105 i zako\u0144cz\u0105 ten wiek. Dla powt\u00f3rzenia: powodem, dla kt\u00f3rego mog\u0105 oni modli\u0107 si\u0119 o tak wielkie i wznios\u0142e sprawy, jest to, \u017ce zostali zg\u0142adzeni na krzy\u017cu i pozwalaj\u0105 zmartwychwsta\u0142emu Chrystusowi, by doda\u0142 siebie samego do ich modlitw. Takie jest znaczenie dodania kadzid\u0142a do modlitw (<em>Lessons on Prayer<\/em>, s. 172\u2013173).<\/p>\n<p><em>\u00a9 Living Stream Ministry. Wykorzystano za zgod\u0105 wydawcy.<\/em><\/p>\n\t<p>DAY 17: PRAYER FOR THE SAINTS TO BE LABORING PRIESTS<\/p>\n\t<p>Rz 15:16; 2 Tm 4:2; Dz 10:24<\/p>\n\t<p>Aby wszyscy \u015bwi\u0119ci byli pe\u0142ni energii jako trudz\u0105cy si\u0119 kap\u0142ani ewangelii, kt\u00f3rzy w por\u0119 i nie w por\u0119 g\u0142osz\u0105 S\u0142owo swoim krewnym, przyjacio\u0142om, kolegom i spotykanym ludziom po to, by ich zdoby\u0107 i z\u0142o\u017cy\u0107 z nich Bogu u\u015bwi\u0119con\u0105 ofiar\u0119 (Rz 15:16; 2 Tm 4:2; Dz 10:24).<\/p>\n\t<p><strong>Rz 15:16 <\/strong>\u2014 Abym by\u0142 s\u0142ug\u0105 Chrystusa Jezusa dla pogan, trudz\u0105cym si\u0119 kap\u0142anem ewangelii Boga, aby ofiara pogan by\u0142a godna przychylnego przyj\u0119cia, b\u0119d\u0105c u\u015bwi\u0119cona w Duchu \u015awi\u0119tym.<\/p>\n<p><strong>2 Tm 4:2 <\/strong>\u2014 Og\u0142aszaj s\u0142owo; b\u0105d\u017a got\u00f3w w por\u0119 i nie w por\u0119; wykazuj b\u0142\u0105d, ga\u0144, nawo\u0142uj z wszelkim cierpliwym znoszeniem i nauczaniem.<\/p>\n<p><strong>Dz 10:24 <\/strong>\u2014 Nast\u0119pnego dnia wszed\u0142 do Cezarei. Korneliusz za\u015b oczekiwa\u0142 ich, zwo\u0142awszy swoich krewnych i bliskich przyjaci\u00f3\u0142.<\/p>\n\t<p><b>Pos\u0142uga \u2013 <strong>W imieniu Pana Jezusa \u2014 B\u00f3g powierza siebie samego<\/strong><\/b><\/p>\n<p>Ko\u015bci\u00f3\u0142 na ziemi nie posiada wi\u0119kszej w\u0142adzy ni\u017c w\u0142adza czynienia rzeczy w imieniu Pana Jezusa. Pan powierzy\u0142 swoje imi\u0119 ko\u015bcio\u0142owi. Jest to powierzenie si\u0119 w najwy\u017cszy spos\u00f3b, poniewa\u017c to imi\u0119 oznacza Jego samego. Wszystko, cokolwiek powiesz w imieniu Pana Jezusa, stanie si\u0119 s\u0142owami samego Pana. O cokolwiek poprosisz w imieniu Pana Jezusa, stanie si\u0119 to pro\u015bb\u0105 samego Pana. Wszystko, o czymkolwiek zadecydujesz w imieniu Pana Jezusa, stanie si\u0119 decyzj\u0105 samego Pana. Ko\u015bci\u00f3\u0142 posiada w\u0142adz\u0119 przemawiania w imieniu Pana. Jak\u017ce wielkie zobowi\u0105zanie B\u00f3g powierzy\u0142 ko\u015bcio\u0142owi! (<em>Modlitewna pos\u0142uga ko\u015bcio\u0142a<\/em>, s. 56).<\/p>\n<p><em>\u00a9 Living Stream Ministry. Wykorzystano za zgod\u0105 wydawcy.<\/em><\/p>\n\t<p>DAY 18: PRAYER TO CONTINUE STEADFASTLY<\/p>\n\t<p>Acts 2:42; Matt. 6:6; 18:19-20; Col. 4:2; 1&nbsp;Thes. 5:17<\/p>\n\t<p>For the saints to continue steadfastly in prayer and for their prayer life to be built up personally, in small groups, and in the church meetings until prayer is unceasing (Acts 2:42; Matt. 6:6; 18:19-20; Col. 4:2; 1&nbsp;Thes. 5:17).<\/p>\n\t<p><strong>Dz 2:42 <\/strong>\u2014 I trwali niez\u0142omnie w nauce i spo\u0142eczno\u015bci aposto\u0142\u00f3w, w \u0142amaniu chleba i modlitwach.<\/p>\n<p><strong>Mt 6:6 <\/strong>\u2014 Ty za\u015b, gdy si\u0119 modlisz, wejd\u017a do swego ukrytego pokoju, zamknij drzwi i m\u00f3dl si\u0119 do swego Ojca, kt\u00f3ry jest w ukryciu; a Ojciec tw\u00f3j, kt\u00f3ry widzi w ukryciu, odp\u0142aci tobie.<\/p>\n<p><strong>Mt 18:19\u201320 <\/strong>\u2014 Ponownie, zaprawd\u0119, m\u00f3wi\u0119 wam, \u017ce je\u015bli dwaj z was b\u0119d\u0105 na ziemi w harmonii co do jakiejkolwiek sprawy, o kt\u00f3r\u0105 poprosz\u0105, stanie si\u0119 im to od Ojca mego, kt\u00f3ry jest w niebiosach. Bo gdzie s\u0105 dwaj lub trzej zebrani w moje imi\u0119, tam Ja jestem po\u015br\u00f3d nich.<\/p>\n<p><strong>Kol 4:2 <\/strong>\u2014 Trwajcie niez\u0142omnie w modlitwie, czuwaj\u0105c w niej z dzi\u0119kczynieniem.<\/p>\n\t<p><b>Pos\u0142uga \u2013 <strong>Modlitwa z autorytetem<\/strong><\/b><\/p>\n<p>W Biblii znajduje si\u0119 najbardziej wznios\u0142a i duchowa modlitwa. Niewielu jednak ludzi modli si\u0119 t\u0105 modlitw\u0105 i ma\u0142o kto zwraca na ni\u0105 uwag\u0119. Co to jest za modlitwa? Jest to \u201emodlitwa z autorytetem\u201d. Wiemy, \u017ce istnieje modlitwa uwielbienia, modlitwa dzi\u0119kczynienia, modlitwa pro\u015bby i modlitwa b\u0142agalna. Niewielu z nas jednak wie, \u017ce istnieje r\u00f3wnie\u017c modlitwa z autorytetem. Modlitwa z autorytetem jest modlitw\u0105 rozkazuj\u0105c\u0105. Jest to najwa\u017cniejsza i najbardziej duchowa modlitwa w Biblii. Tego rodzaju modlitwa jest wyrazem i deklaracj\u0105 w\u0142adzy.<\/p>\n<p>Brothers and sisters, if you want to be a man of prayer, you have to learn to pray with authority. This kind of prayer is described by the Lord in Matthew 18:18. \u201cWhatever you bind on the earth shall have been bound in heaven, and whatever you loose on the earth shall have been loosed in heaven.\u201d In this verse, there is a prayer that is called a binding prayer and a prayer that is called a loosing prayer&#8230;Heaven listens to the earth and obeys the command of the earth. Whatever the earth binds will be bound in heaven, and whatever the earth looses will be loosed in heaven. The earth does not pray; it binds and looses. This is to pray with authority. (<em>Modlitewna pos\u0142uga ko\u015bcio\u0142a<\/em>, s. 65).<\/p>\n<p><em>\u00a9 Living Stream Ministry. Wykorzystano za zgod\u0105 wydawcy.<\/em><\/p>\n\t<p>DAY 19: PRAYER FOR THE OVERCOMERS<\/p>\n\t<p>Obj 2:7, 11, 17, 26; 3:5, 12, 21; 12:5, 10\u201311; 14:1\u20135<\/p>\n\t<p>For the saints to be raised up and constituted as overcomers to be the Lord&#8217;s dispensational instrument to turn the age (Rev. 2:7, 11, 17, 26; 3:5, 12, 21; 12:5, 10-11; 14:1-5).<\/p>\n\t<p><strong>Obj 3:21 <\/strong>\u2014 Ten, kto zwyci\u0119\u017ca \u2014 jemu dam zasi\u0105\u015b\u0107 ze Mn\u0105 na moim tronie, jak i Ja zwyci\u0119\u017cy\u0142em i zasiad\u0142em z moim Ojcem na Jego tronie.<\/p>\n<p><strong>Obj 12:5 <\/strong>\u2014 I urodzi\u0142a syna, dziecko-m\u0119\u017cczyzn\u0119, kt\u00f3ry ma pa\u015b\u0107 wszystkie narody lask\u0105 \u017celazn\u0105; i jej dziecko zosta\u0142o porwane do Boga i do Jego tronu.<\/p>\n<p><strong>Obj 12:10\u201311 <\/strong>\u2014 I us\u0142ysza\u0142em dono\u015bny g\u0142os w niebie, m\u00f3wi\u0105cy: Teraz nasta\u0142o zbawienie i moc, i kr\u00f3lestwo naszego Boga i w\u0142adza Jego Chrystusa, gdy\u017c zrzucony zosta\u0142 oskar\u017cyciel naszych braci, kt\u00f3ry oskar\u017ca ich przed naszym Bogiem dzie\u0144 i noc. I zwyci\u0119\u017cyli go z powodu krwi Baranka i z powodu s\u0142owa swego \u015bwiadectwa, i nie ukochali swego \u017cycia duszewnego a\u017c po \u015bmier\u0107.<\/p>\n\t<p><b>Pos\u0142uga \u2013 <strong>Modlitwa z autorytetem<\/strong><\/b><\/p>\n<p>The Bible shows us the relationship between prayer, fasting, and authority. Prayer indicates that we seek after God, while fasting indicates that we deny our self&#8230;We have to seek God and deny the self at the same time. When our pursuit of God and our denial of self are joined and mingled together, immediately there is faith. When we have faith, we have the authority to command the demons to go away. Brothers and sisters, if we seek after God but do not deny our self, we do not have faith, and we do not have authority. But if we seek after God and deny our self, immediately we will have faith and authority and be able to utter prayers of faith and authority. Brothers and sisters, the most important prayers and the most spiritual prayers are prayers of authority. (<em>Modlitewna pos\u0142uga ko\u015bcio\u0142a<\/em>, s. 77\u201378).<\/p>\n<p><em>\u00a9 Living Stream Ministry. Wykorzystano za zgod\u0105 wydawcy.<\/em><\/p>\n\t<p>DAY 20: PRAYER TO BIND THE ENEMY<\/p>\n\t<p>Mk 3:27; 1 J 3:8; Obj 12:10\u201311; \u0141k 18:7<\/p>\n\t<p>Aby wr\u00f3g, szatan, zosta\u0142 zwi\u0105zany, dzie\u0142a diab\u0142a zniszczone, oskar\u017cyciel braci zrzucony oraz by B\u00f3g pom\u015bci\u0142 \u015bwi\u0119tych, wzi\u0105\u0142 odwet na ich przeciwniku (Mk 3:27; 1 J 3:8; Obj 12:10\u201311; \u0141k 18:7).<\/p>\n\t<p><strong>Mk 3:27 <\/strong>\u2014 Nikt jednak nie mo\u017ce wej\u015b\u0107 do domu mocarza i rozgrabi\u0107 jego d\u00f3br, je\u015bli najpierw nie zwi\u0105\u017ce mocarza; i wtedy rozgrabi jego dom.<\/p>\n<p><strong>1 J 3:8 <\/strong>\u2014 Ten, kto praktykuje grzech, jest z diab\u0142a, poniewa\u017c diabe\u0142 od pocz\u0105tku grzeszy. Na to Syn Boga zosta\u0142 ujawniony, aby zniszczy\u0107 dzie\u0142a diab\u0142a.<\/p>\n<p><strong>Obj 12:10\u201311 <\/strong>\u2014 I us\u0142ysza\u0142em dono\u015bny g\u0142os w niebie, m\u00f3wi\u0105cy: Teraz nasta\u0142o zbawienie i moc, i kr\u00f3lestwo naszego Boga i w\u0142adza Jego Chrystusa, gdy\u017c zrzucony zosta\u0142 oskar\u017cyciel naszych braci, kt\u00f3ry oskar\u017ca ich przed naszym Bogiem dzie\u0144 i noc. I zwyci\u0119\u017cyli go z powodu krwi Baranka i z powodu s\u0142owa swego \u015bwiadectwa, i nie ukochali swego \u017cycia duszewnego a\u017c po \u015bmier\u0107.<\/p>\n<p><strong>\u0141k 18:7 <\/strong>\u2014 A czy B\u00f3g z pewno\u015bci\u0105 nie pom\u015bci swoich wybranych, kt\u00f3rzy wo\u0142aj\u0105 do Niego dzie\u0144 i noc, cho\u0107 cierpliwie ich znosi?<\/p>\n\t<p><b>Pos\u0142uga \u2013 <strong>Pe\u0142ne zaopatrzenie dla naszej modlitwy<\/strong><\/b><\/p>\n<p>Nasze s\u0142abo\u015bci naj\u0142atwiej wychodz\u0105 na jaw w modlitwie. Nic bardziej ni\u017c modlitwa nie obna\u017ca naszej duchowej s\u0142abo\u015bci. Wiemy, jak trudno by\u0142o uczniom modli\u0107 si\u0119 w ogrodzie Getsemane; nie potrafili oni czuwa\u0107 i modli\u0107 si\u0119. Dzi\u0119ki jednak Panu, \u017ce mamy pot\u0119\u017cnego Ducha jako pomoc. Musimy ufa\u0107 zamieszkuj\u0105cemu nas Duchowi, \u017ce b\u0119dzie dzia\u0142a\u0142 w nas wed\u0142ug swojej mocy, poniewa\u017c jest On dla nas pomoc\u0105 w chwilach s\u0142abo\u015bci i niewiedzy. Chocia\u017c nie wiemy, jak si\u0119 modli\u0107, Duch \u015awi\u0119ty jest w nas; On zna wol\u0119 Bo\u017c\u0105 i b\u0119dzie uczy\u0142 nas modli\u0107 si\u0119 zgodnie z wol\u0105 Bo\u017c\u0105. Nauczy nas On inteligentnej spo\u0142eczno\u015bci z Bogiem i wprowadzi nas w rzeczywisto\u015b\u0107 spo\u0142eczno\u015bci. Powinni\u015bmy ufa\u0107 Chrystusowi, w kt\u00f3rego wierzymy i Duchowi, kt\u00f3ry podtrzymuje nas i pomaga nam si\u0119 modli\u0107 (<em>The Collected Works of Watchman Nee, vol. 38<\/em>, s. 460\u2013461).<\/p>\n<p><em>\u00a9 Living Stream Ministry. Wykorzystano za zgod\u0105 wydawcy.<\/em><\/p>\n\t\t<h3><\/h3>\n\t\t<p>Trwajcie niez\u0142omnie w modlitwie.<\/p>\n\t\t\t<a href=\"https:\/\/unceasinglypray.org\/pl\/sign-up\/\" target=\"_self\" role=\"button\" rel=\"noopener noreferrer\">\n\t\t\t\t\t\t\tWYBIERZ PRZEDZIA\u0141 CZASOWY\n\t\t\t\t\t<\/a>","protected":false},"excerpt":{"rendered":"<p>DAY 16: PRAYER FOR THE GOD-ORDAINED WAY Acts 2:46-47; 1 Pet. 4:10; 1 Cor. 14:26; Eph. 4:12, 16 For the saints to use the present circumstances to cultivate a church life that is more vital, more prevailing, more fruitful, and more according to the God-ordained way through the release of the organic function of every&hellip;<\/p>","protected":false},"author":2,"featured_media":0,"parent":0,"menu_order":0,"comment_status":"closed","ping_status":"closed","template":"","meta":{"inline_featured_image":false,"footnotes":""},"class_list":["post-791","page","type-page","status-publish","hentry"],"yoast_head":"<!-- This site is optimized with the Yoast SEO plugin v27.5 - https:\/\/yoast.com\/product\/yoast-seo-wordpress\/ -->\n<title>Prayer Burdens 16-20 - Unceasingly Pray<\/title>\n<meta name=\"robots\" content=\"index, follow, max-snippet:-1, max-image-preview:large, max-video-preview:-1\" \/>\n<link rel=\"canonical\" href=\"https:\/\/unceasinglypray.org\/pl\/prayer-burdens-16-20\/\" \/>\n<meta property=\"og:locale\" content=\"pl_PL\" \/>\n<meta property=\"og:type\" content=\"article\" \/>\n<meta property=\"og:title\" content=\"Prayer Burdens 16-20 - Unceasingly Pray\" \/>\n<meta property=\"og:description\" content=\"DAY 16: PRAYER FOR THE GOD-ORDAINED WAY Acts 2:46-47; 1 Pet. 4:10; 1 Cor. 14:26; Eph. 4:12, 16 For the saints to use the present circumstances to cultivate a church life that is more vital, more prevailing, more fruitful, and more according to the God-ordained way through the release of the organic function of every&hellip;\" \/>\n<meta property=\"og:url\" content=\"https:\/\/unceasinglypray.org\/pl\/prayer-burdens-16-20\/\" \/>\n<meta property=\"og:site_name\" content=\"Unceasingly Pray\" \/>\n<meta property=\"article:modified_time\" content=\"2020-05-08T20:52:16+00:00\" \/>\n<meta name=\"twitter:card\" content=\"summary_large_image\" \/>\n<meta name=\"twitter:label1\" content=\"Szacowany czas czytania\" \/>\n\t<meta name=\"twitter:data1\" content=\"9 minut\" \/>\n<script type=\"application\/ld+json\" class=\"yoast-schema-graph\">{\"@context\":\"https:\\\/\\\/schema.org\",\"@graph\":[{\"@type\":\"WebPage\",\"@id\":\"https:\\\/\\\/unceasinglypray.org\\\/ar\\\/prayer-burdens-16-20\\\/\",\"url\":\"https:\\\/\\\/unceasinglypray.org\\\/ar\\\/prayer-burdens-16-20\\\/\",\"name\":\"Prayer Burdens 16-20 - Unceasingly Pray\",\"isPartOf\":{\"@id\":\"https:\\\/\\\/unceasinglypray.org\\\/ar\\\/#website\"},\"datePublished\":\"2020-04-30T03:46:41+00:00\",\"dateModified\":\"2020-05-08T20:52:16+00:00\",\"breadcrumb\":{\"@id\":\"https:\\\/\\\/unceasinglypray.org\\\/ar\\\/prayer-burdens-16-20\\\/#breadcrumb\"},\"inLanguage\":\"pl-PL\",\"potentialAction\":[{\"@type\":\"ReadAction\",\"target\":[\"https:\\\/\\\/unceasinglypray.org\\\/ar\\\/prayer-burdens-16-20\\\/\"]}]},{\"@type\":\"BreadcrumbList\",\"@id\":\"https:\\\/\\\/unceasinglypray.org\\\/ar\\\/prayer-burdens-16-20\\\/#breadcrumb\",\"itemListElement\":[{\"@type\":\"ListItem\",\"position\":1,\"name\":\"Home\",\"item\":\"https:\\\/\\\/unceasinglypray.org\\\/pt\\\/\"},{\"@type\":\"ListItem\",\"position\":2,\"name\":\"Prayer Burdens 16-20\"}]},{\"@type\":\"WebSite\",\"@id\":\"https:\\\/\\\/unceasinglypray.org\\\/ar\\\/#website\",\"url\":\"https:\\\/\\\/unceasinglypray.org\\\/ar\\\/\",\"name\":\"Unceasingly Pray\",\"description\":\"\",\"potentialAction\":[{\"@type\":\"SearchAction\",\"target\":{\"@type\":\"EntryPoint\",\"urlTemplate\":\"https:\\\/\\\/unceasinglypray.org\\\/ar\\\/?s={search_term_string}\"},\"query-input\":{\"@type\":\"PropertyValueSpecification\",\"valueRequired\":true,\"valueName\":\"search_term_string\"}}],\"inLanguage\":\"pl-PL\"}]}<\/script>\n<!-- \/ Yoast SEO plugin. -->","yoast_head_json":{"title":"Prayer Burdens 16-20 - Unceasingly Pray","robots":{"index":"index","follow":"follow","max-snippet":"max-snippet:-1","max-image-preview":"max-image-preview:large","max-video-preview":"max-video-preview:-1"},"canonical":"https:\/\/unceasinglypray.org\/pl\/prayer-burdens-16-20\/","og_locale":"pl_PL","og_type":"article","og_title":"Prayer Burdens 16-20 - Unceasingly Pray","og_description":"DAY 16: PRAYER FOR THE GOD-ORDAINED WAY Acts 2:46-47; 1 Pet. 4:10; 1 Cor. 14:26; Eph. 4:12, 16 For the saints to use the present circumstances to cultivate a church life that is more vital, more prevailing, more fruitful, and more according to the God-ordained way through the release of the organic function of every&hellip;","og_url":"https:\/\/unceasinglypray.org\/pl\/prayer-burdens-16-20\/","og_site_name":"Unceasingly Pray","article_modified_time":"2020-05-08T20:52:16+00:00","twitter_card":"summary_large_image","twitter_misc":{"Szacowany czas czytania":"9 minut"},"schema":{"@context":"https:\/\/schema.org","@graph":[{"@type":"WebPage","@id":"https:\/\/unceasinglypray.org\/ar\/prayer-burdens-16-20\/","url":"https:\/\/unceasinglypray.org\/ar\/prayer-burdens-16-20\/","name":"Prayer Burdens 16-20 - Unceasingly Pray","isPartOf":{"@id":"https:\/\/unceasinglypray.org\/ar\/#website"},"datePublished":"2020-04-30T03:46:41+00:00","dateModified":"2020-05-08T20:52:16+00:00","breadcrumb":{"@id":"https:\/\/unceasinglypray.org\/ar\/prayer-burdens-16-20\/#breadcrumb"},"inLanguage":"pl-PL","potentialAction":[{"@type":"ReadAction","target":["https:\/\/unceasinglypray.org\/ar\/prayer-burdens-16-20\/"]}]},{"@type":"BreadcrumbList","@id":"https:\/\/unceasinglypray.org\/ar\/prayer-burdens-16-20\/#breadcrumb","itemListElement":[{"@type":"ListItem","position":1,"name":"Home","item":"https:\/\/unceasinglypray.org\/pt\/"},{"@type":"ListItem","position":2,"name":"Prayer Burdens 16-20"}]},{"@type":"WebSite","@id":"https:\/\/unceasinglypray.org\/ar\/#website","url":"https:\/\/unceasinglypray.org\/ar\/","name":"Unceasingly Pray","description":"","potentialAction":[{"@type":"SearchAction","target":{"@type":"EntryPoint","urlTemplate":"https:\/\/unceasinglypray.org\/ar\/?s={search_term_string}"},"query-input":{"@type":"PropertyValueSpecification","valueRequired":true,"valueName":"search_term_string"}}],"inLanguage":"pl-PL"}]}},"_links":{"self":[{"href":"https:\/\/unceasinglypray.org\/pl\/wp-json\/wp\/v2\/pages\/791","targetHints":{"allow":["GET"]}}],"collection":[{"href":"https:\/\/unceasinglypray.org\/pl\/wp-json\/wp\/v2\/pages"}],"about":[{"href":"https:\/\/unceasinglypray.org\/pl\/wp-json\/wp\/v2\/types\/page"}],"author":[{"embeddable":true,"href":"https:\/\/unceasinglypray.org\/pl\/wp-json\/wp\/v2\/users\/2"}],"replies":[{"embeddable":true,"href":"https:\/\/unceasinglypray.org\/pl\/wp-json\/wp\/v2\/comments?post=791"}],"version-history":[{"count":0,"href":"https:\/\/unceasinglypray.org\/pl\/wp-json\/wp\/v2\/pages\/791\/revisions"}],"wp:attachment":[{"href":"https:\/\/unceasinglypray.org\/pl\/wp-json\/wp\/v2\/media?parent=791"}],"curies":[{"name":"wp","href":"https:\/\/api.w.org\/{rel}","templated":true}]}}