{"id":790,"date":"2020-04-30T03:46:23","date_gmt":"2020-04-30T03:46:23","guid":{"rendered":"https:\/\/unceasinglypray.org\/?page_id=790"},"modified":"2020-05-08T20:59:10","modified_gmt":"2020-05-08T20:59:10","slug":"prayer-burdens-11-15","status":"publish","type":"page","link":"https:\/\/unceasinglypray.org\/pl\/prayer-burdens-11-15\/","title":{"rendered":"Prayer Burdens 11-15"},"content":{"rendered":"<p>DAY 11: PRAYER FOR THE CHURCHES<\/p>\n\t<p>Dz 16:5; Ef 1:19; Kol 1:11; Obj 1:9<\/p>\n\t<p>Aby Pan umacnia\u0142, podtrzymywa\u0142 ko\u015bcio\u0142y i sprawia\u0142, \u017ce b\u0119d\u0105 rozwija\u0142y si\u0119 pomy\u015blnie w ka\u017cdym kraju w Jego odzyskiwaniu jako \u015bwiadectwo Jezusa (Dz 16:5; Ef 1:19; Kol 1:11; Obj 1:9).<\/p>\n\t<p><strong>Dz 16:5 <\/strong>\u2014 I tak ko\u015bcio\u0142y umacnia\u0142y si\u0119 w wierze i ros\u0142y w liczb\u0119 z ka\u017cdym dniem.<\/p>\n<p><strong>Ef 1:19 <\/strong>\u2014 I czym jest przewy\u017cszaj\u0105ca wielko\u015b\u0107 Jego mocy wzgl\u0119dem nas, kt\u00f3rzy wierzymy, wed\u0142ug dzia\u0142ania pot\u0119gi Jego si\u0142y.<\/p>\n<p><strong>Kol 1:11 <\/strong>\u2014 Umacniani wszelk\u0105 moc\u0105 wed\u0142ug pot\u0119gi Jego chwa\u0142y ku wszelkiej wytrwa\u0142o\u015bci i cierpliwemu znoszeniu z rado\u015bci\u0105.<\/p>\n<p><strong>Obj 1:9 <\/strong>\u2014 Ja, Jan, wasz brat i wsp\u00f3\u0142uczestnik w ucisku i kr\u00f3lestwie, i wytrwa\u0142o\u015bci w Jezusie, by\u0142em na wyspie zwanej Patmos z powodu s\u0142owa Boga i \u015bwiadectwa Jezusa.<\/p>\n\t<p>&nbsp;<\/p>\n<p><b>Ministry: Burning Christ as Incense<\/b><\/p>\n<p>W Ksi\u0119dze Objawienia o\u0142tarz kadzidlany znajduje si\u0119 bezpo\u015brednio przed tronem Bo\u017cej w\u0142adzy. Zgodnie z \u00f3smym rozdzia\u0142em tej ksi\u0119gi Chrystus jako inny Anio\u0142 przychodzi i dodaje swego kadzid\u0142a do modlitw \u015bwi\u0119tych. Kadzid\u0142o to wznosi si\u0119 nast\u0119pnie do Boga przy tronie zarz\u0105dzania, a On odpowiada na modlitwy \u015bwi\u0119tych. W efekcie na ziemi\u0119 spada ogie\u0144 boskiego s\u0105du, co w dalszej cz\u0119\u015bci odnotowuje Ksi\u0119ga Objawienia. Widzimy tu zatem, jak o\u0142tarz kadzidlany staje si\u0119 tronem Bo\u017cego zarz\u0105dzania, dzi\u0119ki kt\u00f3remu B\u00f3g mo\u017ce wykonywa\u0107 na ziemi swoje wyroki. To wa\u017cne, aby\u015bmy ujrzeli, \u017ce wykonanie Bo\u017cego zarz\u0105dzania dokonuje si\u0119 dzi\u0119ki modlitwom ofiarowanym Mu na o\u0142tarzu kadzidlanym (<em>Studium \u017cycia Ksi\u0119gi Wyj\u015bcia<\/em>, 1492\u20131493).<\/p>\n<p><em>\u00a9 Living Stream Ministry. Wykorzystano za zgod\u0105 wydawcy.<\/em><\/p>\n<p>&nbsp;<\/p>\n\t<p>DAY 12: PRAYER FOR THE CO-WORKERS &amp; LEADING BROTHERS<\/p>\n\t<p>Dz 20:28; 1 P 5:2; Hbr 13:17<\/p>\n\t<p>Aby Pan zaopatrywa\u0142 wsp\u00f3\u0142pracownik\u00f3w i braci wiod\u0105cych i obdarowywa\u0142 ich m\u0105dro\u015bci\u0105 w tym, jak przewodzi\u0107 Jego ludowi i dalej go pa\u015b\u0107 w tych dniach (Dz 20:28; 1 P 5:2; Hbr 13:17).<\/p>\n\t<p><strong>Dz 20:28 <\/strong>\u2014 Zwa\u017cajcie na samych siebie i na ca\u0142e stado, w\u015br\u00f3d kt\u00f3rego Duch \u015awi\u0119ty umie\u015bci\u0142 was jako dogl\u0105daj\u0105cych, aby\u015bcie pa\u015bli ko\u015bci\u00f3\u0142 Boga, kt\u00f3ry uzyska\u0142 On przez swoj\u0105 w\u0142asn\u0105 krew.<\/p>\n<p><strong>1 P 5:2 <\/strong>\u2014 Pa\u015bcie stado Boga, kt\u00f3re jest w\u015br\u00f3d was, dogl\u0105daj\u0105c go nie pod przymusem, lecz dobrowolnie, wed\u0142ug Boga; nie szukaj\u0105c zysku \u015brodkami, jakich nale\u017cy si\u0119 wstydzi\u0107, lecz ochoczo.<\/p>\n<p><strong>Hbr 13:17 <\/strong>\u2014 B\u0105d\u017acie pos\u0142uszni tym, kt\u00f3rzy wam przewodz\u0105, i b\u0105d\u017acie im ulegli, bo czuwaj\u0105 oni nad waszymi duszami jako ci, kt\u00f3rzy zdadz\u0105 z tego spraw\u0119, aby czynili to z rado\u015bci\u0105, a nie wzdychaj\u0105c; to bowiem by\u0142oby dla was niekorzystne.<\/p>\n\t<p>&nbsp;<\/p>\n<p><b>Pos\u0142uga \u2013 <strong>Modli\u0107 si\u0119 zgodnie z Bo\u017cym pragnieniem<\/strong><\/b><\/p>\n<p>Bracia i siostry, je\u015bli przychodzimy do Boga i pozostajemy przed Nim spokojni, rezygnuj\u0105c z naszych my\u015bli, by wej\u015b\u0107 w Jego my\u015bli, zobaczymy wielk\u0105 potrzeb\u0119 modlitwy. Zobaczymy, \u017ce B\u00f3g czeka, by\u015bmy zacz\u0119li si\u0119 modli\u0107 o tak wiele rzeczy i zobaczymy, \u017ce wszystko wok\u00f3\u0142 nas mo\u017ce sta\u0107 si\u0119 tematem modlitwy. W rzeczywisto\u015bci ca\u0142a ziemia mo\u017ce sta\u0107 si\u0119 tematem naszej modlitwy. Nie powinni\u015bmy modli\u0107 si\u0119 zgodnie z naszymi uczuciami. Musimy zespoli\u0107 nasze pragnienia z pragnieniami Boga i pozwoli\u0107, by pragnienia Boga sta\u0142y si\u0119 naszymi pragnieniami, wzdychaniami i t\u0119sknotami zwi\u0105zanymi ze wszech\u015bwiatem. Bo\u017ce pragnienie nie mo\u017ce uwolni\u0107 si\u0119, dop\u00f3ki nie przedrze si\u0119 przez cz\u0142owieka, a kiedy zostanie ju\u017c wyra\u017cone jako ludzkie pragnienie, napotka z kolei na op\u00f3r ze strony mocy szatana. Musimy modli\u0107 si\u0119, by spe\u0142ni\u0107 pragnienie Boga i musimy modli\u0107 si\u0119, aby usun\u0105\u0107 szata\u0144skie przeszkody. Musimy sprawowa\u0107 w\u0142adz\u0119 modlitwy i uwalnia\u0107 to, co powinno zosta\u0107 uwolnione oraz wi\u0105za\u0107 to, co powinno by\u0107 zwi\u0105zane. Nie powinni\u015bmy modli\u0107 si\u0119 wed\u0142ug naszych w\u0142asnych pragnie\u0144; powinni\u015bmy p\u00f3j\u015b\u0107 do Pana i modli\u0107 si\u0119 wed\u0142ug tego, co On wdrukowa\u0142 w nas. Je\u015bli B\u00f3g m\u00f3wi, \u017ce co\u015b jest potrzebne, my powinni\u015bmy powiedzie\u0107 to samo, a kiedy m\u00f3wi On, \u017ce co\u015b musi odej\u015b\u0107, my tak\u017ce musimy powiedzie\u0107 to samo. Musimy zapomnie\u0107 o sobie, dotkn\u0105\u0107 Bo\u017cego pragnienia i da\u0107 temu wyraz w naszej modlitwie (<em>The Collected Works of Watchman Nee, vol. 38<\/em>, s. 456\u2013457)<\/p>\n<p><em>\u00a9 Living Stream Ministry. Wykorzystano za zgod\u0105 wydawcy.<\/em><\/p>\n<p>&nbsp;<\/p>\n\t<p>DAY 13: PRAYER FOR THE SAINTS TO BE SANCTIFIED<\/p>\n\t<p>1 Tes 5:22\u201323; Rz 12:2, 4\u20135<\/p>\n\t<p>Aby \u015bwi\u0119ci zostali zachowani i u\u015bwi\u0119ceni w ich tr\u00f3jcz\u0119\u015bciowej istocie oraz oddzieleni dla Boga od tego, co pospolite i grzeszne (1 Tes 5:22\u201323) i nie upodabniali si\u0119 do tego wieku, ale dawali si\u0119 przeobrazi\u0107 i sprawdzali, co jest wol\u0105 Boga za spraw\u0105 prowadzenia \u017cycia Cia\u0142a (Rz 12:2, 4\u20135).<\/p>\n\t<p><strong>1 Tes 5:22\u201323 <\/strong>\u2014 Wstrzymujcie si\u0119 od wszelkiego rodzaju z\u0142a. I niech sam B\u00f3g pokoju u\u015bwi\u0119ci was zupe\u0142nie, i niech wasz duch i dusza, i cia\u0142o b\u0119d\u0105 zachowane w ca\u0142o\u015bci, bez zarzutu, przy przyj\u015bciu naszego Pana Jezusa Chrystusa.<\/p>\n<p><strong>Rz 12:2 <\/strong>\u2014 I nie kszta\u0142tujcie siebie wed\u0142ug tego wieku, ale dajcie si\u0119 przeobra\u017ca\u0107 przez odnowienie umys\u0142u, aby\u015bcie sprawdzali, co jest wol\u0105 Boga, co jest dobre, mi\u0142e i doskona\u0142e.<\/p>\n<p><strong>Rz 12:4\u20135 <\/strong>\u2014 Jak bowiem w jednym ciele mamy wiele cz\u0142onk\u00f3w, a nie wszystkie cz\u0142onki maj\u0105 t\u0119 sam\u0105 funkcj\u0119, tak my, kt\u00f3rych jest wielu, jeste\u015bmy jednym Cia\u0142em w Chrystusie, a pojedynczo jeste\u015bmy cz\u0142onkami siebie nawzajem. <strong>\u00a0<\/strong><\/p>\n\t<p>&nbsp;<\/p>\n<p><b>Pos\u0142uga \u2013 <strong>Chrystus or\u0119duj\u0105cy<\/strong><\/b><\/p>\n<p>O\u0142tarz kadzidlany w Ksi\u0119dze Wyj\u015bcia rozdziale trzydziestym jest by\u0107 mo\u017ce jednym z najg\u0142\u0119bszych typ\u00f3w w Starym Testamencie. Je\u015bli zastanowimy si\u0119 nad tym typem cho\u0107by powierzchownie, zobaczymy, \u017ce jest on zwi\u0105zany z modlitw\u0105. Zar\u00f3wno w Starym, jak i w Nowym Testamencie kadzid\u0142o ofiarowane Bogu oznacza modlitw\u0119 do Niego. Dlatego, gdy czytamy Bibli\u0119, mo\u017cemy uzmys\u0142owi\u0107 sobie, \u017ce z\u0142oty o\u0142tarz kadzidlany musi by\u0107 w pewien spos\u00f3b zwi\u0105zany z modlitw\u0105.<\/p>\n<p>Je\u015bli zastanowimy si\u0119 nad tym g\u0142\u0119biej, zobaczymy, \u017ce w rzeczywisto\u015bci o\u0142tarz kadzidlany nie odnosi si\u0119 do naszej modlitwy. Odnosi si\u0119 on raczej do modlitwy Chrystusa, poniewa\u017c stanowi typ osoby Chrystusa. Nie jest to typ modlitwy Chrystusa. O\u0142tarz kadzidlany stanowi typ osoby Chrystusa, a nie Jego modlitwy. Symbolizuje Chrystusa, kt\u00f3ry si\u0119 modli, or\u0119duje. Chrystus jako jednostka po swojej \u015bmierci i zmartwychwstaniu, a zw\u0142aszcza po wniebowst\u0105pieniu, sta\u0142 si\u0119 zbiorowy. Dzisiaj zatem przed Bogiem wstawia si\u0119 nie tylko Chrystus pojedynczy; Chrystus zbiorowy \u2014 G\u0142owa i Cia\u0142o \u2014 wstawia si\u0119 tak\u017ce. Chrystus \u2014 G\u0142owa wstawia si\u0119 w niebiosach, a ko\u015bci\u00f3\u0142 \u2014 Cia\u0142o wstawia si\u0119 na ziemi. Or\u0119downikiem zatem nie jest zaledwie sam Chrystus, ale Chrystus ze swoim Cia\u0142em. Gdy to sobie u\u015bwiadomimy, zrozumiemy, \u017ce o\u0142tarz kadzidlany symbolizuje co\u015b nader g\u0142\u0119bokiego (<em>Studium \u017cycia Ksi\u0119gi Wyj\u015bcia<\/em>, s. 1501).<\/p>\n<p><em>\u00a9 Living Stream Ministry. Wykorzystano za zgod\u0105 wydawcy.<\/em><\/p>\n<p>&nbsp;<\/p>\n\t<p>DAY 14: PRAYER TO POSSESS THE ALL-INCLUSIVE CHRIST<\/p>\n\t<p>Kol 1:12; Ef 3:8, 17\u201318<\/p>\n\t<p>O \u015bwi\u0119tych, by w pe\u0142ni obj\u0119li w posiadanie wyznaczony im dzia\u0142 wszechzawieraj\u0105cego, wszechrozleg\u0142ego Chrystusa, dzi\u0119ki wzmocnieniu ich moc\u0105 poprzez Ducha do wewn\u0119trznego cz\u0142owieka, aby Chrystus uczyni\u0142 sobie dom w ich sercach (Kol 1:12; Ef 3:8, 17\u201318).<\/p>\n\t<p><strong>Kol 1:12 <\/strong>\u2014 Dzi\u0119kuj\u0105c Ojcu, kt\u00f3ry was uzdolni\u0142 do uczestnictwa w przyznanym dziale \u015bwi\u0119tych w \u015bwietle.<\/p>\n<p><strong>Ef 3:8 <\/strong>\u2014 Mnie, mniejszemu ni\u017c najmniejszy ze wszystkich \u015bwi\u0119tych, dana zosta\u0142a ta \u0142aska, by zwiastowa\u0107 poganom niezg\u0142\u0119bione bogactwo Chrystusa jako ewangeli\u0119.<\/p>\n<p><strong>Ef 3:17\u201318 <\/strong>\u2014 Aby Chrystus poprzez wiar\u0119 uczyni\u0142 sobie dom w waszych sercach, aby\u015bcie, wkorzenieni i ugruntowani w mi\u0142o\u015bci, byli pe\u0142ni si\u0142y, by poj\u0105\u0107 wraz ze wszystkimi \u015bwi\u0119tymi, jaka jest szeroko\u015b\u0107 i d\u0142ugo\u015b\u0107, i wysoko\u015b\u0107, i g\u0142\u0119boko\u015b\u0107.<\/p>\n\t<p>&nbsp;<\/p>\n<p><b>Pos\u0142uga \u2013 <strong>Spalony na popi\u00f3\u0142<\/strong><\/b><\/p>\n<p>Kiedy wchodzimy do przybytku, nie mo\u017cemy uda\u0107 si\u0119 bezpo\u015brednio do o\u0142tarza kadzidlanego. Jak ju\u017c zaznaczyli\u015bmy, musimy uda\u0107 si\u0119 najpierw do sto\u0142u na chleby pok\u0142adne, nast\u0119pnie \u2013 do \u015bwiecznika, a p\u00f3\u017aniej \u2014 do arki \u015bwiadectwa w \u015bwi\u0119tym \u015bwi\u0119tych. Tylko wtedy b\u0119dziemy gotowi, by przyj\u015b\u0107 i or\u0119dowa\u0107 przy o\u0142tarzu kadzidlanym.<\/p>\n<p>Zachowanie jest czym\u015b przeciwnym do Chrystusa, kt\u00f3ry jest \u017cyciem (chleby po\u0142o\u017cone przed obliczem Pana, st\u00f3\u0142 na chleby pok\u0142adne). Wzrok, kt\u00f3rego u\u017cywamy, jest czym\u015b przeciwnym do Chrystusa, kt\u00f3ry jest \u015bwiat\u0142em (\u015bwiecznik). Cnota moralna, kt\u00f3r\u0105 posiadamy, jest czym\u015b przeciwnym do Chrystusa, kt\u00f3ry jest kadzid\u0142em dla Boga (o\u0142tarz kadzidlany). Nasze post\u0119powanie, widzenie i cnota moralna s\u0105 r\u00f3wnoznaczne z naturaln\u0105 istot\u0105, kt\u00f3ra jest przeciwna Chrystusowi \u2014 Bo\u017cemu \u015bwiadectwu (arka). Je\u015bli staniemy si\u0119 garstk\u0105 popio\u0142u, to czy nadal b\u0119dziemy post\u0119powa\u0107, widzie\u0107 i posiada\u0107 cnot\u0119 moraln\u0105 w spos\u00f3b naturalny? Z pewno\u015bci\u0105 nie. Garstka popio\u0142u w og\u00f3le nie post\u0119puje, nie ma wzroku ani zalet. A co ma? Nie ma nic. Spali\u0107 si\u0119 na popi\u00f3\u0142 to da\u0107 si\u0119 zredukowa\u0107 do zera; nie zostaje z nas wtedy nic (<em>Studium \u017cycia Ksi\u0119gi Wyj\u015bcia<\/em>, s. 1505\u20131506).<\/p>\n<p><em>\u00a9 Living Stream Ministry. Wykorzystano za zgod\u0105 wydawcy.<\/em><\/p>\n<p>&nbsp;<\/p>\n\t<p>DAY 15: PRAYER FOR THE BUILDING UP OF THE BODY<\/p>\n\t<p>Kol 2:6\u20137; Rz 8:4; Ef 4:15\u201316<\/p>\n\t<p>Aby \u015bwi\u0119ci w \u017cyciu codziennym post\u0119powali w Chrystusie przez ducha, wzrastali we wszystkim w Niego oraz byli razem wi\u0105zani i budowani jako Jego Cia\u0142o (Kol 2:6\u20137; Rz 8:4; Ef 4:15\u201316).<\/p>\n\t<p><strong>Kol 2:6\u20137 <\/strong>\u2014 Jak wi\u0119c przyj\u0119li\u015bcie Chrystusa, Jezusa Pana, tak w Nim post\u0119pujcie, wkorzenieni i budowani w Nim, i utwierdzani w wierze, tak jak zostali\u015bcie nauczeni, obfituj\u0105c w dzi\u0119kczynienie.<\/p>\n<p><strong>Rz 8:4 <\/strong>\u2014 Aby sprawiedliwy wym\u00f3g prawa by\u0142 wype\u0142niony w nas, kt\u00f3rzy nie post\u0119pujemy wed\u0142ug upad\u0142ego cia\u0142a, lecz wed\u0142ug ducha.<\/p>\n<p><strong>Ef 4:15\u201316 <\/strong>\u2014 Lecz aby\u015bmy trzymaj\u0105c si\u0119 prawdy w mi\u0142o\u015bci, wzrastali we wszystkim w Niego, kt\u00f3ry jest G\u0142ow\u0105, w Chrystusa, z kt\u00f3rego ca\u0142e Cia\u0142o, razem \u0142\u0105czone i razem wi\u0105zane poprzez ka\u017cdy staw obfitego zaopatrzenia i poprzez dzia\u0142anie w swojej mierze ka\u017cdej jednej cz\u0119\u015bci, sprawia wzrost Cia\u0142a ku budowaniu samego siebie w mi\u0142o\u015bci.<\/p>\n\t<p>&nbsp;<\/p>\n<p><b>Pos\u0142uga \u2013 <strong>Oba o\u0142tarze w naszym do\u015bwiadczeniu<\/strong><\/b><\/p>\n<p>Oby B\u00f3g okaza\u0142 nam mi\u0142osierdzie, aby\u015bmy ujrzeli, \u017ce w\u0142a\u015bciwe\ni prawdziwe \u017cycie modlitewne jest w Bogu i wymaga, \u017ceby by\u0142 w nas\nB\u00f3g. Oznacza to, \u017ce \u017cycie modlitewne jest jedno ze zmartwychwsta\u0142ym\nChrystusem, kt\u00f3ry wst\u0105pi\u0142 do nieba i jest kadzid\u0142em dla Boga.\nJest to \u017cycie pod\u0142\u0105czone do ukrzy\u017cowanego Chrystusa dzi\u0119ki krwi,\nogniowi i mi\u0142ej woni. Je\u017celi tak b\u0119dzie wygl\u0105da\u0142a nasza modlitwa, to\nb\u0119dziemy prowadzili \u017cycie, kt\u00f3re pobudzi Boga do tego, by si\u0119 poruszy\u0107.\nTaka modlitwa rz\u0105dzi udzielaniem \u0142aski przez Boga i rozporz\u0105dzeniami\nJego w\u0142adzy. Oznacza to, \u017ce modlitwa ofiarowana przy\no\u0142tarzu kadzidlanym rz\u0105dzi wszech\u015bwiatem. To kwestia olbrzymiej\nwagi. Oby otworzy\u0142y si\u0119 nam oczy, aby\u015bmy mogli to ujrze\u0107 (<em>Studium \u017cycia Ksi\u0119gi Wyj\u015bcia<\/em>, s. 1500).<\/p>\n<p><em>\u00a9 Living Stream Ministry. Wykorzystano za zgod\u0105 wydawcy.<\/em><\/p>\n<p>&nbsp;<\/p>\n\t\t<h3><\/h3>\n\t\t<p>Trwajcie niez\u0142omnie w modlitwie.<\/p>\n\t\t\t<a href=\"https:\/\/unceasinglypray.org\/pl\/sign-up\/\" target=\"_self\" role=\"button\" rel=\"noopener noreferrer\">\n\t\t\t\t\t\t\tWYBIERZ PRZEDZIA\u0141 CZASOWY\n\t\t\t\t\t<\/a>","protected":false},"excerpt":{"rendered":"<p>DAY 11: PRAYER FOR THE CHURCHES Acts 16:5; Eph. 1:19; Col. 1:11; Rev. 1:9 For the Lord to strengthen, uphold, and prosper the churches in every country in His recovery as the testimony of Jesus (Acts 16:5; Eph. 1:19; Col. 1:11; Rev. 1:9). Acts 16:5\u2014And so the churches were strengthened in the faith and increased&hellip;<\/p>","protected":false},"author":2,"featured_media":0,"parent":0,"menu_order":0,"comment_status":"closed","ping_status":"closed","template":"","meta":{"inline_featured_image":false,"footnotes":""},"class_list":["post-790","page","type-page","status-publish","hentry"],"yoast_head":"<!-- This site is optimized with the Yoast SEO plugin v27.5 - https:\/\/yoast.com\/product\/yoast-seo-wordpress\/ -->\n<title>Prayer Burdens 11-15 - Unceasingly Pray<\/title>\n<meta name=\"robots\" content=\"index, follow, max-snippet:-1, max-image-preview:large, max-video-preview:-1\" \/>\n<link rel=\"canonical\" href=\"https:\/\/unceasinglypray.org\/pl\/prayer-burdens-11-15\/\" \/>\n<meta property=\"og:locale\" content=\"pl_PL\" \/>\n<meta property=\"og:type\" content=\"article\" \/>\n<meta property=\"og:title\" content=\"Prayer Burdens 11-15 - Unceasingly Pray\" \/>\n<meta property=\"og:description\" content=\"DAY 11: PRAYER FOR THE CHURCHES Acts 16:5; Eph. 1:19; Col. 1:11; Rev. 1:9 For the Lord to strengthen, uphold, and prosper the churches in every country in His recovery as the testimony of Jesus (Acts 16:5; Eph. 1:19; Col. 1:11; Rev. 1:9). Acts 16:5\u2014And so the churches were strengthened in the faith and increased&hellip;\" \/>\n<meta property=\"og:url\" content=\"https:\/\/unceasinglypray.org\/pl\/prayer-burdens-11-15\/\" \/>\n<meta property=\"og:site_name\" content=\"Unceasingly Pray\" \/>\n<meta property=\"article:modified_time\" content=\"2020-05-08T20:59:10+00:00\" \/>\n<meta name=\"twitter:card\" content=\"summary_large_image\" \/>\n<meta name=\"twitter:label1\" content=\"Szacowany czas czytania\" \/>\n\t<meta name=\"twitter:data1\" content=\"9 minut\" \/>\n<script type=\"application\/ld+json\" class=\"yoast-schema-graph\">{\"@context\":\"https:\\\/\\\/schema.org\",\"@graph\":[{\"@type\":\"WebPage\",\"@id\":\"https:\\\/\\\/unceasinglypray.org\\\/prayer-burdens-11-15\\\/\",\"url\":\"https:\\\/\\\/unceasinglypray.org\\\/prayer-burdens-11-15\\\/\",\"name\":\"Prayer Burdens 11-15 - Unceasingly Pray\",\"isPartOf\":{\"@id\":\"https:\\\/\\\/unceasinglypray.org\\\/ar\\\/#website\"},\"datePublished\":\"2020-04-30T03:46:23+00:00\",\"dateModified\":\"2020-05-08T20:59:10+00:00\",\"breadcrumb\":{\"@id\":\"https:\\\/\\\/unceasinglypray.org\\\/prayer-burdens-11-15\\\/#breadcrumb\"},\"inLanguage\":\"pl-PL\",\"potentialAction\":[{\"@type\":\"ReadAction\",\"target\":[\"https:\\\/\\\/unceasinglypray.org\\\/prayer-burdens-11-15\\\/\"]}]},{\"@type\":\"BreadcrumbList\",\"@id\":\"https:\\\/\\\/unceasinglypray.org\\\/prayer-burdens-11-15\\\/#breadcrumb\",\"itemListElement\":[{\"@type\":\"ListItem\",\"position\":1,\"name\":\"Home\",\"item\":\"https:\\\/\\\/unceasinglypray.org\\\/pt\\\/\"},{\"@type\":\"ListItem\",\"position\":2,\"name\":\"Prayer Burdens 11-15\"}]},{\"@type\":\"WebSite\",\"@id\":\"https:\\\/\\\/unceasinglypray.org\\\/ar\\\/#website\",\"url\":\"https:\\\/\\\/unceasinglypray.org\\\/ar\\\/\",\"name\":\"Unceasingly Pray\",\"description\":\"\",\"potentialAction\":[{\"@type\":\"SearchAction\",\"target\":{\"@type\":\"EntryPoint\",\"urlTemplate\":\"https:\\\/\\\/unceasinglypray.org\\\/ar\\\/?s={search_term_string}\"},\"query-input\":{\"@type\":\"PropertyValueSpecification\",\"valueRequired\":true,\"valueName\":\"search_term_string\"}}],\"inLanguage\":\"pl-PL\"}]}<\/script>\n<!-- \/ Yoast SEO plugin. -->","yoast_head_json":{"title":"Prayer Burdens 11-15 - Unceasingly Pray","robots":{"index":"index","follow":"follow","max-snippet":"max-snippet:-1","max-image-preview":"max-image-preview:large","max-video-preview":"max-video-preview:-1"},"canonical":"https:\/\/unceasinglypray.org\/pl\/prayer-burdens-11-15\/","og_locale":"pl_PL","og_type":"article","og_title":"Prayer Burdens 11-15 - Unceasingly Pray","og_description":"DAY 11: PRAYER FOR THE CHURCHES Acts 16:5; Eph. 1:19; Col. 1:11; Rev. 1:9 For the Lord to strengthen, uphold, and prosper the churches in every country in His recovery as the testimony of Jesus (Acts 16:5; Eph. 1:19; Col. 1:11; Rev. 1:9). Acts 16:5\u2014And so the churches were strengthened in the faith and increased&hellip;","og_url":"https:\/\/unceasinglypray.org\/pl\/prayer-burdens-11-15\/","og_site_name":"Unceasingly Pray","article_modified_time":"2020-05-08T20:59:10+00:00","twitter_card":"summary_large_image","twitter_misc":{"Szacowany czas czytania":"9 minut"},"schema":{"@context":"https:\/\/schema.org","@graph":[{"@type":"WebPage","@id":"https:\/\/unceasinglypray.org\/prayer-burdens-11-15\/","url":"https:\/\/unceasinglypray.org\/prayer-burdens-11-15\/","name":"Prayer Burdens 11-15 - Unceasingly Pray","isPartOf":{"@id":"https:\/\/unceasinglypray.org\/ar\/#website"},"datePublished":"2020-04-30T03:46:23+00:00","dateModified":"2020-05-08T20:59:10+00:00","breadcrumb":{"@id":"https:\/\/unceasinglypray.org\/prayer-burdens-11-15\/#breadcrumb"},"inLanguage":"pl-PL","potentialAction":[{"@type":"ReadAction","target":["https:\/\/unceasinglypray.org\/prayer-burdens-11-15\/"]}]},{"@type":"BreadcrumbList","@id":"https:\/\/unceasinglypray.org\/prayer-burdens-11-15\/#breadcrumb","itemListElement":[{"@type":"ListItem","position":1,"name":"Home","item":"https:\/\/unceasinglypray.org\/pt\/"},{"@type":"ListItem","position":2,"name":"Prayer Burdens 11-15"}]},{"@type":"WebSite","@id":"https:\/\/unceasinglypray.org\/ar\/#website","url":"https:\/\/unceasinglypray.org\/ar\/","name":"Unceasingly Pray","description":"","potentialAction":[{"@type":"SearchAction","target":{"@type":"EntryPoint","urlTemplate":"https:\/\/unceasinglypray.org\/ar\/?s={search_term_string}"},"query-input":{"@type":"PropertyValueSpecification","valueRequired":true,"valueName":"search_term_string"}}],"inLanguage":"pl-PL"}]}},"_links":{"self":[{"href":"https:\/\/unceasinglypray.org\/pl\/wp-json\/wp\/v2\/pages\/790","targetHints":{"allow":["GET"]}}],"collection":[{"href":"https:\/\/unceasinglypray.org\/pl\/wp-json\/wp\/v2\/pages"}],"about":[{"href":"https:\/\/unceasinglypray.org\/pl\/wp-json\/wp\/v2\/types\/page"}],"author":[{"embeddable":true,"href":"https:\/\/unceasinglypray.org\/pl\/wp-json\/wp\/v2\/users\/2"}],"replies":[{"embeddable":true,"href":"https:\/\/unceasinglypray.org\/pl\/wp-json\/wp\/v2\/comments?post=790"}],"version-history":[{"count":0,"href":"https:\/\/unceasinglypray.org\/pl\/wp-json\/wp\/v2\/pages\/790\/revisions"}],"wp:attachment":[{"href":"https:\/\/unceasinglypray.org\/pl\/wp-json\/wp\/v2\/media?parent=790"}],"curies":[{"name":"wp","href":"https:\/\/api.w.org\/{rel}","templated":true}]}}