{"id":778,"date":"2020-04-29T19:42:00","date_gmt":"2020-04-29T19:42:00","guid":{"rendered":"https:\/\/unceasinglypray.org\/?page_id=778"},"modified":"2020-04-29T22:46:57","modified_gmt":"2020-04-29T22:46:57","slug":"letter-2","status":"publish","type":"page","link":"https:\/\/unceasinglypray.org\/pl\/letter-2\/","title":{"rendered":"Letter 2"},"content":{"rendered":"<h2>\n\t\tTRWA\u0106 NIEZ\u0141OMNIE W MODLITWIE\n\t<\/h2>\n\t<p>16 kwietnia 2020 r.<\/p>\n\t<p><img \/>Drodzy \u015bwi\u0119ci!<\/p>\n<p class=\"translation-block\">Oddajemy Panu cze\u015b\u0107 za to, \u017ce pobudzi\u0142 tak wielu z Was do udzia\u0142u w poniesieniu obecnego brzemienia dwudziestojednodniowej modlitwy. Nigdy wcze\u015bniej na ca\u0142ej kuli ziemskiej tak wielu nie po\u0142\u0105czy\u0142o si\u0119 razem jednomy\u015blnie, \u017ceby si\u0119 modli\u0107 nieprzerwanie jako jeden cz\u0142owiek. Jeste\u015bmy przekonani, \u017ce nasz Pan wyniesiony na niebiosa wys\u0142uchuje modlitw ko\u015bcio\u0142a i \u017ce one bardzo pomog\u0105 w spe\u0142nieniu Jego pragnienia. Po g\u0142\u0119bszym namy\u015ble i spo\u0142eczno\u015bci postanowili\u015bmy poprosi\u0107 wszystkich \u015bwi\u0119tych o <strong>kontynuowanie tej niez\u0142omnej modlitwy przez dodatkowe dziewi\u0119\u0107 dni<\/strong>, czyli do 30 kwietnia.<\/p>\n&nbsp;<br \/>\nMamy nadziej\u0119, \u017ce ten miesi\u0105c modlitwy nie b\u0119dzie tylko kr\u00f3tkotrwa\u0142ym wydarzeniem, ale \u017ce znacznie wzmocni nasze osobiste \u017cycie modlitewne i zbiorow\u0105 modlitewn\u0105 pos\u0142ug\u0119 ko\u015bcio\u0142a. Modlitwa jest naszym najwi\u0119kszym dzie\u0142em przed Bogiem; stanowi r\u00f3wnie\u017c najwi\u0119ksze zagro\u017cenie dla Jego wroga. Z tego powodu szatan stara si\u0119 os\u0142abi\u0107 nasze \u017cycie modlitewne i modlitewn\u0105 pos\u0142ug\u0119 ko\u015bcio\u0142a. Wiedzia\u0142 o tym aposto\u0142 Pawe\u0142, kt\u00f3ry \u0142\u0105czy\u0142 wytrwa\u0142o\u015b\u0107 z modlitw\u0105 (Rz 12:12; Ef 6:18; Kol 4:2; por. 1 Tes 5:17). W obliczu istniej\u0105cych przeszk\u00f3d konsekwencja i wytrwa\u0142o\u015b\u0107 s\u0105 bardzo wa\u017cne dla budowania \u017cycia modlitewnego i modlitewnej pos\u0142ugi. To nie jest tylko nauka g\u0142oszona przez aposto\u0142a; zosta\u0142o to r\u00f3wnie\u017c obszernie pokazane w S\u0142owie Bo\u017cym.<br \/>\n&nbsp;<br \/>\nGdy Jozue wyruszy\u0142 na czele Izraelit\u00f3w do walki z Amalekiem, Moj\u017cesz sta\u0142 na wzg\u00f3rzu z podniesion\u0105 lask\u0105 (Wj 17:9\u201310). W wersecie 11 czytamy: \u201eA gdy Moj\u017cesz podni\u00f3s\u0142 r\u0119k\u0119, przewa\u017ca\u0142 Izrael, a gdy opuszcza\u0142 r\u0119k\u0119, przewa\u017ca\u0142 Amalek\u201d. Moj\u017cesz, na szczycie g\u00f3ry podnosz\u0105cy r\u0119k\u0119, przedstawia w formie typu Chrystusa, kt\u00f3ry wst\u0105pi\u0142 do niebios i tam si\u0119 wstawia (Rz 8:34b; Hbr 7:25; por. 1 Tm 2:8). Jozue za\u015b przedstawia w formie typu Chrystusa jako zamieszkuj\u0105cego Ducha, kt\u00f3ry walczy przeciwko upad\u0142emu cia\u0142u, przedstawionemu w formie typu przez Amaleka (Rz 8:9\u201311; Ga 5:16\u201317). Oznacza to, \u017ce zwyci\u0119stwo w wojnie duchowej zale\u017cy w du\u017cej mierze od wstawiennictwa Chrystusa. W wersecie 12 jednak\u017ce czytamy, \u017ce r\u0119ce Moj\u017cesza zdr\u0119twia\u0142y i potrzebowa\u0142y podparcia. Moj\u017cesz maj\u0105cy zdr\u0119twia\u0142e r\u0119ce reprezentuje nie Chrystusa, lecz nas, co oznacza, \u017ce podczas gdy Chrystus si\u0119 modli w niebiosach, my r\u00f3wnie\u017c musimy si\u0119 modli\u0107 na ziemi (1 Tm 2:8). Moj\u017ceszowi przyniesiono kamie\u0144, typ Chrystusa jako naszej si\u0142y i wytrwa\u0142o\u015bci w modlitwie, \u017ceby ten na nim usiad\u0142. Poza tym jego r\u0119ce z jednej strony podpiera\u0142 Aaron, kt\u00f3ry reprezentuje kap\u0142a\u0144stwo, a z drugiej \u2014 Chur, kt\u00f3ry reprezentuje stan kr\u00f3lewski. Oznacza to, \u017ce aby wytrwa\u0107 we wstawienniczych modlitwach wojennych, musimy by\u0107 kap\u0142anami, kt\u00f3rzy dok\u0142adaj\u0105 stara\u0144 i modl\u0105 si\u0119 w swoim duchu, dzisiejszym \u015awi\u0119tym \u015awi\u0119tych; musimy te\u017c by\u0107 w pe\u0142ni ulegli Panu, pozostaj\u0105c pod Jego w\u0142adz\u0105.<br \/>\n&nbsp;<br \/>\nDaniel was a person who, knowing the promise of God regarding Israel\u2019s return from captivity (Jer. 29:10), persevered in prayer for the Lord\u2019s desire (Dan. 9:2-3). He had the habit of praying three times daily (6:10) and would not let anything frustrate his prayer, not even the threat of death (vv. 7-9). Daniel was thus a channel of prayer the Lord could use to carry out His desire. Regarding Daniel chapter 6, Brother Lee said, \u201cGod desires to carry out His economy, but man is needed to pray for His economy on earth. God carries out His economy on the earth through His faithful channels of prayer. Satan&#8217;s strategy is to frustrate the prayer which is for God&#8217;s move&#8230;There is no other way to bring God\u2019s economy into fullness and into fulfillment except by prayer\u201d (Life-study of Daniel, p. 45). Daniel\u2019s cooperation with the Lord in prayer afforded the Lord a way to take a great step in His move.<br \/>\n&nbsp;<br \/>\nDzi\u015b Pan szuka modlitw: o warto\u015bci zwi\u0105zanej z dyspensacj\u0105, odpowiadaj\u0105cych Bo\u017cemu sercu, o post\u0119p w Bo\u017cym poruszaniu, o przygotowanie oblubienicy, o wytworzenie zwyci\u0119zc\u00f3w (armii Pana), o pokonanie Bo\u017cego wroga, doprowadzaj\u0105cych do zmiany wieku. Modlitwy \u015bwi\u0119tych i ko\u015bcio\u0142a s\u0105 wa\u017cnym czynnikiem wp\u0142ywaj\u0105cym na zmian\u0119 o charakterze dyspensacyjnym, jaka dokona\u0142a si\u0119 w Bo\u017cej ekonomii: przej\u015bcie od obecnego wieku do wieku kr\u00f3lestwa (\u0141k 18:1\u20138; Obj 6:9\u201310; 8:3\u20135). Aby wytrwa\u0107 w takich modlitwach, z pewno\u015bci\u0105 potrzebujemy umocnienia przez Pana (Ef 6:10).<br \/>\n&nbsp;<br \/>\nDrodzy \u015bwi\u0119ci, Pan chce wzbudzi\u0107 kr\u00f3lewskie kap\u0142a\u0144stwo, \u017ceby ono przy\u0142\u0105czy\u0142o si\u0119 do Niego, Or\u0119downika wyniesionego na niebiosa, w Jego niebia\u0144skiej pos\u0142udze wstawiennictwa. Dlatego nawo\u0142ujemy Was do kontynuowania obecnej, ca\u0142odobowej, og\u00f3lno\u015bwiatowej modlitwy do ko\u0144ca tego miesi\u0105ca. Nak\u0142aniamy r\u00f3wnie\u017c, by\u015bcie zaprosili innych do przy\u0142\u0105czenia si\u0119 do tej modlitwy. Je\u015bli jeszcze tego nie zrobili\u015bcie, odwied\u017acie stron\u0119 <a href=\"https:\/\/unceasinglypray.org\/pl\/sign-up\/\">unceasinglypray.org<\/a> i zapiszcie si\u0119 na modlitw\u0119 w wybranym przedziale czasowym. Ci, kt\u00f3rzy si\u0119 zapisz\u0105, za po\u015brednictwem poczty elektronicznej b\u0119d\u0105 otrzymywa\u0107 proponowane brzemiona do modlitwy na ka\u017cdy dzie\u0144. Niech Pan uczyni w nas to, czego pragnie, i niech nasze modlitwy przetr\u0105 drog\u0119 do realizacji pragnienia Jego serca na ziemi.<br \/>\n&nbsp;<br \/>\nWasi bracia w Chrystusie,<br \/>\nWsp\u00f3\u0142pracownicy w Pa\u0144skim odzyskiwaniu\n<p><img alt=\"\" width=\"25650\" height=\"150\" \/><\/p>","protected":false},"excerpt":{"rendered":"<p>PERSEVERING IN PRAYER APRIL 16, 2020 Dear saints, We worship the Lord that He has stirred up so many of you to participate in the present burden for twenty-one days of prayer. Never before have so many across the entire globe joined together in one accord to pray as one man in such a sustained&hellip;<\/p>","protected":false},"author":1,"featured_media":0,"parent":0,"menu_order":0,"comment_status":"closed","ping_status":"closed","template":"","meta":{"inline_featured_image":false,"footnotes":""},"class_list":["post-778","page","type-page","status-publish","hentry"],"yoast_head":"<!-- This site is optimized with the Yoast SEO plugin v27.6 - https:\/\/yoast.com\/product\/yoast-seo-wordpress\/ -->\n<title>Letter 2 - Unceasingly Pray<\/title>\n<meta name=\"robots\" content=\"index, follow, max-snippet:-1, max-image-preview:large, max-video-preview:-1\" \/>\n<link rel=\"canonical\" href=\"https:\/\/unceasinglypray.org\/pl\/letter-2\/\" \/>\n<meta property=\"og:locale\" content=\"pl_PL\" \/>\n<meta property=\"og:type\" content=\"article\" \/>\n<meta property=\"og:title\" content=\"Letter 2 - Unceasingly Pray\" \/>\n<meta property=\"og:description\" content=\"PERSEVERING IN PRAYER APRIL 16, 2020 Dear saints, We worship the Lord that He has stirred up so many of you to participate in the present burden for twenty-one days of prayer. Never before have so many across the entire globe joined together in one accord to pray as one man in such a sustained&hellip;\" \/>\n<meta property=\"og:url\" content=\"https:\/\/unceasinglypray.org\/pl\/letter-2\/\" \/>\n<meta property=\"og:site_name\" content=\"Unceasingly Pray\" \/>\n<meta property=\"article:modified_time\" content=\"2020-04-29T22:46:57+00:00\" \/>\n<meta name=\"twitter:card\" content=\"summary_large_image\" \/>\n<meta name=\"twitter:label1\" content=\"Szacowany czas czytania\" \/>\n\t<meta name=\"twitter:data1\" content=\"4 minuty\" \/>\n<script type=\"application\/ld+json\" class=\"yoast-schema-graph\">{\"@context\":\"https:\\\/\\\/schema.org\",\"@graph\":[{\"@type\":\"WebPage\",\"@id\":\"https:\\\/\\\/unceasinglypray.org\\\/sk_sk\\\/letter-2\\\/\",\"url\":\"https:\\\/\\\/unceasinglypray.org\\\/sk_sk\\\/letter-2\\\/\",\"name\":\"Letter 2 - Unceasingly Pray\",\"isPartOf\":{\"@id\":\"https:\\\/\\\/unceasinglypray.org\\\/ar\\\/#website\"},\"datePublished\":\"2020-04-29T19:42:00+00:00\",\"dateModified\":\"2020-04-29T22:46:57+00:00\",\"breadcrumb\":{\"@id\":\"https:\\\/\\\/unceasinglypray.org\\\/sk_sk\\\/letter-2\\\/#breadcrumb\"},\"inLanguage\":\"pl-PL\",\"potentialAction\":[{\"@type\":\"ReadAction\",\"target\":[\"https:\\\/\\\/unceasinglypray.org\\\/sk_sk\\\/letter-2\\\/\"]}]},{\"@type\":\"BreadcrumbList\",\"@id\":\"https:\\\/\\\/unceasinglypray.org\\\/sk_sk\\\/letter-2\\\/#breadcrumb\",\"itemListElement\":[{\"@type\":\"ListItem\",\"position\":1,\"name\":\"Home\",\"item\":\"https:\\\/\\\/unceasinglypray.org\\\/pt\\\/\"},{\"@type\":\"ListItem\",\"position\":2,\"name\":\"Letter 2\"}]},{\"@type\":\"WebSite\",\"@id\":\"https:\\\/\\\/unceasinglypray.org\\\/ar\\\/#website\",\"url\":\"https:\\\/\\\/unceasinglypray.org\\\/ar\\\/\",\"name\":\"Unceasingly Pray\",\"description\":\"\",\"potentialAction\":[{\"@type\":\"SearchAction\",\"target\":{\"@type\":\"EntryPoint\",\"urlTemplate\":\"https:\\\/\\\/unceasinglypray.org\\\/ar\\\/?s={search_term_string}\"},\"query-input\":{\"@type\":\"PropertyValueSpecification\",\"valueRequired\":true,\"valueName\":\"search_term_string\"}}],\"inLanguage\":\"pl-PL\"}]}<\/script>\n<!-- \/ Yoast SEO plugin. -->","yoast_head_json":{"title":"Letter 2 - Unceasingly Pray","robots":{"index":"index","follow":"follow","max-snippet":"max-snippet:-1","max-image-preview":"max-image-preview:large","max-video-preview":"max-video-preview:-1"},"canonical":"https:\/\/unceasinglypray.org\/pl\/letter-2\/","og_locale":"pl_PL","og_type":"article","og_title":"Letter 2 - Unceasingly Pray","og_description":"PERSEVERING IN PRAYER APRIL 16, 2020 Dear saints, We worship the Lord that He has stirred up so many of you to participate in the present burden for twenty-one days of prayer. Never before have so many across the entire globe joined together in one accord to pray as one man in such a sustained&hellip;","og_url":"https:\/\/unceasinglypray.org\/pl\/letter-2\/","og_site_name":"Unceasingly Pray","article_modified_time":"2020-04-29T22:46:57+00:00","twitter_card":"summary_large_image","twitter_misc":{"Szacowany czas czytania":"4 minuty"},"schema":{"@context":"https:\/\/schema.org","@graph":[{"@type":"WebPage","@id":"https:\/\/unceasinglypray.org\/sk_sk\/letter-2\/","url":"https:\/\/unceasinglypray.org\/sk_sk\/letter-2\/","name":"Letter 2 - Unceasingly Pray","isPartOf":{"@id":"https:\/\/unceasinglypray.org\/ar\/#website"},"datePublished":"2020-04-29T19:42:00+00:00","dateModified":"2020-04-29T22:46:57+00:00","breadcrumb":{"@id":"https:\/\/unceasinglypray.org\/sk_sk\/letter-2\/#breadcrumb"},"inLanguage":"pl-PL","potentialAction":[{"@type":"ReadAction","target":["https:\/\/unceasinglypray.org\/sk_sk\/letter-2\/"]}]},{"@type":"BreadcrumbList","@id":"https:\/\/unceasinglypray.org\/sk_sk\/letter-2\/#breadcrumb","itemListElement":[{"@type":"ListItem","position":1,"name":"Home","item":"https:\/\/unceasinglypray.org\/pt\/"},{"@type":"ListItem","position":2,"name":"Letter 2"}]},{"@type":"WebSite","@id":"https:\/\/unceasinglypray.org\/ar\/#website","url":"https:\/\/unceasinglypray.org\/ar\/","name":"Unceasingly Pray","description":"","potentialAction":[{"@type":"SearchAction","target":{"@type":"EntryPoint","urlTemplate":"https:\/\/unceasinglypray.org\/ar\/?s={search_term_string}"},"query-input":{"@type":"PropertyValueSpecification","valueRequired":true,"valueName":"search_term_string"}}],"inLanguage":"pl-PL"}]}},"_links":{"self":[{"href":"https:\/\/unceasinglypray.org\/pl\/wp-json\/wp\/v2\/pages\/778","targetHints":{"allow":["GET"]}}],"collection":[{"href":"https:\/\/unceasinglypray.org\/pl\/wp-json\/wp\/v2\/pages"}],"about":[{"href":"https:\/\/unceasinglypray.org\/pl\/wp-json\/wp\/v2\/types\/page"}],"author":[{"embeddable":true,"href":"https:\/\/unceasinglypray.org\/pl\/wp-json\/wp\/v2\/users\/1"}],"replies":[{"embeddable":true,"href":"https:\/\/unceasinglypray.org\/pl\/wp-json\/wp\/v2\/comments?post=778"}],"version-history":[{"count":0,"href":"https:\/\/unceasinglypray.org\/pl\/wp-json\/wp\/v2\/pages\/778\/revisions"}],"wp:attachment":[{"href":"https:\/\/unceasinglypray.org\/pl\/wp-json\/wp\/v2\/media?parent=778"}],"curies":[{"name":"wp","href":"https:\/\/api.w.org\/{rel}","templated":true}]}}