{"id":775,"date":"2020-04-29T19:38:04","date_gmt":"2020-04-29T19:38:04","guid":{"rendered":"https:\/\/unceasinglypray.org\/?page_id=775"},"modified":"2020-04-29T22:49:35","modified_gmt":"2020-04-29T22:49:35","slug":"letter-1","status":"publish","type":"page","link":"https:\/\/unceasinglypray.org\/pl\/letter-1\/","title":{"rendered":"Letter 1"},"content":{"rendered":"<h2>\n\t\tWEZWANIE DO OG\u00d3LNO\u015aWIATOWEJ MODLITWY\n\t<\/h2>\n\t<p>30 marca 2020 r.<\/p>\n\t<p><img \/><\/p>\n<p><em>\u201eNa twoich murach, Jerozolimo, postawi\u0142em str\u00f3\u017c\u00f3w: przez ca\u0142y dzie\u0144 i przez ca\u0142\u0105 noc, nigdy nie umilkn\u0105. Wy, kt\u00f3rzy przypominacie Panu, nie milczcie! I nie dajcie Mu spokoju, dop\u00f3ki nie\u00a0<\/em><em>odbuduje Jerozolimy i dop\u00f3ki nie uczyni jej przedmiotem chwa\u0142y na ziemi!\u201d\u00a0<\/em><em>\u2013 Ksi\u0119ga Izajasza 62:6\u20137<\/em><\/p>\n&nbsp;<br \/>\nKo\u015bci\u00f3\u0142 Bo\u017cy posiada strategiczne, podw\u00f3jne pos\u0142annictwo \u2014 modli\u0107 si\u0119 do Boga i g\u0142osi\u0107 ludziom ewangeli\u0119 o Jezusie Chrystusie. Cz\u0119sto skupiamy si\u0119 na wykonywaniu pracy dla Pana, polegaj\u0105cej na docieraniu do ludzi, jednak o wiele wa\u017cniejsza jest tak naprawd\u0119 modlitewna pos\u0142uga ko\u015bcio\u0142a. Z powodu obecnej sytuacji na \u015bwiecie wzywa si\u0119 wszystkich \u015bwi\u0119tych w Pa\u0144skim odzyskiwaniu, by powstali do wype\u0142niania niedocenionej funkcji ko\u015bcio\u0142a, a mianowicie wsp\u00f3\u0142pracowali z Bogiem w modlitwie o rozw\u00f3j Jego interes\u00f3w na ziemi. W zwi\u0105zku z tym prosimy \u015bwi\u0119tych w ko\u015bcio\u0142ach na ca\u0142ej kuli ziemskiej o zapisanie si\u0119 na codzienn\u0105 pi\u0119tnastominutow\u0105 modlitw\u0119 i trwanie w niej samemu lub z innymi w okresie od 1 do 21 kwietnia. Zanim zaproponujemy intencje modlitewne, wpierw posi\u0105d\u017amy fundamentalne zrozumienie modlitwy, jakiej Pan potrzebuje.<br \/>\n&nbsp;<br \/>\nToo often we think of prayer as something we do only when we are aware of a particular spiritual or practical need or when we want to accomplish something for the Lord in a way of service, whether personally, with others, or as the church. Prayer for these things is legitimate and even necessary, but the highest and deepest prayers in the New Testament are, first and foremost, for God&#8217;s work in the saints and for His move on the earth (Phil. 1:9-11; Eph. 1:15-23; 3:14-21; Acts 4:24-31; Eph. 6:18-20; Col. 4:2-4). Intercessory prayer is a matter of co-laboring with Christ in His heavenly ministry. Such prayer is the pinnacle of the church\u2019s service to Christ. He as the heavenly Intercessor needs His people on the earth to echo His desire. Matthew 18:18 says, \u201cTruly I say to you, Whatever you bind on the earth shall have been bound in heaven, and whatever you loose on the earth shall have been loosed in heaven.\u201d Brother Watchman Nee helped us see from this verse that God in the heavens is waiting for the church to execute His will on the earth through prayer. Something may have been bound or loosed in the heavens, but it is only through the church&#8217;s prayer that it can be bound or loosed on the earth.<br \/>\n&nbsp;<br \/>\nThe book of Revelation shows us God&#8217;s divine administration in His consummating of this age. In this book we do not see the churches carrying out so many activities. Rather, we see prayer in relation to God&#8217;s governmental move. The saints&#8217; prayers are present in the scene in heaven at Christ&#8217;s ascension and the opening of the scroll of God&#8217;s economy (Rev. 5:8). God responds to the cry of the martyred saints (6:9-10) with the opening of the sixth seal, which marks the beginning of the great tribulation (vv. 12-17). After Christ as \u201canother Angel\u201d offers the saints&#8217; prayers with Himself as the incense before the throne, fire is cast to the earth followed by supernatural calamities, marking the beginning of God&#8217;s judgment of the earth and its inhabitants (8:3-5). In each case the prayers mentioned have dispensational significance and enable God to carry out His administration.<br \/>\n&nbsp;<br \/>\nPan pragnie zako\u0144czy\u0107 ten wiek i ustanowi\u0107 na ziemi swoje kr\u00f3lestwo (Obj 11:15; 12:10). Czeka na to, a\u017c odpowiednia liczba wierz\u0105cych przygotuje si\u0119 i b\u0119dzie Jego Oblubienic\u0105 oraz armi\u0105 (Obj 19:7, 14). Bardziej ni\u017c kiedykolwiek wcze\u015bniej powinni\u015bmy b\u0142aga\u0107 teraz Ojca zgodnie z Ewangeli\u0105 Mateusza 6:9\u201310, \u017ceby Jego imi\u0119 by\u0142o u\u015bwi\u0119cone, \u017ceby przysz\u0142o Jego kr\u00f3lestwo i \u017ceby sta\u0142a si\u0119 Jego wola na ziemi. Z jednej strony, obecna pandemia, kt\u00f3ra sieje spustoszenie na ca\u0142ym \u015bwiecie, jest ostrze\u017ceniem od Pana dla narod\u00f3w. Z drugiej strony, to wezwanie, z jakim Pan zwraca si\u0119 do swego ludu, by realizowa\u0142 on Jego pos\u0142annictwo, by\u0142 jedno z wyniesionym na niebiosa Chrystusem przy o\u0142tarzu kadzidlanym i pasowa\u0142 do Jego wstawiennictwa.<br \/>\n&nbsp;<br \/>\nThe Bible shows us that the created race of Adam, the called race of Abraham, and the church as a whole all failed God in cooperating with Him to accomplish His purpose. For this reason, in Revelation 2 and 3 the Lord called for overcomers. We must realize that God&#8217;s move depends upon overcomers, and a key characteristic of overcomers is their prayer. The martyred saints crying out beneath the altar in Revelation 6 become the overcoming man-child in chapter 12, and when the man-child is caught up to heaven, Satan is cast down (12:5, 9). One aspect of the Lord&#8217;s recovery today is to produce overcomers who will fully cooperate with the Lord so that His purpose can be fulfilled and He can return. We must be those overcomers who are praying at the incense altar in the house of God to correspond with Christ, our heavenly High Priest, and to cooperate with God by praying on the earth what is out from His throne.<br \/>\n&nbsp;<br \/>\nThe saints in the churches in the Lord&#8217;s recovery should all aspire to be overcomers. However, we must realize that such spiritual warriors are not produced overnight. We need to build up our praying and fighting capacity. We believe that the unprecedented restriction many of us find ourselves under is sovereign of the Lord to grant us the opportunity to recover and uplift both our personal and corporate prayer life. If you read the New Testament carefully, you will realize that the apostle Paul&#8217;s ability to minister from prison was quite limited, but he prayed much. Similarly, Brother Nee carried out his public ministry for thirty years, but while he was in prison during the last twenty years of his life, he could minister only in a limited way to those around him. Yet during that time of confinement, he was able to join with the interceding Christ in a hidden ministry of prayer.<br \/>\n&nbsp;<br \/>\nWe are accustomed to viewing all the provisions of God, the bountiful supply of the Spirit, and the riches that we have received from this ministry as the spiritual supply for our growth in life for the building up of the church. This is not wrong, but we should realize that all these things are also to strengthen us to carry out the church&#8217;s paramount ministry of prayer. We need to read the Bible, know the anointing, and be nourished by the ministry of the age so that we can know how to pray according to God&#8217;s will and not our own. We all want to have the Lord&#8217;s presence, but we should realize that the Lord&#8217;s promise to be with us when we gather together in His name is in the context of two or three offering binding and loosing prayer in harmony with one another and with God\u2019s will (Matt. 18:18-20).<br \/>\n&nbsp;<br \/>\nPodsumowuj\u0105c: gdy przy\u0142\u0105czamy si\u0119 do Pana w modlitwie, musimy pami\u0119ta\u0107 o s\u0142owach Salomona z Pierwszej Ksi\u0119gi Kr\u00f3lewskiej 8:48. Modli\u0142 si\u0119 on o to, \u017ceby Bo\u017cy lud, gdy si\u0119 modli do Boga, by\u0142 zwr\u00f3cony w stron\u0119 Ziemi \u015awi\u0119tej, przedstawiaj\u0105cej w formie typu Chrystusa jako dzia\u0142, kt\u00f3ry B\u00f3g wyznaczy\u0142 swemu ludowi; w stron\u0119 \u015bwi\u0119tego miasta, oznaczaj\u0105cego kr\u00f3lestwo Bo\u017ce w Chrystusie; oraz w stron\u0119 \u015bwi\u0119tej \u015bwi\u0105tyni, oznaczaj\u0105cej Bo\u017cy dom, ko\u015bci\u00f3\u0142 na ziemi. Wskazuje to, \u017ce B\u00f3g b\u0119dzie s\u0142ucha\u0142 naszej modlitwy, kiedy zwr\u00f3cimy j\u0105 ku Chrystusowi, kr\u00f3lestwu Bo\u017cemu i domowi Bo\u017cemu \u2014 celowi wiecznej Bo\u017cej ekonomii. Oznacza to, \u017ce niezale\u017cnie od tego, o co si\u0119 modlimy, nasze modlitwy powinny by\u0107 ukierunkowane na interesy Boga na ziemi, czyli na Chrystusa i ko\u015bci\u00f3\u0142, ze wzgl\u0119du na wype\u0142nienie Jego ekonomii.<br \/>\n&nbsp;<br \/>\nBracia i siostry, musimy i\u015b\u0107 naprz\u00f3d. W tych dniach powinni\u015bmy z rozmys\u0142em budowa\u0107 t\u0119 modlitewn\u0105 pos\u0142ug\u0119, zar\u00f3wno osobi\u015bcie, jak i razem z innymi. Wszystkie nasze braki, czy te dotycz\u0105ce nas samych czy zbiorowo\u015bci, mog\u0105 mie\u0107 swoje \u017ar\u00f3d\u0142o w braku modlitwy. Obecnie mo\u017cemy nie by\u0107 w stanie modli\u0107 si\u0119 gorliwie ani bardzo d\u0142ugo, ale zaistnia\u0142e ograniczenia umo\u017cliwiaj\u0105 nam kszta\u0142towanie naszej zdolno\u015bci do modlitwy, je\u015bli tylko postanowimy w tym wytrwa\u0107. Co wi\u0119cej, chocia\u017c mo\u017cemy by\u0107 fizycznie odizolowani, Pan umo\u017cliwi\u0142 nam wsp\u00f3ln\u0105 modlitw\u0119 dzi\u0119ki nowoczesnej technologii. Aby skorzysta\u0107 z tej mo\u017cliwo\u015bci, musimy odpowiednio zaplanowa\u0107 sw\u00f3j czas i \u0107wiczy\u0107 si\u0119 w tym, by regularnie si\u0119 modli\u0107.<br \/>\n&nbsp;<br \/>\nThe saints in the churches in the Lord&#8217;s recovery have never been so ready to enter into such prayer. Today, more than ever, there is a strong one accord and rich blending among the co-workers and the churches on the earth. We can truly pray as one Body, even as one new man, joined to Christ, our ascended Head. Together let us put on the whole armor of God to stand against the rulers and authorities of darkness and the spiritual forces of evil in the heavenlies. Let us continue steadfastly to pray at every time and in every place for God\u2019s will to be done on the earth.<br \/>\n&nbsp;<br \/>\nDlatego te\u017c, aby sprosta\u0107 tej potrzebie w tym wa\u017cnym momencie, wzywamy wszystkich \u015bwi\u0119tych z ka\u017cdego kontynentu, narodu i miejscowo\u015bci w Pa\u0144skim odzyskiwaniu do czujnego i \u017carliwego uczestnictwa w tej modlitewnej pos\u0142udze. Mamy szczeg\u00f3ln\u0105 nadziej\u0119, \u017ce wielu we\u017amie udzia\u0142 w tej og\u00f3lno\u015bwiatowej, ca\u0142odobowej modlitwie i b\u0119dzie wyznaczonymi str\u00f3\u017cami na murach Jerozolimy (Ksi\u0119ga Izajasza 62:6) przez te 21 dni i do czasu, a\u017c odbierze On chwa\u0142\u0119 na ca\u0142ej ziemi!<br \/>\n&nbsp;<br \/>\n<em>\u201eI dym kadzid\u0142a wzni\u00f3s\u0142 si\u0119 z modlitwami \u015bwi\u0119tych z r\u0119ki Anio\u0142a przed Bogiem. A Anio\u0142 wzi\u0105\u0142 kadzielnic\u0119 i nape\u0142ni\u0142 j\u0105 ogniem o\u0142tarza, i rzuci\u0142 na ziemi\u0119; i by\u0142y grzmoty i g\u0142osy, i b\u0142yskawice, i trz\u0119sienia ziemi\u201d \u2013 Obj 8:4\u20135<\/em>\n<p><img alt=\"\" width=\"25650\" height=\"150\" \/><\/p>","protected":false},"excerpt":{"rendered":"<p>A CALL FOR GLOBAL PRAYER MARCH 30, 2020 Upon your walls, O Jerusalem, I have appointed watchmen; all day and all night they will never keep silent. You who remind Jehovah, do not be dumb; and do not give Him quiet until He establishes\u00a0and until He makes Jerusalem a praise in the earth.\u00a0\u2014Isaiah 62:6-7 &nbsp;&hellip;<\/p>","protected":false},"author":1,"featured_media":0,"parent":0,"menu_order":0,"comment_status":"closed","ping_status":"closed","template":"","meta":{"inline_featured_image":false,"footnotes":""},"class_list":["post-775","page","type-page","status-publish","hentry"],"yoast_head":"<!-- This site is optimized with the Yoast SEO plugin v27.6 - https:\/\/yoast.com\/product\/yoast-seo-wordpress\/ -->\n<title>Letter 1 - Unceasingly Pray<\/title>\n<meta name=\"robots\" content=\"index, follow, max-snippet:-1, max-image-preview:large, max-video-preview:-1\" \/>\n<link rel=\"canonical\" href=\"https:\/\/unceasinglypray.org\/pl\/letter-1\/\" \/>\n<meta property=\"og:locale\" content=\"pl_PL\" \/>\n<meta property=\"og:type\" content=\"article\" \/>\n<meta property=\"og:title\" content=\"Letter 1 - Unceasingly Pray\" \/>\n<meta property=\"og:description\" content=\"A CALL FOR GLOBAL PRAYER MARCH 30, 2020 Upon your walls, O Jerusalem, I have appointed watchmen; all day and all night they will never keep silent. You who remind Jehovah, do not be dumb; and do not give Him quiet until He establishes\u00a0and until He makes Jerusalem a praise in the earth.\u00a0\u2014Isaiah 62:6-7 &nbsp;&hellip;\" \/>\n<meta property=\"og:url\" content=\"https:\/\/unceasinglypray.org\/pl\/letter-1\/\" \/>\n<meta property=\"og:site_name\" content=\"Unceasingly Pray\" \/>\n<meta property=\"article:modified_time\" content=\"2020-04-29T22:49:35+00:00\" \/>\n<meta name=\"twitter:card\" content=\"summary_large_image\" \/>\n<meta name=\"twitter:label1\" content=\"Szacowany czas czytania\" \/>\n\t<meta name=\"twitter:data1\" content=\"8 minut\" \/>\n<script type=\"application\/ld+json\" class=\"yoast-schema-graph\">{\"@context\":\"https:\\\/\\\/schema.org\",\"@graph\":[{\"@type\":\"WebPage\",\"@id\":\"https:\\\/\\\/unceasinglypray.org\\\/ro\\\/letter-1\\\/\",\"url\":\"https:\\\/\\\/unceasinglypray.org\\\/ro\\\/letter-1\\\/\",\"name\":\"Letter 1 - Unceasingly Pray\",\"isPartOf\":{\"@id\":\"https:\\\/\\\/unceasinglypray.org\\\/ar\\\/#website\"},\"datePublished\":\"2020-04-29T19:38:04+00:00\",\"dateModified\":\"2020-04-29T22:49:35+00:00\",\"breadcrumb\":{\"@id\":\"https:\\\/\\\/unceasinglypray.org\\\/ro\\\/letter-1\\\/#breadcrumb\"},\"inLanguage\":\"pl-PL\",\"potentialAction\":[{\"@type\":\"ReadAction\",\"target\":[\"https:\\\/\\\/unceasinglypray.org\\\/ro\\\/letter-1\\\/\"]}]},{\"@type\":\"BreadcrumbList\",\"@id\":\"https:\\\/\\\/unceasinglypray.org\\\/ro\\\/letter-1\\\/#breadcrumb\",\"itemListElement\":[{\"@type\":\"ListItem\",\"position\":1,\"name\":\"Home\",\"item\":\"https:\\\/\\\/unceasinglypray.org\\\/pt\\\/\"},{\"@type\":\"ListItem\",\"position\":2,\"name\":\"Letter 1\"}]},{\"@type\":\"WebSite\",\"@id\":\"https:\\\/\\\/unceasinglypray.org\\\/ar\\\/#website\",\"url\":\"https:\\\/\\\/unceasinglypray.org\\\/ar\\\/\",\"name\":\"Unceasingly Pray\",\"description\":\"\",\"potentialAction\":[{\"@type\":\"SearchAction\",\"target\":{\"@type\":\"EntryPoint\",\"urlTemplate\":\"https:\\\/\\\/unceasinglypray.org\\\/ar\\\/?s={search_term_string}\"},\"query-input\":{\"@type\":\"PropertyValueSpecification\",\"valueRequired\":true,\"valueName\":\"search_term_string\"}}],\"inLanguage\":\"pl-PL\"}]}<\/script>\n<!-- \/ Yoast SEO plugin. -->","yoast_head_json":{"title":"Letter 1 - Unceasingly Pray","robots":{"index":"index","follow":"follow","max-snippet":"max-snippet:-1","max-image-preview":"max-image-preview:large","max-video-preview":"max-video-preview:-1"},"canonical":"https:\/\/unceasinglypray.org\/pl\/letter-1\/","og_locale":"pl_PL","og_type":"article","og_title":"Letter 1 - Unceasingly Pray","og_description":"A CALL FOR GLOBAL PRAYER MARCH 30, 2020 Upon your walls, O Jerusalem, I have appointed watchmen; all day and all night they will never keep silent. You who remind Jehovah, do not be dumb; and do not give Him quiet until He establishes\u00a0and until He makes Jerusalem a praise in the earth.\u00a0\u2014Isaiah 62:6-7 &nbsp;&hellip;","og_url":"https:\/\/unceasinglypray.org\/pl\/letter-1\/","og_site_name":"Unceasingly Pray","article_modified_time":"2020-04-29T22:49:35+00:00","twitter_card":"summary_large_image","twitter_misc":{"Szacowany czas czytania":"8 minut"},"schema":{"@context":"https:\/\/schema.org","@graph":[{"@type":"WebPage","@id":"https:\/\/unceasinglypray.org\/ro\/letter-1\/","url":"https:\/\/unceasinglypray.org\/ro\/letter-1\/","name":"Letter 1 - Unceasingly Pray","isPartOf":{"@id":"https:\/\/unceasinglypray.org\/ar\/#website"},"datePublished":"2020-04-29T19:38:04+00:00","dateModified":"2020-04-29T22:49:35+00:00","breadcrumb":{"@id":"https:\/\/unceasinglypray.org\/ro\/letter-1\/#breadcrumb"},"inLanguage":"pl-PL","potentialAction":[{"@type":"ReadAction","target":["https:\/\/unceasinglypray.org\/ro\/letter-1\/"]}]},{"@type":"BreadcrumbList","@id":"https:\/\/unceasinglypray.org\/ro\/letter-1\/#breadcrumb","itemListElement":[{"@type":"ListItem","position":1,"name":"Home","item":"https:\/\/unceasinglypray.org\/pt\/"},{"@type":"ListItem","position":2,"name":"Letter 1"}]},{"@type":"WebSite","@id":"https:\/\/unceasinglypray.org\/ar\/#website","url":"https:\/\/unceasinglypray.org\/ar\/","name":"Unceasingly Pray","description":"","potentialAction":[{"@type":"SearchAction","target":{"@type":"EntryPoint","urlTemplate":"https:\/\/unceasinglypray.org\/ar\/?s={search_term_string}"},"query-input":{"@type":"PropertyValueSpecification","valueRequired":true,"valueName":"search_term_string"}}],"inLanguage":"pl-PL"}]}},"_links":{"self":[{"href":"https:\/\/unceasinglypray.org\/pl\/wp-json\/wp\/v2\/pages\/775","targetHints":{"allow":["GET"]}}],"collection":[{"href":"https:\/\/unceasinglypray.org\/pl\/wp-json\/wp\/v2\/pages"}],"about":[{"href":"https:\/\/unceasinglypray.org\/pl\/wp-json\/wp\/v2\/types\/page"}],"author":[{"embeddable":true,"href":"https:\/\/unceasinglypray.org\/pl\/wp-json\/wp\/v2\/users\/1"}],"replies":[{"embeddable":true,"href":"https:\/\/unceasinglypray.org\/pl\/wp-json\/wp\/v2\/comments?post=775"}],"version-history":[{"count":0,"href":"https:\/\/unceasinglypray.org\/pl\/wp-json\/wp\/v2\/pages\/775\/revisions"}],"wp:attachment":[{"href":"https:\/\/unceasinglypray.org\/pl\/wp-json\/wp\/v2\/media?parent=775"}],"curies":[{"name":"wp","href":"https:\/\/api.w.org\/{rel}","templated":true}]}}