{"id":755,"date":"2020-04-21T17:35:14","date_gmt":"2020-04-21T17:35:14","guid":{"rendered":"https:\/\/unceasinglypray.org\/?page_id=755"},"modified":"2020-06-11T15:13:02","modified_gmt":"2020-06-11T15:13:02","slug":"day-29","status":"publish","type":"page","link":"https:\/\/unceasinglypray.org\/pl\/day-29\/","title":{"rendered":"Day 29"},"content":{"rendered":"<p><a href=\"https:\/\/unceasinglypray.org\/pl\/day-29\/\">DAY 29: PRAYER FOR A NEW REVIVAL<\/a><\/p>\n\t<p>1 Tm 1:3\u20134; Ga 2:20; Flp 1:21a; J 21:15\u201317; 1 Kor 12:24; Kol 3:10\u201311<\/p>\n\t<p>M\u00f3dlmy si\u0119 o Pa\u0144skie odzyskiwanie, \u017ceby do\u015bwiadczy\u0142o nowego o\u017cywienia, jakiego w historii jeszcze nigdy nie by\u0142o i jakie b\u0119dzie wynikiem pomy\u015blnego praktykowania szczytowych objawie\u0144 o Bo\u017cej ekonomii, obejmuj\u0105cych codzienne \u017cycie Boga-cz\u0142owieka, powszechne pasienie i scalanie s\u0142u\u017c\u0105ce rzeczywi\u015bci Cia\u0142a Chrystusa i jednego nowego cz\u0142owieka (1 Tm 1:3\u20134; Ga 2:20; Flp 1:21a; J 21:15\u201317; 1 Kor 12:24; Kol 3:10\u201311).<\/p>\n\t<p><strong>1 Tm 1:3\u20134 <\/strong>\u2014Even as I exhorted you, when I was going into Macedonia, to remain in Ephesus in order that you might charge certain ones not to teach different things nor to give heed to myths and unending genealogies, which produce questionings rather than God&#8217;s economy, which is in faith.<\/p>\n<p><strong>Ga 2:20 <\/strong>\u2014 Z Chrystusem jestem ukrzy\u017cowany; i ju\u017c nie ja \u017cyj\u0119, lecz \u017cyje we mnie Chrystus; a \u017cycie, kt\u00f3re teraz prowadz\u0119 w ciele, prowadz\u0119 w wierze, kt\u00f3ra jest wiar\u0105 Syna Boga, kt\u00f3ry mnie ukocha\u0142 i wyda\u0142 za mnie samego siebie.<\/p>\n<p><strong>Flp 1:21a <\/strong>\u2014 Dla mnie bowiem \u017cy\u0107 to Chrystus.<\/p>\n<p><strong>J 21:15\u201317 <\/strong>\u2014 W\u00f3wczas, gdy zjedli \u015bniadanie, Jezus powiedzia\u0142 do Szymona Piotra: Szymonie, synu Jana, czy kochasz Mnie bardziej ni\u017c ci? Rzek\u0142 Mu: Tak, Panie, Ty wiesz, \u017ce Ci\u0119 kocham. Powiedzia\u0142 mu; Karm moje baranki. Powiedzia\u0142 do niego ponownie, po raz drugi: Szymonie, synu Jana, czy Mnie kochasz? Rzek\u0142 Mu: Tak, Panie, Ty wiesz, \u017ce Ci\u0119 kocham. Powiedzia\u0142 mu: Pa\u015b moje owce. Powiedzia\u0142 do niego po raz trzeci: Szymonie, synu Jana, czy Mnie kochasz: Piotr zasmuci\u0142 si\u0119, \u017ce powiedzia\u0142 mu po raz trzeci: Czy Mnie kochasz? I rzek\u0142 Mu: Panie, Ty wszystko wiesz; Ty wiesz, \u017ce Ci\u0119 kocham. Jezus mu powiedzia\u0142: Karm moje owce.<\/p>\n<p><strong>1 Kor 12:24 <\/strong>\u2014 Nasze przyzwoite cz\u0142onki za\u015b nie maj\u0105 \u017cadnej potrzeby. Lecz B\u00f3g scali\u0142 cia\u0142o razem, daj\u0105c wi\u0119kszy szacunek cz\u0142onkowi, kt\u00f3remu brakowa\u0142o.<\/p>\n<p><strong>Kol 3:10\u201311 <\/strong>\u2014 I przyoblekli\u015bcie si\u0119 w nowego cz\u0142owieka, kt\u00f3ry jest odnawiany ku pe\u0142nemu poznaniu, wed\u0142ug obrazu Tego, kt\u00f3ry go stworzy\u0142, gdzie nie mo\u017ce by\u0107 Greka i \u017byda, obrzezania i nieobrzezania, barbarzy\u0144cy, Scyty, niewolnika, wolnego, lecz Chrystus jest wszystkimi i we wszystkich.<\/p>\n\t\t<h3><\/h3>\n\t\t<p>Trwajcie niez\u0142omnie w modlitwie.<\/p>\n\t\t\t<a href=\"https:\/\/unceasinglypray.org\/pl\/sign-up\/\" target=\"_self\" role=\"button\" rel=\"noopener noreferrer\">\n\t\t\t\t\t\t\tWYBIERZ PRZEDZIA\u0141 CZASOWY\n\t\t\t\t\t<\/a>","protected":false},"excerpt":{"rendered":"<p>DAY 29: PRAYER FOR A NEW REVIVAL 1 Tim. 1:3-4; Gal. 2:20; Phil. 1:21a; John 21:15-17; 1 Cor. 12:24; Col. 3:10-11 Pray for the Lord\u2019s recovery to experience a new revival, a revival that has never occurred in history, which will be the issue of our successful practice of the high peak revelations of God\u2019s&hellip;<\/p>","protected":false},"author":2,"featured_media":0,"parent":0,"menu_order":0,"comment_status":"closed","ping_status":"closed","template":"","meta":{"inline_featured_image":false,"footnotes":""},"class_list":["post-755","page","type-page","status-publish","hentry"],"yoast_head":"<!-- This site is optimized with the Yoast SEO plugin v27.4 - https:\/\/yoast.com\/product\/yoast-seo-wordpress\/ -->\n<title>Day 29 - Unceasingly Pray<\/title>\n<meta name=\"robots\" content=\"index, follow, max-snippet:-1, max-image-preview:large, max-video-preview:-1\" \/>\n<link rel=\"canonical\" href=\"http:\/\/unceasinglypray.org\/pl\/day-29\/\" \/>\n<meta property=\"og:locale\" content=\"pl_PL\" \/>\n<meta property=\"og:type\" content=\"article\" \/>\n<meta property=\"og:title\" content=\"Day 29 - Unceasingly Pray\" \/>\n<meta property=\"og:description\" content=\"DAY 29: PRAYER FOR A NEW REVIVAL 1 Tim. 1:3-4; Gal. 2:20; Phil. 1:21a; John 21:15-17; 1 Cor. 12:24; Col. 3:10-11 Pray for the Lord\u2019s recovery to experience a new revival, a revival that has never occurred in history, which will be the issue of our successful practice of the high peak revelations of God\u2019s&hellip;\" \/>\n<meta property=\"og:url\" content=\"http:\/\/unceasinglypray.org\/pl\/day-29\/\" \/>\n<meta property=\"og:site_name\" content=\"Unceasingly Pray\" \/>\n<meta property=\"article:modified_time\" content=\"2020-06-11T15:13:02+00:00\" \/>\n<meta name=\"twitter:card\" content=\"summary_large_image\" \/>\n<meta name=\"twitter:label1\" content=\"Szacowany czas czytania\" \/>\n\t<meta name=\"twitter:data1\" content=\"2 minuty\" \/>\n<script type=\"application\/ld+json\" class=\"yoast-schema-graph\">{\"@context\":\"https:\\\/\\\/schema.org\",\"@graph\":[{\"@type\":\"WebPage\",\"@id\":\"http:\\\/\\\/unceasinglypray.org\\\/cs\\\/day-29\\\/\",\"url\":\"http:\\\/\\\/unceasinglypray.org\\\/cs\\\/day-29\\\/\",\"name\":\"Day 29 - Unceasingly Pray\",\"isPartOf\":{\"@id\":\"https:\\\/\\\/unceasinglypray.org\\\/ar\\\/#website\"},\"datePublished\":\"2020-04-21T17:35:14+00:00\",\"dateModified\":\"2020-06-11T15:13:02+00:00\",\"breadcrumb\":{\"@id\":\"http:\\\/\\\/unceasinglypray.org\\\/cs\\\/day-29\\\/#breadcrumb\"},\"inLanguage\":\"pl-PL\",\"potentialAction\":[{\"@type\":\"ReadAction\",\"target\":[\"http:\\\/\\\/unceasinglypray.org\\\/cs\\\/day-29\\\/\"]}]},{\"@type\":\"BreadcrumbList\",\"@id\":\"http:\\\/\\\/unceasinglypray.org\\\/cs\\\/day-29\\\/#breadcrumb\",\"itemListElement\":[{\"@type\":\"ListItem\",\"position\":1,\"name\":\"Home\",\"item\":\"https:\\\/\\\/unceasinglypray.org\\\/pt\\\/\"},{\"@type\":\"ListItem\",\"position\":2,\"name\":\"Day 29\"}]},{\"@type\":\"WebSite\",\"@id\":\"https:\\\/\\\/unceasinglypray.org\\\/ar\\\/#website\",\"url\":\"https:\\\/\\\/unceasinglypray.org\\\/ar\\\/\",\"name\":\"Unceasingly Pray\",\"description\":\"\",\"potentialAction\":[{\"@type\":\"SearchAction\",\"target\":{\"@type\":\"EntryPoint\",\"urlTemplate\":\"https:\\\/\\\/unceasinglypray.org\\\/ar\\\/?s={search_term_string}\"},\"query-input\":{\"@type\":\"PropertyValueSpecification\",\"valueRequired\":true,\"valueName\":\"search_term_string\"}}],\"inLanguage\":\"pl-PL\"}]}<\/script>\n<!-- \/ Yoast SEO plugin. -->","yoast_head_json":{"title":"Day 29 - Unceasingly Pray","robots":{"index":"index","follow":"follow","max-snippet":"max-snippet:-1","max-image-preview":"max-image-preview:large","max-video-preview":"max-video-preview:-1"},"canonical":"http:\/\/unceasinglypray.org\/pl\/day-29\/","og_locale":"pl_PL","og_type":"article","og_title":"Day 29 - Unceasingly Pray","og_description":"DAY 29: PRAYER FOR A NEW REVIVAL 1 Tim. 1:3-4; Gal. 2:20; Phil. 1:21a; John 21:15-17; 1 Cor. 12:24; Col. 3:10-11 Pray for the Lord\u2019s recovery to experience a new revival, a revival that has never occurred in history, which will be the issue of our successful practice of the high peak revelations of God\u2019s&hellip;","og_url":"http:\/\/unceasinglypray.org\/pl\/day-29\/","og_site_name":"Unceasingly Pray","article_modified_time":"2020-06-11T15:13:02+00:00","twitter_card":"summary_large_image","twitter_misc":{"Szacowany czas czytania":"2 minuty"},"schema":{"@context":"https:\/\/schema.org","@graph":[{"@type":"WebPage","@id":"http:\/\/unceasinglypray.org\/cs\/day-29\/","url":"http:\/\/unceasinglypray.org\/cs\/day-29\/","name":"Day 29 - Unceasingly Pray","isPartOf":{"@id":"https:\/\/unceasinglypray.org\/ar\/#website"},"datePublished":"2020-04-21T17:35:14+00:00","dateModified":"2020-06-11T15:13:02+00:00","breadcrumb":{"@id":"http:\/\/unceasinglypray.org\/cs\/day-29\/#breadcrumb"},"inLanguage":"pl-PL","potentialAction":[{"@type":"ReadAction","target":["http:\/\/unceasinglypray.org\/cs\/day-29\/"]}]},{"@type":"BreadcrumbList","@id":"http:\/\/unceasinglypray.org\/cs\/day-29\/#breadcrumb","itemListElement":[{"@type":"ListItem","position":1,"name":"Home","item":"https:\/\/unceasinglypray.org\/pt\/"},{"@type":"ListItem","position":2,"name":"Day 29"}]},{"@type":"WebSite","@id":"https:\/\/unceasinglypray.org\/ar\/#website","url":"https:\/\/unceasinglypray.org\/ar\/","name":"Unceasingly Pray","description":"","potentialAction":[{"@type":"SearchAction","target":{"@type":"EntryPoint","urlTemplate":"https:\/\/unceasinglypray.org\/ar\/?s={search_term_string}"},"query-input":{"@type":"PropertyValueSpecification","valueRequired":true,"valueName":"search_term_string"}}],"inLanguage":"pl-PL"}]}},"_links":{"self":[{"href":"https:\/\/unceasinglypray.org\/pl\/wp-json\/wp\/v2\/pages\/755","targetHints":{"allow":["GET"]}}],"collection":[{"href":"https:\/\/unceasinglypray.org\/pl\/wp-json\/wp\/v2\/pages"}],"about":[{"href":"https:\/\/unceasinglypray.org\/pl\/wp-json\/wp\/v2\/types\/page"}],"author":[{"embeddable":true,"href":"https:\/\/unceasinglypray.org\/pl\/wp-json\/wp\/v2\/users\/2"}],"replies":[{"embeddable":true,"href":"https:\/\/unceasinglypray.org\/pl\/wp-json\/wp\/v2\/comments?post=755"}],"version-history":[{"count":0,"href":"https:\/\/unceasinglypray.org\/pl\/wp-json\/wp\/v2\/pages\/755\/revisions"}],"wp:attachment":[{"href":"https:\/\/unceasinglypray.org\/pl\/wp-json\/wp\/v2\/media?parent=755"}],"curies":[{"name":"wp","href":"https:\/\/api.w.org\/{rel}","templated":true}]}}