{"id":752,"date":"2020-04-21T17:30:43","date_gmt":"2020-04-21T17:30:43","guid":{"rendered":"https:\/\/unceasinglypray.org\/?page_id=752"},"modified":"2020-06-11T15:12:02","modified_gmt":"2020-06-11T15:12:02","slug":"day-26","status":"publish","type":"page","link":"https:\/\/unceasinglypray.org\/pl\/day-26\/","title":{"rendered":"Day 26"},"content":{"rendered":"<p><a href=\"https:\/\/unceasinglypray.org\/pl\/day-26\/\">DAY 26: PRAYER FOR MATURITY<\/a><\/p>\n\t<p>2 P 1:5\u201311 <\/p>\n\t<p>M\u00f3dlmy si\u0119 za \u015bwi\u0119tych, aby wzrastali w \u017cyciu ku dojrza\u0142o\u015bci, \u017ceby \u201ew ten spos\u00f3b [byli] bogato i obficie zaopatrzeni w wej\u015bcie do wiecznego kr\u00f3lestwa naszego Pana i Zbawiciela, Jezusa Chrystusa\u201d (2 P 1:5\u201311).<\/p>\n\t<p><strong>2 P 1:5\u201311 <\/strong>\u2014 I w\u0142a\u015bnie dlatego te\u017c, dok\u0142adaj\u0105c wszelkiej pilno\u015bci, obficie zaopatrujcie siebie w waszej wierze w cnot\u0119; w cnocie za\u015b \u2014 w poznanie; w poznaniu za\u015b \u2014 w panowanie nad sob\u0105; w panowaniu nad sob\u0105 za\u015b \u2014 w wytrwa\u0142o\u015b\u0107; w wytrwa\u0142o\u015bci za\u015b \u2014 w pobo\u017cno\u015b\u0107; w pobo\u017cno\u015bci za\u015b \u2014 w bratersk\u0105 mi\u0142o\u015b\u0107; w braterskiej mi\u0142o\u015bci za\u015b \u2014 w mi\u0142o\u015b\u0107. Bo to wszystko, istniej\u0105c w was i obfituj\u0105c, nie konstytuuje was ani bezczynnymi, ani bezowocnymi ku pe\u0142nemu poznaniu naszego Pana Jezusa Chrystusa. Ten bowiem, w kt\u00f3rym nie jest to obecne, jest \u015blepy, b\u0119d\u0105c kr\u00f3tkowzroczny, zapomniawszy o oczyszczeniu ze swoich dawnych grzech\u00f3w. Dlatego tym bardziej, bracia, pilnie starajcie si\u0119 czyni\u0107 wasze powo\u0142anie i wybranie mocnym, bo czyni\u0105c to wszystko, w \u017cadnym razie nigdy si\u0119 nie potkniecie. W ten spos\u00f3b bowiem b\u0119dziecie bogato i obficie zaopatrzeni w wej\u015bcie do wiecznego kr\u00f3lestwa naszego Pana i Zbawiciela, Jezusa Chrystusa.<\/p>\n\t\t<h3><\/h3>\n\t\t<p>Trwajcie niez\u0142omnie w modlitwie.<\/p>\n\t\t\t<a href=\"https:\/\/unceasinglypray.org\/pl\/sign-up\/\" target=\"_self\" role=\"button\" rel=\"noopener noreferrer\">\n\t\t\t\t\t\t\tWYBIERZ PRZEDZIA\u0141 CZASOWY\n\t\t\t\t\t<\/a>","protected":false},"excerpt":{"rendered":"<p>DAY 26: PRAYER FOR MATURITY 2 Pet. 1:5-11 Pray for the saints to grow in life unto maturity so that \u201cin this way the entrance into the eternal kingdom of our Lord and Savior Jesus Christ will be richly and bountifully supplied\u201d to them (2 Pet. 1:5-11). 2 Pet. 1:5-11\u2014And for this very reason also,&hellip;<\/p>","protected":false},"author":2,"featured_media":0,"parent":0,"menu_order":0,"comment_status":"closed","ping_status":"closed","template":"","meta":{"inline_featured_image":false,"footnotes":""},"class_list":["post-752","page","type-page","status-publish","hentry"],"yoast_head":"<!-- This site is optimized with the Yoast SEO plugin v27.3 - https:\/\/yoast.com\/product\/yoast-seo-wordpress\/ -->\n<title>Day 26 - Unceasingly Pray<\/title>\n<meta name=\"robots\" content=\"index, follow, max-snippet:-1, max-image-preview:large, max-video-preview:-1\" \/>\n<link rel=\"canonical\" href=\"http:\/\/unceasinglypray.org\/pl\/day-26\/\" \/>\n<meta property=\"og:locale\" content=\"pl_PL\" \/>\n<meta property=\"og:type\" content=\"article\" \/>\n<meta property=\"og:title\" content=\"Day 26 - Unceasingly Pray\" \/>\n<meta property=\"og:description\" content=\"DAY 26: PRAYER FOR MATURITY 2 Pet. 1:5-11 Pray for the saints to grow in life unto maturity so that \u201cin this way the entrance into the eternal kingdom of our Lord and Savior Jesus Christ will be richly and bountifully supplied\u201d to them (2 Pet. 1:5-11). 2 Pet. 1:5-11\u2014And for this very reason also,&hellip;\" \/>\n<meta property=\"og:url\" content=\"http:\/\/unceasinglypray.org\/pl\/day-26\/\" \/>\n<meta property=\"og:site_name\" content=\"Unceasingly Pray\" \/>\n<meta property=\"article:modified_time\" content=\"2020-06-11T15:12:02+00:00\" \/>\n<meta name=\"twitter:card\" content=\"summary_large_image\" \/>\n<meta name=\"twitter:label1\" content=\"Szacowany czas czytania\" \/>\n\t<meta name=\"twitter:data1\" content=\"1 minuta\" \/>\n<script type=\"application\/ld+json\" class=\"yoast-schema-graph\">{\"@context\":\"https:\\\/\\\/schema.org\",\"@graph\":[{\"@type\":\"WebPage\",\"@id\":\"http:\\\/\\\/unceasinglypray.org\\\/ko\\\/day-26\\\/\",\"url\":\"http:\\\/\\\/unceasinglypray.org\\\/ko\\\/day-26\\\/\",\"name\":\"Day 26 - Unceasingly Pray\",\"isPartOf\":{\"@id\":\"https:\\\/\\\/unceasinglypray.org\\\/ar\\\/#website\"},\"datePublished\":\"2020-04-21T17:30:43+00:00\",\"dateModified\":\"2020-06-11T15:12:02+00:00\",\"breadcrumb\":{\"@id\":\"http:\\\/\\\/unceasinglypray.org\\\/ko\\\/day-26\\\/#breadcrumb\"},\"inLanguage\":\"pl-PL\",\"potentialAction\":[{\"@type\":\"ReadAction\",\"target\":[\"http:\\\/\\\/unceasinglypray.org\\\/ko\\\/day-26\\\/\"]}]},{\"@type\":\"BreadcrumbList\",\"@id\":\"http:\\\/\\\/unceasinglypray.org\\\/ko\\\/day-26\\\/#breadcrumb\",\"itemListElement\":[{\"@type\":\"ListItem\",\"position\":1,\"name\":\"Home\",\"item\":\"https:\\\/\\\/unceasinglypray.org\\\/pt\\\/\"},{\"@type\":\"ListItem\",\"position\":2,\"name\":\"Day 26\"}]},{\"@type\":\"WebSite\",\"@id\":\"https:\\\/\\\/unceasinglypray.org\\\/ar\\\/#website\",\"url\":\"https:\\\/\\\/unceasinglypray.org\\\/ar\\\/\",\"name\":\"Unceasingly Pray\",\"description\":\"\",\"potentialAction\":[{\"@type\":\"SearchAction\",\"target\":{\"@type\":\"EntryPoint\",\"urlTemplate\":\"https:\\\/\\\/unceasinglypray.org\\\/ar\\\/?s={search_term_string}\"},\"query-input\":{\"@type\":\"PropertyValueSpecification\",\"valueRequired\":true,\"valueName\":\"search_term_string\"}}],\"inLanguage\":\"pl-PL\"}]}<\/script>\n<!-- \/ Yoast SEO plugin. -->","yoast_head_json":{"title":"Day 26 - Unceasingly Pray","robots":{"index":"index","follow":"follow","max-snippet":"max-snippet:-1","max-image-preview":"max-image-preview:large","max-video-preview":"max-video-preview:-1"},"canonical":"http:\/\/unceasinglypray.org\/pl\/day-26\/","og_locale":"pl_PL","og_type":"article","og_title":"Day 26 - Unceasingly Pray","og_description":"DAY 26: PRAYER FOR MATURITY 2 Pet. 1:5-11 Pray for the saints to grow in life unto maturity so that \u201cin this way the entrance into the eternal kingdom of our Lord and Savior Jesus Christ will be richly and bountifully supplied\u201d to them (2 Pet. 1:5-11). 2 Pet. 1:5-11\u2014And for this very reason also,&hellip;","og_url":"http:\/\/unceasinglypray.org\/pl\/day-26\/","og_site_name":"Unceasingly Pray","article_modified_time":"2020-06-11T15:12:02+00:00","twitter_card":"summary_large_image","twitter_misc":{"Szacowany czas czytania":"1 minuta"},"schema":{"@context":"https:\/\/schema.org","@graph":[{"@type":"WebPage","@id":"http:\/\/unceasinglypray.org\/ko\/day-26\/","url":"http:\/\/unceasinglypray.org\/ko\/day-26\/","name":"Day 26 - Unceasingly Pray","isPartOf":{"@id":"https:\/\/unceasinglypray.org\/ar\/#website"},"datePublished":"2020-04-21T17:30:43+00:00","dateModified":"2020-06-11T15:12:02+00:00","breadcrumb":{"@id":"http:\/\/unceasinglypray.org\/ko\/day-26\/#breadcrumb"},"inLanguage":"pl-PL","potentialAction":[{"@type":"ReadAction","target":["http:\/\/unceasinglypray.org\/ko\/day-26\/"]}]},{"@type":"BreadcrumbList","@id":"http:\/\/unceasinglypray.org\/ko\/day-26\/#breadcrumb","itemListElement":[{"@type":"ListItem","position":1,"name":"Home","item":"https:\/\/unceasinglypray.org\/pt\/"},{"@type":"ListItem","position":2,"name":"Day 26"}]},{"@type":"WebSite","@id":"https:\/\/unceasinglypray.org\/ar\/#website","url":"https:\/\/unceasinglypray.org\/ar\/","name":"Unceasingly Pray","description":"","potentialAction":[{"@type":"SearchAction","target":{"@type":"EntryPoint","urlTemplate":"https:\/\/unceasinglypray.org\/ar\/?s={search_term_string}"},"query-input":{"@type":"PropertyValueSpecification","valueRequired":true,"valueName":"search_term_string"}}],"inLanguage":"pl-PL"}]}},"_links":{"self":[{"href":"https:\/\/unceasinglypray.org\/pl\/wp-json\/wp\/v2\/pages\/752","targetHints":{"allow":["GET"]}}],"collection":[{"href":"https:\/\/unceasinglypray.org\/pl\/wp-json\/wp\/v2\/pages"}],"about":[{"href":"https:\/\/unceasinglypray.org\/pl\/wp-json\/wp\/v2\/types\/page"}],"author":[{"embeddable":true,"href":"https:\/\/unceasinglypray.org\/pl\/wp-json\/wp\/v2\/users\/2"}],"replies":[{"embeddable":true,"href":"https:\/\/unceasinglypray.org\/pl\/wp-json\/wp\/v2\/comments?post=752"}],"version-history":[{"count":0,"href":"https:\/\/unceasinglypray.org\/pl\/wp-json\/wp\/v2\/pages\/752\/revisions"}],"wp:attachment":[{"href":"https:\/\/unceasinglypray.org\/pl\/wp-json\/wp\/v2\/media?parent=752"}],"curies":[{"name":"wp","href":"https:\/\/api.w.org\/{rel}","templated":true}]}}