{"id":750,"date":"2020-04-21T17:29:53","date_gmt":"2020-04-21T17:29:53","guid":{"rendered":"https:\/\/unceasinglypray.org\/?page_id=750"},"modified":"2020-06-11T15:11:41","modified_gmt":"2020-06-11T15:11:41","slug":"day-25","status":"publish","type":"page","link":"https:\/\/unceasinglypray.org\/pl\/day-25\/","title":{"rendered":"Day 25"},"content":{"rendered":"<p><a href=\"https:\/\/unceasinglypray.org\/pl\/day-25\/\">DAY 25: PRAYER TO HAVE A HIDDEN LIFE WITH THE FATHER<\/a><\/p>\n\t<p>Mt 6:1\u20136; Kol 3:3<\/p>\n\t<p>M\u00f3dlmy si\u0119 za \u015bwi\u0119tych, aby jako lud kr\u00f3lestwa, dzieci niebia\u0144skiego Ojca, prowadzili duchowe \u017cycie \u2014 kt\u00f3re odpowiada tajemniczej, ukrytej naturze boskiego \u017cycia \u2014 modl\u0105c si\u0119 w ukryciu do swego niebia\u0144skiego Ojca, do\u015bwiadczaj\u0105c nieco z ukrytego radowania si\u0119 Ojcem i otrzymuj\u0105c od Niego odpowiedzi w ukryciu (Mt 6:1\u20136; Kol 3:3).<\/p>\n\t<p><strong>Mt 6:1\u20136 <\/strong>\u2014 Ale strze\u017ccie si\u0119, \u017ceby\u015bcie nie czynili swojej sprawiedliwo\u015bci przed lud\u017ami po to, by na was patrzyli; w przeciwnym razie nie macie nagrody u waszego Ojca, kt\u00f3ry jest w niebiosach. Kiedy wi\u0119c dajesz ja\u0142mu\u017cn\u0119, nie tr\u0105b przed sob\u0105, jak to robi\u0105 ob\u0142udnicy w synagogach I na ulicach, \u017ceby ich ludzie chwalili. Zaprawd\u0119, m\u00f3wi\u0119 wam: w pe\u0142ni odbieraj\u0105 swoj\u0105 nagrod\u0119. Ty za\u015b, gdy dajesz ja\u0142mu\u017cn\u0119, niech twoja lewa r\u0119ka nie wie, co robi prawa, aby twoja ja\u0142mu\u017cna by\u0142a w ukryciu; a Ojciec tw\u00f3j, kt\u00f3ry widzi w ukryciu, odp\u0142aci tobie. A gdy si\u0119 modlicie, nie b\u0105d\u017acie jak ob\u0142udnicy, gdy\u017c lubi\u0105 oni si\u0119 modli\u0107 stoj\u0105c w synagogach i na rogach ulic, \u017ceby pokaza\u0107 si\u0119 ludziom. Zaprawd\u0119, m\u00f3wi\u0119 wam: w pe\u0142ni odbieraj\u0105 swoj\u0105 nagrod\u0119. Ty za\u015b, gdy si\u0119 modlisz, wejd\u017a do swego ukrytego pokoju, zamknij drzwi i m\u00f3dl si\u0119 do swego Ojca, kt\u00f3ry jest w ukryciu; a Ojciec tw\u00f3j, kt\u00f3ry widzi w ukryciu, odp\u0142aci tobie.<\/p>\n<p><strong>Kol 3:3 <\/strong>\u2014 Umarli\u015bcie bowiem, a wasze \u017cycie jest ukryte z Chrystusem w Bogu.<\/p>\n\t\t<h3><\/h3>\n\t\t<p>Trwajcie niez\u0142omnie w modlitwie.<\/p>\n\t\t\t<a href=\"https:\/\/unceasinglypray.org\/pl\/sign-up\/\" target=\"_self\" role=\"button\" rel=\"noopener noreferrer\">\n\t\t\t\t\t\t\tWYBIERZ PRZEDZIA\u0141 CZASOWY\n\t\t\t\t\t<\/a>","protected":false},"excerpt":{"rendered":"<p>DAY 25: PRAYER TO HAVE A HIDDEN LIFE WITH THE FATHER Matt. 6:1-6; Col. 3:3 Pray for the saints, as kingdom people, children of the heavenly Father, to have a spiritual life that corresponds with the mysterious, hidden nature of the divine life, praying to their heavenly Father in secret, experiencing some secret enjoyment of&hellip;<\/p>","protected":false},"author":2,"featured_media":0,"parent":0,"menu_order":0,"comment_status":"closed","ping_status":"closed","template":"","meta":{"inline_featured_image":false,"footnotes":""},"class_list":["post-750","page","type-page","status-publish","hentry"],"yoast_head":"<!-- This site is optimized with the Yoast SEO plugin v27.4 - https:\/\/yoast.com\/product\/yoast-seo-wordpress\/ -->\n<title>Day 25 - Unceasingly Pray<\/title>\n<meta name=\"robots\" content=\"index, follow, max-snippet:-1, max-image-preview:large, max-video-preview:-1\" \/>\n<link rel=\"canonical\" href=\"https:\/\/unceasinglypray.org\/pl\/day-25\/\" \/>\n<meta property=\"og:locale\" content=\"pl_PL\" \/>\n<meta property=\"og:type\" content=\"article\" \/>\n<meta property=\"og:title\" content=\"Day 25 - Unceasingly Pray\" \/>\n<meta property=\"og:description\" content=\"DAY 25: PRAYER TO HAVE A HIDDEN LIFE WITH THE FATHER Matt. 6:1-6; Col. 3:3 Pray for the saints, as kingdom people, children of the heavenly Father, to have a spiritual life that corresponds with the mysterious, hidden nature of the divine life, praying to their heavenly Father in secret, experiencing some secret enjoyment of&hellip;\" \/>\n<meta property=\"og:url\" content=\"https:\/\/unceasinglypray.org\/pl\/day-25\/\" \/>\n<meta property=\"og:site_name\" content=\"Unceasingly Pray\" \/>\n<meta property=\"article:modified_time\" content=\"2020-06-11T15:11:41+00:00\" \/>\n<meta name=\"twitter:card\" content=\"summary_large_image\" \/>\n<meta name=\"twitter:label1\" content=\"Szacowany czas czytania\" \/>\n\t<meta name=\"twitter:data1\" content=\"1 minuta\" \/>\n<script type=\"application\/ld+json\" class=\"yoast-schema-graph\">{\"@context\":\"https:\\\/\\\/schema.org\",\"@graph\":[{\"@type\":\"WebPage\",\"@id\":\"https:\\\/\\\/unceasinglypray.org\\\/day-25\\\/\",\"url\":\"https:\\\/\\\/unceasinglypray.org\\\/day-25\\\/\",\"name\":\"Day 25 - Unceasingly Pray\",\"isPartOf\":{\"@id\":\"https:\\\/\\\/unceasinglypray.org\\\/ar\\\/#website\"},\"datePublished\":\"2020-04-21T17:29:53+00:00\",\"dateModified\":\"2020-06-11T15:11:41+00:00\",\"breadcrumb\":{\"@id\":\"https:\\\/\\\/unceasinglypray.org\\\/day-25\\\/#breadcrumb\"},\"inLanguage\":\"pl-PL\",\"potentialAction\":[{\"@type\":\"ReadAction\",\"target\":[\"https:\\\/\\\/unceasinglypray.org\\\/day-25\\\/\"]}]},{\"@type\":\"BreadcrumbList\",\"@id\":\"https:\\\/\\\/unceasinglypray.org\\\/day-25\\\/#breadcrumb\",\"itemListElement\":[{\"@type\":\"ListItem\",\"position\":1,\"name\":\"Home\",\"item\":\"https:\\\/\\\/unceasinglypray.org\\\/pt\\\/\"},{\"@type\":\"ListItem\",\"position\":2,\"name\":\"Day 25\"}]},{\"@type\":\"WebSite\",\"@id\":\"https:\\\/\\\/unceasinglypray.org\\\/ar\\\/#website\",\"url\":\"https:\\\/\\\/unceasinglypray.org\\\/ar\\\/\",\"name\":\"Unceasingly Pray\",\"description\":\"\",\"potentialAction\":[{\"@type\":\"SearchAction\",\"target\":{\"@type\":\"EntryPoint\",\"urlTemplate\":\"https:\\\/\\\/unceasinglypray.org\\\/ar\\\/?s={search_term_string}\"},\"query-input\":{\"@type\":\"PropertyValueSpecification\",\"valueRequired\":true,\"valueName\":\"search_term_string\"}}],\"inLanguage\":\"pl-PL\"}]}<\/script>\n<!-- \/ Yoast SEO plugin. -->","yoast_head_json":{"title":"Day 25 - Unceasingly Pray","robots":{"index":"index","follow":"follow","max-snippet":"max-snippet:-1","max-image-preview":"max-image-preview:large","max-video-preview":"max-video-preview:-1"},"canonical":"https:\/\/unceasinglypray.org\/pl\/day-25\/","og_locale":"pl_PL","og_type":"article","og_title":"Day 25 - Unceasingly Pray","og_description":"DAY 25: PRAYER TO HAVE A HIDDEN LIFE WITH THE FATHER Matt. 6:1-6; Col. 3:3 Pray for the saints, as kingdom people, children of the heavenly Father, to have a spiritual life that corresponds with the mysterious, hidden nature of the divine life, praying to their heavenly Father in secret, experiencing some secret enjoyment of&hellip;","og_url":"https:\/\/unceasinglypray.org\/pl\/day-25\/","og_site_name":"Unceasingly Pray","article_modified_time":"2020-06-11T15:11:41+00:00","twitter_card":"summary_large_image","twitter_misc":{"Szacowany czas czytania":"1 minuta"},"schema":{"@context":"https:\/\/schema.org","@graph":[{"@type":"WebPage","@id":"https:\/\/unceasinglypray.org\/day-25\/","url":"https:\/\/unceasinglypray.org\/day-25\/","name":"Day 25 - Unceasingly Pray","isPartOf":{"@id":"https:\/\/unceasinglypray.org\/ar\/#website"},"datePublished":"2020-04-21T17:29:53+00:00","dateModified":"2020-06-11T15:11:41+00:00","breadcrumb":{"@id":"https:\/\/unceasinglypray.org\/day-25\/#breadcrumb"},"inLanguage":"pl-PL","potentialAction":[{"@type":"ReadAction","target":["https:\/\/unceasinglypray.org\/day-25\/"]}]},{"@type":"BreadcrumbList","@id":"https:\/\/unceasinglypray.org\/day-25\/#breadcrumb","itemListElement":[{"@type":"ListItem","position":1,"name":"Home","item":"https:\/\/unceasinglypray.org\/pt\/"},{"@type":"ListItem","position":2,"name":"Day 25"}]},{"@type":"WebSite","@id":"https:\/\/unceasinglypray.org\/ar\/#website","url":"https:\/\/unceasinglypray.org\/ar\/","name":"Unceasingly Pray","description":"","potentialAction":[{"@type":"SearchAction","target":{"@type":"EntryPoint","urlTemplate":"https:\/\/unceasinglypray.org\/ar\/?s={search_term_string}"},"query-input":{"@type":"PropertyValueSpecification","valueRequired":true,"valueName":"search_term_string"}}],"inLanguage":"pl-PL"}]}},"_links":{"self":[{"href":"https:\/\/unceasinglypray.org\/pl\/wp-json\/wp\/v2\/pages\/750","targetHints":{"allow":["GET"]}}],"collection":[{"href":"https:\/\/unceasinglypray.org\/pl\/wp-json\/wp\/v2\/pages"}],"about":[{"href":"https:\/\/unceasinglypray.org\/pl\/wp-json\/wp\/v2\/types\/page"}],"author":[{"embeddable":true,"href":"https:\/\/unceasinglypray.org\/pl\/wp-json\/wp\/v2\/users\/2"}],"replies":[{"embeddable":true,"href":"https:\/\/unceasinglypray.org\/pl\/wp-json\/wp\/v2\/comments?post=750"}],"version-history":[{"count":0,"href":"https:\/\/unceasinglypray.org\/pl\/wp-json\/wp\/v2\/pages\/750\/revisions"}],"wp:attachment":[{"href":"https:\/\/unceasinglypray.org\/pl\/wp-json\/wp\/v2\/media?parent=750"}],"curies":[{"name":"wp","href":"https:\/\/api.w.org\/{rel}","templated":true}]}}