{"id":747,"date":"2020-04-21T17:06:58","date_gmt":"2020-04-21T17:06:58","guid":{"rendered":"https:\/\/unceasinglypray.org\/?page_id=747"},"modified":"2020-06-11T15:10:40","modified_gmt":"2020-06-11T15:10:40","slug":"day-22","status":"publish","type":"page","link":"https:\/\/unceasinglypray.org\/pl\/day-22\/","title":{"rendered":"Day 22"},"content":{"rendered":"<p><a href=\"https:\/\/unceasinglypray.org\/pl\/day-22\/\">DAY 22: PRAYER FOR BLENDING<\/a><\/p>\n\t<p>1 Kor 12:12\u201313, 23\u201327<\/p>\n\t<p>M\u00f3dlmy si\u0119 za \u015bwi\u0119tych, by prowadzili \u017cycie chrze\u015bcija\u0144skie i \u017cycie ko\u015bcio\u0142a zgodnie z praktycznymi uwagami dotycz\u0105cymi scalania, scalaj\u0105c si\u0119 ze wszystkimi pojedynczymi cz\u0142onkami Cia\u0142a Chrystusa, wszystkimi ko\u015bcio\u0142ami w danym regionie, wszystkimi wsp\u00f3\u0142pracownikami i starszymi za pomoc\u0105 spo\u0142eczno\u015bci oraz czynienia wszystkiego przez krzy\u017c i za po\u015brednictwem Ducha; \u017ceby w ten spos\u00f3b us\u0142ugiwali Chrystusem ze wzgl\u0119du na Cia\u0142o, maj\u0105c na celu to, by\u015bmy w Pa\u0144skim odzyskiwaniu byli rzeczywisto\u015bci\u0105 Cia\u0142a Chrystusa (1 Kor 12:12\u201313, 23\u201327).<\/p>\n\t<p><strong>1 Kor 12:12\u201313 <\/strong>\u2014 Jak bowiem cia\u0142o jest jedno i ma wiele cz\u0142onk\u00f3w, lecz wszystkie cz\u0142onki cia\u0142a, cho\u0107 jest ich wiele, s\u0105 jednym cia\u0142em, tak i Chrystus. Bo te\u017c w jednym Duchu my wszyscy zostali\u015bmy ochrzczeni w jedno Cia\u0142o, czy to \u017bydzi, czy Grecy, czy to niewolnicy, czy wolni, i wszystkim nam dano do picia jednego Ducha.<\/p>\n<p><strong>1 Kor 12:23\u201327 <\/strong>\u2014 A te cz\u0142onki cia\u0142a, kt\u00f3re uwa\u017camy za mniej szacowne \u2014 te okrywamy wi\u0119kszym szacunkiem; i nasze nieprzyzwoite cz\u0142onki uzyskuj\u0105 wi\u0119ksz\u0105 przyzwoito\u015b\u0107, nasze przyzwoite cz\u0142onki za\u015b nie maj\u0105 \u017cadnej potrzeby. Lecz B\u00f3g scali\u0142 cia\u0142o razem, daj\u0105c wi\u0119kszy szacunek cz\u0142onkowi, kt\u00f3remu brakowa\u0142o, aby nie by\u0142o podzia\u0142u w ciele, lecz aby cz\u0142onki tak samo troszczy\u0142y si\u0119 o siebie nawzajem. I czy jeden cz\u0142onek cierpi \u2014 wszystkie cz\u0142onki cierpi\u0105 z nim; czy jeden cz\u0142onek odbiera chwa\u0142\u0119 \u2014 wszystkie cz\u0142onki raduj\u0105 si\u0119 z nim. Jeste\u015bcie za\u015b Cia\u0142em Chrystusa, a pojedynczo cz\u0142onkami.<\/p>\n\t\t<h3><\/h3>\n\t\t<p>Trwajcie niez\u0142omnie w modlitwie.<\/p>\n\t\t\t<a href=\"https:\/\/unceasinglypray.org\/pl\/sign-up\/\" target=\"_self\" role=\"button\" rel=\"noopener noreferrer\">\n\t\t\t\t\t\t\tWYBIERZ PRZEDZIA\u0141 CZASOWY\n\t\t\t\t\t<\/a>","protected":false},"excerpt":{"rendered":"<p>DAY 22: PRAYER FOR BLENDING 1 Cor. 12:12-13, 23-27 Pray for the saints to live the Christian life and the church life according to the practical points concerning blending, having the blending of all the individual members of the Body of Christ, all the churches in certain districts, all the co-workers, and all the elders&hellip;<\/p>","protected":false},"author":1,"featured_media":0,"parent":0,"menu_order":0,"comment_status":"closed","ping_status":"closed","template":"","meta":{"inline_featured_image":false,"footnotes":""},"class_list":["post-747","page","type-page","status-publish","hentry"],"yoast_head":"<!-- This site is optimized with the Yoast SEO plugin v27.4 - https:\/\/yoast.com\/product\/yoast-seo-wordpress\/ -->\n<title>Day 22 - Unceasingly Pray<\/title>\n<meta name=\"robots\" content=\"index, follow, max-snippet:-1, max-image-preview:large, max-video-preview:-1\" \/>\n<link rel=\"canonical\" href=\"http:\/\/unceasinglypray.org\/pl\/day-22\/\" \/>\n<meta property=\"og:locale\" content=\"pl_PL\" \/>\n<meta property=\"og:type\" content=\"article\" \/>\n<meta property=\"og:title\" content=\"Day 22 - Unceasingly Pray\" \/>\n<meta property=\"og:description\" content=\"DAY 22: PRAYER FOR BLENDING 1 Cor. 12:12-13, 23-27 Pray for the saints to live the Christian life and the church life according to the practical points concerning blending, having the blending of all the individual members of the Body of Christ, all the churches in certain districts, all the co-workers, and all the elders&hellip;\" \/>\n<meta property=\"og:url\" content=\"http:\/\/unceasinglypray.org\/pl\/day-22\/\" \/>\n<meta property=\"og:site_name\" content=\"Unceasingly Pray\" \/>\n<meta property=\"article:modified_time\" content=\"2020-06-11T15:10:40+00:00\" \/>\n<meta name=\"twitter:card\" content=\"summary_large_image\" \/>\n<meta name=\"twitter:label1\" content=\"Szacowany czas czytania\" \/>\n\t<meta name=\"twitter:data1\" content=\"1 minuta\" \/>\n<script type=\"application\/ld+json\" class=\"yoast-schema-graph\">{\"@context\":\"https:\\\/\\\/schema.org\",\"@graph\":[{\"@type\":\"WebPage\",\"@id\":\"http:\\\/\\\/unceasinglypray.org\\\/ko\\\/day-22\\\/\",\"url\":\"http:\\\/\\\/unceasinglypray.org\\\/ko\\\/day-22\\\/\",\"name\":\"Day 22 - Unceasingly Pray\",\"isPartOf\":{\"@id\":\"https:\\\/\\\/unceasinglypray.org\\\/ar\\\/#website\"},\"datePublished\":\"2020-04-21T17:06:58+00:00\",\"dateModified\":\"2020-06-11T15:10:40+00:00\",\"breadcrumb\":{\"@id\":\"http:\\\/\\\/unceasinglypray.org\\\/ko\\\/day-22\\\/#breadcrumb\"},\"inLanguage\":\"pl-PL\",\"potentialAction\":[{\"@type\":\"ReadAction\",\"target\":[\"http:\\\/\\\/unceasinglypray.org\\\/ko\\\/day-22\\\/\"]}]},{\"@type\":\"BreadcrumbList\",\"@id\":\"http:\\\/\\\/unceasinglypray.org\\\/ko\\\/day-22\\\/#breadcrumb\",\"itemListElement\":[{\"@type\":\"ListItem\",\"position\":1,\"name\":\"Home\",\"item\":\"https:\\\/\\\/unceasinglypray.org\\\/pt\\\/\"},{\"@type\":\"ListItem\",\"position\":2,\"name\":\"Day 22\"}]},{\"@type\":\"WebSite\",\"@id\":\"https:\\\/\\\/unceasinglypray.org\\\/ar\\\/#website\",\"url\":\"https:\\\/\\\/unceasinglypray.org\\\/ar\\\/\",\"name\":\"Unceasingly Pray\",\"description\":\"\",\"potentialAction\":[{\"@type\":\"SearchAction\",\"target\":{\"@type\":\"EntryPoint\",\"urlTemplate\":\"https:\\\/\\\/unceasinglypray.org\\\/ar\\\/?s={search_term_string}\"},\"query-input\":{\"@type\":\"PropertyValueSpecification\",\"valueRequired\":true,\"valueName\":\"search_term_string\"}}],\"inLanguage\":\"pl-PL\"}]}<\/script>\n<!-- \/ Yoast SEO plugin. -->","yoast_head_json":{"title":"Day 22 - Unceasingly Pray","robots":{"index":"index","follow":"follow","max-snippet":"max-snippet:-1","max-image-preview":"max-image-preview:large","max-video-preview":"max-video-preview:-1"},"canonical":"http:\/\/unceasinglypray.org\/pl\/day-22\/","og_locale":"pl_PL","og_type":"article","og_title":"Day 22 - Unceasingly Pray","og_description":"DAY 22: PRAYER FOR BLENDING 1 Cor. 12:12-13, 23-27 Pray for the saints to live the Christian life and the church life according to the practical points concerning blending, having the blending of all the individual members of the Body of Christ, all the churches in certain districts, all the co-workers, and all the elders&hellip;","og_url":"http:\/\/unceasinglypray.org\/pl\/day-22\/","og_site_name":"Unceasingly Pray","article_modified_time":"2020-06-11T15:10:40+00:00","twitter_card":"summary_large_image","twitter_misc":{"Szacowany czas czytania":"1 minuta"},"schema":{"@context":"https:\/\/schema.org","@graph":[{"@type":"WebPage","@id":"http:\/\/unceasinglypray.org\/ko\/day-22\/","url":"http:\/\/unceasinglypray.org\/ko\/day-22\/","name":"Day 22 - Unceasingly Pray","isPartOf":{"@id":"https:\/\/unceasinglypray.org\/ar\/#website"},"datePublished":"2020-04-21T17:06:58+00:00","dateModified":"2020-06-11T15:10:40+00:00","breadcrumb":{"@id":"http:\/\/unceasinglypray.org\/ko\/day-22\/#breadcrumb"},"inLanguage":"pl-PL","potentialAction":[{"@type":"ReadAction","target":["http:\/\/unceasinglypray.org\/ko\/day-22\/"]}]},{"@type":"BreadcrumbList","@id":"http:\/\/unceasinglypray.org\/ko\/day-22\/#breadcrumb","itemListElement":[{"@type":"ListItem","position":1,"name":"Home","item":"https:\/\/unceasinglypray.org\/pt\/"},{"@type":"ListItem","position":2,"name":"Day 22"}]},{"@type":"WebSite","@id":"https:\/\/unceasinglypray.org\/ar\/#website","url":"https:\/\/unceasinglypray.org\/ar\/","name":"Unceasingly Pray","description":"","potentialAction":[{"@type":"SearchAction","target":{"@type":"EntryPoint","urlTemplate":"https:\/\/unceasinglypray.org\/ar\/?s={search_term_string}"},"query-input":{"@type":"PropertyValueSpecification","valueRequired":true,"valueName":"search_term_string"}}],"inLanguage":"pl-PL"}]}},"_links":{"self":[{"href":"https:\/\/unceasinglypray.org\/pl\/wp-json\/wp\/v2\/pages\/747","targetHints":{"allow":["GET"]}}],"collection":[{"href":"https:\/\/unceasinglypray.org\/pl\/wp-json\/wp\/v2\/pages"}],"about":[{"href":"https:\/\/unceasinglypray.org\/pl\/wp-json\/wp\/v2\/types\/page"}],"author":[{"embeddable":true,"href":"https:\/\/unceasinglypray.org\/pl\/wp-json\/wp\/v2\/users\/1"}],"replies":[{"embeddable":true,"href":"https:\/\/unceasinglypray.org\/pl\/wp-json\/wp\/v2\/comments?post=747"}],"version-history":[{"count":0,"href":"https:\/\/unceasinglypray.org\/pl\/wp-json\/wp\/v2\/pages\/747\/revisions"}],"wp:attachment":[{"href":"https:\/\/unceasinglypray.org\/pl\/wp-json\/wp\/v2\/media?parent=747"}],"curies":[{"name":"wp","href":"https:\/\/api.w.org\/{rel}","templated":true}]}}