{"id":743,"date":"2020-04-20T23:30:43","date_gmt":"2020-04-20T23:30:43","guid":{"rendered":"https:\/\/unceasinglypray.org\/?page_id=743"},"modified":"2020-06-11T15:10:03","modified_gmt":"2020-06-11T15:10:03","slug":"day-21","status":"publish","type":"page","link":"https:\/\/unceasinglypray.org\/pl\/day-21\/","title":{"rendered":"Day 21"},"content":{"rendered":"<p><a href=\"https:\/\/unceasinglypray.org\/pl\/day-21\/\">DAY 21: PRAYER FOR THE CENTRAL WORK OF GOD<\/a><\/p>\n\t<p>Ga 4:19; Ef 3:14\u201321; Mt 16:18; Ef 2:21\u201322; 1 Kor 12:27<\/p>\n\t<p>M\u00f3dlmy si\u0119 za wszystkich \u015bwi\u0119tych, aby otworzyli ca\u0142ych siebie na Pana, \u017ceby On m\u00f3g\u0142 zrealizowa\u0107 centralne Bo\u017ce dzie\u0142o \u2014 wbudowanie si\u0119 w nas Boga w Chrystusie i wbudowanie nas w Niego ze wzgl\u0119du na budowanie ko\u015bcio\u0142a jako Cia\u0142a Chrystusa (Ga 4:19; Ef 3:14\u201321; Mt 16:18; Ef 2:21\u201322; 1 Kor 12:27).<\/p>\n\t<p><strong>Ga 4:19 <\/strong>\u2014 Dzieci dzieci, kt\u00f3re ponownie w m\u0119kach rodz\u0119, a\u017c Chrystus zostanie w was uformowany.<\/p>\n<p><strong>Ef 3:16\u201317, 19b <\/strong>\u2014That He would grant you, according to the riches of His glory, to be strengthened with power through His Spirit into the inner man, that Christ may make His home in your hearts through faith&#8230;that you may be filled unto all the fullness of God.<\/p>\n<p><strong>Mt 16:18 <\/strong>\u2014 I Ja tak\u017ce ci m\u00f3wi\u0119, \u017ce ty jeste\u015b Piotr, a na tej skale zbuduj\u0119 m\u00f3j ko\u015bci\u00f3\u0142, a bramy Hadesu go nie przezwyci\u0119\u017c\u0105.<\/p>\n<p><strong>Ef 2:21\u201322 <\/strong>\u2014 W kt\u00f3rym ca\u0142a budowla, razem spasowywana, ro\u015bnie w \u015bwi\u0119t\u0105 \u015bwi\u0105tyni\u0119 w Panu, w kt\u00f3rym i wy jeste\u015bcie razem budowani w mieszkanie Boga w duchu.<\/p>\n<p><strong>1 Kor 12:27 <\/strong>\u2014 Jeste\u015bcie za\u015b Cia\u0142em Chrystusa, a pojedynczo cz\u0142onkami.<\/p>\n\t\t<h3><\/h3>\n\t\t<p>Trwajcie niez\u0142omnie w modlitwie.<\/p>\n\t\t\t<a href=\"https:\/\/unceasinglypray.org\/pl\/sign-up\/\" target=\"_self\" role=\"button\" rel=\"noopener noreferrer\">\n\t\t\t\t\t\t\tWYBIERZ PRZEDZIA\u0141 CZASOWY\n\t\t\t\t\t<\/a>","protected":false},"excerpt":{"rendered":"<p>DAY 21: PRAYER FOR THE CENTRAL WORK OF GOD Gal. 4:19; Eph. 3:14-21; Matt. 16:18; Eph. 2:21-22; 1 Cor. 12:27 Pray for all the saints to open their entire being to the Lord so that He may carry out the central work of God\u2014God building Himself in Christ into us and building us into Himself&hellip;<\/p>","protected":false},"author":1,"featured_media":771,"parent":0,"menu_order":0,"comment_status":"closed","ping_status":"closed","template":"","meta":{"inline_featured_image":false,"footnotes":""},"class_list":["post-743","page","type-page","status-publish","has-post-thumbnail","hentry"],"yoast_head":"<!-- This site is optimized with the Yoast SEO plugin v27.3 - https:\/\/yoast.com\/product\/yoast-seo-wordpress\/ -->\n<title>Day 21 - Unceasingly Pray<\/title>\n<meta name=\"robots\" content=\"index, follow, max-snippet:-1, max-image-preview:large, max-video-preview:-1\" \/>\n<link rel=\"canonical\" href=\"https:\/\/unceasinglypray.org\/pl\/day-21\/\" \/>\n<meta property=\"og:locale\" content=\"pl_PL\" \/>\n<meta property=\"og:type\" content=\"article\" \/>\n<meta property=\"og:title\" content=\"Day 21 - Unceasingly Pray\" \/>\n<meta property=\"og:description\" content=\"DAY 21: PRAYER FOR THE CENTRAL WORK OF GOD Gal. 4:19; Eph. 3:14-21; Matt. 16:18; Eph. 2:21-22; 1 Cor. 12:27 Pray for all the saints to open their entire being to the Lord so that He may carry out the central work of God\u2014God building Himself in Christ into us and building us into Himself&hellip;\" \/>\n<meta property=\"og:url\" content=\"https:\/\/unceasinglypray.org\/pl\/day-21\/\" \/>\n<meta property=\"og:site_name\" content=\"Unceasingly Pray\" \/>\n<meta property=\"article:modified_time\" content=\"2020-06-11T15:10:03+00:00\" \/>\n<meta property=\"og:image\" content=\"https:\/\/unceasinglypray.org\/wp-content\/uploads\/2020\/04\/social_share.gif\" \/>\n\t<meta property=\"og:image:width\" content=\"1200\" \/>\n\t<meta property=\"og:image:height\" content=\"630\" \/>\n\t<meta property=\"og:image:type\" content=\"image\/gif\" \/>\n<meta name=\"twitter:card\" content=\"summary_large_image\" \/>\n<meta name=\"twitter:label1\" content=\"Szacowany czas czytania\" \/>\n\t<meta name=\"twitter:data1\" content=\"1 minuta\" \/>\n<script type=\"application\/ld+json\" class=\"yoast-schema-graph\">{\"@context\":\"https:\\\/\\\/schema.org\",\"@graph\":[{\"@type\":\"WebPage\",\"@id\":\"https:\\\/\\\/unceasinglypray.org\\\/fr\\\/day-21\\\/\",\"url\":\"https:\\\/\\\/unceasinglypray.org\\\/fr\\\/day-21\\\/\",\"name\":\"Day 21 - Unceasingly Pray\",\"isPartOf\":{\"@id\":\"https:\\\/\\\/unceasinglypray.org\\\/ar\\\/#website\"},\"primaryImageOfPage\":{\"@id\":\"https:\\\/\\\/unceasinglypray.org\\\/fr\\\/day-21\\\/#primaryimage\"},\"image\":{\"@id\":\"https:\\\/\\\/unceasinglypray.org\\\/fr\\\/day-21\\\/#primaryimage\"},\"thumbnailUrl\":\"https:\\\/\\\/unceasinglypray.org\\\/wp-content\\\/uploads\\\/2020\\\/04\\\/social_share.gif\",\"datePublished\":\"2020-04-20T23:30:43+00:00\",\"dateModified\":\"2020-06-11T15:10:03+00:00\",\"breadcrumb\":{\"@id\":\"https:\\\/\\\/unceasinglypray.org\\\/fr\\\/day-21\\\/#breadcrumb\"},\"inLanguage\":\"pl-PL\",\"potentialAction\":[{\"@type\":\"ReadAction\",\"target\":[\"https:\\\/\\\/unceasinglypray.org\\\/fr\\\/day-21\\\/\"]}]},{\"@type\":\"ImageObject\",\"inLanguage\":\"pl-PL\",\"@id\":\"https:\\\/\\\/unceasinglypray.org\\\/fr\\\/day-21\\\/#primaryimage\",\"url\":\"https:\\\/\\\/unceasinglypray.org\\\/wp-content\\\/uploads\\\/2020\\\/04\\\/social_share.gif\",\"contentUrl\":\"https:\\\/\\\/unceasinglypray.org\\\/wp-content\\\/uploads\\\/2020\\\/04\\\/social_share.gif\",\"width\":1200,\"height\":630},{\"@type\":\"BreadcrumbList\",\"@id\":\"https:\\\/\\\/unceasinglypray.org\\\/fr\\\/day-21\\\/#breadcrumb\",\"itemListElement\":[{\"@type\":\"ListItem\",\"position\":1,\"name\":\"Home\",\"item\":\"https:\\\/\\\/unceasinglypray.org\\\/pt\\\/\"},{\"@type\":\"ListItem\",\"position\":2,\"name\":\"Day 21\"}]},{\"@type\":\"WebSite\",\"@id\":\"https:\\\/\\\/unceasinglypray.org\\\/ar\\\/#website\",\"url\":\"https:\\\/\\\/unceasinglypray.org\\\/ar\\\/\",\"name\":\"Unceasingly Pray\",\"description\":\"\",\"potentialAction\":[{\"@type\":\"SearchAction\",\"target\":{\"@type\":\"EntryPoint\",\"urlTemplate\":\"https:\\\/\\\/unceasinglypray.org\\\/ar\\\/?s={search_term_string}\"},\"query-input\":{\"@type\":\"PropertyValueSpecification\",\"valueRequired\":true,\"valueName\":\"search_term_string\"}}],\"inLanguage\":\"pl-PL\"}]}<\/script>\n<!-- \/ Yoast SEO plugin. -->","yoast_head_json":{"title":"Day 21 - Unceasingly Pray","robots":{"index":"index","follow":"follow","max-snippet":"max-snippet:-1","max-image-preview":"max-image-preview:large","max-video-preview":"max-video-preview:-1"},"canonical":"https:\/\/unceasinglypray.org\/pl\/day-21\/","og_locale":"pl_PL","og_type":"article","og_title":"Day 21 - Unceasingly Pray","og_description":"DAY 21: PRAYER FOR THE CENTRAL WORK OF GOD Gal. 4:19; Eph. 3:14-21; Matt. 16:18; Eph. 2:21-22; 1 Cor. 12:27 Pray for all the saints to open their entire being to the Lord so that He may carry out the central work of God\u2014God building Himself in Christ into us and building us into Himself&hellip;","og_url":"https:\/\/unceasinglypray.org\/pl\/day-21\/","og_site_name":"Unceasingly Pray","article_modified_time":"2020-06-11T15:10:03+00:00","og_image":[{"width":1200,"height":630,"url":"https:\/\/unceasinglypray.org\/wp-content\/uploads\/2020\/04\/social_share.gif","type":"image\/gif"}],"twitter_card":"summary_large_image","twitter_misc":{"Szacowany czas czytania":"1 minuta"},"schema":{"@context":"https:\/\/schema.org","@graph":[{"@type":"WebPage","@id":"https:\/\/unceasinglypray.org\/fr\/day-21\/","url":"https:\/\/unceasinglypray.org\/fr\/day-21\/","name":"Day 21 - Unceasingly Pray","isPartOf":{"@id":"https:\/\/unceasinglypray.org\/ar\/#website"},"primaryImageOfPage":{"@id":"https:\/\/unceasinglypray.org\/fr\/day-21\/#primaryimage"},"image":{"@id":"https:\/\/unceasinglypray.org\/fr\/day-21\/#primaryimage"},"thumbnailUrl":"https:\/\/unceasinglypray.org\/wp-content\/uploads\/2020\/04\/social_share.gif","datePublished":"2020-04-20T23:30:43+00:00","dateModified":"2020-06-11T15:10:03+00:00","breadcrumb":{"@id":"https:\/\/unceasinglypray.org\/fr\/day-21\/#breadcrumb"},"inLanguage":"pl-PL","potentialAction":[{"@type":"ReadAction","target":["https:\/\/unceasinglypray.org\/fr\/day-21\/"]}]},{"@type":"ImageObject","inLanguage":"pl-PL","@id":"https:\/\/unceasinglypray.org\/fr\/day-21\/#primaryimage","url":"https:\/\/unceasinglypray.org\/wp-content\/uploads\/2020\/04\/social_share.gif","contentUrl":"https:\/\/unceasinglypray.org\/wp-content\/uploads\/2020\/04\/social_share.gif","width":1200,"height":630},{"@type":"BreadcrumbList","@id":"https:\/\/unceasinglypray.org\/fr\/day-21\/#breadcrumb","itemListElement":[{"@type":"ListItem","position":1,"name":"Home","item":"https:\/\/unceasinglypray.org\/pt\/"},{"@type":"ListItem","position":2,"name":"Day 21"}]},{"@type":"WebSite","@id":"https:\/\/unceasinglypray.org\/ar\/#website","url":"https:\/\/unceasinglypray.org\/ar\/","name":"Unceasingly Pray","description":"","potentialAction":[{"@type":"SearchAction","target":{"@type":"EntryPoint","urlTemplate":"https:\/\/unceasinglypray.org\/ar\/?s={search_term_string}"},"query-input":{"@type":"PropertyValueSpecification","valueRequired":true,"valueName":"search_term_string"}}],"inLanguage":"pl-PL"}]}},"_links":{"self":[{"href":"https:\/\/unceasinglypray.org\/pl\/wp-json\/wp\/v2\/pages\/743","targetHints":{"allow":["GET"]}}],"collection":[{"href":"https:\/\/unceasinglypray.org\/pl\/wp-json\/wp\/v2\/pages"}],"about":[{"href":"https:\/\/unceasinglypray.org\/pl\/wp-json\/wp\/v2\/types\/page"}],"author":[{"embeddable":true,"href":"https:\/\/unceasinglypray.org\/pl\/wp-json\/wp\/v2\/users\/1"}],"replies":[{"embeddable":true,"href":"https:\/\/unceasinglypray.org\/pl\/wp-json\/wp\/v2\/comments?post=743"}],"version-history":[{"count":0,"href":"https:\/\/unceasinglypray.org\/pl\/wp-json\/wp\/v2\/pages\/743\/revisions"}],"wp:featuredmedia":[{"embeddable":true,"href":"https:\/\/unceasinglypray.org\/pl\/wp-json\/wp\/v2\/media\/771"}],"wp:attachment":[{"href":"https:\/\/unceasinglypray.org\/pl\/wp-json\/wp\/v2\/media?parent=743"}],"curies":[{"name":"wp","href":"https:\/\/api.w.org\/{rel}","templated":true}]}}