{"id":529,"date":"2020-04-04T21:54:22","date_gmt":"2020-04-04T21:54:22","guid":{"rendered":"https:\/\/unceasinglypray.org\/?page_id=529"},"modified":"2020-06-11T14:26:48","modified_gmt":"2020-06-11T14:26:48","slug":"day-16","status":"publish","type":"page","link":"https:\/\/unceasinglypray.org\/pl\/day-16\/","title":{"rendered":"Day 16"},"content":{"rendered":"<p>DAY 16: PRAYER FOR THE GOD-ORDAINED WAY<\/p>\n\t<p>Dz 2:46\u201347; 1 P 4:10; 1 Kor 14:26; Ef 4:12, 16<\/p>\n\t<p>Aby \u015bwi\u0119ci wykorzystywali obecne okoliczno\u015bci do tego, by piel\u0119gnowa\u0107 \u017cycie ko\u015bcio\u0142a, kt\u00f3re za spraw\u0105 uwolnienia organicznej funkcji ka\u017cdego \u015bwi\u0119tego b\u0119dzie bardziej witalne, konkretne, owocne i bardziej odpowiada\u0142o drodze ustanowionej przez Boga (Dz 2:46\u201347; 1 P 4:10; 1 Kor 14:26; Ef 4:12, 16).<\/p>\n\t<p><strong>Dz 2:46\u201347 <\/strong>\u2014 I codziennie, jednomy\u015blnie trwaj\u0105c niez\u0142omnie w \u015bwi\u0105tyni i \u0142ami\u0105c chleb po domach, przyjmowali wsp\u00f3lnie pokarm z rado\u015bci\u0105 i prostot\u0105 serca, wys\u0142awiaj\u0105c Boga i maj\u0105c \u0142ask\u0119 u ca\u0142ego ludu. Pan za\u015b codziennie dodawa\u0142 razem tych, kt\u00f3rzy byli zbawiani.<\/p>\n<p><strong>1 P 4:10 <\/strong>\u2014 Ka\u017cdy, tak jak otrzyma\u0142 dar, us\u0142uguj\u0105c nim mi\u0119dzy sob\u0105 jako dobrzy szafarze r\u00f3\u017cnorakiej \u0142aski Boga.<\/p>\n<p><strong>1 Kor 14:26 <\/strong>\u2014 C\u00f3\u017c wi\u0119c, bracia? Kiedy si\u0119 razem schodzicie, ka\u017cdy ma psalm, ma nauk\u0119, ma objawienie, ma j\u0119zyk, ma t\u0142umaczenie. Niech wszystko si\u0119 dzieje dla budowania.<\/p>\n<p><strong>Ef 4:12, 16 <\/strong>\u2014 Dla doskonalenia \u015bwi\u0119tych ku dzie\u0142u pos\u0142ugi, ku budowaniu Cia\u0142a Chrystusa, z kt\u00f3rego ca\u0142e Cia\u0142o, razem \u0142\u0105czone i razem wi\u0105zane poprzez ka\u017cdy staw obfitego zaopatrzenia i poprzez dzia\u0142anie w swojej mierze ka\u017cdej jednej cz\u0119\u015bci, sprawia wzrost Cia\u0142a ku budowaniu samego siebie w mi\u0142o\u015bci.<\/p>\n\t\t<h3><\/h3>\n\t\t<p>Trwajcie niez\u0142omnie w modlitwie.<\/p>\n\t\t\t<a href=\"https:\/\/unceasinglypray.org\/pl\/sign-up\/\" target=\"_self\" role=\"button\" rel=\"noopener noreferrer\">\n\t\t\t\t\t\t\tWYBIERZ PRZEDZIA\u0141 CZASOWY\n\t\t\t\t\t<\/a>","protected":false},"excerpt":{"rendered":"<p>DAY 16: PRAYER FOR THE GOD-ORDAINED WAY Acts 2:46-47; 1 Pet. 4:10; 1 Cor. 14:26; Eph. 4:12, 16 For the saints to use the present circumstances to cultivate a church life that is more vital, more prevailing, more fruitful, and more according to the God-ordained way through the release of the organic function of every&hellip;<\/p>","protected":false},"author":1,"featured_media":771,"parent":0,"menu_order":0,"comment_status":"closed","ping_status":"closed","template":"","meta":{"inline_featured_image":false,"footnotes":""},"class_list":["post-529","page","type-page","status-publish","has-post-thumbnail","hentry"],"yoast_head":"<!-- This site is optimized with the Yoast SEO plugin v27.5 - https:\/\/yoast.com\/product\/yoast-seo-wordpress\/ -->\n<title>Day 16 - Unceasingly Pray<\/title>\n<meta name=\"robots\" content=\"index, follow, max-snippet:-1, max-image-preview:large, max-video-preview:-1\" \/>\n<link rel=\"canonical\" href=\"https:\/\/unceasinglypray.org\/pl\/day-16\/\" \/>\n<meta property=\"og:locale\" content=\"pl_PL\" \/>\n<meta property=\"og:type\" content=\"article\" \/>\n<meta property=\"og:title\" content=\"Day 16 - Unceasingly Pray\" \/>\n<meta property=\"og:description\" content=\"DAY 16: PRAYER FOR THE GOD-ORDAINED WAY Acts 2:46-47; 1 Pet. 4:10; 1 Cor. 14:26; Eph. 4:12, 16 For the saints to use the present circumstances to cultivate a church life that is more vital, more prevailing, more fruitful, and more according to the God-ordained way through the release of the organic function of every&hellip;\" \/>\n<meta property=\"og:url\" content=\"https:\/\/unceasinglypray.org\/pl\/day-16\/\" \/>\n<meta property=\"og:site_name\" content=\"Unceasingly Pray\" \/>\n<meta property=\"article:modified_time\" content=\"2020-06-11T14:26:48+00:00\" \/>\n<meta property=\"og:image\" content=\"https:\/\/unceasinglypray.org\/wp-content\/uploads\/2020\/04\/social_share.gif\" \/>\n\t<meta property=\"og:image:width\" content=\"1200\" \/>\n\t<meta property=\"og:image:height\" content=\"630\" \/>\n\t<meta property=\"og:image:type\" content=\"image\/gif\" \/>\n<meta name=\"twitter:card\" content=\"summary_large_image\" \/>\n<meta name=\"twitter:label1\" content=\"Szacowany czas czytania\" \/>\n\t<meta name=\"twitter:data1\" content=\"1 minuta\" \/>\n<script type=\"application\/ld+json\" class=\"yoast-schema-graph\">{\"@context\":\"https:\\\/\\\/schema.org\",\"@graph\":[{\"@type\":\"WebPage\",\"@id\":\"https:\\\/\\\/unceasinglypray.org\\\/pt\\\/day-16\\\/\",\"url\":\"https:\\\/\\\/unceasinglypray.org\\\/pt\\\/day-16\\\/\",\"name\":\"Day 16 - Unceasingly Pray\",\"isPartOf\":{\"@id\":\"https:\\\/\\\/unceasinglypray.org\\\/ar\\\/#website\"},\"primaryImageOfPage\":{\"@id\":\"https:\\\/\\\/unceasinglypray.org\\\/pt\\\/day-16\\\/#primaryimage\"},\"image\":{\"@id\":\"https:\\\/\\\/unceasinglypray.org\\\/pt\\\/day-16\\\/#primaryimage\"},\"thumbnailUrl\":\"https:\\\/\\\/unceasinglypray.org\\\/wp-content\\\/uploads\\\/2020\\\/04\\\/social_share.gif\",\"datePublished\":\"2020-04-04T21:54:22+00:00\",\"dateModified\":\"2020-06-11T14:26:48+00:00\",\"breadcrumb\":{\"@id\":\"https:\\\/\\\/unceasinglypray.org\\\/pt\\\/day-16\\\/#breadcrumb\"},\"inLanguage\":\"pl-PL\",\"potentialAction\":[{\"@type\":\"ReadAction\",\"target\":[\"https:\\\/\\\/unceasinglypray.org\\\/pt\\\/day-16\\\/\"]}]},{\"@type\":\"ImageObject\",\"inLanguage\":\"pl-PL\",\"@id\":\"https:\\\/\\\/unceasinglypray.org\\\/pt\\\/day-16\\\/#primaryimage\",\"url\":\"https:\\\/\\\/unceasinglypray.org\\\/wp-content\\\/uploads\\\/2020\\\/04\\\/social_share.gif\",\"contentUrl\":\"https:\\\/\\\/unceasinglypray.org\\\/wp-content\\\/uploads\\\/2020\\\/04\\\/social_share.gif\",\"width\":1200,\"height\":630},{\"@type\":\"BreadcrumbList\",\"@id\":\"https:\\\/\\\/unceasinglypray.org\\\/pt\\\/day-16\\\/#breadcrumb\",\"itemListElement\":[{\"@type\":\"ListItem\",\"position\":1,\"name\":\"Home\",\"item\":\"https:\\\/\\\/unceasinglypray.org\\\/pt\\\/\"},{\"@type\":\"ListItem\",\"position\":2,\"name\":\"Day 16\"}]},{\"@type\":\"WebSite\",\"@id\":\"https:\\\/\\\/unceasinglypray.org\\\/ar\\\/#website\",\"url\":\"https:\\\/\\\/unceasinglypray.org\\\/ar\\\/\",\"name\":\"Unceasingly Pray\",\"description\":\"\",\"potentialAction\":[{\"@type\":\"SearchAction\",\"target\":{\"@type\":\"EntryPoint\",\"urlTemplate\":\"https:\\\/\\\/unceasinglypray.org\\\/ar\\\/?s={search_term_string}\"},\"query-input\":{\"@type\":\"PropertyValueSpecification\",\"valueRequired\":true,\"valueName\":\"search_term_string\"}}],\"inLanguage\":\"pl-PL\"}]}<\/script>\n<!-- \/ Yoast SEO plugin. -->","yoast_head_json":{"title":"Day 16 - Unceasingly Pray","robots":{"index":"index","follow":"follow","max-snippet":"max-snippet:-1","max-image-preview":"max-image-preview:large","max-video-preview":"max-video-preview:-1"},"canonical":"https:\/\/unceasinglypray.org\/pl\/day-16\/","og_locale":"pl_PL","og_type":"article","og_title":"Day 16 - Unceasingly Pray","og_description":"DAY 16: PRAYER FOR THE GOD-ORDAINED WAY Acts 2:46-47; 1 Pet. 4:10; 1 Cor. 14:26; Eph. 4:12, 16 For the saints to use the present circumstances to cultivate a church life that is more vital, more prevailing, more fruitful, and more according to the God-ordained way through the release of the organic function of every&hellip;","og_url":"https:\/\/unceasinglypray.org\/pl\/day-16\/","og_site_name":"Unceasingly Pray","article_modified_time":"2020-06-11T14:26:48+00:00","og_image":[{"width":1200,"height":630,"url":"https:\/\/unceasinglypray.org\/wp-content\/uploads\/2020\/04\/social_share.gif","type":"image\/gif"}],"twitter_card":"summary_large_image","twitter_misc":{"Szacowany czas czytania":"1 minuta"},"schema":{"@context":"https:\/\/schema.org","@graph":[{"@type":"WebPage","@id":"https:\/\/unceasinglypray.org\/pt\/day-16\/","url":"https:\/\/unceasinglypray.org\/pt\/day-16\/","name":"Day 16 - Unceasingly Pray","isPartOf":{"@id":"https:\/\/unceasinglypray.org\/ar\/#website"},"primaryImageOfPage":{"@id":"https:\/\/unceasinglypray.org\/pt\/day-16\/#primaryimage"},"image":{"@id":"https:\/\/unceasinglypray.org\/pt\/day-16\/#primaryimage"},"thumbnailUrl":"https:\/\/unceasinglypray.org\/wp-content\/uploads\/2020\/04\/social_share.gif","datePublished":"2020-04-04T21:54:22+00:00","dateModified":"2020-06-11T14:26:48+00:00","breadcrumb":{"@id":"https:\/\/unceasinglypray.org\/pt\/day-16\/#breadcrumb"},"inLanguage":"pl-PL","potentialAction":[{"@type":"ReadAction","target":["https:\/\/unceasinglypray.org\/pt\/day-16\/"]}]},{"@type":"ImageObject","inLanguage":"pl-PL","@id":"https:\/\/unceasinglypray.org\/pt\/day-16\/#primaryimage","url":"https:\/\/unceasinglypray.org\/wp-content\/uploads\/2020\/04\/social_share.gif","contentUrl":"https:\/\/unceasinglypray.org\/wp-content\/uploads\/2020\/04\/social_share.gif","width":1200,"height":630},{"@type":"BreadcrumbList","@id":"https:\/\/unceasinglypray.org\/pt\/day-16\/#breadcrumb","itemListElement":[{"@type":"ListItem","position":1,"name":"Home","item":"https:\/\/unceasinglypray.org\/pt\/"},{"@type":"ListItem","position":2,"name":"Day 16"}]},{"@type":"WebSite","@id":"https:\/\/unceasinglypray.org\/ar\/#website","url":"https:\/\/unceasinglypray.org\/ar\/","name":"Unceasingly Pray","description":"","potentialAction":[{"@type":"SearchAction","target":{"@type":"EntryPoint","urlTemplate":"https:\/\/unceasinglypray.org\/ar\/?s={search_term_string}"},"query-input":{"@type":"PropertyValueSpecification","valueRequired":true,"valueName":"search_term_string"}}],"inLanguage":"pl-PL"}]}},"_links":{"self":[{"href":"https:\/\/unceasinglypray.org\/pl\/wp-json\/wp\/v2\/pages\/529","targetHints":{"allow":["GET"]}}],"collection":[{"href":"https:\/\/unceasinglypray.org\/pl\/wp-json\/wp\/v2\/pages"}],"about":[{"href":"https:\/\/unceasinglypray.org\/pl\/wp-json\/wp\/v2\/types\/page"}],"author":[{"embeddable":true,"href":"https:\/\/unceasinglypray.org\/pl\/wp-json\/wp\/v2\/users\/1"}],"replies":[{"embeddable":true,"href":"https:\/\/unceasinglypray.org\/pl\/wp-json\/wp\/v2\/comments?post=529"}],"version-history":[{"count":0,"href":"https:\/\/unceasinglypray.org\/pl\/wp-json\/wp\/v2\/pages\/529\/revisions"}],"wp:featuredmedia":[{"embeddable":true,"href":"https:\/\/unceasinglypray.org\/pl\/wp-json\/wp\/v2\/media\/771"}],"wp:attachment":[{"href":"https:\/\/unceasinglypray.org\/pl\/wp-json\/wp\/v2\/media?parent=529"}],"curies":[{"name":"wp","href":"https:\/\/api.w.org\/{rel}","templated":true}]}}