{"id":525,"date":"2020-04-04T21:51:44","date_gmt":"2020-04-04T21:51:44","guid":{"rendered":"https:\/\/unceasinglypray.org\/?page_id=525"},"modified":"2020-06-11T13:46:50","modified_gmt":"2020-06-11T13:46:50","slug":"day-12","status":"publish","type":"page","link":"https:\/\/unceasinglypray.org\/pl\/day-12\/","title":{"rendered":"Day 12"},"content":{"rendered":"<p>DAY 12: PRAYER FOR THE CO-WORKERS &amp; LEADING BROTHERS<\/p>\n\t<p>Dz 20:28; 1 P 5:2; Hbr 13:17<\/p>\n\t<p>Aby Pan zaopatrywa\u0142 wsp\u00f3\u0142pracownik\u00f3w i braci wiod\u0105cych i obdarowywa\u0142 ich m\u0105dro\u015bci\u0105 w tym, jak przewodzi\u0107 Jego ludowi i dalej go pa\u015b\u0107 w tych dniach (Dz 20:28; 1 P 5:2; Hbr 13:17).<\/p>\n\t<p><strong>Dz 20:28 <\/strong>\u2014 Zwa\u017cajcie na samych siebie i na ca\u0142e stado, w\u015br\u00f3d kt\u00f3rego Duch \u015awi\u0119ty umie\u015bci\u0142 was jako dogl\u0105daj\u0105cych, aby\u015bcie pa\u015bli ko\u015bci\u00f3\u0142 Boga, kt\u00f3ry uzyska\u0142 On przez swoj\u0105 w\u0142asn\u0105 krew.<\/p>\n<p><strong>1 P 5:2 <\/strong>\u2014 Pa\u015bcie stado Boga, kt\u00f3re jest w\u015br\u00f3d was, dogl\u0105daj\u0105c go nie pod przymusem, lecz dobrowolnie, wed\u0142ug Boga; nie szukaj\u0105c zysku \u015brodkami, jakich nale\u017cy si\u0119 wstydzi\u0107, lecz ochoczo.<\/p>\n<p><strong>Hbr 13:17 <\/strong>\u2014 B\u0105d\u017acie pos\u0142uszni tym, kt\u00f3rzy wam przewodz\u0105, i b\u0105d\u017acie im ulegli, bo czuwaj\u0105 oni nad waszymi duszami jako ci, kt\u00f3rzy zdadz\u0105 z tego spraw\u0119, aby czynili to z rado\u015bci\u0105, a nie wzdychaj\u0105c; to bowiem by\u0142oby dla was niekorzystne.<\/p>\n\t\t<h3><\/h3>\n\t\t<p>Trwajcie niez\u0142omnie w modlitwie.<\/p>\n\t\t\t<a href=\"https:\/\/unceasinglypray.org\/pl\/sign-up\/\" target=\"_self\" role=\"button\" rel=\"noopener noreferrer\">\n\t\t\t\t\t\t\tWYBIERZ PRZEDZIA\u0141 CZASOWY\n\t\t\t\t\t<\/a>","protected":false},"excerpt":{"rendered":"<p>DAY 12: PRAYER FOR THE CO-WORKERS &amp; LEADING BROTHERS Acts 20:28; 1 Pet. 5:2; Heb. 13:17 For the Lord to supply the co-workers and leading brothers and grant them wisdom to lead and shepherd His people onward in these days (Acts 20:28; 1 Pet. 5:2; Heb. 13:17). Acts 20:28\u2014Take heed to yourselves and to all&hellip;<\/p>","protected":false},"author":1,"featured_media":771,"parent":0,"menu_order":0,"comment_status":"closed","ping_status":"closed","template":"","meta":{"inline_featured_image":false,"footnotes":""},"class_list":["post-525","page","type-page","status-publish","has-post-thumbnail","hentry"],"yoast_head":"<!-- This site is optimized with the Yoast SEO plugin v27.5 - https:\/\/yoast.com\/product\/yoast-seo-wordpress\/ -->\n<title>Day 12 - Unceasingly Pray<\/title>\n<meta name=\"robots\" content=\"index, follow, max-snippet:-1, max-image-preview:large, max-video-preview:-1\" \/>\n<link rel=\"canonical\" href=\"http:\/\/unceasinglypray.org\/pl\/day-12\/\" \/>\n<meta property=\"og:locale\" content=\"pl_PL\" \/>\n<meta property=\"og:type\" content=\"article\" \/>\n<meta property=\"og:title\" content=\"Day 12 - Unceasingly Pray\" \/>\n<meta property=\"og:description\" content=\"DAY 12: PRAYER FOR THE CO-WORKERS &amp; LEADING BROTHERS Acts 20:28; 1 Pet. 5:2; Heb. 13:17 For the Lord to supply the co-workers and leading brothers and grant them wisdom to lead and shepherd His people onward in these days (Acts 20:28; 1 Pet. 5:2; Heb. 13:17). Acts 20:28\u2014Take heed to yourselves and to all&hellip;\" \/>\n<meta property=\"og:url\" content=\"http:\/\/unceasinglypray.org\/pl\/day-12\/\" \/>\n<meta property=\"og:site_name\" content=\"Unceasingly Pray\" \/>\n<meta property=\"article:modified_time\" content=\"2020-06-11T13:46:50+00:00\" \/>\n<meta property=\"og:image\" content=\"https:\/\/unceasinglypray.org\/wp-content\/uploads\/2020\/04\/social_share.gif\" \/>\n\t<meta property=\"og:image:width\" content=\"1200\" \/>\n\t<meta property=\"og:image:height\" content=\"630\" \/>\n\t<meta property=\"og:image:type\" content=\"image\/gif\" \/>\n<meta name=\"twitter:card\" content=\"summary_large_image\" \/>\n<meta name=\"twitter:label1\" content=\"Szacowany czas czytania\" \/>\n\t<meta name=\"twitter:data1\" content=\"1 minuta\" \/>\n<script type=\"application\/ld+json\" class=\"yoast-schema-graph\">{\"@context\":\"https:\\\/\\\/schema.org\",\"@graph\":[{\"@type\":\"WebPage\",\"@id\":\"http:\\\/\\\/unceasinglypray.org\\\/zh\\\/day-12\\\/\",\"url\":\"http:\\\/\\\/unceasinglypray.org\\\/zh\\\/day-12\\\/\",\"name\":\"Day 12 - Unceasingly Pray\",\"isPartOf\":{\"@id\":\"https:\\\/\\\/unceasinglypray.org\\\/ar\\\/#website\"},\"primaryImageOfPage\":{\"@id\":\"http:\\\/\\\/unceasinglypray.org\\\/zh\\\/day-12\\\/#primaryimage\"},\"image\":{\"@id\":\"http:\\\/\\\/unceasinglypray.org\\\/zh\\\/day-12\\\/#primaryimage\"},\"thumbnailUrl\":\"https:\\\/\\\/unceasinglypray.org\\\/wp-content\\\/uploads\\\/2020\\\/04\\\/social_share.gif\",\"datePublished\":\"2020-04-04T21:51:44+00:00\",\"dateModified\":\"2020-06-11T13:46:50+00:00\",\"breadcrumb\":{\"@id\":\"http:\\\/\\\/unceasinglypray.org\\\/zh\\\/day-12\\\/#breadcrumb\"},\"inLanguage\":\"pl-PL\",\"potentialAction\":[{\"@type\":\"ReadAction\",\"target\":[\"http:\\\/\\\/unceasinglypray.org\\\/zh\\\/day-12\\\/\"]}]},{\"@type\":\"ImageObject\",\"inLanguage\":\"pl-PL\",\"@id\":\"http:\\\/\\\/unceasinglypray.org\\\/zh\\\/day-12\\\/#primaryimage\",\"url\":\"https:\\\/\\\/unceasinglypray.org\\\/wp-content\\\/uploads\\\/2020\\\/04\\\/social_share.gif\",\"contentUrl\":\"https:\\\/\\\/unceasinglypray.org\\\/wp-content\\\/uploads\\\/2020\\\/04\\\/social_share.gif\",\"width\":1200,\"height\":630},{\"@type\":\"BreadcrumbList\",\"@id\":\"http:\\\/\\\/unceasinglypray.org\\\/zh\\\/day-12\\\/#breadcrumb\",\"itemListElement\":[{\"@type\":\"ListItem\",\"position\":1,\"name\":\"Home\",\"item\":\"https:\\\/\\\/unceasinglypray.org\\\/pt\\\/\"},{\"@type\":\"ListItem\",\"position\":2,\"name\":\"Day 12\"}]},{\"@type\":\"WebSite\",\"@id\":\"https:\\\/\\\/unceasinglypray.org\\\/ar\\\/#website\",\"url\":\"https:\\\/\\\/unceasinglypray.org\\\/ar\\\/\",\"name\":\"Unceasingly Pray\",\"description\":\"\",\"potentialAction\":[{\"@type\":\"SearchAction\",\"target\":{\"@type\":\"EntryPoint\",\"urlTemplate\":\"https:\\\/\\\/unceasinglypray.org\\\/ar\\\/?s={search_term_string}\"},\"query-input\":{\"@type\":\"PropertyValueSpecification\",\"valueRequired\":true,\"valueName\":\"search_term_string\"}}],\"inLanguage\":\"pl-PL\"}]}<\/script>\n<!-- \/ Yoast SEO plugin. -->","yoast_head_json":{"title":"Day 12 - Unceasingly Pray","robots":{"index":"index","follow":"follow","max-snippet":"max-snippet:-1","max-image-preview":"max-image-preview:large","max-video-preview":"max-video-preview:-1"},"canonical":"http:\/\/unceasinglypray.org\/pl\/day-12\/","og_locale":"pl_PL","og_type":"article","og_title":"Day 12 - Unceasingly Pray","og_description":"DAY 12: PRAYER FOR THE CO-WORKERS &amp; LEADING BROTHERS Acts 20:28; 1 Pet. 5:2; Heb. 13:17 For the Lord to supply the co-workers and leading brothers and grant them wisdom to lead and shepherd His people onward in these days (Acts 20:28; 1 Pet. 5:2; Heb. 13:17). Acts 20:28\u2014Take heed to yourselves and to all&hellip;","og_url":"http:\/\/unceasinglypray.org\/pl\/day-12\/","og_site_name":"Unceasingly Pray","article_modified_time":"2020-06-11T13:46:50+00:00","og_image":[{"width":1200,"height":630,"url":"https:\/\/unceasinglypray.org\/wp-content\/uploads\/2020\/04\/social_share.gif","type":"image\/gif"}],"twitter_card":"summary_large_image","twitter_misc":{"Szacowany czas czytania":"1 minuta"},"schema":{"@context":"https:\/\/schema.org","@graph":[{"@type":"WebPage","@id":"http:\/\/unceasinglypray.org\/zh\/day-12\/","url":"http:\/\/unceasinglypray.org\/zh\/day-12\/","name":"Day 12 - Unceasingly Pray","isPartOf":{"@id":"https:\/\/unceasinglypray.org\/ar\/#website"},"primaryImageOfPage":{"@id":"http:\/\/unceasinglypray.org\/zh\/day-12\/#primaryimage"},"image":{"@id":"http:\/\/unceasinglypray.org\/zh\/day-12\/#primaryimage"},"thumbnailUrl":"https:\/\/unceasinglypray.org\/wp-content\/uploads\/2020\/04\/social_share.gif","datePublished":"2020-04-04T21:51:44+00:00","dateModified":"2020-06-11T13:46:50+00:00","breadcrumb":{"@id":"http:\/\/unceasinglypray.org\/zh\/day-12\/#breadcrumb"},"inLanguage":"pl-PL","potentialAction":[{"@type":"ReadAction","target":["http:\/\/unceasinglypray.org\/zh\/day-12\/"]}]},{"@type":"ImageObject","inLanguage":"pl-PL","@id":"http:\/\/unceasinglypray.org\/zh\/day-12\/#primaryimage","url":"https:\/\/unceasinglypray.org\/wp-content\/uploads\/2020\/04\/social_share.gif","contentUrl":"https:\/\/unceasinglypray.org\/wp-content\/uploads\/2020\/04\/social_share.gif","width":1200,"height":630},{"@type":"BreadcrumbList","@id":"http:\/\/unceasinglypray.org\/zh\/day-12\/#breadcrumb","itemListElement":[{"@type":"ListItem","position":1,"name":"Home","item":"https:\/\/unceasinglypray.org\/pt\/"},{"@type":"ListItem","position":2,"name":"Day 12"}]},{"@type":"WebSite","@id":"https:\/\/unceasinglypray.org\/ar\/#website","url":"https:\/\/unceasinglypray.org\/ar\/","name":"Unceasingly Pray","description":"","potentialAction":[{"@type":"SearchAction","target":{"@type":"EntryPoint","urlTemplate":"https:\/\/unceasinglypray.org\/ar\/?s={search_term_string}"},"query-input":{"@type":"PropertyValueSpecification","valueRequired":true,"valueName":"search_term_string"}}],"inLanguage":"pl-PL"}]}},"_links":{"self":[{"href":"https:\/\/unceasinglypray.org\/pl\/wp-json\/wp\/v2\/pages\/525","targetHints":{"allow":["GET"]}}],"collection":[{"href":"https:\/\/unceasinglypray.org\/pl\/wp-json\/wp\/v2\/pages"}],"about":[{"href":"https:\/\/unceasinglypray.org\/pl\/wp-json\/wp\/v2\/types\/page"}],"author":[{"embeddable":true,"href":"https:\/\/unceasinglypray.org\/pl\/wp-json\/wp\/v2\/users\/1"}],"replies":[{"embeddable":true,"href":"https:\/\/unceasinglypray.org\/pl\/wp-json\/wp\/v2\/comments?post=525"}],"version-history":[{"count":0,"href":"https:\/\/unceasinglypray.org\/pl\/wp-json\/wp\/v2\/pages\/525\/revisions"}],"wp:featuredmedia":[{"embeddable":true,"href":"https:\/\/unceasinglypray.org\/pl\/wp-json\/wp\/v2\/media\/771"}],"wp:attachment":[{"href":"https:\/\/unceasinglypray.org\/pl\/wp-json\/wp\/v2\/media?parent=525"}],"curies":[{"name":"wp","href":"https:\/\/api.w.org\/{rel}","templated":true}]}}