{"id":515,"date":"2020-04-04T21:43:27","date_gmt":"2020-04-04T21:43:27","guid":{"rendered":"https:\/\/unceasinglypray.org\/?page_id=515"},"modified":"2020-06-11T13:42:29","modified_gmt":"2020-06-11T13:42:29","slug":"day-2","status":"publish","type":"page","link":"https:\/\/unceasinglypray.org\/pl\/day-2\/","title":{"rendered":"Day 2"},"content":{"rendered":"<p>DAY 2: PRAYER FOR THE NEW MAN &amp; THE BRIDE<\/p>\n\t<p>Ef 1:9\u201310, 23; 4:13, 16; 5:27; Obj 19:7<\/p>\n\t<p>O wype\u0142nienie si\u0119 Bo\u017cego upodobania, spe\u0142nienie Jego zamys\u0142u i realizacj\u0119 Jego ekonomii (Ef 1:9\u201310), aby B\u00f3g uzyska\u0142 ko\u015bci\u00f3\u0142 jako zbudowane Cia\u0142o Chrystusa i dojrza\u0142ego nowego cz\u0142owieka, kt\u00f3ry Go wyra\u017ca (w. 23; 4:13, 16), oraz jako przygotowan\u0105 oblubienic\u0119 Chrystusa, kt\u00f3ra zaspokaja Go w mi\u0142o\u015bci (5:27; Obj 19:7).<\/p>\n\n\t<p><strong>Ef 1:9\u201310 <\/strong>\u2014 Daj\u0105c nam pozna\u0107 tajemnic\u0119 swojej woli wed\u0142ug swego upodobania, kt\u00f3re zamy\u015bli\u0142 w sobie samym dla ekonomii pe\u0142ni czas\u00f3w, aby sprowadzi\u0107 wszystko pod jedn\u0105 g\u0142ow\u0119 w Chrystusie, to, co w niebiosach, i to, co na ziemi, w Nim.<\/p>\n<p><strong>Ef 1:23 <\/strong>\u2014 Kt\u00f3ry jest Jego Cia\u0142em, pe\u0142ni\u0105 Tego, kt\u00f3ry nape\u0142nia wszystko we wszystkim.<\/p>\n<p><strong>Ef 4:13 <\/strong>\u2014 A\u017c wszyscy dojdziemy do jedno\u015bci wiary i pe\u0142nego poznania Syna Boga, do dojrza\u0142ego cz\u0142owieka, do miary wzrostu pe\u0142ni Chrystusa.<\/p>\n<p><strong>Ef 4:16  <\/strong>\u2014 Z kt\u00f3rego ca\u0142e Cia\u0142o, razem \u0142\u0105czone i razem wi\u0105zane poprzez ka\u017cdy staw obfitego zaopatrzenia i poprzez dzia\u0142anie w swojej mierze ka\u017cdej jednej cz\u0119\u015bci, sprawia wzrost Cia\u0142a ku budowaniu samego siebie w mi\u0142o\u015bci.<\/p>\n<p><strong>Ef 5:27 <\/strong>\u2014 Aby przedstawi\u0107 samemu sobie ko\u015bci\u00f3\u0142 chwalebnym, nie maj\u0105cym plamy ani zmarszczki, ani niczego takiego, lecz aby by\u0142 \u015bwi\u0119ty i nieskazitelny.<\/p>\n<p><strong>Obj 19:7 <\/strong>\u2014 Cieszmy si\u0119 i radujmy, i oddajmy Mu chwa\u0142\u0119, bo nadszed\u0142 \u015blub Baranka i Jego \u017cona si\u0119 przygotowa\u0142a.<\/p>\n\t\t<h3><\/h3>\n\t\t<p>Trwajcie niez\u0142omnie w modlitwie.<\/p>\n\t\t\t<a href=\"https:\/\/unceasinglypray.org\/pl\/sign-up\/\" target=\"_self\" role=\"button\" rel=\"noopener noreferrer\">\n\t\t\t\t\t\t\tWYBIERZ PRZEDZIA\u0141 CZASOWY\n\t\t\t\t\t<\/a>","protected":false},"excerpt":{"rendered":"<p>DAY 2: PRAYER FOR THE NEW MAN &amp; THE BRIDE EPH. 1:9\u201310, 23; 4:13, 16; 5:27; REV 19:7 For God\u2019s good pleasure to be fulfilled, His purpose to be accomplished, and His economy to be carried out (Eph. 1:9-10) that He might have the church as Christ\u2019s built-up Body and a full-grown new man to&hellip;<\/p>","protected":false},"author":1,"featured_media":771,"parent":0,"menu_order":0,"comment_status":"closed","ping_status":"closed","template":"","meta":{"inline_featured_image":false,"footnotes":""},"class_list":["post-515","page","type-page","status-publish","has-post-thumbnail","hentry"],"yoast_head":"<!-- This site is optimized with the Yoast SEO plugin v27.5 - https:\/\/yoast.com\/product\/yoast-seo-wordpress\/ -->\n<title>Day 2 - Unceasingly Pray<\/title>\n<meta name=\"robots\" content=\"index, follow, max-snippet:-1, max-image-preview:large, max-video-preview:-1\" \/>\n<link rel=\"canonical\" href=\"http:\/\/unceasinglypray.org\/pl\/day-2\/\" \/>\n<meta property=\"og:locale\" content=\"pl_PL\" \/>\n<meta property=\"og:type\" content=\"article\" \/>\n<meta property=\"og:title\" content=\"Day 2 - Unceasingly Pray\" \/>\n<meta property=\"og:description\" content=\"DAY 2: PRAYER FOR THE NEW MAN &amp; THE BRIDE EPH. 1:9\u201310, 23; 4:13, 16; 5:27; REV 19:7 For God\u2019s good pleasure to be fulfilled, His purpose to be accomplished, and His economy to be carried out (Eph. 1:9-10) that He might have the church as Christ\u2019s built-up Body and a full-grown new man to&hellip;\" \/>\n<meta property=\"og:url\" content=\"http:\/\/unceasinglypray.org\/pl\/day-2\/\" \/>\n<meta property=\"og:site_name\" content=\"Unceasingly Pray\" \/>\n<meta property=\"article:modified_time\" content=\"2020-06-11T13:42:29+00:00\" \/>\n<meta property=\"og:image\" content=\"https:\/\/unceasinglypray.org\/wp-content\/uploads\/2020\/04\/social_share.gif\" \/>\n\t<meta property=\"og:image:width\" content=\"1200\" \/>\n\t<meta property=\"og:image:height\" content=\"630\" \/>\n\t<meta property=\"og:image:type\" content=\"image\/gif\" \/>\n<meta name=\"twitter:card\" content=\"summary_large_image\" \/>\n<meta name=\"twitter:label1\" content=\"Szacowany czas czytania\" \/>\n\t<meta name=\"twitter:data1\" content=\"1 minuta\" \/>\n<script type=\"application\/ld+json\" class=\"yoast-schema-graph\">{\"@context\":\"https:\\\/\\\/schema.org\",\"@graph\":[{\"@type\":\"WebPage\",\"@id\":\"http:\\\/\\\/unceasinglypray.org\\\/hr\\\/day-2\\\/\",\"url\":\"http:\\\/\\\/unceasinglypray.org\\\/hr\\\/day-2\\\/\",\"name\":\"Day 2 - Unceasingly Pray\",\"isPartOf\":{\"@id\":\"https:\\\/\\\/unceasinglypray.org\\\/ar\\\/#website\"},\"primaryImageOfPage\":{\"@id\":\"http:\\\/\\\/unceasinglypray.org\\\/hr\\\/day-2\\\/#primaryimage\"},\"image\":{\"@id\":\"http:\\\/\\\/unceasinglypray.org\\\/hr\\\/day-2\\\/#primaryimage\"},\"thumbnailUrl\":\"https:\\\/\\\/unceasinglypray.org\\\/wp-content\\\/uploads\\\/2020\\\/04\\\/social_share.gif\",\"datePublished\":\"2020-04-04T21:43:27+00:00\",\"dateModified\":\"2020-06-11T13:42:29+00:00\",\"breadcrumb\":{\"@id\":\"http:\\\/\\\/unceasinglypray.org\\\/hr\\\/day-2\\\/#breadcrumb\"},\"inLanguage\":\"pl-PL\",\"potentialAction\":[{\"@type\":\"ReadAction\",\"target\":[\"http:\\\/\\\/unceasinglypray.org\\\/hr\\\/day-2\\\/\"]}]},{\"@type\":\"ImageObject\",\"inLanguage\":\"pl-PL\",\"@id\":\"http:\\\/\\\/unceasinglypray.org\\\/hr\\\/day-2\\\/#primaryimage\",\"url\":\"https:\\\/\\\/unceasinglypray.org\\\/wp-content\\\/uploads\\\/2020\\\/04\\\/social_share.gif\",\"contentUrl\":\"https:\\\/\\\/unceasinglypray.org\\\/wp-content\\\/uploads\\\/2020\\\/04\\\/social_share.gif\",\"width\":1200,\"height\":630},{\"@type\":\"BreadcrumbList\",\"@id\":\"http:\\\/\\\/unceasinglypray.org\\\/hr\\\/day-2\\\/#breadcrumb\",\"itemListElement\":[{\"@type\":\"ListItem\",\"position\":1,\"name\":\"Home\",\"item\":\"https:\\\/\\\/unceasinglypray.org\\\/pt\\\/\"},{\"@type\":\"ListItem\",\"position\":2,\"name\":\"Day 2\"}]},{\"@type\":\"WebSite\",\"@id\":\"https:\\\/\\\/unceasinglypray.org\\\/ar\\\/#website\",\"url\":\"https:\\\/\\\/unceasinglypray.org\\\/ar\\\/\",\"name\":\"Unceasingly Pray\",\"description\":\"\",\"potentialAction\":[{\"@type\":\"SearchAction\",\"target\":{\"@type\":\"EntryPoint\",\"urlTemplate\":\"https:\\\/\\\/unceasinglypray.org\\\/ar\\\/?s={search_term_string}\"},\"query-input\":{\"@type\":\"PropertyValueSpecification\",\"valueRequired\":true,\"valueName\":\"search_term_string\"}}],\"inLanguage\":\"pl-PL\"}]}<\/script>\n<!-- \/ Yoast SEO plugin. -->","yoast_head_json":{"title":"Day 2 - Unceasingly Pray","robots":{"index":"index","follow":"follow","max-snippet":"max-snippet:-1","max-image-preview":"max-image-preview:large","max-video-preview":"max-video-preview:-1"},"canonical":"http:\/\/unceasinglypray.org\/pl\/day-2\/","og_locale":"pl_PL","og_type":"article","og_title":"Day 2 - Unceasingly Pray","og_description":"DAY 2: PRAYER FOR THE NEW MAN &amp; THE BRIDE EPH. 1:9\u201310, 23; 4:13, 16; 5:27; REV 19:7 For God\u2019s good pleasure to be fulfilled, His purpose to be accomplished, and His economy to be carried out (Eph. 1:9-10) that He might have the church as Christ\u2019s built-up Body and a full-grown new man to&hellip;","og_url":"http:\/\/unceasinglypray.org\/pl\/day-2\/","og_site_name":"Unceasingly Pray","article_modified_time":"2020-06-11T13:42:29+00:00","og_image":[{"width":1200,"height":630,"url":"https:\/\/unceasinglypray.org\/wp-content\/uploads\/2020\/04\/social_share.gif","type":"image\/gif"}],"twitter_card":"summary_large_image","twitter_misc":{"Szacowany czas czytania":"1 minuta"},"schema":{"@context":"https:\/\/schema.org","@graph":[{"@type":"WebPage","@id":"http:\/\/unceasinglypray.org\/hr\/day-2\/","url":"http:\/\/unceasinglypray.org\/hr\/day-2\/","name":"Day 2 - Unceasingly Pray","isPartOf":{"@id":"https:\/\/unceasinglypray.org\/ar\/#website"},"primaryImageOfPage":{"@id":"http:\/\/unceasinglypray.org\/hr\/day-2\/#primaryimage"},"image":{"@id":"http:\/\/unceasinglypray.org\/hr\/day-2\/#primaryimage"},"thumbnailUrl":"https:\/\/unceasinglypray.org\/wp-content\/uploads\/2020\/04\/social_share.gif","datePublished":"2020-04-04T21:43:27+00:00","dateModified":"2020-06-11T13:42:29+00:00","breadcrumb":{"@id":"http:\/\/unceasinglypray.org\/hr\/day-2\/#breadcrumb"},"inLanguage":"pl-PL","potentialAction":[{"@type":"ReadAction","target":["http:\/\/unceasinglypray.org\/hr\/day-2\/"]}]},{"@type":"ImageObject","inLanguage":"pl-PL","@id":"http:\/\/unceasinglypray.org\/hr\/day-2\/#primaryimage","url":"https:\/\/unceasinglypray.org\/wp-content\/uploads\/2020\/04\/social_share.gif","contentUrl":"https:\/\/unceasinglypray.org\/wp-content\/uploads\/2020\/04\/social_share.gif","width":1200,"height":630},{"@type":"BreadcrumbList","@id":"http:\/\/unceasinglypray.org\/hr\/day-2\/#breadcrumb","itemListElement":[{"@type":"ListItem","position":1,"name":"Home","item":"https:\/\/unceasinglypray.org\/pt\/"},{"@type":"ListItem","position":2,"name":"Day 2"}]},{"@type":"WebSite","@id":"https:\/\/unceasinglypray.org\/ar\/#website","url":"https:\/\/unceasinglypray.org\/ar\/","name":"Unceasingly Pray","description":"","potentialAction":[{"@type":"SearchAction","target":{"@type":"EntryPoint","urlTemplate":"https:\/\/unceasinglypray.org\/ar\/?s={search_term_string}"},"query-input":{"@type":"PropertyValueSpecification","valueRequired":true,"valueName":"search_term_string"}}],"inLanguage":"pl-PL"}]}},"_links":{"self":[{"href":"https:\/\/unceasinglypray.org\/pl\/wp-json\/wp\/v2\/pages\/515","targetHints":{"allow":["GET"]}}],"collection":[{"href":"https:\/\/unceasinglypray.org\/pl\/wp-json\/wp\/v2\/pages"}],"about":[{"href":"https:\/\/unceasinglypray.org\/pl\/wp-json\/wp\/v2\/types\/page"}],"author":[{"embeddable":true,"href":"https:\/\/unceasinglypray.org\/pl\/wp-json\/wp\/v2\/users\/1"}],"replies":[{"embeddable":true,"href":"https:\/\/unceasinglypray.org\/pl\/wp-json\/wp\/v2\/comments?post=515"}],"version-history":[{"count":0,"href":"https:\/\/unceasinglypray.org\/pl\/wp-json\/wp\/v2\/pages\/515\/revisions"}],"wp:featuredmedia":[{"embeddable":true,"href":"https:\/\/unceasinglypray.org\/pl\/wp-json\/wp\/v2\/media\/771"}],"wp:attachment":[{"href":"https:\/\/unceasinglypray.org\/pl\/wp-json\/wp\/v2\/media?parent=515"}],"curies":[{"name":"wp","href":"https:\/\/api.w.org\/{rel}","templated":true}]}}