{"id":23,"date":"2020-03-26T23:58:07","date_gmt":"2020-03-26T23:58:07","guid":{"rendered":"https:\/\/unceasepray.wpengine.com\/?page_id=23"},"modified":"2020-06-11T15:14:28","modified_gmt":"2020-06-11T15:14:28","slug":"ministry","status":"publish","type":"page","link":"https:\/\/unceasinglypray.org\/pl\/ministry\/","title":{"rendered":"WYJ\u0104TKI Z POS\u0141UGI"},"content":{"rendered":"<p>WYJ\u0104TKI Z POS\u0141UGI<\/p>\n\t<p>HYMNY O MODLITWIE<\/p>\n\t<p>Poni\u017cej znajduje si\u0119 lista hymn\u00f3w zwi\u0105zanych z modlitw\u0105. Litera \u201eP\u201d oznacza numer hymn\u00f3w w polskim zbiorze hymn\u00f3w. Pe\u0142ny tekst hymnu w j\u0119zyku polskim mo\u017cna znale\u017a\u0107 pod tym numerem w drukowanym lub elektronicznym wydaniu zbioru. Niech te hymny wzmacniaj\u0105 i wzbogacaj\u0105 nasze \u017cycie modlitewne z Panem.<\/p>\n\n\t<p>762: <a href=\"https:\/\/www.hymnal.net\/en\/hymn\/h\/762\">Nieprzet\u0142umaczony na j\u0119zyk polski<\/a><\/p>\n<p>767: <a href=\"https:\/\/hymny.strumien.com.pl\/ucz-nas-jak-modlic-sie\/\">P293 Ucz nas, jak modli\u0107 si\u0119, by wr\u00f3g\u2026<\/a><\/p>\n<p>768: <a href=\"https:\/\/www.hymnal.net\/en\/hymn\/h\/768\">Nieprzet\u0142umaczony na j\u0119zyk polski<\/a><\/p>\n<p>769: <a href=\"http:\/\/www.witness-lee-hymns.org\/hymns\/H0769.html\">Nieprzet\u0142umaczony na j\u0119zyk polski<\/a><\/p>\n<p>771: <a href=\"http:\/\/www.witness-lee-hymns.org\/hymns\/H0771.html\">Nieprzet\u0142umaczony na j\u0119zyk polski<\/a><\/p>\n<p>772: <a href=\"http:\/\/www.witness-lee-hymns.org\/hymns\/H0772.html\">Nieprzet\u0142umaczony na j\u0119zyk polski<\/a><\/p>\n<p>775: <a href=\"http:\/\/hymny.strumien.com.pl\/w-poteznym-imieniu-jezus\/\">P295 W pot\u0119\u017cnym imieniu Jezus<\/a><\/p>\n<p>776:<a href=\"https:\/\/www.hymnal.net\/en\/hymn\/h\/776\"> Nieprzet\u0142umaczony na j\u0119zyk polski<\/a><\/p>\n<p>777: <a href=\"https:\/\/www.hymnal.net\/en\/hymn\/h\/777\">Nieprzet\u0142umaczony na j\u0119zyk polski<\/a><\/p>\n<p>778: <a href=\"https:\/\/www.hymnal.net\/en\/hymn\/h\/778\">Nieprzet\u0142umaczony na j\u0119zyk polski<\/a><\/p>\n<p>779: <a href=\"http:\/\/www.witness-lee-hymns.org\/hymns\/H0779.html\">Nieprzet\u0142umaczony na j\u0119zyk polski<\/a><\/p>\n<p>780: <a href=\"http:\/\/www.witness-lee-hymns.org\/hymns\/H0780.html\">Nieprzet\u0142umaczony na j\u0119zyk polski<\/a><\/p>\n<p>781: <a href=\"http:\/\/www.witness-lee-hymns.org\/hymns\/H0781.html\">Nieprzet\u0142umaczony na j\u0119zyk polski<\/a><\/p>\n<p>783: <a href=\"http:\/\/www.witness-lee-hymns.org\/hymns\/H0783.html\">Nieprzet\u0142umaczony na j\u0119zyk polski<\/a><\/p>\n<p>785: <a href=\"http:\/\/www.witness-lee-hymns.org\/hymns\/H0785.html\">Nieprzet\u0142umaczony na j\u0119zyk polski<\/a><\/p>\n<p>786: <a href=\"http:\/\/www.witness-lee-hymns.org\/hymns\/H0786.html\">Nieprzet\u0142umaczony na j\u0119zyk polski<\/a><\/p>\n<p>790: <a href=\"https:\/\/www.hymnal.net\/en\/hymn\/h\/790\">Nieprzet\u0142umaczony na j\u0119zyk polski<\/a><\/p>\n\t<p>791: <a href=\"http:\/\/www.witness-lee-hymns.org\/hymns\/H0791.html\">Nieprzet\u0142umaczony na j\u0119zyk polski<\/a><\/p>\n<p>792: <a href=\"http:\/\/www.witness-lee-hymns.org\/hymns\/H0792.html\">Nieprzet\u0142umaczony na j\u0119zyk polski<\/a><\/p>\n<p>794: <a href=\"https:\/\/www.hymnal.net\/en\/hymn\/h\/794\">Nieprzet\u0142umaczony na j\u0119zyk polski<\/a><\/p>\n<p>795: <a href=\"https:\/\/www.hymnal.net\/en\/hymn\/h\/795\">Nieprzet\u0142umaczony na j\u0119zyk polski<\/a><\/p>\n<p>797: <a href=\"https:\/\/www.hymnal.net\/en\/hymn\/h\/797\">Nieprzet\u0142umaczony na j\u0119zyk polski<\/a><\/p>\n<p>798: <a href=\"https:\/\/www.hymnal.net\/en\/hymn\/h\/798\">Nieprzet\u0142umaczony na j\u0119zyk polski<\/a><\/p>\n<p>845: <a href=\"https:\/\/hymny.strumien.com.pl\/uwolnij-mego-ducha-panie-dzis\/\">P309 Uwolnij mego ducha, Panie, dzi\u015b<\/a><\/p>\n<p>846: <a href=\"https:\/\/hymny.strumien.com.pl\/niech-moj-poplynie-duch\/\">P310 Niech m\u00f3j pop\u0142ynie duch<\/a><\/p>\n<p>848: <a href=\"http:\/\/www.witness-lee-hymns.org\/hymns\/H0848.html\">Nieprzet\u0142umaczony na j\u0119zyk polski<\/a><\/p>\n<p>849: <a href=\"http:\/\/www.witness-lee-hymns.org\/hymns\/H0849.html\">Nieprzet\u0142umaczony na j\u0119zyk polski<\/a><\/p>\n<p>876: <a href=\"http:\/\/www.witness-lee-hymns.org\/hymns\/H0876.html\">Nieprzet\u0142umaczony na j\u0119zyk polski<\/a><\/p>\n<p>885: <a href=\"http:\/\/www.witness-lee-hymns.org\/hymns\/H0885.html\">Nieprzet\u0142umaczony na j\u0119zyk polski<\/a><\/p>\n<p>888: <a href=\"https:\/\/www.hymnal.net\/en\/hymn\/h\/888\">Nieprzet\u0142umaczony na j\u0119zyk polski<\/a><\/p>\n<p>890: <a href=\"https:\/\/hymny.strumien.com.pl\/alleluja-pan-zwyciezca\/\">P336 Alleluja! Pan Zwyci\u0119zc\u0105!<\/a><\/p>\n<p>892: <a href=\"http:\/\/www.witness-lee-hymns.org\/hymns\/H0892.html\">Nieprzet\u0142umaczony na j\u0119zyk polski<\/a><\/p>\n<p>1217: <a href=\"https:\/\/www.hymnal.net\/en\/hymn\/h\/1217\">Nieprzet\u0142umaczony na j\u0119zyk polski<\/a><\/p>\n\t<p>&nbsp;<\/p>\n<p>Powy\u017csze hymny pochodz\u0105 ze zbioru <i>Hymn\u00f3w<\/i>, wydanych przez Living Stream Ministry<\/p>\n\n\t<p>NA TEMAT MODLITWY<\/p>\n<ul>\n<li class=\"translation-block\"><em>Modlitewna pos\u0142uga ko\u015bcio\u0142a<\/em>, rozdz. 1 i 4<\/li>\n<li><em>Burden and Prayer<\/em>, rozdz. 1<\/li>\n<li class=\"translation-block\"><em>The Churches \u2013 The Vision and Building Up of the Church<\/em>, w: <em>Lesson Book, Level 5<\/em>, rozdz. 18<\/li>\n<li class=\"translation-block\"><em>The Prayer of the Age<\/em> (broszura)<\/li>\n<li><em>Lessons on Prayer<\/em><\/li>\n<li class=\"translation-block\"><em>Studium \u017cycia Ksi\u0119gi Wyj\u015bcia<\/em>, pos. 147, 148 i 152<\/li>\n<li class=\"translation-block\"><em>Studium \u017cycia Ksi\u0119gi Rodzaju<\/em>, pos. 51<\/li>\n<li class=\"translation-block\"><em>Modlitwa<\/em>, w: <em>Cykl lekcji dla nowego wierz\u0105cego<\/em>, t. 2<\/li>\n<li><em><em>General Messages (2)<\/em>, w: <em>The Collected Works of Watchman Nee<\/em>, Set 2, vol. 38<\/em>, rozdz. 23<\/li>\n<li class=\"translation-block\"><em>Spo\u0142eczno\u015b\u0107 na temat pilnej potrzeby witalno\u015bci grup<\/em>, t. 1, rozdz. 14<\/li>\n<\/ul>\n\n\t<p><img \/>Pobierz rozszerzon\u0105 list\u0119 publikacji po\u015bwi\u0119conych modlitwie (w j\u0119z. ang.) pod tym <a href=\"https:\/\/unceasinglypray.org\/wp-content\/uploads\/2020\/05\/Ministry_on_Prayer-final.pdf\">linkiem<\/a>.<\/p>\n<p><img alt=\"\" width=\"25650\" height=\"150\" \/><\/p>\n\t\t<h3><\/h3>\n\t\t<p>Trwajcie niez\u0142omnie w modlitwie.<\/p>\n\t\t\t<a href=\"https:\/\/unceasinglypray.org\/pl\/sign-up\/\" target=\"_self\" role=\"button\" rel=\"noopener noreferrer\">\n\t\t\t\t\t\t\tWYBIERZ PRZEDZIA\u0141 CZASOWY\n\t\t\t\t\t<\/a>","protected":false},"excerpt":{"rendered":"<p>MINISTRY HYMNS ON PRAYER Below is a list of hymns related to prayer. Click on each title to read the full lyrics. May these hymns strengthen and enrich our prayer life with the Lord. 762: Prayer is the incense of a holy heart 767: Teach us to pray that we may cause 768: Lord, teach&hellip;<\/p>","protected":false},"author":1,"featured_media":0,"parent":0,"menu_order":0,"comment_status":"closed","ping_status":"closed","template":"","meta":{"inline_featured_image":false,"footnotes":""},"class_list":["post-23","page","type-page","status-publish","hentry"],"yoast_head":"<!-- This site is optimized with the Yoast SEO plugin v27.4 - https:\/\/yoast.com\/product\/yoast-seo-wordpress\/ -->\n<title>Ministry - Unceasingly Pray<\/title>\n<meta name=\"robots\" content=\"index, follow, max-snippet:-1, max-image-preview:large, max-video-preview:-1\" \/>\n<link rel=\"canonical\" href=\"http:\/\/unceasinglypray.org\/pl\/ministry\/\" \/>\n<meta property=\"og:locale\" content=\"pl_PL\" \/>\n<meta property=\"og:type\" content=\"article\" \/>\n<meta property=\"og:title\" content=\"Ministry - Unceasingly Pray\" \/>\n<meta property=\"og:description\" content=\"MINISTRY HYMNS ON PRAYER Below is a list of hymns related to prayer. Click on each title to read the full lyrics. May these hymns strengthen and enrich our prayer life with the Lord. 762: Prayer is the incense of a holy heart 767: Teach us to pray that we may cause 768: Lord, teach&hellip;\" \/>\n<meta property=\"og:url\" content=\"http:\/\/unceasinglypray.org\/pl\/ministry\/\" \/>\n<meta property=\"og:site_name\" content=\"Unceasingly Pray\" \/>\n<meta property=\"article:modified_time\" content=\"2020-06-11T15:14:28+00:00\" \/>\n<meta name=\"twitter:card\" content=\"summary_large_image\" \/>\n<meta name=\"twitter:label1\" content=\"Szacowany czas czytania\" \/>\n\t<meta name=\"twitter:data1\" content=\"2 minuty\" \/>\n<script type=\"application\/ld+json\" class=\"yoast-schema-graph\">{\"@context\":\"https:\\\/\\\/schema.org\",\"@graph\":[{\"@type\":\"WebPage\",\"@id\":\"http:\\\/\\\/unceasinglypray.org\\\/fa\\\/ministry\\\/\",\"url\":\"http:\\\/\\\/unceasinglypray.org\\\/fa\\\/ministry\\\/\",\"name\":\"Ministry - Unceasingly Pray\",\"isPartOf\":{\"@id\":\"https:\\\/\\\/unceasinglypray.org\\\/ar\\\/#website\"},\"datePublished\":\"2020-03-26T23:58:07+00:00\",\"dateModified\":\"2020-06-11T15:14:28+00:00\",\"breadcrumb\":{\"@id\":\"http:\\\/\\\/unceasinglypray.org\\\/fa\\\/ministry\\\/#breadcrumb\"},\"inLanguage\":\"pl-PL\",\"potentialAction\":[{\"@type\":\"ReadAction\",\"target\":[\"http:\\\/\\\/unceasinglypray.org\\\/fa\\\/ministry\\\/\"]}]},{\"@type\":\"BreadcrumbList\",\"@id\":\"http:\\\/\\\/unceasinglypray.org\\\/fa\\\/ministry\\\/#breadcrumb\",\"itemListElement\":[{\"@type\":\"ListItem\",\"position\":1,\"name\":\"Home\",\"item\":\"https:\\\/\\\/unceasinglypray.org\\\/pt\\\/\"},{\"@type\":\"ListItem\",\"position\":2,\"name\":\"Ministry\"}]},{\"@type\":\"WebSite\",\"@id\":\"https:\\\/\\\/unceasinglypray.org\\\/ar\\\/#website\",\"url\":\"https:\\\/\\\/unceasinglypray.org\\\/ar\\\/\",\"name\":\"Unceasingly Pray\",\"description\":\"\",\"potentialAction\":[{\"@type\":\"SearchAction\",\"target\":{\"@type\":\"EntryPoint\",\"urlTemplate\":\"https:\\\/\\\/unceasinglypray.org\\\/ar\\\/?s={search_term_string}\"},\"query-input\":{\"@type\":\"PropertyValueSpecification\",\"valueRequired\":true,\"valueName\":\"search_term_string\"}}],\"inLanguage\":\"pl-PL\"}]}<\/script>\n<!-- \/ Yoast SEO plugin. -->","yoast_head_json":{"title":"Ministry - Unceasingly Pray","robots":{"index":"index","follow":"follow","max-snippet":"max-snippet:-1","max-image-preview":"max-image-preview:large","max-video-preview":"max-video-preview:-1"},"canonical":"http:\/\/unceasinglypray.org\/pl\/ministry\/","og_locale":"pl_PL","og_type":"article","og_title":"Ministry - Unceasingly Pray","og_description":"MINISTRY HYMNS ON PRAYER Below is a list of hymns related to prayer. Click on each title to read the full lyrics. May these hymns strengthen and enrich our prayer life with the Lord. 762: Prayer is the incense of a holy heart 767: Teach us to pray that we may cause 768: Lord, teach&hellip;","og_url":"http:\/\/unceasinglypray.org\/pl\/ministry\/","og_site_name":"Unceasingly Pray","article_modified_time":"2020-06-11T15:14:28+00:00","twitter_card":"summary_large_image","twitter_misc":{"Szacowany czas czytania":"2 minuty"},"schema":{"@context":"https:\/\/schema.org","@graph":[{"@type":"WebPage","@id":"http:\/\/unceasinglypray.org\/fa\/ministry\/","url":"http:\/\/unceasinglypray.org\/fa\/ministry\/","name":"Ministry - Unceasingly Pray","isPartOf":{"@id":"https:\/\/unceasinglypray.org\/ar\/#website"},"datePublished":"2020-03-26T23:58:07+00:00","dateModified":"2020-06-11T15:14:28+00:00","breadcrumb":{"@id":"http:\/\/unceasinglypray.org\/fa\/ministry\/#breadcrumb"},"inLanguage":"pl-PL","potentialAction":[{"@type":"ReadAction","target":["http:\/\/unceasinglypray.org\/fa\/ministry\/"]}]},{"@type":"BreadcrumbList","@id":"http:\/\/unceasinglypray.org\/fa\/ministry\/#breadcrumb","itemListElement":[{"@type":"ListItem","position":1,"name":"Home","item":"https:\/\/unceasinglypray.org\/pt\/"},{"@type":"ListItem","position":2,"name":"Ministry"}]},{"@type":"WebSite","@id":"https:\/\/unceasinglypray.org\/ar\/#website","url":"https:\/\/unceasinglypray.org\/ar\/","name":"Unceasingly Pray","description":"","potentialAction":[{"@type":"SearchAction","target":{"@type":"EntryPoint","urlTemplate":"https:\/\/unceasinglypray.org\/ar\/?s={search_term_string}"},"query-input":{"@type":"PropertyValueSpecification","valueRequired":true,"valueName":"search_term_string"}}],"inLanguage":"pl-PL"}]}},"_links":{"self":[{"href":"https:\/\/unceasinglypray.org\/pl\/wp-json\/wp\/v2\/pages\/23","targetHints":{"allow":["GET"]}}],"collection":[{"href":"https:\/\/unceasinglypray.org\/pl\/wp-json\/wp\/v2\/pages"}],"about":[{"href":"https:\/\/unceasinglypray.org\/pl\/wp-json\/wp\/v2\/types\/page"}],"author":[{"embeddable":true,"href":"https:\/\/unceasinglypray.org\/pl\/wp-json\/wp\/v2\/users\/1"}],"replies":[{"embeddable":true,"href":"https:\/\/unceasinglypray.org\/pl\/wp-json\/wp\/v2\/comments?post=23"}],"version-history":[{"count":0,"href":"https:\/\/unceasinglypray.org\/pl\/wp-json\/wp\/v2\/pages\/23\/revisions"}],"wp:attachment":[{"href":"https:\/\/unceasinglypray.org\/pl\/wp-json\/wp\/v2\/media?parent=23"}],"curies":[{"name":"wp","href":"https:\/\/api.w.org\/{rel}","templated":true}]}}