{"id":170,"date":"2020-03-28T22:23:04","date_gmt":"2020-03-28T22:23:04","guid":{"rendered":"https:\/\/unceasepray.wpengine.com\/?page_id=170"},"modified":"2020-06-11T20:14:31","modified_gmt":"2020-06-11T20:14:31","slug":"letter","status":"publish","type":"page","link":"https:\/\/unceasinglypray.org\/pl\/letter\/","title":{"rendered":"Letter"},"content":{"rendered":"<h2>\n\t\tO\u015aWIADCZENIE KO\u0143COWE\n\t<\/h2>\n\t<p>31 maja 2020 r.<\/p>\n\t<p>W chwili, gdy to czytacie, miejscowe ko\u015bcio\u0142y w Pa\u0144skim odzyskiwaniu zako\u0144czy\u0142y bezprecedensowy okres ca\u0142odobowej globalnej modlitwy, trwaj\u0105cej od 1 kwietnia do 30 maja 2020 roku. W sumie na stronie<a href=\"https:\/\/unceasinglypray.org\/pl\/\"> unceasinglypray.org<\/a> zapisa\u0142o si\u0119 ponad 13 700 \u015bwi\u0119tych na 15-minutowe modlitwy, obejmuj\u0105ce ka\u017cd\u0105 minut\u0119 dnia i zanoszone w ka\u017cdej zamieszka\u0142ej strefie czasowej na \u015bwiecie. Otrzymali\u015bmy r\u00f3wnie\u017c raporty o wielu, wielu innych, kt\u00f3rzy modlili si\u0119 wiernie na ca\u0142ej ziemi bez zapisywania si\u0119; s\u0105dzimy, \u017ce ca\u0142kowita liczba \u015bwi\u0119tych uczestnicz\u0105cych w tym wydarzeniu w rzeczywisto\u015bci znacznie przekroczy\u0142a 50 000.&nbsp;<\/p>\n<p>Oddajemy Panu cze\u015b\u0107 za to, \u017ce w tym czasie przepoi\u0142 swoje dzieci duchem b\u0142agania. Jeste\u015bmy pewni, \u017ce w nadchodz\u0105cych dniach poruszanie si\u0119 Boga na ziemi poczyni znaczne post\u0119py w wyniku trwania w jedno\u015bci z Nim we wstawiennictwie przed Jego tronem. Niech wszystkie nasze modlitwy b\u0119d\u0105 dla Niego godne przychylnego przyj\u0119cia dzi\u0119ki Chrystusowi, kt\u00f3ry jest kadzid\u0142em, i niech wyleje On swoj\u0105 wiern\u0105 odpowied\u017a zgodnie ze swoim suwerennie ustalonym czasem. Niech wszyscy \u015bwi\u0119ci nadal codziennie trwaj\u0105 niez\u0142omnie w modlitwie, aby atmosfera modlitwy zapanowa\u0142a we wszystkich miejscowych ko\u015bcio\u0142ach.<\/p>\n<p>Strona<a href=\"https:\/\/unceasinglypray.org\/pl\/\"> unceasinglypray.org<\/a> pozostanie aktywna, cho\u0107 nie b\u0119dziemy ju\u017c wysy\u0142a\u0107 co dzie\u0144 e-maili z przypomnieniem. Mamy nadziej\u0119, \u017ce nadal \u015bwi\u0119ci b\u0119d\u0105 j\u0105 odwiedza\u0107 i korzysta\u0107 z niej fragmentarycznie, w tym z<a href=\"https:\/\/unceasinglypray.org\/pl\/prayer-burdens\/\"> 30 brzemion do modlitwy<\/a>, aby wzbogaci\u0107 swoje \u017cycie modlitewne. Jeszcze wiele pozostaje do wymodlenia, wierzymy te\u017c, \u017ce liczni \u015bwi\u0119ci, kt\u00f3rzy teraz dotkn\u0119li brzemienia wstawiennictwa, dozna zach\u0119ty do niez\u0142omnego trwania w tej strategicznie wa\u017cnej pos\u0142udze modlitwy.<\/p>\n<p>Ufamy, \u017ce wsp\u00f3\u0142pracownicy i wiod\u0105cy bracia we wszystkich miejscowych ko\u015bcio\u0142ach sami b\u0119d\u0105 nadal dawa\u0107 przyk\u0142ad \u2014 b\u0119d\u0105 modli\u0107 si\u0119 w ka\u017cdym miejscu, podnosz\u0105c \u015bwi\u0119te r\u0119ce (1 Tm 2:8), jako wzory do na\u015bladowania dla innych \u015bwi\u0119tych. Mamy r\u00f3wnie\u017c nadziej\u0119, \u017ce wzro\u015bnie frekwencja i udzia\u0142 w cotygodniowych spotkaniach modlitewnych ko\u015bcio\u0142\u00f3w. Przede wszystkim jednak oczekujemy od Pana, \u017ce modlitwa, wstawiennictwo, pro\u015bby i dzi\u0119kczynienie stan\u0105 si\u0119 naprawd\u0119 znakiem rozpoznawczym Pa\u0144skiego odzyskiwania. Niech imi\u0119 naszego Ojca b\u0119dzie u\u015bwi\u0119cone, niech przyjdzie Jego kr\u00f3lestwo i niech si\u0119 stanie Jego wola na ziemi, tak jak w niebie.<\/p>\n\n<h2>\n\t\tWCZE\u015aNIEJSZE LISTY\n\t<\/h2>\n\t<p><a href=\"https:\/\/unceasinglypray.org\/pl\/letter-3\/\">29 kwietnia 2020 r. \u2013 Trwa\u0107 niez\u0142omnie we wstawiennictwie<\/a><\/p>\n<p><a href=\"https:\/\/unceasinglypray.org\/pl\/letter-2\/\">16 kwietnia 2020 r. \u2013 Trwa\u0107 niez\u0142omnie w modlitwie<\/a><\/p>\n<p><a href=\"https:\/\/unceasinglypray.org\/pl\/letter-1\/\">30 marca 2020 r. \u2013 Wezwanie do og\u00f3lno\u015bwiatowej modlitwy<\/a><\/p>","protected":false},"excerpt":{"rendered":"<p>A FINAL ANNOUNCEMENT MAY 31, 2020 As you read this, the local churches in the Lord\u2019s recovery have concluded an unprecedented period of 24\/7 global prayer, beginning April 1 and ending May 30, 2020. In all, over 13,700 saints signed up on unceasinglypray.org to pray in 15-minute time slots, covering every minute of the day&hellip;<\/p>","protected":false},"author":3,"featured_media":0,"parent":0,"menu_order":0,"comment_status":"closed","ping_status":"closed","template":"","meta":{"inline_featured_image":false,"footnotes":""},"class_list":["post-170","page","type-page","status-publish","hentry"],"yoast_head":"<!-- This site is optimized with the Yoast SEO plugin v27.5 - https:\/\/yoast.com\/product\/yoast-seo-wordpress\/ -->\n<title>Letter - Unceasingly Pray<\/title>\n<meta name=\"robots\" content=\"index, follow, max-snippet:-1, max-image-preview:large, max-video-preview:-1\" \/>\n<link rel=\"canonical\" href=\"https:\/\/unceasinglypray.org\/pl\/letter\/\" \/>\n<meta property=\"og:locale\" content=\"pl_PL\" \/>\n<meta property=\"og:type\" content=\"article\" \/>\n<meta property=\"og:title\" content=\"Letter - Unceasingly Pray\" \/>\n<meta property=\"og:description\" content=\"A FINAL ANNOUNCEMENT MAY 31, 2020 As you read this, the local churches in the Lord\u2019s recovery have concluded an unprecedented period of 24\/7 global prayer, beginning April 1 and ending May 30, 2020. In all, over 13,700 saints signed up on unceasinglypray.org to pray in 15-minute time slots, covering every minute of the day&hellip;\" \/>\n<meta property=\"og:url\" content=\"https:\/\/unceasinglypray.org\/pl\/letter\/\" \/>\n<meta property=\"og:site_name\" content=\"Unceasingly Pray\" \/>\n<meta property=\"article:modified_time\" content=\"2020-06-11T20:14:31+00:00\" \/>\n<meta name=\"twitter:card\" content=\"summary_large_image\" \/>\n<meta name=\"twitter:label1\" content=\"Szacowany czas czytania\" \/>\n\t<meta name=\"twitter:data1\" content=\"2 minuty\" \/>\n<script type=\"application\/ld+json\" class=\"yoast-schema-graph\">{\"@context\":\"https:\\\/\\\/schema.org\",\"@graph\":[{\"@type\":\"WebPage\",\"@id\":\"https:\\\/\\\/unceasinglypray.org\\\/hr\\\/letter\\\/\",\"url\":\"https:\\\/\\\/unceasinglypray.org\\\/hr\\\/letter\\\/\",\"name\":\"Letter - Unceasingly Pray\",\"isPartOf\":{\"@id\":\"https:\\\/\\\/unceasinglypray.org\\\/ar\\\/#website\"},\"datePublished\":\"2020-03-28T22:23:04+00:00\",\"dateModified\":\"2020-06-11T20:14:31+00:00\",\"breadcrumb\":{\"@id\":\"https:\\\/\\\/unceasinglypray.org\\\/hr\\\/letter\\\/#breadcrumb\"},\"inLanguage\":\"pl-PL\",\"potentialAction\":[{\"@type\":\"ReadAction\",\"target\":[\"https:\\\/\\\/unceasinglypray.org\\\/hr\\\/letter\\\/\"]}]},{\"@type\":\"BreadcrumbList\",\"@id\":\"https:\\\/\\\/unceasinglypray.org\\\/hr\\\/letter\\\/#breadcrumb\",\"itemListElement\":[{\"@type\":\"ListItem\",\"position\":1,\"name\":\"Home\",\"item\":\"https:\\\/\\\/unceasinglypray.org\\\/pt\\\/\"},{\"@type\":\"ListItem\",\"position\":2,\"name\":\"Letter\"}]},{\"@type\":\"WebSite\",\"@id\":\"https:\\\/\\\/unceasinglypray.org\\\/ar\\\/#website\",\"url\":\"https:\\\/\\\/unceasinglypray.org\\\/ar\\\/\",\"name\":\"Unceasingly Pray\",\"description\":\"\",\"potentialAction\":[{\"@type\":\"SearchAction\",\"target\":{\"@type\":\"EntryPoint\",\"urlTemplate\":\"https:\\\/\\\/unceasinglypray.org\\\/ar\\\/?s={search_term_string}\"},\"query-input\":{\"@type\":\"PropertyValueSpecification\",\"valueRequired\":true,\"valueName\":\"search_term_string\"}}],\"inLanguage\":\"pl-PL\"}]}<\/script>\n<!-- \/ Yoast SEO plugin. -->","yoast_head_json":{"title":"Letter - Unceasingly Pray","robots":{"index":"index","follow":"follow","max-snippet":"max-snippet:-1","max-image-preview":"max-image-preview:large","max-video-preview":"max-video-preview:-1"},"canonical":"https:\/\/unceasinglypray.org\/pl\/letter\/","og_locale":"pl_PL","og_type":"article","og_title":"Letter - Unceasingly Pray","og_description":"A FINAL ANNOUNCEMENT MAY 31, 2020 As you read this, the local churches in the Lord\u2019s recovery have concluded an unprecedented period of 24\/7 global prayer, beginning April 1 and ending May 30, 2020. In all, over 13,700 saints signed up on unceasinglypray.org to pray in 15-minute time slots, covering every minute of the day&hellip;","og_url":"https:\/\/unceasinglypray.org\/pl\/letter\/","og_site_name":"Unceasingly Pray","article_modified_time":"2020-06-11T20:14:31+00:00","twitter_card":"summary_large_image","twitter_misc":{"Szacowany czas czytania":"2 minuty"},"schema":{"@context":"https:\/\/schema.org","@graph":[{"@type":"WebPage","@id":"https:\/\/unceasinglypray.org\/hr\/letter\/","url":"https:\/\/unceasinglypray.org\/hr\/letter\/","name":"Letter - Unceasingly Pray","isPartOf":{"@id":"https:\/\/unceasinglypray.org\/ar\/#website"},"datePublished":"2020-03-28T22:23:04+00:00","dateModified":"2020-06-11T20:14:31+00:00","breadcrumb":{"@id":"https:\/\/unceasinglypray.org\/hr\/letter\/#breadcrumb"},"inLanguage":"pl-PL","potentialAction":[{"@type":"ReadAction","target":["https:\/\/unceasinglypray.org\/hr\/letter\/"]}]},{"@type":"BreadcrumbList","@id":"https:\/\/unceasinglypray.org\/hr\/letter\/#breadcrumb","itemListElement":[{"@type":"ListItem","position":1,"name":"Home","item":"https:\/\/unceasinglypray.org\/pt\/"},{"@type":"ListItem","position":2,"name":"Letter"}]},{"@type":"WebSite","@id":"https:\/\/unceasinglypray.org\/ar\/#website","url":"https:\/\/unceasinglypray.org\/ar\/","name":"Unceasingly Pray","description":"","potentialAction":[{"@type":"SearchAction","target":{"@type":"EntryPoint","urlTemplate":"https:\/\/unceasinglypray.org\/ar\/?s={search_term_string}"},"query-input":{"@type":"PropertyValueSpecification","valueRequired":true,"valueName":"search_term_string"}}],"inLanguage":"pl-PL"}]}},"_links":{"self":[{"href":"https:\/\/unceasinglypray.org\/pl\/wp-json\/wp\/v2\/pages\/170","targetHints":{"allow":["GET"]}}],"collection":[{"href":"https:\/\/unceasinglypray.org\/pl\/wp-json\/wp\/v2\/pages"}],"about":[{"href":"https:\/\/unceasinglypray.org\/pl\/wp-json\/wp\/v2\/types\/page"}],"author":[{"embeddable":true,"href":"https:\/\/unceasinglypray.org\/pl\/wp-json\/wp\/v2\/users\/3"}],"replies":[{"embeddable":true,"href":"https:\/\/unceasinglypray.org\/pl\/wp-json\/wp\/v2\/comments?post=170"}],"version-history":[{"count":0,"href":"https:\/\/unceasinglypray.org\/pl\/wp-json\/wp\/v2\/pages\/170\/revisions"}],"wp:attachment":[{"href":"https:\/\/unceasinglypray.org\/pl\/wp-json\/wp\/v2\/media?parent=170"}],"curies":[{"name":"wp","href":"https:\/\/api.w.org\/{rel}","templated":true}]}}