{"id":791,"date":"2020-04-30T03:46:41","date_gmt":"2020-04-30T03:46:41","guid":{"rendered":"https:\/\/unceasinglypray.org\/?page_id=791"},"modified":"2020-05-08T20:52:16","modified_gmt":"2020-05-08T20:52:16","slug":"prayer-burdens-16-20","status":"publish","type":"page","link":"https:\/\/unceasinglypray.org\/hr\/prayer-burdens-16-20\/","title":{"rendered":"Prayer Burdens 16-20"},"content":{"rendered":"<p>DAY 16: PRAYER FOR THE GOD-ORDAINED WAY<\/p>\n\t<p>DJELA 2:46-47; 1 PT 4:10; 1 KOR 14:26; EF 4:12, 16<\/p>\n\t<p>16.\tDa sveti iskoriste sada\u0161nje okolnosti kako bi njegovali \u017eivot crkve koji je vitalniji, vi\u0161e prevladavaju\u0107i, plodonosniji i vi\u0161e u skladu sa putem koji je odredio Bog kroz osloba\u0111anje organske funkcije svakog svetog (Dj 2:46-47; 1 Pt 4:10; 1 Kor 14:26; Ef 4:12, 16).<\/p>\n\t<p><strong>Djela 2:46-47 -<\/strong>Svaki bi dan jednodu\u0161no i postojano hrlili u Hram, u ku\u0107ama bi lomili kruh te u radosti i prostodu\u0161nosti srca zajedni\u010dki uzimali hranu hvale\u0107i Boga i u\u017eivaju\u0107i naklonost svega naroda. Gospodin je pak danomice zajednici pridru\u017eivao spasenike.<\/p>\n<p><strong>1 Pt 4:10 -<\/strong>Jedni druge poslu\u017eujte - svatko po primljenom daru - kao dobri upravitelji razli\u010ditih Bo\u017ejih milosti!<\/p>\n<p><strong>1 Kor 14:26 -<\/strong>\u0160to dakle bra\u0107o? Kad se skupite te poneki ima hvalospjev, poneki ima nauk, ima otkrivenje, ima jezik, ima tuma\u010denje - sve neka bude radi izgra\u0111ivanja.<\/p>\n<p><strong>Ef 4:12, 16 -<\/strong>Za usavr\u0161avanje svetih za djelo slu\u017ebe, za izgradnju Kristovog Tijela, od kojega sve Tijelo, uskla\u0111eno i povezano svakovrsnim zglobom zbrinjavanja po djelotvornosti primjerenoj svakomu pojedinom dijelu, promi\u010de svoj rast na sazi\u0111ivanje u ljubavi.<\/p>\n\t<p><b>Slu\u017eba: <strong>K\u0101d pridodan molitvi<\/strong><\/b><\/p>\n<p>Otkrivenje 8 pokazuje nam kako \u0107e Bog u Svojoj upravi suditi ovo doba. Ali ovaj sud \u010deka molitve onih koji su primili otkupljenje krvlju i dokon\u010danje kri\u017eem (krstom). \u010ceka se molitva onih koji su uskrsli da tra\u017ee Njegovo srce i koji stoje na poziciji smrti, omogu\u0107uju\u0107i tako uskrslom Kristu da se sjedini sa njihovim molitvama. One \u0107e, stoga, biti ogromne molitve koje mogu suditi i okon\u010dati ovo doba. Ponavljamo, razlog zbog kojeg oni mogu moliti za tako uzvi\u0161ene i velike stvari je taj \u0161to su dokon\u010dani na kri\u017eu (krstu) i mogu dopustiti da uskrsli Krist bude dodan njihovim molitvama. To je zna\u010denje k\u0101da koji se dodaje molitvama. (Lekcije o molitvi, str. 172173).<em>Lessons on Prayer<\/em>, pp. 172-173)<\/p>\n<p><em>\u00a9 Living Stream Ministry. Koristi se s dopu\u0161tenjem<\/em><\/p>\n\t<p>DAY 17: PRAYER FOR THE SAINTS TO BE LABORING PRIESTS<\/p>\n\t<p>RIM 15:16; 2 TIM 4:2; DJELA 10:24<\/p>\n\t<p>17.\tDa svi sveti budu energizirani kao sve\u0107enici koji se trude u Evan\u0111elju, koji propovijedaju Rije\u010d bilo zgodno, bilo nezgodno, svojim ro\u0111acima, prijateljima, kolegama i ljudima koje susre\u0107u, kako bi ih osvojili i prinijeli Bogu kao posve\u0107enu \u017ertvu (Rim 15:16; 2 Tim 4:2; Dj 10:24).<\/p>\n\t<p><strong>Rim 15:16 -<\/strong>da budem bogoslu\u017enik Krista Isusa me\u0111u poganima, sve\u0107enik evan\u0111elja Bo\u017ejega te prinos pogana postane ugodan, posve\u0107en Duhom Svetim.<\/p>\n<p><strong>2 Tim 4:2 -<\/strong>propovijedaj Rije\u010d, uporan budi - bilo to zgodno ili nezgodno - uvjeravaj, prijeti, zapovijedaj sa svom strpljivo\u0161\u0107u i poukom.<\/p>\n<p><strong>Djela 10:24 -<\/strong>Drugi dan sti\u017ee u Cezareju. Kornelije ih je \u010dekao sazvav\u0161i rodbinu i prisne prijatelje.<\/p>\n\t<p><b>Slu\u017eba: <strong>U ime Gospoda Isusa\u2014ono \u0161to je Bog predao crkvi<\/strong><\/b><\/p>\n<p>Na Zemlji crkva nema ve\u0107u vlast od vlasti \u010dinjenja stvari u ime Gospoda Isusa. Gospod je Svoje ime predao crkvi. To je ono najve\u0107e \u0161to je Bog predao  jer ovo ime ozna\u010dava Njega Samog. \u0160to god govorite u ime Gospoda Isusa postaje ono \u0161to govori Sam Gospod. \u0160to god tra\u017eite u ime Gospoda Isusa postaje ono \u0161to On tra\u017ei. \u0160to god odlu\u010dite u ime Gospoda Isus postaje ono \u0161to Gospod odlu\u010duje. Crkva ima vlast da govori u Gospodnje ime. Kakvo je poslanje Bog predao crkvi! (Molitvena slu\u017eba crkve, str. 53).<em>Molitvena slu\u017eba crkve,<\/em>, p. 53)<\/p>\n<p><em>\u00a9 Living Stream Ministry. Koristi se s dopu\u0161tenjem<\/em><\/p>\n\t<p>DAY 18: PRAYER TO CONTINUE STEADFASTLY<\/p>\n\t<p>Acts 2:42; Matt. 6:6; 18:19-20; Col. 4:2; 1&nbsp;Thes. 5:17<\/p>\n\t<p>For the saints to continue steadfastly in prayer and for their prayer life to be built up personally, in small groups, and in the church meetings until prayer is unceasing (Acts 2:42; Matt. 6:6; 18:19-20; Col. 4:2; 1&nbsp;Thes. 5:17).<\/p>\n\t<p><strong>Djela 2:42 -<\/strong>Bijahu postojani u nauku apostolskom, u zajedni\u0161tvu, lomljenju kruha i molitvama.<\/p>\n<p><strong>Mt 6:6 -<\/strong>Ti naprotiv, kad moli\u0161, u\u0111i u svoju sobu, zatvori vrata i pomoli se svomu Ocu, koji je u skrovitosti. I Otac tvoj, koji vidi u skrovitosti, uzvratit \u0107e ti.\"<\/p>\n<p><strong>Mt 18:19-20 -<\/strong>\"Nadalje, ka\u017eem vam, ako dvojica od vas na zemlji jednodu\u0161no zai\u0161tu \u0161to mu drago, dat \u0107e im Otac moj, koji je na nebesima. Jer gdje su dvojica ili trojica sabrana u moje ime, tu sam i ja me\u0111u njima.\"<\/p>\n<p><strong>Kol 4:2 -<\/strong>U molitvi ustrajte, bdijte u njoj u zahvaljivanju!<\/p>\n\t<p><b>Slu\u017eba: <strong>Molitva autoriteta<\/strong><\/b><\/p>\n<p>Biblija sadr\u017ei najuzvi\u0161eniju i najduhovniju molitvu. Ali malo je ljudi koji mole ovu molitvu i malo je onih koji na nju svra\u0107aju pa\u017enju. Koja je to molitva? To je \u00abmolitva autoriteta.\u00bb Znamo da postoje molitve slavljenja, molitve zahvaljivanja, molitve preklinjanja i molitve \npro\u0161nje. Ali malo nas zna da postoji molitva autoriteta. Molitva autoriteta je zapovjedaju\u0107a molitva. To je najpresudnija i najduhovnija molitva u Bibliji. Ta vrsta molitve znak je autoriteta i objavljivanje je autoriteta.<\/p>\n<p>Brothers and sisters, if you want to be a man of prayer, you have to learn to pray with authority. This kind of prayer is described by the Lord in Matthew 18:18. \u201cWhatever you bind on the earth shall have been bound in heaven, and whatever you loose on the earth shall have been loosed in heaven.\u201d In this verse, there is a prayer that is called a binding prayer and a prayer that is called a loosing prayer&#8230;Heaven listens to the earth and obeys the command of the earth. Whatever the earth binds will be bound in heaven, and whatever the earth looses will be loosed in heaven. The earth does not pray; it binds and looses. This is to pray with authority. (<em>Molitvena slu\u017eba crkve,<\/em>, p. 61)<\/p>\n<p><em>\u00a9 Living Stream Ministry. Koristi se s dopu\u0161tenjem<\/em><\/p>\n\t<p>DAY 19: PRAYER FOR THE OVERCOMERS<\/p>\n\t<p>OTK 2:7, 11, 17, 26; 3:5, 12, 21; 12:5, 10-11; 14:1-5<\/p>\n\t<p>For the saints to be raised up and constituted as overcomers to be the Lord&#8217;s dispensational instrument to turn the age (Rev. 2:7, 11, 17, 26; 3:5, 12, 21; 12:5, 10-11; 14:1-5).<\/p>\n\t<p><strong>Otk 3:21 -<\/strong>\"Pobjednika \u0107u posjesti sa sobom na prijestolje svoje, kao \u0161to i ja, pobijediv\u0161i, sjedoh s Ocem svojim na prijestolje njegovo.\"<\/p>\n<p><strong>Otk 12:5 -<\/strong>A jedan od starje\u0161ina re\u010de: \"Ne pla\u010di! Evo, pobijedi Lav iz plemena Judina, Korijen Davidov, on \u0107e otvoriti knjigu i sedam pe\u010data njezinih.<\/p>\n<p><strong>Otk 12:10-11 -<\/strong>I za\u010dujem glas na nebu silan: \"Sada nasta spasenje i snaga i kraljevstvo Boga na\u0161ega i vlast Pomazanika njegova! Jer zba\u010den je tu\u017eitelj bra\u0107e na\u0161e koji ih je dan i no\u0107 optu\u017eivao pred Bogom na\u0161im. Ali oni ga pobijedi\u0161e krvlju Jaganj\u010devom i rije\u010dju svojega svjedo\u010danstva: nisu ljubili \u017eivota svoga - sve do smrti.<\/p>\n\t<p><b>Slu\u017eba: <strong>Molitva autoriteta<\/strong><\/b><\/p>\n<p>The Bible shows us the relationship between prayer, fasting, and authority. Prayer indicates that we seek after God, while fasting indicates that we deny our self&#8230;We have to seek God and deny the self at the same time. When our pursuit of God and our denial of self are joined and mingled together, immediately there is faith. When we have faith, we have the authority to command the demons to go away. Brothers and sisters, if we seek after God but do not deny our self, we do not have faith, and we do not have authority. But if we seek after God and deny our self, immediately we will have faith and authority and be able to utter prayers of faith and authority. Brothers and sisters, the most important prayers and the most spiritual prayers are prayers of authority. (<em>Molitvena slu\u017eba crkve,<\/em>, pp. 73-74)<\/p>\n<p><em>\u00a9 Living Stream Ministry. Koristi se s dopu\u0161tenjem<\/em><\/p>\n\t<p>DAY 20: PRAYER TO BIND THE ENEMY<\/p>\n\t<p>MK 3:27; 1 IV 3:2 OTK 12:10-11; LK 18:7<\/p>\n\t<p>20.\tDa neprijatelj, Sotona, bude svezan, da djela \u0110avla budu uni\u0161tena, da bude zba\u010den tu\u017eitelj bra\u0107e, da Bog izvr\u0161i osvetu nad njim kao onim koji je protivnik svetih (Mk 3:27; 1 Iv 3:8; Otk 12:10-11; Lk 18:7).<\/p>\n\t<p><strong>Mk 3:27 -<\/strong>Nitko, dakako, ne mo\u017ee u ku\u0107u jakoga u\u0107i i oplijeniti mu poku\u0107stvo ako prije jakoga ne sve\u017ee. Tada \u0107e mu ku\u0107u oplijeniti!\"<\/p>\n<p><strong>1 Iv 3:2 -<\/strong>Ljubljeni, sad smo djeca Bo\u017eja i jo\u0161 se ne o\u010ditova \u0161to \u0107emo biti. Znamo: kad se o\u010dituje, bit \u0107emo njemu sli\u010dni, jer vidjet \u0107emo ga kao \u0161to jest.<\/p>\n<p><strong>Otk 12:10-11 -<\/strong>I za\u010dujem glas na nebu silan: \"Sada nasta spasenje i snaga i kraljevstvo Boga na\u0161ega i vlast Pomazanika njegova! Jer zba\u010den je tu\u017eitelj bra\u0107e na\u0161e koji ih je dan i no\u0107 optu\u017eivao pred Bogom na\u0161im. Ali oni ga pobijedi\u0161e krvlju Jaganj\u010devom i rije\u010dju svojega svjedo\u010danstva: nisu ljubili \u017eivota svoga - sve do smrti.<\/p>\n<p><strong>Lk 18:7 -<\/strong>Ne\u0107e li onda Bog obraniti svoje izabrane koji dan i no\u0107 vape k njemu sve ako i odga\u0111a stvar njihovu?<\/p>\n\t<p><b>Slu\u017eba: <strong>Potpuna opskrba za na\u0161u molitvu<\/strong><\/b><\/p>\n<p>Na\u0161e se slabosti najlak\u0161e o\u010dituju u na\u0161im molitvama. Ni\u0161ta ne izla\u017ee na\u0161u duhovnu slabost vi\u0161e od molitve. Znamo koliko je u\u010denicima bilo te\u0161ko moliti se u Getsemanskom vrtu; nisu mogli biti budni i moliti se. Ali hvala Gospodu \u0161to imamo mo\u0107nog Duha kao na\u0161u pomo\u0107. Moramo imati povjerenja u Duha koji prebiva u nama kako bi djelovao u nama u skladu sa Svojom silom, jer On je na\u0161a pomo\u0107 u vrijeme na\u0161e slabosti i gluposti. Iako mi  ne znamo kako se moliti, Duh Sveti je u nama; On poznaje Bo\u017eju volju i nau\u010dit \u0107e nas moliti po Bo\u017ejoj volji. Nau\u010dit \u0107e nas da imamo inteligentno zajedni\u0161tvo s Bogom i uvest \u0107e nas u stvarnost tog zajedni\u0161tva. Trebamo se pouzdavati u Krista u koga vjerujemo i u Duha koji nas podr\u017eava i poma\u017ee nam moliti se. (Sabrana djela of Watchmana Nee-ja, sv. 38, str. 460-461).<em>The Collected Works of Watchman Nee, vol. 38<\/em>, pp. 460-461)<\/p>\n<p><em>\u00a9 Living Stream Ministry. Koristi se s dopu\u0161tenjem<\/em><\/p>\n\t\t<h3><\/h3>\n\t\t<p>Ustrajte u molitvi.<\/p>\n\t\t\t<a href=\"https:\/\/unceasinglypray.org\/hr\/sign-up\/\" target=\"_self\" role=\"button\" rel=\"noopener noreferrer\">\n\t\t\t\t\t\t\tODABERITE VREMENSKI PERIOD\n\t\t\t\t\t<\/a>","protected":false},"excerpt":{"rendered":"<p>DAY 16: PRAYER FOR THE GOD-ORDAINED WAY Acts 2:46-47; 1 Pet. 4:10; 1 Cor. 14:26; Eph. 4:12, 16 For the saints to use the present circumstances to cultivate a church life that is more vital, more prevailing, more fruitful, and more according to the God-ordained way through the release of the organic function of every&hellip;<\/p>","protected":false},"author":2,"featured_media":0,"parent":0,"menu_order":0,"comment_status":"closed","ping_status":"closed","template":"","meta":{"inline_featured_image":false,"footnotes":""},"class_list":["post-791","page","type-page","status-publish","hentry"],"yoast_head":"<!-- This site is optimized with the Yoast SEO plugin v27.6 - https:\/\/yoast.com\/product\/yoast-seo-wordpress\/ -->\n<title>Prayer Burdens 16-20 - Unceasingly Pray<\/title>\n<meta name=\"robots\" content=\"index, follow, max-snippet:-1, max-image-preview:large, max-video-preview:-1\" \/>\n<link rel=\"canonical\" href=\"https:\/\/unceasinglypray.org\/hr\/prayer-burdens-16-20\/\" \/>\n<meta property=\"og:locale\" content=\"hr_HR\" \/>\n<meta property=\"og:type\" content=\"article\" \/>\n<meta property=\"og:title\" content=\"Prayer Burdens 16-20 - Unceasingly Pray\" \/>\n<meta property=\"og:description\" content=\"DAY 16: PRAYER FOR THE GOD-ORDAINED WAY Acts 2:46-47; 1 Pet. 4:10; 1 Cor. 14:26; Eph. 4:12, 16 For the saints to use the present circumstances to cultivate a church life that is more vital, more prevailing, more fruitful, and more according to the God-ordained way through the release of the organic function of every&hellip;\" \/>\n<meta property=\"og:url\" content=\"https:\/\/unceasinglypray.org\/hr\/prayer-burdens-16-20\/\" \/>\n<meta property=\"og:site_name\" content=\"Unceasingly Pray\" \/>\n<meta property=\"article:modified_time\" content=\"2020-05-08T20:52:16+00:00\" \/>\n<meta name=\"twitter:card\" content=\"summary_large_image\" \/>\n<meta name=\"twitter:label1\" content=\"Procijenjeno vrijeme \u010ditanja\" \/>\n\t<meta name=\"twitter:data1\" content=\"9 minuta\" \/>\n<script type=\"application\/ld+json\" class=\"yoast-schema-graph\">{\"@context\":\"https:\\\/\\\/schema.org\",\"@graph\":[{\"@type\":\"WebPage\",\"@id\":\"https:\\\/\\\/unceasinglypray.org\\\/ar\\\/prayer-burdens-16-20\\\/\",\"url\":\"https:\\\/\\\/unceasinglypray.org\\\/ar\\\/prayer-burdens-16-20\\\/\",\"name\":\"Prayer Burdens 16-20 - Unceasingly Pray\",\"isPartOf\":{\"@id\":\"https:\\\/\\\/unceasinglypray.org\\\/ar\\\/#website\"},\"datePublished\":\"2020-04-30T03:46:41+00:00\",\"dateModified\":\"2020-05-08T20:52:16+00:00\",\"breadcrumb\":{\"@id\":\"https:\\\/\\\/unceasinglypray.org\\\/ar\\\/prayer-burdens-16-20\\\/#breadcrumb\"},\"inLanguage\":\"hr\",\"potentialAction\":[{\"@type\":\"ReadAction\",\"target\":[\"https:\\\/\\\/unceasinglypray.org\\\/ar\\\/prayer-burdens-16-20\\\/\"]}]},{\"@type\":\"BreadcrumbList\",\"@id\":\"https:\\\/\\\/unceasinglypray.org\\\/ar\\\/prayer-burdens-16-20\\\/#breadcrumb\",\"itemListElement\":[{\"@type\":\"ListItem\",\"position\":1,\"name\":\"Home\",\"item\":\"https:\\\/\\\/unceasinglypray.org\\\/pt\\\/\"},{\"@type\":\"ListItem\",\"position\":2,\"name\":\"Prayer Burdens 16-20\"}]},{\"@type\":\"WebSite\",\"@id\":\"https:\\\/\\\/unceasinglypray.org\\\/ar\\\/#website\",\"url\":\"https:\\\/\\\/unceasinglypray.org\\\/ar\\\/\",\"name\":\"Unceasingly Pray\",\"description\":\"\",\"potentialAction\":[{\"@type\":\"SearchAction\",\"target\":{\"@type\":\"EntryPoint\",\"urlTemplate\":\"https:\\\/\\\/unceasinglypray.org\\\/ar\\\/?s={search_term_string}\"},\"query-input\":{\"@type\":\"PropertyValueSpecification\",\"valueRequired\":true,\"valueName\":\"search_term_string\"}}],\"inLanguage\":\"hr\"}]}<\/script>\n<!-- \/ Yoast SEO plugin. -->","yoast_head_json":{"title":"Prayer Burdens 16-20 - Unceasingly Pray","robots":{"index":"index","follow":"follow","max-snippet":"max-snippet:-1","max-image-preview":"max-image-preview:large","max-video-preview":"max-video-preview:-1"},"canonical":"https:\/\/unceasinglypray.org\/hr\/prayer-burdens-16-20\/","og_locale":"hr_HR","og_type":"article","og_title":"Prayer Burdens 16-20 - Unceasingly Pray","og_description":"DAY 16: PRAYER FOR THE GOD-ORDAINED WAY Acts 2:46-47; 1 Pet. 4:10; 1 Cor. 14:26; Eph. 4:12, 16 For the saints to use the present circumstances to cultivate a church life that is more vital, more prevailing, more fruitful, and more according to the God-ordained way through the release of the organic function of every&hellip;","og_url":"https:\/\/unceasinglypray.org\/hr\/prayer-burdens-16-20\/","og_site_name":"Unceasingly Pray","article_modified_time":"2020-05-08T20:52:16+00:00","twitter_card":"summary_large_image","twitter_misc":{"Procijenjeno vrijeme \u010ditanja":"9 minuta"},"schema":{"@context":"https:\/\/schema.org","@graph":[{"@type":"WebPage","@id":"https:\/\/unceasinglypray.org\/ar\/prayer-burdens-16-20\/","url":"https:\/\/unceasinglypray.org\/ar\/prayer-burdens-16-20\/","name":"Prayer Burdens 16-20 - Unceasingly Pray","isPartOf":{"@id":"https:\/\/unceasinglypray.org\/ar\/#website"},"datePublished":"2020-04-30T03:46:41+00:00","dateModified":"2020-05-08T20:52:16+00:00","breadcrumb":{"@id":"https:\/\/unceasinglypray.org\/ar\/prayer-burdens-16-20\/#breadcrumb"},"inLanguage":"hr","potentialAction":[{"@type":"ReadAction","target":["https:\/\/unceasinglypray.org\/ar\/prayer-burdens-16-20\/"]}]},{"@type":"BreadcrumbList","@id":"https:\/\/unceasinglypray.org\/ar\/prayer-burdens-16-20\/#breadcrumb","itemListElement":[{"@type":"ListItem","position":1,"name":"Home","item":"https:\/\/unceasinglypray.org\/pt\/"},{"@type":"ListItem","position":2,"name":"Prayer Burdens 16-20"}]},{"@type":"WebSite","@id":"https:\/\/unceasinglypray.org\/ar\/#website","url":"https:\/\/unceasinglypray.org\/ar\/","name":"Unceasingly Pray","description":"","potentialAction":[{"@type":"SearchAction","target":{"@type":"EntryPoint","urlTemplate":"https:\/\/unceasinglypray.org\/ar\/?s={search_term_string}"},"query-input":{"@type":"PropertyValueSpecification","valueRequired":true,"valueName":"search_term_string"}}],"inLanguage":"hr"}]}},"_links":{"self":[{"href":"https:\/\/unceasinglypray.org\/hr\/wp-json\/wp\/v2\/pages\/791","targetHints":{"allow":["GET"]}}],"collection":[{"href":"https:\/\/unceasinglypray.org\/hr\/wp-json\/wp\/v2\/pages"}],"about":[{"href":"https:\/\/unceasinglypray.org\/hr\/wp-json\/wp\/v2\/types\/page"}],"author":[{"embeddable":true,"href":"https:\/\/unceasinglypray.org\/hr\/wp-json\/wp\/v2\/users\/2"}],"replies":[{"embeddable":true,"href":"https:\/\/unceasinglypray.org\/hr\/wp-json\/wp\/v2\/comments?post=791"}],"version-history":[{"count":0,"href":"https:\/\/unceasinglypray.org\/hr\/wp-json\/wp\/v2\/pages\/791\/revisions"}],"wp:attachment":[{"href":"https:\/\/unceasinglypray.org\/hr\/wp-json\/wp\/v2\/media?parent=791"}],"curies":[{"name":"wp","href":"https:\/\/api.w.org\/{rel}","templated":true}]}}