{"id":790,"date":"2020-04-30T03:46:23","date_gmt":"2020-04-30T03:46:23","guid":{"rendered":"https:\/\/unceasinglypray.org\/?page_id=790"},"modified":"2020-05-08T20:59:10","modified_gmt":"2020-05-08T20:59:10","slug":"prayer-burdens-11-15","status":"publish","type":"page","link":"https:\/\/unceasinglypray.org\/hr\/prayer-burdens-11-15\/","title":{"rendered":"Prayer Burdens 11-15"},"content":{"rendered":"<p>DAY 11: PRAYER FOR THE CHURCHES<\/p>\n\t<p>DJELA 16:5; EF 1:19; KOL 1:11; OTK 1:9<\/p>\n\t<p>11.\tDa Gospod osna\u017ei, podr\u017ei i uvede crkve u blagostanje u svakoj dr\u017eavi u Njegovoj obnovi kao Isusovo svjedo\u010danstvo (Dj 16:5; Ef 1:19; Kol 1:11; Otk 1:9).<\/p>\n\t<p><strong>Djela 16:5 -<\/strong>Tako se Crkve u\u010dvr\u0161\u0107ivahu u vjeri i broj im se danomice pove\u0107avao.<\/p>\n<p><strong>Ef 1:19<\/strong>i koje li prekomjerne veli\u010dine u mo\u0107i njegovoj prema nama koji vjerujemo: ona je primjerena djelotvornosti sile i snage njegove<\/p>\n<p><strong>Kol 1:11 -<\/strong>osna\u017eeni svakom snagom, po sili Slave njegove, za svaku postojanost i strpljivost;<\/p>\n<p><strong>Otk 1:9 -<\/strong>Ja, Ivan, brat va\u0161 i suzajedni\u010dar u nevolji, kraljevstvu i postojanosti, u Isusu: bijah na otoku zvanu Patmos radi rije\u010di Bo\u017eje i svjedo\u010danstva Isusova.<\/p>\n\t<p>&nbsp;<\/p>\n<p><b>Ministry: Burning Christ as Incense<\/b><\/p>\n<p>U Knjizi Otkrivenja kadioni \u017ertvenik je direktno ispred prijestolja Bo\u017eje vlasti. Prema Otkrivenju 8, Krist kao drugi An\u0111eo dolazi i dodaje Svoj k\u0101d molitvama svetih. Ovaj se k\u0101d potom uspinje Bogu na prijestolju uprave i Bog odgovara na molitve svetih. Kao rezultat, oganj se spu\u0161ta na Zemlju da izvr\u0161i bo\u017eanske sudove zabilje\u017eene u ostatku Knjige Otkrivenja. Ovo je slika kadionog \u017ertvenika koji je upravlja\u010dko prijestolje Bo\u017eje da izvr\u0161i Svoje sudove u Svojoj upravi. Va\u017eno nam je vidjeti da je izvr\u0161enje Bo\u017eje uprave motivirano molitvama koje su Mu upu\u0107ene s kadionog \u017ertvenika. (Studij \u017eivota - Izlazak, str. 1615.)<em>Life-study of Exodus<\/em>, p. 1615)<\/p>\n<p><em>\u00a9 Living Stream Ministry. Koristi se s dopu\u0161tenjem<\/em><\/p>\n<p>&nbsp;<\/p>\n\t<p>DAY 12: PRAYER FOR THE CO-WORKERS &amp; LEADING BROTHERS<\/p>\n\t<p>DJELA 20:28; 1 PT 5:2; HEB 13:17<\/p>\n\t<p>12.\tDa Gospod opskrbi suradnike i vode\u0107u bra\u0107u te da im podari mudrost da vode i dalje napasaju Njegov narod u ovim danima (Dj 20:28; 1 Pt 5:2; Heb 13:17).<\/p>\n\t<p><strong>Djela 20:28<\/strong>\u2014Take heed to yourselves and to all the flock, among whom the Holy Spirit has placed you as overseers to shepherd the church of God, which He obtained through His own blood.<\/p>\n<p><strong>1 Pt 5:2<\/strong>\u2014Shepherd the flock of God among you, overseeing not under compulsion but willingly, according to God; not by seeking gain through base means but eagerly.<\/p>\n<p><strong>Heb 13:17<\/strong>\u2014Obey the ones leading you and submit to them, for they watch over your souls as those who will render an account, that they may do this with joy and not groaning; for this would be unprofitable to you.<\/p>\n\t<p>&nbsp;<\/p>\n<p><b>Slu\u017eba: <strong>Moliti se u skladu sa Bo\u017ejom \u010de\u017enjom<\/strong><\/b><\/p>\n<p>Bra\u0107o i sestre, ako do\u0111emo k Bogu i ostanemo mirni pred Njim, odri\u010du\u0107i se na\u0161ih misli kako bismo u\u0161li u Njegove misli, vidjet \u0107emo veliku potrebu za molitvom, vidjet \u0107emo da Bog \u010deka na nas da se molimo za toliko mnogo stvari, i vidjet \u0107emo da sve oko nas mo\u017ee postati predmetom na\u0161e molitve. U stvari, cijela Zemlja mo\u017ee postati predmet na\u0161e molitve. Ne bismo se trebali moliti u skladu s na\u0161im osje\u0107ajima. Moramo pomije\u0161ati svoje \u010de\u017enje s Bo\u017ejim \u010de\u017enjama i dopustiti da Bo\u017eje \u010de\u017enje postanu na\u0161e \u010de\u017enje, uzdisanja i stremljenja za ovim svemirom. Bo\u017eje \u010de\u017enje ne mogu se osloboditi ako prvo ne pro\u0111u kroz \u010dovjeka, a Bo\u017eje \u010de\u017enje, kad su izra\u017eene kroz \u010dovjekove \u010de\u017enje, nai\u0107i \u0107e na protivljenje od strane Sotonske sile. Da bismo ispunili Bo\u017eju \u010de\u017enju, moramo se moliti, i da bismo uklonili Sotonino protivljenje, moramo se moliti. Moramo primjenjivati autoritet molitve i odrije\u0161iti ono \u0161to treba biti odrije\u0161eno i svezati ono \u0161to treba biti \nsvezano. Ne bismo se trebali moliti prema svojoj vlastitoj \u010de\u017enji; trebali bismo i\u0107i Gospodu i moliti se u skladu sa \u010de\u017enjom koju je On utisnuo u nas. Kad Bog ka\u017ee da ne\u0161to treba, mi bi trebali re\u0107i isto, a kad On ka\u017ee da ne\u0161to ne mo\u017ee ostati, mi bismo trebali tako\u0111er re\u0107i to isto. Trebali bismo zaboraviti na sebe i dota\u0107i Bo\u017eju \u010de\u017enju i izraziti Njegovu \u010de\u017enju kroz molitvu. (Sabrana djela Watchmana Nee-ja, sv. 38, str. 456-457).<em>The Collected Works of Watchman Nee, vol. 38<\/em>, pp. 456-457)<\/p>\n<p><em>\u00a9 Living Stream Ministry. Koristi se s dopu\u0161tenjem<\/em><\/p>\n<p>&nbsp;<\/p>\n\t<p>DAY 13: PRAYER FOR THE SAINTS TO BE SANCTIFIED<\/p>\n\t<p>1 SOL 5:22-23; RIM 12:2, 4-5<\/p>\n\t<p>13.\tDa sveti budu o\u010duvani i posve\u0107eni u svom trodijelnom bi\u0107u, da budu odijeljeni za Boga od uobi\u010dajenih i gre\u0161nih stvari (1 Sol 5:22-23), te da ne budu suobli\u010deni (saobra\u017eeni) ovom dobu, nego da budu preobra\u017eeni kako bi mogli ku\u0161ati \u0161to je volja Bo\u017eja \u017eive\u0107i \u017eivot Tijela (Rim 12:2; 4-5).<\/p>\n\t<p><strong>1 Sol 5:22-23 -<\/strong>svake se sjene zla klonite! A sam Bog mira neka vas posvema posveti i cijelo va\u0161e bi\u0107e - duh va\u0161 i du\u0161a i tijelo - neka se besprijekornim, savr\u0161enim sa\u010duva za Dolazak Gospodina na\u0161ega Isusa Krista.<\/p>\n<p><strong>Rim 12:2 -<\/strong>\u2014Ne suobli\u010dujte se ovomu svijetu, nego se preobrazujte obnavljanjem svoje\npameti da mognete razabirati \u0161to je volja Bo\u017eja, \u0161to li je dobro, Bogu milo, savr\u0161eno.<\/p>\n<p><strong>Rim 12:4-5 -<\/strong>Jer kao \u0161to u jednom tijelu imamo mnogo udova, a nemaju svi isto djelovanje, tako smo i mi, mnogi, jedno tijelo u Kristu, a pojedinci udovi jedan drugomu. <strong>\u00a0<\/strong><\/p>\n\t<p>&nbsp;<\/p>\n<p><b>Slu\u017eba: <strong>Krist koji posreduje<\/strong><\/b><\/p>\n<p>Najdublji slikoviti prikaz svih slikovitih prikaza u Starom Zavjetu mo\u017ee biti kadioni \u017ertvenik u Izlasku 30. Ako ovu sliku promatramo \u010dak i povr\u0161no, vidjet \u0107emo da je povezana s molitvom. I u Starom i u Novom Zavjetu k\u0101d koji se prinosi Bogu ozna\u010dava na\u0161u molitvu upravljenu Njemu. Stoga, u na\u0161em \u010ditanju Biblije, mo\u017eemo shvatiti da zlatni kadioni \u017ertvenik mora na neki na\u010din biti povezan s molitvom<\/p>\n<p>Ako ovu stvar razmotrimo dublje, vidjet \u0107emo da se kadioni \u017ertvenik zapravo ne odnosi na na\u0161u molitvu. Umjesto toga, on se odnosi na Kristovu molitvu, jer je sam \u017ertvenik slikoviti prikaz Kristove osobe. On nije slika Kristove molitve. Kadioni \u017ertvenik opisuje Krista osobu, a ne Njegovu molitvu. On ozna\u010dava Krista koji se moli, i Krista koji posreduje. Individualni Krist nakon Svog uskrsnu\u0107a, a posebno nakon Svog uza\u0161a\u0161\u0107a, postao je korporativan. Dakle, danas pred Bogom ne posreduje samo individualni Krist, ve\u0107 posreduje i korporativni Krist, Glava s Tijelom, tako\u0111er posreduje, Krist Glava posreduje na nebesima, a crkva Tijelo posreduje na Zemlji, Posredovatelj dakle, nije samo Sam Krist, nego je to Krist sa Svojim Tijelom. Ako to shvatimo, vidjet \u0107emo da je ono \u0161to je ozna\u010deno kadionim \u017ertvenikom, ne\u0161to vrlo duboko. (Studij \u017eivota - Izlazak str. 1625.).<em>Life-study of Exodus<\/em>, p. 1625)<\/p>\n<p><em>\u00a9 Living Stream Ministry. Koristi se s dopu\u0161tenjem<\/em><\/p>\n<p>&nbsp;<\/p>\n\t<p>DAY 14: PRAYER TO POSSESS THE ALL-INCLUSIVE CHRIST<\/p>\n\t<p>KOL 1:12; EF 3:8, 17-18<\/p>\n\t<p>14.\tDa sveti u potpunosti zaposjednu svoju dodijeljenu im porciju sveobuhvatnog, sveobujmljivog Krista bivaju\u0107i osna\u017eeni silom kroz Duha u svog unutra\u0161njeg \u010dovjeka kako bi Krist Sebi na\u010dinio dom u njihovim srcima (Kol 1:12; Ef 3:8; 17-18).<\/p>\n\t<p><strong>Kol 1:12 -<\/strong>s rado\u0161\u0107u zahvaljuju\u0107i Ocu koji vas osposobi za dioni\u0161tvo u ba\u0161tini svetih u svjetlosti.<\/p>\n<p><strong>Ef 3:8 -<\/strong>Meni, najmanjemu od svih svetih, dana je ova milost: poganima biti blagovjesnikom neistra\u017eivog bogatstva Kristova<\/p>\n<p><strong>Ef 3:17-18 -<\/strong>da po vjeri Krist prebiva u srcima va\u0161im te u ljubavi ukorijenjeni i utemeljeni mognete shvatiti sa svima svetima \u0161to je Du\u017eina i \u0160irina i Visina i Dubina<\/p>\n\t<p>&nbsp;<\/p>\n<p><b>Slu\u017eba: <strong>Svedeni na pepeo<\/strong><\/b><\/p>\n<p>Ako u\u0111emo u \u0161ator, ne mo\u017eemo direktno do\u0107i do kadionog \u017ertvenika. Kao \u0161to smo ve\u0107 naveli, prvo moramo oti\u0107i do stola sa hljebovima, zatim do svije\u0107njaka, a nakon toga do Kov\u010dega svjedo\u010danstva u Svetinji nad svetinjama. Tek tada \u0107emo biti spremni posredovati kod kadionog \u017ertvenika.<\/p>\n<p>Na\u0161e pona\u0161anje je nasuprot Kristu kao \u017eivotu kruhu (hlebu) stola prisutnosti, stolu sa prinesenim hljebovima). Na\u0161 je pogled nasuprot Kristu kao na\u0161em svjetlu (svije\u0107njaku). Na\u0161a vrlina je nasuprot Kristu kao na\u0161em k\u0101du upu\u0107enom Bogu (kadioni \u017ertvenik). Na\u0161e pona\u0161anje, pogled i na\u0161a vrlina zajedno su jednaki na\u0161em prirodnom bi\u0107u, koje je nasuprot Kristu kao Bo\u017ejem svjedo\u010danstvu (Kov\u010degu saveza). Ako smo postali gomila pepela, ho\u0107emo li i dalje imati svoje prirodno pona\u0161anje, svoj prirodni pogled i svoju prirodnu vrlinu? Sigurno ne. Gomila pepela nema nikakvo pona\u0161anje, pogled ili vrlinu. \u0160to ima gomila pepela? Ona nema ni\u0161ta. Biti sveden na pepeo zna\u010di sveden na ni\u0161ta, na nulu. (Studij \u017eivota - Izlazak, str. 1629-1630).<em>Life-study of Exodus<\/em>, pp. 1629-1630)<\/p>\n<p><em>\u00a9 Living Stream Ministry. Koristi se s dopu\u0161tenjem<\/em><\/p>\n<p>&nbsp;<\/p>\n\t<p>DAY 15: PRAYER FOR THE BUILDING UP OF THE BODY<\/p>\n\t<p>KOL 2:6-7; RIM 8:4; EF 4:15-16<\/p>\n\t<p>15.\tDa sveti hodaju u Kristu po duhu u svom svakodnevnom \u017eivotu, da u svemu urastu u Krista, te da budu povezani i izgra\u0111eni zajedno kao Tijelo Kristovo (Kol 2:6-7; Rim 8:4; Ef 4:15-16).<\/p>\n\t<p><strong>Kol 2:6-7 -<\/strong>Kao \u0161to primiste Krista Isusa, Gospodina, tako u njemu \u017eivite: ukorijenjeni i nazidani na njemu i u\u010dvr\u0161\u0107eni vjerom kako ste pou\u010deni, obilujte zahvaljivanjem.<\/p>\n<p><strong>Rim 8:4 -<\/strong>da se pravednost Zakona ispuni u nama koji ne \u017eivimo po tijelu nego po Duhu.<\/p>\n<p><strong>Ef 4:15-16 -<\/strong>od kojega sve Tijelo, uskla\u0111eno i povezano svakovrsnim zglobom zbrinjavanja po djelotvornosti primjerenoj svakomu pojedinom dijelu, promi\u010de svoj rast na sazi\u0111ivanje u ljubavi.<\/p>\n\t<p>&nbsp;<\/p>\n<p><b>Slu\u017eba: <strong>Dva \u017ertvenika u na\u0161em iskustvu<\/strong><\/b><\/p>\n<p>Neka nam se Gospod smiluje da vidimo da je primjeren i istinski molitveni \u017eivot u Bogu i zahtijeva da Bog bude u nama; da je jedno s uskrslim i uza\u0161lim Kristom kao na\u0161im k\u0101dom upu\u0107enom Bogu; i da je krvlju, ognjem i slatkim mirisom povezan s raspetim Kristom, Ako imamo takvu molitvu, mo\u0107i \u0107emo \u017eivjeti \u017eivot koji motivira Bo\u017eje kretanje. Ova vrsta molitve upravlja Bo\u017ejom dispenzacijom milosti (blagodati) i Njegovim upravljanjem Njegovom vla\u0161\u0107u. To zna\u010di da molitva prinesena na kadionom \u017ertveniku upravlja svemirom. Ovo je stvar od velikog zna\u010daja. Neka nam se otvore o\u010di da to vidimo. (Studij \u017eivota - Izlazak str. 1623).<em>Life-study of Exodus<\/em>, p. 1623)<\/p>\n<p><em>\u00a9 Living Stream Ministry. Koristi se s dopu\u0161tenjem<\/em><\/p>\n<p>&nbsp;<\/p>\n\t\t<h3><\/h3>\n\t\t<p>Ustrajte u molitvi.<\/p>\n\t\t\t<a href=\"https:\/\/unceasinglypray.org\/hr\/sign-up\/\" target=\"_self\" role=\"button\" rel=\"noopener noreferrer\">\n\t\t\t\t\t\t\tODABERITE VREMENSKI PERIOD\n\t\t\t\t\t<\/a>","protected":false},"excerpt":{"rendered":"<p>DAY 11: PRAYER FOR THE CHURCHES Acts 16:5; Eph. 1:19; Col. 1:11; Rev. 1:9 For the Lord to strengthen, uphold, and prosper the churches in every country in His recovery as the testimony of Jesus (Acts 16:5; Eph. 1:19; Col. 1:11; Rev. 1:9). Acts 16:5\u2014And so the churches were strengthened in the faith and increased&hellip;<\/p>","protected":false},"author":2,"featured_media":0,"parent":0,"menu_order":0,"comment_status":"closed","ping_status":"closed","template":"","meta":{"inline_featured_image":false,"footnotes":""},"class_list":["post-790","page","type-page","status-publish","hentry"],"yoast_head":"<!-- This site is optimized with the Yoast SEO plugin v27.3 - https:\/\/yoast.com\/product\/yoast-seo-wordpress\/ -->\n<title>Prayer Burdens 11-15 - Unceasingly Pray<\/title>\n<meta name=\"robots\" content=\"index, follow, max-snippet:-1, max-image-preview:large, max-video-preview:-1\" \/>\n<link rel=\"canonical\" href=\"https:\/\/unceasinglypray.org\/hr\/prayer-burdens-11-15\/\" \/>\n<meta property=\"og:locale\" content=\"hr_HR\" \/>\n<meta property=\"og:type\" content=\"article\" \/>\n<meta property=\"og:title\" content=\"Prayer Burdens 11-15 - Unceasingly Pray\" \/>\n<meta property=\"og:description\" content=\"DAY 11: PRAYER FOR THE CHURCHES Acts 16:5; Eph. 1:19; Col. 1:11; Rev. 1:9 For the Lord to strengthen, uphold, and prosper the churches in every country in His recovery as the testimony of Jesus (Acts 16:5; Eph. 1:19; Col. 1:11; Rev. 1:9). Acts 16:5\u2014And so the churches were strengthened in the faith and increased&hellip;\" \/>\n<meta property=\"og:url\" content=\"https:\/\/unceasinglypray.org\/hr\/prayer-burdens-11-15\/\" \/>\n<meta property=\"og:site_name\" content=\"Unceasingly Pray\" \/>\n<meta property=\"article:modified_time\" content=\"2020-05-08T20:59:10+00:00\" \/>\n<meta name=\"twitter:card\" content=\"summary_large_image\" \/>\n<meta name=\"twitter:label1\" content=\"Procijenjeno vrijeme \u010ditanja\" \/>\n\t<meta name=\"twitter:data1\" content=\"9 minuta\" \/>\n<script type=\"application\/ld+json\" class=\"yoast-schema-graph\">{\"@context\":\"https:\\\/\\\/schema.org\",\"@graph\":[{\"@type\":\"WebPage\",\"@id\":\"https:\\\/\\\/unceasinglypray.org\\\/prayer-burdens-11-15\\\/\",\"url\":\"https:\\\/\\\/unceasinglypray.org\\\/prayer-burdens-11-15\\\/\",\"name\":\"Prayer Burdens 11-15 - Unceasingly Pray\",\"isPartOf\":{\"@id\":\"https:\\\/\\\/unceasinglypray.org\\\/ar\\\/#website\"},\"datePublished\":\"2020-04-30T03:46:23+00:00\",\"dateModified\":\"2020-05-08T20:59:10+00:00\",\"breadcrumb\":{\"@id\":\"https:\\\/\\\/unceasinglypray.org\\\/prayer-burdens-11-15\\\/#breadcrumb\"},\"inLanguage\":\"hr\",\"potentialAction\":[{\"@type\":\"ReadAction\",\"target\":[\"https:\\\/\\\/unceasinglypray.org\\\/prayer-burdens-11-15\\\/\"]}]},{\"@type\":\"BreadcrumbList\",\"@id\":\"https:\\\/\\\/unceasinglypray.org\\\/prayer-burdens-11-15\\\/#breadcrumb\",\"itemListElement\":[{\"@type\":\"ListItem\",\"position\":1,\"name\":\"Home\",\"item\":\"https:\\\/\\\/unceasinglypray.org\\\/pt\\\/\"},{\"@type\":\"ListItem\",\"position\":2,\"name\":\"Prayer Burdens 11-15\"}]},{\"@type\":\"WebSite\",\"@id\":\"https:\\\/\\\/unceasinglypray.org\\\/ar\\\/#website\",\"url\":\"https:\\\/\\\/unceasinglypray.org\\\/ar\\\/\",\"name\":\"Unceasingly Pray\",\"description\":\"\",\"potentialAction\":[{\"@type\":\"SearchAction\",\"target\":{\"@type\":\"EntryPoint\",\"urlTemplate\":\"https:\\\/\\\/unceasinglypray.org\\\/ar\\\/?s={search_term_string}\"},\"query-input\":{\"@type\":\"PropertyValueSpecification\",\"valueRequired\":true,\"valueName\":\"search_term_string\"}}],\"inLanguage\":\"hr\"}]}<\/script>\n<!-- \/ Yoast SEO plugin. -->","yoast_head_json":{"title":"Prayer Burdens 11-15 - Unceasingly Pray","robots":{"index":"index","follow":"follow","max-snippet":"max-snippet:-1","max-image-preview":"max-image-preview:large","max-video-preview":"max-video-preview:-1"},"canonical":"https:\/\/unceasinglypray.org\/hr\/prayer-burdens-11-15\/","og_locale":"hr_HR","og_type":"article","og_title":"Prayer Burdens 11-15 - Unceasingly Pray","og_description":"DAY 11: PRAYER FOR THE CHURCHES Acts 16:5; Eph. 1:19; Col. 1:11; Rev. 1:9 For the Lord to strengthen, uphold, and prosper the churches in every country in His recovery as the testimony of Jesus (Acts 16:5; Eph. 1:19; Col. 1:11; Rev. 1:9). Acts 16:5\u2014And so the churches were strengthened in the faith and increased&hellip;","og_url":"https:\/\/unceasinglypray.org\/hr\/prayer-burdens-11-15\/","og_site_name":"Unceasingly Pray","article_modified_time":"2020-05-08T20:59:10+00:00","twitter_card":"summary_large_image","twitter_misc":{"Procijenjeno vrijeme \u010ditanja":"9 minuta"},"schema":{"@context":"https:\/\/schema.org","@graph":[{"@type":"WebPage","@id":"https:\/\/unceasinglypray.org\/prayer-burdens-11-15\/","url":"https:\/\/unceasinglypray.org\/prayer-burdens-11-15\/","name":"Prayer Burdens 11-15 - Unceasingly Pray","isPartOf":{"@id":"https:\/\/unceasinglypray.org\/ar\/#website"},"datePublished":"2020-04-30T03:46:23+00:00","dateModified":"2020-05-08T20:59:10+00:00","breadcrumb":{"@id":"https:\/\/unceasinglypray.org\/prayer-burdens-11-15\/#breadcrumb"},"inLanguage":"hr","potentialAction":[{"@type":"ReadAction","target":["https:\/\/unceasinglypray.org\/prayer-burdens-11-15\/"]}]},{"@type":"BreadcrumbList","@id":"https:\/\/unceasinglypray.org\/prayer-burdens-11-15\/#breadcrumb","itemListElement":[{"@type":"ListItem","position":1,"name":"Home","item":"https:\/\/unceasinglypray.org\/pt\/"},{"@type":"ListItem","position":2,"name":"Prayer Burdens 11-15"}]},{"@type":"WebSite","@id":"https:\/\/unceasinglypray.org\/ar\/#website","url":"https:\/\/unceasinglypray.org\/ar\/","name":"Unceasingly Pray","description":"","potentialAction":[{"@type":"SearchAction","target":{"@type":"EntryPoint","urlTemplate":"https:\/\/unceasinglypray.org\/ar\/?s={search_term_string}"},"query-input":{"@type":"PropertyValueSpecification","valueRequired":true,"valueName":"search_term_string"}}],"inLanguage":"hr"}]}},"_links":{"self":[{"href":"https:\/\/unceasinglypray.org\/hr\/wp-json\/wp\/v2\/pages\/790","targetHints":{"allow":["GET"]}}],"collection":[{"href":"https:\/\/unceasinglypray.org\/hr\/wp-json\/wp\/v2\/pages"}],"about":[{"href":"https:\/\/unceasinglypray.org\/hr\/wp-json\/wp\/v2\/types\/page"}],"author":[{"embeddable":true,"href":"https:\/\/unceasinglypray.org\/hr\/wp-json\/wp\/v2\/users\/2"}],"replies":[{"embeddable":true,"href":"https:\/\/unceasinglypray.org\/hr\/wp-json\/wp\/v2\/comments?post=790"}],"version-history":[{"count":0,"href":"https:\/\/unceasinglypray.org\/hr\/wp-json\/wp\/v2\/pages\/790\/revisions"}],"wp:attachment":[{"href":"https:\/\/unceasinglypray.org\/hr\/wp-json\/wp\/v2\/media?parent=790"}],"curies":[{"name":"wp","href":"https:\/\/api.w.org\/{rel}","templated":true}]}}