{"id":778,"date":"2020-04-29T19:42:00","date_gmt":"2020-04-29T19:42:00","guid":{"rendered":"https:\/\/unceasinglypray.org\/?page_id=778"},"modified":"2020-04-29T22:46:57","modified_gmt":"2020-04-29T22:46:57","slug":"letter-2","status":"publish","type":"page","link":"https:\/\/unceasinglypray.org\/hr\/letter-2\/","title":{"rendered":"Letter 2"},"content":{"rendered":"<h2>\n\t\tUSTRAJATI U MOLITVI\n\t<\/h2>\n\t<p>16. TRAVNJA (APRILA) 2020.<\/p>\n\t<p><img \/>Dragi sveti<\/p>\n<p class=\"translation-block\">Klanjamo se Gospodu da je pobudio tolike mnoge od vas da imata udjela u sada\u0161njem bremenu za ovaj dvadeset i jedan dan molitve. Nikada prije nije bilo toliko mnogih posvuda po kugli zemaljskoj koji su se zajedno sjedinili u jednodu\u0161nosti da se mole kao jedan novi \u010dovjek na jedan tako odr\u017eavaju\u0107i na\u010din. Uvjereni smo da na\u0161 uza\u0161li Gospod \u010duje molitve crkve i da \u0107e one mnogo pridonijeti ostvarenju Njegove \u010de\u017enje. Nakon daljnjeg razmatranja i zajedni\u0161tva, odlu\u010dili smo zamoliti sve svete da ustrajno nastave ovu molitvu dodatnih devet dana, odnosno do 30. travnja (aprila).<\/p>\n&nbsp;<br \/>\nNa\u0161a nada je da ovomjese\u010dne molitve ne\u0107e biti samo prolazni doga\u0111aj, nego da \u0107e uvelike oja\u010dati na\u0161 osobni (li\u010dni) molitveni \u017eivot i korporativnu molitvenu slu\u017ebu crkve. Molitva je na\u0161e najve\u0107e djelo pred Bogom, a ujedno je i najve\u0107a prijetnja Bo\u017ejem neprijatelju. Iz tog razloga, Sotona nastoji oslabiti na\u0161 molitveni \u017eivot i molitvenu slu\u017ebu crkve. Znaju\u0107i to, apostol Pavao pridru\u017eio se ustrajnosti i molitvi (Rim 12:12; Ef 6:18; Kol 4:2; usp. 1 Sol 5:17). Dosljednost i ustrajnost suo\u010deni s preprekama, presudni su za izgradnju molitvenog \u017eivota i molitvene slu\u017ebe. Ovo nije samo nauk apostola; ovo je tako\u0111er opse\u017eno prikazano u Rije\u010di Bo\u017ejoj.<br \/>\n&nbsp;<br \/>\nDok je Jo\u0161ua (Isus Navin) vodio Izraelce u boj protiv Amale\u010dana, Mojsije je stajao na brdu sa podignutim \u0161tapom (IZl 17:9-10). Stih 11 ka\u017ee: \u00abI kad bi Mojsije podigao ruku, Izrael bi pobje\u0111ivao; a kad je spustio ruku, prevladavali bi Amale\u010dani\u00bb (dosl.). To da je Mojsije podigao ruku na vrhu brda slikovito prikazuje uza\u0161log Krista koji posreduje  (Rim 8:34b; Heb 7:25; usp. 1 Tim 2:8), a Jo\u0161ua (Isus Navin) slikovito prikazuje Krista, kao u nama prebivaju\u0107eg Duha, koji se bori protiv tijela grijeha, slikovito prikazanog Amale\u010danima (Rim 8:9-11; Gal 5:16-17). To zna\u010di da pobjeda u duhovnom ratovanju uvelike ovisi o Kristovom posredovanju. Me\u0111utim, stih 12 govori o tome da su Mojsijeve ruke ote\u017eale i da im je trebala podr\u0161ka. Kao onaj kome su ruke ote\u017eale, Mojsije ne predstavlja Krista, nego nas, \u0161to ozna\u010dava da dok se Krist moli na nebesima, i mi se trebamo moliti na Zemlji (1 Tim 2:8). Kamen, koji slikovito prikazuje Krista kao na\u0161u snagu i postojanost u molitvi, bio je doveden Mojsiju da na njega sjedne. Nadalje, ruke mu je, s jedne strane podupirao Aron, koji predstavlja sve\u0107eni\u0161tvo, a sa druge strane Hur, predstavljaju\u0107i kraljevanje. To zna\u010di da kako bismo ustrajali u  molitvama ratovanja, moramo biti sve\u0107enici koji vje\u017ebaju moliti se u na\u0161em duhu, dana\u0161njoj Svetinji nad svetinjama, i moramo biti u potpunosti podre\u0111eni Gospodu pod Njegovom vla\u0161\u0107u.<br \/>\n&nbsp;<br \/>\nDaniel was a person who, knowing the promise of God regarding Israel\u2019s return from captivity (Jer. 29:10), persevered in prayer for the Lord\u2019s desire (Dan. 9:2-3). He had the habit of praying three times daily (6:10) and would not let anything frustrate his prayer, not even the threat of death (vv. 7-9). Daniel was thus a channel of prayer the Lord could use to carry out His desire. Regarding Daniel chapter 6, Brother Lee said, \u201cGod desires to carry out His economy, but man is needed to pray for His economy on earth. God carries out His economy on the earth through His faithful channels of prayer. Satan&#8217;s strategy is to frustrate the prayer which is for God&#8217;s move&#8230;There is no other way to bring God\u2019s economy into fullness and into fulfillment except by prayer\u201d (Life-study of Daniel, p. 45). Daniel\u2019s cooperation with the Lord in prayer afforded the Lord a way to take a great step in His move.<br \/>\n&nbsp;<br \/>\nDanas Gospod tra\u017ei molitve od dispenzacijske vrijednosti, molitve koje se podudaraju sa Bo\u017ejim srcem, molitve za napredovanje Bo\u017ejeg kretanja, molitve za pripremu nevjeste, molitve za proizvodnju pobjednika kao Gospodnje vojske, molitve za poraz Bo\u017ejeg neprijatelja, molitve koje uvode novo doba. Molitve svetih i crkve zna\u010dajan su faktor u postizanju dispenzacijske promjene, od sada\u0161njeg doba u doba kraljevstva (Lk 18:1-8; Otk 6:9-10; 8:3-5). Kako bismo ustrajali u takvim molitvama, sigurno nam je potrebno Gospodnje osna\u017eenje (Ef 6:10).<br \/>\n&nbsp;<br \/>\nDear saints, the Lord wants to raise up a royal priesthood to join with Him as the ascended Intercessor in His heavenly ministry of intercession. With this in view, we urge you to continue our present round-the-clock global prayer through the end of this month, and we encourage you to invite others to join in this prayer. If you have not already done so, you can visit <a href=\"https:\/\/unceasinglypray.org\/hr\/sign-up\/\">unceasinglypray.org<\/a> to sign up for a time slot to pray. Those who sign up will receive a suggested prayer burden for each day via email. May the Lord do what He desires within us, and may our prayers lay the tracks for Him to carry out His heart\u2019s desire on the earth.<br \/>\n&nbsp;<br \/>\nVa\u0161a bra\u0107a u Kristu,<br \/>\nSuradnici u Gospodnjoj obnovi\n<p><img alt=\"\" width=\"25650\" height=\"150\" \/><\/p>","protected":false},"excerpt":{"rendered":"<p>PERSEVERING IN PRAYER APRIL 16, 2020 Dear saints, We worship the Lord that He has stirred up so many of you to participate in the present burden for twenty-one days of prayer. Never before have so many across the entire globe joined together in one accord to pray as one man in such a sustained&hellip;<\/p>","protected":false},"author":1,"featured_media":0,"parent":0,"menu_order":0,"comment_status":"closed","ping_status":"closed","template":"","meta":{"inline_featured_image":false,"footnotes":""},"class_list":["post-778","page","type-page","status-publish","hentry"],"yoast_head":"<!-- This site is optimized with the Yoast SEO plugin v27.6 - https:\/\/yoast.com\/product\/yoast-seo-wordpress\/ -->\n<title>Letter 2 - Unceasingly Pray<\/title>\n<meta name=\"robots\" content=\"index, follow, max-snippet:-1, max-image-preview:large, max-video-preview:-1\" \/>\n<link rel=\"canonical\" href=\"https:\/\/unceasinglypray.org\/hr\/letter-2\/\" \/>\n<meta property=\"og:locale\" content=\"hr_HR\" \/>\n<meta property=\"og:type\" content=\"article\" \/>\n<meta property=\"og:title\" content=\"Letter 2 - Unceasingly Pray\" \/>\n<meta property=\"og:description\" content=\"PERSEVERING IN PRAYER APRIL 16, 2020 Dear saints, We worship the Lord that He has stirred up so many of you to participate in the present burden for twenty-one days of prayer. Never before have so many across the entire globe joined together in one accord to pray as one man in such a sustained&hellip;\" \/>\n<meta property=\"og:url\" content=\"https:\/\/unceasinglypray.org\/hr\/letter-2\/\" \/>\n<meta property=\"og:site_name\" content=\"Unceasingly Pray\" \/>\n<meta property=\"article:modified_time\" content=\"2020-04-29T22:46:57+00:00\" \/>\n<meta name=\"twitter:card\" content=\"summary_large_image\" \/>\n<meta name=\"twitter:label1\" content=\"Procijenjeno vrijeme \u010ditanja\" \/>\n\t<meta name=\"twitter:data1\" content=\"4 minute\" \/>\n<script type=\"application\/ld+json\" class=\"yoast-schema-graph\">{\"@context\":\"https:\\\/\\\/schema.org\",\"@graph\":[{\"@type\":\"WebPage\",\"@id\":\"https:\\\/\\\/unceasinglypray.org\\\/sk_sk\\\/letter-2\\\/\",\"url\":\"https:\\\/\\\/unceasinglypray.org\\\/sk_sk\\\/letter-2\\\/\",\"name\":\"Letter 2 - Unceasingly Pray\",\"isPartOf\":{\"@id\":\"https:\\\/\\\/unceasinglypray.org\\\/ar\\\/#website\"},\"datePublished\":\"2020-04-29T19:42:00+00:00\",\"dateModified\":\"2020-04-29T22:46:57+00:00\",\"breadcrumb\":{\"@id\":\"https:\\\/\\\/unceasinglypray.org\\\/sk_sk\\\/letter-2\\\/#breadcrumb\"},\"inLanguage\":\"hr\",\"potentialAction\":[{\"@type\":\"ReadAction\",\"target\":[\"https:\\\/\\\/unceasinglypray.org\\\/sk_sk\\\/letter-2\\\/\"]}]},{\"@type\":\"BreadcrumbList\",\"@id\":\"https:\\\/\\\/unceasinglypray.org\\\/sk_sk\\\/letter-2\\\/#breadcrumb\",\"itemListElement\":[{\"@type\":\"ListItem\",\"position\":1,\"name\":\"Home\",\"item\":\"https:\\\/\\\/unceasinglypray.org\\\/pt\\\/\"},{\"@type\":\"ListItem\",\"position\":2,\"name\":\"Letter 2\"}]},{\"@type\":\"WebSite\",\"@id\":\"https:\\\/\\\/unceasinglypray.org\\\/ar\\\/#website\",\"url\":\"https:\\\/\\\/unceasinglypray.org\\\/ar\\\/\",\"name\":\"Unceasingly Pray\",\"description\":\"\",\"potentialAction\":[{\"@type\":\"SearchAction\",\"target\":{\"@type\":\"EntryPoint\",\"urlTemplate\":\"https:\\\/\\\/unceasinglypray.org\\\/ar\\\/?s={search_term_string}\"},\"query-input\":{\"@type\":\"PropertyValueSpecification\",\"valueRequired\":true,\"valueName\":\"search_term_string\"}}],\"inLanguage\":\"hr\"}]}<\/script>\n<!-- \/ Yoast SEO plugin. -->","yoast_head_json":{"title":"Letter 2 - Unceasingly Pray","robots":{"index":"index","follow":"follow","max-snippet":"max-snippet:-1","max-image-preview":"max-image-preview:large","max-video-preview":"max-video-preview:-1"},"canonical":"https:\/\/unceasinglypray.org\/hr\/letter-2\/","og_locale":"hr_HR","og_type":"article","og_title":"Letter 2 - Unceasingly Pray","og_description":"PERSEVERING IN PRAYER APRIL 16, 2020 Dear saints, We worship the Lord that He has stirred up so many of you to participate in the present burden for twenty-one days of prayer. Never before have so many across the entire globe joined together in one accord to pray as one man in such a sustained&hellip;","og_url":"https:\/\/unceasinglypray.org\/hr\/letter-2\/","og_site_name":"Unceasingly Pray","article_modified_time":"2020-04-29T22:46:57+00:00","twitter_card":"summary_large_image","twitter_misc":{"Procijenjeno vrijeme \u010ditanja":"4 minute"},"schema":{"@context":"https:\/\/schema.org","@graph":[{"@type":"WebPage","@id":"https:\/\/unceasinglypray.org\/sk_sk\/letter-2\/","url":"https:\/\/unceasinglypray.org\/sk_sk\/letter-2\/","name":"Letter 2 - Unceasingly Pray","isPartOf":{"@id":"https:\/\/unceasinglypray.org\/ar\/#website"},"datePublished":"2020-04-29T19:42:00+00:00","dateModified":"2020-04-29T22:46:57+00:00","breadcrumb":{"@id":"https:\/\/unceasinglypray.org\/sk_sk\/letter-2\/#breadcrumb"},"inLanguage":"hr","potentialAction":[{"@type":"ReadAction","target":["https:\/\/unceasinglypray.org\/sk_sk\/letter-2\/"]}]},{"@type":"BreadcrumbList","@id":"https:\/\/unceasinglypray.org\/sk_sk\/letter-2\/#breadcrumb","itemListElement":[{"@type":"ListItem","position":1,"name":"Home","item":"https:\/\/unceasinglypray.org\/pt\/"},{"@type":"ListItem","position":2,"name":"Letter 2"}]},{"@type":"WebSite","@id":"https:\/\/unceasinglypray.org\/ar\/#website","url":"https:\/\/unceasinglypray.org\/ar\/","name":"Unceasingly Pray","description":"","potentialAction":[{"@type":"SearchAction","target":{"@type":"EntryPoint","urlTemplate":"https:\/\/unceasinglypray.org\/ar\/?s={search_term_string}"},"query-input":{"@type":"PropertyValueSpecification","valueRequired":true,"valueName":"search_term_string"}}],"inLanguage":"hr"}]}},"_links":{"self":[{"href":"https:\/\/unceasinglypray.org\/hr\/wp-json\/wp\/v2\/pages\/778","targetHints":{"allow":["GET"]}}],"collection":[{"href":"https:\/\/unceasinglypray.org\/hr\/wp-json\/wp\/v2\/pages"}],"about":[{"href":"https:\/\/unceasinglypray.org\/hr\/wp-json\/wp\/v2\/types\/page"}],"author":[{"embeddable":true,"href":"https:\/\/unceasinglypray.org\/hr\/wp-json\/wp\/v2\/users\/1"}],"replies":[{"embeddable":true,"href":"https:\/\/unceasinglypray.org\/hr\/wp-json\/wp\/v2\/comments?post=778"}],"version-history":[{"count":0,"href":"https:\/\/unceasinglypray.org\/hr\/wp-json\/wp\/v2\/pages\/778\/revisions"}],"wp:attachment":[{"href":"https:\/\/unceasinglypray.org\/hr\/wp-json\/wp\/v2\/media?parent=778"}],"curies":[{"name":"wp","href":"https:\/\/api.w.org\/{rel}","templated":true}]}}