{"id":755,"date":"2020-04-21T17:35:14","date_gmt":"2020-04-21T17:35:14","guid":{"rendered":"https:\/\/unceasinglypray.org\/?page_id=755"},"modified":"2020-06-11T15:13:02","modified_gmt":"2020-06-11T15:13:02","slug":"day-29","status":"publish","type":"page","link":"https:\/\/unceasinglypray.org\/hr\/day-29\/","title":{"rendered":"Day 29"},"content":{"rendered":"<p><a href=\"https:\/\/unceasinglypray.org\/hr\/day-29\/\">DAY 29: PRAYER FOR A NEW REVIVAL<\/a><\/p>\n\t<p>1 TIM 1:3-4; GAL 2:20; FIL 1:21A; IVAN 21:15-17; 1 KOR 12:24; KOL 3:10-11<\/p>\n\t<p>Molite se za Gospodnju obnovu da iskusi novo o\u017eivljenje, o\u017eivljenje koje se nikad nije dogodilo u povijesti (istoriji), koje \u0107e biti ishod na\u0161e uspje\u0161ne prakse vrhunca otkrivenj\u0101 Bo\u017eje ekonomije, uklju\u010duju\u0107i \u017eivljenje Bogo\u010dovjeka, univerzalno napasanje i stapanje, za stvarnost Kristovog Tijela i jednog novog \u010dovjeka (1 Tim 1:3-4; Gal 2:20; Fil 1:21a; Iv 21:15-17; 1 Kor 12:24; Kol 3:10-11).<\/p>\n\t<p><strong>1 Tim 1:3-4<\/strong>\u2014Even as I exhorted you, when I was going into Macedonia, to remain in Ephesus in order that you might charge certain ones not to teach different things nor to give heed to myths and unending genealogies, which produce questionings rather than God&#8217;s economy, which is in faith.<\/p>\n<p><strong>Gal 2:20<\/strong>\u2014Razapet sam sa Kristom, \u017eivim, ali ne vi\u0161e ja, nego \u017eivi u meni Krist. A \u0161to sada \u017eivim u tijelu, u vjeri \u017eivim u Sinu Bo\u017ejega koji me ljubio i predao samoga sebe za mene.<\/p>\n<p><strong>Fil 1:21a-<\/strong>Jer meni je \u017eivjeti Krist.<\/p>\n<p><strong>Iv 21:15-17<\/strong>\u2014Nakon doru\u010dka upita Isus \u0160imuna Petra: \u0160imune Ivanov, ljubi\u0161 li me vi\u0161e nego ovi? Odgovori mu: Da, Gospodine, ti zna\u0161 da te volim. Ka\u017ee mu: Pasi jaganjce moje! Upita ga po drugi put: \u0160imune Ivanov, ljubi\u0161 li me? Odgovori mu: Da, Gospodine, ti zna\u0161 da te volim! Ka\u017ee mu: Pasi ovce moje! Upita ga tre\u0107i put: \u0160imune Ivanov, voli\u0161 li me? Ra\u017ealosti se Petar \u0161to ga upita tre\u0107i put: Voli\u0161 li me? pa mu odgovori: Gospodine, ti sve zna\u0161! Tebi je poznato da te volim. Ka\u017ee mu Isus: Pasi ovce moje!<\/p>\n<p><strong>1 Kor 12:24<\/strong>\u2014A pristojni toga ne trebaju. Nego, Bog je tako sastavio Tijelo da je posljednjem udu dao izobilniju \u010dast.<\/p>\n<p><strong>Kol 3:10-11<\/strong>\u2014I obukoste novoga, koji se obnavlja za spoznanje po slici svoga Stvoritelja! Tu vi\u0161e nema: Grk - \u017didov, obrezanje - neobrezanje, barbar - skit, rob - slobodnjak, nego sve i u svima - Krist.<\/p>\n\t\t<h3><\/h3>\n\t\t<p>Ustrajte u molitvi.<\/p>\n\t\t\t<a href=\"https:\/\/unceasinglypray.org\/hr\/sign-up\/\" target=\"_self\" role=\"button\" rel=\"noopener noreferrer\">\n\t\t\t\t\t\t\tODABERITE VREMENSKI PERIOD\n\t\t\t\t\t<\/a>","protected":false},"excerpt":{"rendered":"<p>DAY 29: PRAYER FOR A NEW REVIVAL 1 Tim. 1:3-4; Gal. 2:20; Phil. 1:21a; John 21:15-17; 1 Cor. 12:24; Col. 3:10-11 Pray for the Lord\u2019s recovery to experience a new revival, a revival that has never occurred in history, which will be the issue of our successful practice of the high peak revelations of God\u2019s&hellip;<\/p>","protected":false},"author":2,"featured_media":0,"parent":0,"menu_order":0,"comment_status":"closed","ping_status":"closed","template":"","meta":{"inline_featured_image":false,"footnotes":""},"class_list":["post-755","page","type-page","status-publish","hentry"],"yoast_head":"<!-- This site is optimized with the Yoast SEO plugin v27.4 - https:\/\/yoast.com\/product\/yoast-seo-wordpress\/ -->\n<title>Day 29 - Unceasingly Pray<\/title>\n<meta name=\"robots\" content=\"index, follow, max-snippet:-1, max-image-preview:large, max-video-preview:-1\" \/>\n<link rel=\"canonical\" href=\"http:\/\/unceasinglypray.org\/hr\/day-29\/\" \/>\n<meta property=\"og:locale\" content=\"hr_HR\" \/>\n<meta property=\"og:type\" content=\"article\" \/>\n<meta property=\"og:title\" content=\"Day 29 - Unceasingly Pray\" \/>\n<meta property=\"og:description\" content=\"DAY 29: PRAYER FOR A NEW REVIVAL 1 Tim. 1:3-4; Gal. 2:20; Phil. 1:21a; John 21:15-17; 1 Cor. 12:24; Col. 3:10-11 Pray for the Lord\u2019s recovery to experience a new revival, a revival that has never occurred in history, which will be the issue of our successful practice of the high peak revelations of God\u2019s&hellip;\" \/>\n<meta property=\"og:url\" content=\"http:\/\/unceasinglypray.org\/hr\/day-29\/\" \/>\n<meta property=\"og:site_name\" content=\"Unceasingly Pray\" \/>\n<meta property=\"article:modified_time\" content=\"2020-06-11T15:13:02+00:00\" \/>\n<meta name=\"twitter:card\" content=\"summary_large_image\" \/>\n<meta name=\"twitter:label1\" content=\"Procijenjeno vrijeme \u010ditanja\" \/>\n\t<meta name=\"twitter:data1\" content=\"2 minute\" \/>\n<script type=\"application\/ld+json\" class=\"yoast-schema-graph\">{\"@context\":\"https:\\\/\\\/schema.org\",\"@graph\":[{\"@type\":\"WebPage\",\"@id\":\"http:\\\/\\\/unceasinglypray.org\\\/cs\\\/day-29\\\/\",\"url\":\"http:\\\/\\\/unceasinglypray.org\\\/cs\\\/day-29\\\/\",\"name\":\"Day 29 - Unceasingly Pray\",\"isPartOf\":{\"@id\":\"https:\\\/\\\/unceasinglypray.org\\\/ar\\\/#website\"},\"datePublished\":\"2020-04-21T17:35:14+00:00\",\"dateModified\":\"2020-06-11T15:13:02+00:00\",\"breadcrumb\":{\"@id\":\"http:\\\/\\\/unceasinglypray.org\\\/cs\\\/day-29\\\/#breadcrumb\"},\"inLanguage\":\"hr\",\"potentialAction\":[{\"@type\":\"ReadAction\",\"target\":[\"http:\\\/\\\/unceasinglypray.org\\\/cs\\\/day-29\\\/\"]}]},{\"@type\":\"BreadcrumbList\",\"@id\":\"http:\\\/\\\/unceasinglypray.org\\\/cs\\\/day-29\\\/#breadcrumb\",\"itemListElement\":[{\"@type\":\"ListItem\",\"position\":1,\"name\":\"Home\",\"item\":\"https:\\\/\\\/unceasinglypray.org\\\/pt\\\/\"},{\"@type\":\"ListItem\",\"position\":2,\"name\":\"Day 29\"}]},{\"@type\":\"WebSite\",\"@id\":\"https:\\\/\\\/unceasinglypray.org\\\/ar\\\/#website\",\"url\":\"https:\\\/\\\/unceasinglypray.org\\\/ar\\\/\",\"name\":\"Unceasingly Pray\",\"description\":\"\",\"potentialAction\":[{\"@type\":\"SearchAction\",\"target\":{\"@type\":\"EntryPoint\",\"urlTemplate\":\"https:\\\/\\\/unceasinglypray.org\\\/ar\\\/?s={search_term_string}\"},\"query-input\":{\"@type\":\"PropertyValueSpecification\",\"valueRequired\":true,\"valueName\":\"search_term_string\"}}],\"inLanguage\":\"hr\"}]}<\/script>\n<!-- \/ Yoast SEO plugin. -->","yoast_head_json":{"title":"Day 29 - Unceasingly Pray","robots":{"index":"index","follow":"follow","max-snippet":"max-snippet:-1","max-image-preview":"max-image-preview:large","max-video-preview":"max-video-preview:-1"},"canonical":"http:\/\/unceasinglypray.org\/hr\/day-29\/","og_locale":"hr_HR","og_type":"article","og_title":"Day 29 - Unceasingly Pray","og_description":"DAY 29: PRAYER FOR A NEW REVIVAL 1 Tim. 1:3-4; Gal. 2:20; Phil. 1:21a; John 21:15-17; 1 Cor. 12:24; Col. 3:10-11 Pray for the Lord\u2019s recovery to experience a new revival, a revival that has never occurred in history, which will be the issue of our successful practice of the high peak revelations of God\u2019s&hellip;","og_url":"http:\/\/unceasinglypray.org\/hr\/day-29\/","og_site_name":"Unceasingly Pray","article_modified_time":"2020-06-11T15:13:02+00:00","twitter_card":"summary_large_image","twitter_misc":{"Procijenjeno vrijeme \u010ditanja":"2 minute"},"schema":{"@context":"https:\/\/schema.org","@graph":[{"@type":"WebPage","@id":"http:\/\/unceasinglypray.org\/cs\/day-29\/","url":"http:\/\/unceasinglypray.org\/cs\/day-29\/","name":"Day 29 - Unceasingly Pray","isPartOf":{"@id":"https:\/\/unceasinglypray.org\/ar\/#website"},"datePublished":"2020-04-21T17:35:14+00:00","dateModified":"2020-06-11T15:13:02+00:00","breadcrumb":{"@id":"http:\/\/unceasinglypray.org\/cs\/day-29\/#breadcrumb"},"inLanguage":"hr","potentialAction":[{"@type":"ReadAction","target":["http:\/\/unceasinglypray.org\/cs\/day-29\/"]}]},{"@type":"BreadcrumbList","@id":"http:\/\/unceasinglypray.org\/cs\/day-29\/#breadcrumb","itemListElement":[{"@type":"ListItem","position":1,"name":"Home","item":"https:\/\/unceasinglypray.org\/pt\/"},{"@type":"ListItem","position":2,"name":"Day 29"}]},{"@type":"WebSite","@id":"https:\/\/unceasinglypray.org\/ar\/#website","url":"https:\/\/unceasinglypray.org\/ar\/","name":"Unceasingly Pray","description":"","potentialAction":[{"@type":"SearchAction","target":{"@type":"EntryPoint","urlTemplate":"https:\/\/unceasinglypray.org\/ar\/?s={search_term_string}"},"query-input":{"@type":"PropertyValueSpecification","valueRequired":true,"valueName":"search_term_string"}}],"inLanguage":"hr"}]}},"_links":{"self":[{"href":"https:\/\/unceasinglypray.org\/hr\/wp-json\/wp\/v2\/pages\/755","targetHints":{"allow":["GET"]}}],"collection":[{"href":"https:\/\/unceasinglypray.org\/hr\/wp-json\/wp\/v2\/pages"}],"about":[{"href":"https:\/\/unceasinglypray.org\/hr\/wp-json\/wp\/v2\/types\/page"}],"author":[{"embeddable":true,"href":"https:\/\/unceasinglypray.org\/hr\/wp-json\/wp\/v2\/users\/2"}],"replies":[{"embeddable":true,"href":"https:\/\/unceasinglypray.org\/hr\/wp-json\/wp\/v2\/comments?post=755"}],"version-history":[{"count":0,"href":"https:\/\/unceasinglypray.org\/hr\/wp-json\/wp\/v2\/pages\/755\/revisions"}],"wp:attachment":[{"href":"https:\/\/unceasinglypray.org\/hr\/wp-json\/wp\/v2\/media?parent=755"}],"curies":[{"name":"wp","href":"https:\/\/api.w.org\/{rel}","templated":true}]}}