{"id":752,"date":"2020-04-21T17:30:43","date_gmt":"2020-04-21T17:30:43","guid":{"rendered":"https:\/\/unceasinglypray.org\/?page_id=752"},"modified":"2020-06-11T15:12:02","modified_gmt":"2020-06-11T15:12:02","slug":"day-26","status":"publish","type":"page","link":"https:\/\/unceasinglypray.org\/hr\/day-26\/","title":{"rendered":"Day 26"},"content":{"rendered":"<p><a href=\"https:\/\/unceasinglypray.org\/hr\/day-26\/\">DAY 26: PRAYER FOR MATURITY<\/a><\/p>\n\t<p>2 PT 1:5-11<\/p>\n\t<p>Molite se da sveti rastu u \u017eivotu do zrelosti, tako da im: \u00abula\u017eenje u vje\u010dno kraljevstvo na\u0161eg Gospoda Isusa Krista bude bogato i izobilno snabdjeveno\u00bb (2 Pt 1:5-11; dosl.).<\/p>\n\t<p><strong>2 PT 1:5-11<\/strong>\u2014Zbog toga svim marom prionite: vjerom osigurajte krepost, krepo\u0161\u0107u spoznaje, spoznanjem uzdr\u017eljivost, uzdr\u017eljivo\u0161\u0107u postojanost, postojano\u0161\u0107u pobo\u017enost, pobo\u017eno\u0161\u0107u bratoljublje, bratoljubljem ljubav. Jer ako to imate i u tom napredujete, ne\u0107ete biti besposleni i neplodni za spoznanje Isusa Krista. A tko toga nema, slijep je, kratkovidan; zaboravio je da je o\u010di\u0161\u0107en od svojih prija\u0161njih grijeha. Zato, bra\u0107o, to revnije uznastojte u\u010dvrstiti svoj poziv i izabranje: to \u010dine\u0107i - ne, ne\u0107ete posrnuti nikada! Tako \u0107e vam se bogato osigurati ulazak u vje\u010dno kraljevstvo Gospodina na\u0161ega i Spasitelja Isusa Krista.<\/p>\n\t\t<h3><\/h3>\n\t\t<p>Ustrajte u molitvi.<\/p>\n\t\t\t<a href=\"https:\/\/unceasinglypray.org\/hr\/sign-up\/\" target=\"_self\" role=\"button\" rel=\"noopener noreferrer\">\n\t\t\t\t\t\t\tODABERITE VREMENSKI PERIOD\n\t\t\t\t\t<\/a>","protected":false},"excerpt":{"rendered":"<p>DAY 26: PRAYER FOR MATURITY 2 Pet. 1:5-11 Pray for the saints to grow in life unto maturity so that \u201cin this way the entrance into the eternal kingdom of our Lord and Savior Jesus Christ will be richly and bountifully supplied\u201d to them (2 Pet. 1:5-11). 2 Pet. 1:5-11\u2014And for this very reason also,&hellip;<\/p>","protected":false},"author":2,"featured_media":0,"parent":0,"menu_order":0,"comment_status":"closed","ping_status":"closed","template":"","meta":{"inline_featured_image":false,"footnotes":""},"class_list":["post-752","page","type-page","status-publish","hentry"],"yoast_head":"<!-- This site is optimized with the Yoast SEO plugin v27.4 - https:\/\/yoast.com\/product\/yoast-seo-wordpress\/ -->\n<title>Day 26 - Unceasingly Pray<\/title>\n<meta name=\"robots\" content=\"index, follow, max-snippet:-1, max-image-preview:large, max-video-preview:-1\" \/>\n<link rel=\"canonical\" href=\"http:\/\/unceasinglypray.org\/hr\/day-26\/\" \/>\n<meta property=\"og:locale\" content=\"hr_HR\" \/>\n<meta property=\"og:type\" content=\"article\" \/>\n<meta property=\"og:title\" content=\"Day 26 - Unceasingly Pray\" \/>\n<meta property=\"og:description\" content=\"DAY 26: PRAYER FOR MATURITY 2 Pet. 1:5-11 Pray for the saints to grow in life unto maturity so that \u201cin this way the entrance into the eternal kingdom of our Lord and Savior Jesus Christ will be richly and bountifully supplied\u201d to them (2 Pet. 1:5-11). 2 Pet. 1:5-11\u2014And for this very reason also,&hellip;\" \/>\n<meta property=\"og:url\" content=\"http:\/\/unceasinglypray.org\/hr\/day-26\/\" \/>\n<meta property=\"og:site_name\" content=\"Unceasingly Pray\" \/>\n<meta property=\"article:modified_time\" content=\"2020-06-11T15:12:02+00:00\" \/>\n<meta name=\"twitter:card\" content=\"summary_large_image\" \/>\n<meta name=\"twitter:label1\" content=\"Procijenjeno vrijeme \u010ditanja\" \/>\n\t<meta name=\"twitter:data1\" content=\"1 minuta\" \/>\n<script type=\"application\/ld+json\" class=\"yoast-schema-graph\">{\"@context\":\"https:\\\/\\\/schema.org\",\"@graph\":[{\"@type\":\"WebPage\",\"@id\":\"http:\\\/\\\/unceasinglypray.org\\\/ko\\\/day-26\\\/\",\"url\":\"http:\\\/\\\/unceasinglypray.org\\\/ko\\\/day-26\\\/\",\"name\":\"Day 26 - Unceasingly Pray\",\"isPartOf\":{\"@id\":\"https:\\\/\\\/unceasinglypray.org\\\/ar\\\/#website\"},\"datePublished\":\"2020-04-21T17:30:43+00:00\",\"dateModified\":\"2020-06-11T15:12:02+00:00\",\"breadcrumb\":{\"@id\":\"http:\\\/\\\/unceasinglypray.org\\\/ko\\\/day-26\\\/#breadcrumb\"},\"inLanguage\":\"hr\",\"potentialAction\":[{\"@type\":\"ReadAction\",\"target\":[\"http:\\\/\\\/unceasinglypray.org\\\/ko\\\/day-26\\\/\"]}]},{\"@type\":\"BreadcrumbList\",\"@id\":\"http:\\\/\\\/unceasinglypray.org\\\/ko\\\/day-26\\\/#breadcrumb\",\"itemListElement\":[{\"@type\":\"ListItem\",\"position\":1,\"name\":\"Home\",\"item\":\"https:\\\/\\\/unceasinglypray.org\\\/pt\\\/\"},{\"@type\":\"ListItem\",\"position\":2,\"name\":\"Day 26\"}]},{\"@type\":\"WebSite\",\"@id\":\"https:\\\/\\\/unceasinglypray.org\\\/ar\\\/#website\",\"url\":\"https:\\\/\\\/unceasinglypray.org\\\/ar\\\/\",\"name\":\"Unceasingly Pray\",\"description\":\"\",\"potentialAction\":[{\"@type\":\"SearchAction\",\"target\":{\"@type\":\"EntryPoint\",\"urlTemplate\":\"https:\\\/\\\/unceasinglypray.org\\\/ar\\\/?s={search_term_string}\"},\"query-input\":{\"@type\":\"PropertyValueSpecification\",\"valueRequired\":true,\"valueName\":\"search_term_string\"}}],\"inLanguage\":\"hr\"}]}<\/script>\n<!-- \/ Yoast SEO plugin. -->","yoast_head_json":{"title":"Day 26 - Unceasingly Pray","robots":{"index":"index","follow":"follow","max-snippet":"max-snippet:-1","max-image-preview":"max-image-preview:large","max-video-preview":"max-video-preview:-1"},"canonical":"http:\/\/unceasinglypray.org\/hr\/day-26\/","og_locale":"hr_HR","og_type":"article","og_title":"Day 26 - Unceasingly Pray","og_description":"DAY 26: PRAYER FOR MATURITY 2 Pet. 1:5-11 Pray for the saints to grow in life unto maturity so that \u201cin this way the entrance into the eternal kingdom of our Lord and Savior Jesus Christ will be richly and bountifully supplied\u201d to them (2 Pet. 1:5-11). 2 Pet. 1:5-11\u2014And for this very reason also,&hellip;","og_url":"http:\/\/unceasinglypray.org\/hr\/day-26\/","og_site_name":"Unceasingly Pray","article_modified_time":"2020-06-11T15:12:02+00:00","twitter_card":"summary_large_image","twitter_misc":{"Procijenjeno vrijeme \u010ditanja":"1 minuta"},"schema":{"@context":"https:\/\/schema.org","@graph":[{"@type":"WebPage","@id":"http:\/\/unceasinglypray.org\/ko\/day-26\/","url":"http:\/\/unceasinglypray.org\/ko\/day-26\/","name":"Day 26 - Unceasingly Pray","isPartOf":{"@id":"https:\/\/unceasinglypray.org\/ar\/#website"},"datePublished":"2020-04-21T17:30:43+00:00","dateModified":"2020-06-11T15:12:02+00:00","breadcrumb":{"@id":"http:\/\/unceasinglypray.org\/ko\/day-26\/#breadcrumb"},"inLanguage":"hr","potentialAction":[{"@type":"ReadAction","target":["http:\/\/unceasinglypray.org\/ko\/day-26\/"]}]},{"@type":"BreadcrumbList","@id":"http:\/\/unceasinglypray.org\/ko\/day-26\/#breadcrumb","itemListElement":[{"@type":"ListItem","position":1,"name":"Home","item":"https:\/\/unceasinglypray.org\/pt\/"},{"@type":"ListItem","position":2,"name":"Day 26"}]},{"@type":"WebSite","@id":"https:\/\/unceasinglypray.org\/ar\/#website","url":"https:\/\/unceasinglypray.org\/ar\/","name":"Unceasingly Pray","description":"","potentialAction":[{"@type":"SearchAction","target":{"@type":"EntryPoint","urlTemplate":"https:\/\/unceasinglypray.org\/ar\/?s={search_term_string}"},"query-input":{"@type":"PropertyValueSpecification","valueRequired":true,"valueName":"search_term_string"}}],"inLanguage":"hr"}]}},"_links":{"self":[{"href":"https:\/\/unceasinglypray.org\/hr\/wp-json\/wp\/v2\/pages\/752","targetHints":{"allow":["GET"]}}],"collection":[{"href":"https:\/\/unceasinglypray.org\/hr\/wp-json\/wp\/v2\/pages"}],"about":[{"href":"https:\/\/unceasinglypray.org\/hr\/wp-json\/wp\/v2\/types\/page"}],"author":[{"embeddable":true,"href":"https:\/\/unceasinglypray.org\/hr\/wp-json\/wp\/v2\/users\/2"}],"replies":[{"embeddable":true,"href":"https:\/\/unceasinglypray.org\/hr\/wp-json\/wp\/v2\/comments?post=752"}],"version-history":[{"count":0,"href":"https:\/\/unceasinglypray.org\/hr\/wp-json\/wp\/v2\/pages\/752\/revisions"}],"wp:attachment":[{"href":"https:\/\/unceasinglypray.org\/hr\/wp-json\/wp\/v2\/media?parent=752"}],"curies":[{"name":"wp","href":"https:\/\/api.w.org\/{rel}","templated":true}]}}