{"id":748,"date":"2020-04-21T17:27:58","date_gmt":"2020-04-21T17:27:58","guid":{"rendered":"https:\/\/unceasinglypray.org\/?page_id=748"},"modified":"2023-06-26T13:25:30","modified_gmt":"2023-06-26T13:25:30","slug":"day-23","status":"publish","type":"page","link":"https:\/\/unceasinglypray.org\/hr\/day-23\/","title":{"rendered":"Day 23"},"content":{"rendered":"<p><a href=\"https:\/\/unceasinglypray.org\/hr\/day-23\/\">DAY 23: PRAYER FOR GOD&#8217;S RIGHTEOUS JUDGMENT<\/a><\/p>\n\t<p>OTK 8:1-8<\/p>\n\t<p>Molite se za svete da prinose molitve kojima Krist, kao drugi An\u0111eo, mo\u017ee pridodati k\u0101d, tako da sa prijestolja Bo\u017ejeg oganj pravednog suda bude ba\u010den na Zemlju da se obra\u010duna sa bezbo\u017eni\u0161tvom i bezakonjem (Otk 8:1-8).<\/p>\n\t<p><strong>OTK 8:1-8<\/strong>\u2014Kad Jaganjac otvori sedmi pe\u010dat, nasta muk na nebu oko pola sata. I vidjeh: sedmorici an\u0111ela \u0161to stoje pred Bogom dano je sedam trubalja. I drugi jedan An\u0111eo pristupi i sa zlatnom kadionicom stane na \u017ertvenik. I dano mu je mnogo kada da ga s molitvama svih svetih prinese na zlatni \u017ertvenik pred prijestoljem. I vinu se dim kadni s molitvama svetih iz ruke an\u0111elove pred lice Bo\u017eje. An\u0111eo uze kadionicu, napuni je vatrom sa \u017ertvenika i prosu na zemlju. I udari\u0161e gromovi, i glasovi, i munje, i potres. A sedam an\u0111ela sa sedam trubalja pripremi\u0161e se da zatrube. Prvi zatrubi. I nastado\u0161e tu\u010da i oganj, pomije\u0161ani s krvlju, i budu ba\u010deni na zemlju. I tre\u0107ina zemlje izgorje, i tre\u0107ina stabala izgorje, i sva zelena trava izgorje. Drugi an\u0111eo zatrubi. I ne\u0161to kao gora velika, ognjem zapaljena, ba\u010deno bi u more. I tre\u0107ina se mora pretvori u krv.<\/p>\n\t\t<h3><\/h3>\n\t\t<p>Ustrajte u molitvi.<\/p>\n\t\t\t<a href=\"https:\/\/unceasinglypray.org\/hr\/sign-up\/\" target=\"_self\" role=\"button\" rel=\"noopener noreferrer\">\n\t\t\t\t\t\t\tODABERITE VREMENSKI PERIOD\n\t\t\t\t\t<\/a>","protected":false},"excerpt":{"rendered":"<p>DAY 23: PRAYER FOR GOD&#8217;S RIGHTEOUS JUDGMENT Rev. 8:1-8 Pray for the saints to offer prayers to which Christ as another Angel can add incense so that from the throne of God the fire of righteous judgment will be cast to the earth to deal with godlessness and lawlessness (Rev. 8:1-8). Rev. 8:1-8\u2014And when He&hellip;<\/p>","protected":false},"author":2,"featured_media":0,"parent":0,"menu_order":0,"comment_status":"closed","ping_status":"closed","template":"","meta":{"inline_featured_image":false,"footnotes":""},"class_list":["post-748","page","type-page","status-publish","hentry"],"yoast_head":"<!-- This site is optimized with the Yoast SEO plugin v27.4 - https:\/\/yoast.com\/product\/yoast-seo-wordpress\/ -->\n<title>Day 23 - Unceasingly Pray<\/title>\n<meta name=\"robots\" content=\"index, follow, max-snippet:-1, max-image-preview:large, max-video-preview:-1\" \/>\n<link rel=\"canonical\" href=\"https:\/\/unceasinglypray.org\/hr\/day-23\/\" \/>\n<meta property=\"og:locale\" content=\"hr_HR\" \/>\n<meta property=\"og:type\" content=\"article\" \/>\n<meta property=\"og:title\" content=\"Day 23 - Unceasingly Pray\" \/>\n<meta property=\"og:description\" content=\"DAY 23: PRAYER FOR GOD&#8217;S RIGHTEOUS JUDGMENT Rev. 8:1-8 Pray for the saints to offer prayers to which Christ as another Angel can add incense so that from the throne of God the fire of righteous judgment will be cast to the earth to deal with godlessness and lawlessness (Rev. 8:1-8). Rev. 8:1-8\u2014And when He&hellip;\" \/>\n<meta property=\"og:url\" content=\"https:\/\/unceasinglypray.org\/hr\/day-23\/\" \/>\n<meta property=\"og:site_name\" content=\"Unceasingly Pray\" \/>\n<meta property=\"article:modified_time\" content=\"2023-06-26T13:25:30+00:00\" \/>\n<meta name=\"twitter:card\" content=\"summary_large_image\" \/>\n<meta name=\"twitter:label1\" content=\"Procijenjeno vrijeme \u010ditanja\" \/>\n\t<meta name=\"twitter:data1\" content=\"2 minute\" \/>\n<script type=\"application\/ld+json\" class=\"yoast-schema-graph\">{\"@context\":\"https:\\\/\\\/schema.org\",\"@graph\":[{\"@type\":\"WebPage\",\"@id\":\"https:\\\/\\\/unceasinglypray.org\\\/day-23\\\/\",\"url\":\"https:\\\/\\\/unceasinglypray.org\\\/day-23\\\/\",\"name\":\"Day 23 - Unceasingly Pray\",\"isPartOf\":{\"@id\":\"https:\\\/\\\/unceasinglypray.org\\\/ar\\\/#website\"},\"datePublished\":\"2020-04-21T17:27:58+00:00\",\"dateModified\":\"2023-06-26T13:25:30+00:00\",\"breadcrumb\":{\"@id\":\"https:\\\/\\\/unceasinglypray.org\\\/day-23\\\/#breadcrumb\"},\"inLanguage\":\"hr\",\"potentialAction\":[{\"@type\":\"ReadAction\",\"target\":[\"https:\\\/\\\/unceasinglypray.org\\\/day-23\\\/\"]}]},{\"@type\":\"BreadcrumbList\",\"@id\":\"https:\\\/\\\/unceasinglypray.org\\\/day-23\\\/#breadcrumb\",\"itemListElement\":[{\"@type\":\"ListItem\",\"position\":1,\"name\":\"Home\",\"item\":\"https:\\\/\\\/unceasinglypray.org\\\/pt\\\/\"},{\"@type\":\"ListItem\",\"position\":2,\"name\":\"Day 23\"}]},{\"@type\":\"WebSite\",\"@id\":\"https:\\\/\\\/unceasinglypray.org\\\/ar\\\/#website\",\"url\":\"https:\\\/\\\/unceasinglypray.org\\\/ar\\\/\",\"name\":\"Unceasingly Pray\",\"description\":\"\",\"potentialAction\":[{\"@type\":\"SearchAction\",\"target\":{\"@type\":\"EntryPoint\",\"urlTemplate\":\"https:\\\/\\\/unceasinglypray.org\\\/ar\\\/?s={search_term_string}\"},\"query-input\":{\"@type\":\"PropertyValueSpecification\",\"valueRequired\":true,\"valueName\":\"search_term_string\"}}],\"inLanguage\":\"hr\"}]}<\/script>\n<!-- \/ Yoast SEO plugin. -->","yoast_head_json":{"title":"Day 23 - Unceasingly Pray","robots":{"index":"index","follow":"follow","max-snippet":"max-snippet:-1","max-image-preview":"max-image-preview:large","max-video-preview":"max-video-preview:-1"},"canonical":"https:\/\/unceasinglypray.org\/hr\/day-23\/","og_locale":"hr_HR","og_type":"article","og_title":"Day 23 - Unceasingly Pray","og_description":"DAY 23: PRAYER FOR GOD&#8217;S RIGHTEOUS JUDGMENT Rev. 8:1-8 Pray for the saints to offer prayers to which Christ as another Angel can add incense so that from the throne of God the fire of righteous judgment will be cast to the earth to deal with godlessness and lawlessness (Rev. 8:1-8). Rev. 8:1-8\u2014And when He&hellip;","og_url":"https:\/\/unceasinglypray.org\/hr\/day-23\/","og_site_name":"Unceasingly Pray","article_modified_time":"2023-06-26T13:25:30+00:00","twitter_card":"summary_large_image","twitter_misc":{"Procijenjeno vrijeme \u010ditanja":"2 minute"},"schema":{"@context":"https:\/\/schema.org","@graph":[{"@type":"WebPage","@id":"https:\/\/unceasinglypray.org\/day-23\/","url":"https:\/\/unceasinglypray.org\/day-23\/","name":"Day 23 - Unceasingly Pray","isPartOf":{"@id":"https:\/\/unceasinglypray.org\/ar\/#website"},"datePublished":"2020-04-21T17:27:58+00:00","dateModified":"2023-06-26T13:25:30+00:00","breadcrumb":{"@id":"https:\/\/unceasinglypray.org\/day-23\/#breadcrumb"},"inLanguage":"hr","potentialAction":[{"@type":"ReadAction","target":["https:\/\/unceasinglypray.org\/day-23\/"]}]},{"@type":"BreadcrumbList","@id":"https:\/\/unceasinglypray.org\/day-23\/#breadcrumb","itemListElement":[{"@type":"ListItem","position":1,"name":"Home","item":"https:\/\/unceasinglypray.org\/pt\/"},{"@type":"ListItem","position":2,"name":"Day 23"}]},{"@type":"WebSite","@id":"https:\/\/unceasinglypray.org\/ar\/#website","url":"https:\/\/unceasinglypray.org\/ar\/","name":"Unceasingly Pray","description":"","potentialAction":[{"@type":"SearchAction","target":{"@type":"EntryPoint","urlTemplate":"https:\/\/unceasinglypray.org\/ar\/?s={search_term_string}"},"query-input":{"@type":"PropertyValueSpecification","valueRequired":true,"valueName":"search_term_string"}}],"inLanguage":"hr"}]}},"_links":{"self":[{"href":"https:\/\/unceasinglypray.org\/hr\/wp-json\/wp\/v2\/pages\/748","targetHints":{"allow":["GET"]}}],"collection":[{"href":"https:\/\/unceasinglypray.org\/hr\/wp-json\/wp\/v2\/pages"}],"about":[{"href":"https:\/\/unceasinglypray.org\/hr\/wp-json\/wp\/v2\/types\/page"}],"author":[{"embeddable":true,"href":"https:\/\/unceasinglypray.org\/hr\/wp-json\/wp\/v2\/users\/2"}],"replies":[{"embeddable":true,"href":"https:\/\/unceasinglypray.org\/hr\/wp-json\/wp\/v2\/comments?post=748"}],"version-history":[{"count":0,"href":"https:\/\/unceasinglypray.org\/hr\/wp-json\/wp\/v2\/pages\/748\/revisions"}],"wp:attachment":[{"href":"https:\/\/unceasinglypray.org\/hr\/wp-json\/wp\/v2\/media?parent=748"}],"curies":[{"name":"wp","href":"https:\/\/api.w.org\/{rel}","templated":true}]}}