{"id":747,"date":"2020-04-21T17:06:58","date_gmt":"2020-04-21T17:06:58","guid":{"rendered":"https:\/\/unceasinglypray.org\/?page_id=747"},"modified":"2020-06-11T15:10:40","modified_gmt":"2020-06-11T15:10:40","slug":"day-22","status":"publish","type":"page","link":"https:\/\/unceasinglypray.org\/hr\/day-22\/","title":{"rendered":"Day 22"},"content":{"rendered":"<p><a href=\"https:\/\/unceasinglypray.org\/hr\/day-22\/\">DAY 22: PRAYER FOR BLENDING<\/a><\/p>\n\t<p>1 KOR 12:12-13, 23-27<\/p>\n\t<p>Molite se da sveti \u017eive kr\u0161\u0107anski \u017eivot i \u017eivot crkve u skladu s prakti\u010dnim to\u010dkama koje se ti\u010du stapanja, stapanja svih pojedinih udova Tijela Kristovog, svih crkava u odre\u0111enim okruzima, svih suradnika i svih starje\u0161ina kroz zajedni\u0161tvo, te da \u010dine sve kroz kri\u017e (krst) i po Duhu kako bi poslu\u017eivali Krista za Tijelo, s ciljem da u Gospodnjoj obnovi postoji stvarnost Kristovog Tijela (1 Kor 12:12-13, 23-27).<\/p>\n\t<p><strong>1 Kor 12:12-13<\/strong>\u2014Doista, kao \u0161to je tijelo jedno te ima mnogo udova, a svi udovi tijela iako mnogi, jedno su tijelo - tako i Krist. Ta u jednom Duhu svi smo u jedno tijelo kr\u0161teni, bilo \u017didovi, bilo Grci, bilo robovi, bilo slobodni. I svi smo jednim Duhom napojeni.<\/p>\n<p><strong>1 Kor 12:23-27<\/strong>\u2014A udove koje smatramo ne\u010dasnijima, okru\u017eujemo ve\u0107om \u010da\u0161\u0107u. I s nepristojnima se pristojnije postupa, a pristojni toga ne trebaju. Nego, Bog je tako sastavio tijelo da je posljednjem udu dao izobilniju \u010dast da ne bude razdora u tijelu, nego da se udovi jednako brinu jedni za druge. I ako trpi jedan ud, trpe zajedno svi udovi; ako li se slavi jedan ud, raduju se zajedno svi udovi. A vi ste Tijelo Kristovo i, pojedina\u010dno, udovi.<\/p>\n\t\t<h3><\/h3>\n\t\t<p>Ustrajte u molitvi.<\/p>\n\t\t\t<a href=\"https:\/\/unceasinglypray.org\/hr\/sign-up\/\" target=\"_self\" role=\"button\" rel=\"noopener noreferrer\">\n\t\t\t\t\t\t\tODABERITE VREMENSKI PERIOD\n\t\t\t\t\t<\/a>","protected":false},"excerpt":{"rendered":"<p>DAY 22: PRAYER FOR BLENDING 1 Cor. 12:12-13, 23-27 Pray for the saints to live the Christian life and the church life according to the practical points concerning blending, having the blending of all the individual members of the Body of Christ, all the churches in certain districts, all the co-workers, and all the elders&hellip;<\/p>","protected":false},"author":1,"featured_media":0,"parent":0,"menu_order":0,"comment_status":"closed","ping_status":"closed","template":"","meta":{"inline_featured_image":false,"footnotes":""},"class_list":["post-747","page","type-page","status-publish","hentry"],"yoast_head":"<!-- This site is optimized with the Yoast SEO plugin v27.4 - https:\/\/yoast.com\/product\/yoast-seo-wordpress\/ -->\n<title>Day 22 - Unceasingly Pray<\/title>\n<meta name=\"robots\" content=\"index, follow, max-snippet:-1, max-image-preview:large, max-video-preview:-1\" \/>\n<link rel=\"canonical\" href=\"http:\/\/unceasinglypray.org\/hr\/day-22\/\" \/>\n<meta property=\"og:locale\" content=\"hr_HR\" \/>\n<meta property=\"og:type\" content=\"article\" \/>\n<meta property=\"og:title\" content=\"Day 22 - Unceasingly Pray\" \/>\n<meta property=\"og:description\" content=\"DAY 22: PRAYER FOR BLENDING 1 Cor. 12:12-13, 23-27 Pray for the saints to live the Christian life and the church life according to the practical points concerning blending, having the blending of all the individual members of the Body of Christ, all the churches in certain districts, all the co-workers, and all the elders&hellip;\" \/>\n<meta property=\"og:url\" content=\"http:\/\/unceasinglypray.org\/hr\/day-22\/\" \/>\n<meta property=\"og:site_name\" content=\"Unceasingly Pray\" \/>\n<meta property=\"article:modified_time\" content=\"2020-06-11T15:10:40+00:00\" \/>\n<meta name=\"twitter:card\" content=\"summary_large_image\" \/>\n<meta name=\"twitter:label1\" content=\"Procijenjeno vrijeme \u010ditanja\" \/>\n\t<meta name=\"twitter:data1\" content=\"1 minuta\" \/>\n<script type=\"application\/ld+json\" class=\"yoast-schema-graph\">{\"@context\":\"https:\\\/\\\/schema.org\",\"@graph\":[{\"@type\":\"WebPage\",\"@id\":\"http:\\\/\\\/unceasinglypray.org\\\/ko\\\/day-22\\\/\",\"url\":\"http:\\\/\\\/unceasinglypray.org\\\/ko\\\/day-22\\\/\",\"name\":\"Day 22 - Unceasingly Pray\",\"isPartOf\":{\"@id\":\"https:\\\/\\\/unceasinglypray.org\\\/ar\\\/#website\"},\"datePublished\":\"2020-04-21T17:06:58+00:00\",\"dateModified\":\"2020-06-11T15:10:40+00:00\",\"breadcrumb\":{\"@id\":\"http:\\\/\\\/unceasinglypray.org\\\/ko\\\/day-22\\\/#breadcrumb\"},\"inLanguage\":\"hr\",\"potentialAction\":[{\"@type\":\"ReadAction\",\"target\":[\"http:\\\/\\\/unceasinglypray.org\\\/ko\\\/day-22\\\/\"]}]},{\"@type\":\"BreadcrumbList\",\"@id\":\"http:\\\/\\\/unceasinglypray.org\\\/ko\\\/day-22\\\/#breadcrumb\",\"itemListElement\":[{\"@type\":\"ListItem\",\"position\":1,\"name\":\"Home\",\"item\":\"https:\\\/\\\/unceasinglypray.org\\\/pt\\\/\"},{\"@type\":\"ListItem\",\"position\":2,\"name\":\"Day 22\"}]},{\"@type\":\"WebSite\",\"@id\":\"https:\\\/\\\/unceasinglypray.org\\\/ar\\\/#website\",\"url\":\"https:\\\/\\\/unceasinglypray.org\\\/ar\\\/\",\"name\":\"Unceasingly Pray\",\"description\":\"\",\"potentialAction\":[{\"@type\":\"SearchAction\",\"target\":{\"@type\":\"EntryPoint\",\"urlTemplate\":\"https:\\\/\\\/unceasinglypray.org\\\/ar\\\/?s={search_term_string}\"},\"query-input\":{\"@type\":\"PropertyValueSpecification\",\"valueRequired\":true,\"valueName\":\"search_term_string\"}}],\"inLanguage\":\"hr\"}]}<\/script>\n<!-- \/ Yoast SEO plugin. -->","yoast_head_json":{"title":"Day 22 - Unceasingly Pray","robots":{"index":"index","follow":"follow","max-snippet":"max-snippet:-1","max-image-preview":"max-image-preview:large","max-video-preview":"max-video-preview:-1"},"canonical":"http:\/\/unceasinglypray.org\/hr\/day-22\/","og_locale":"hr_HR","og_type":"article","og_title":"Day 22 - Unceasingly Pray","og_description":"DAY 22: PRAYER FOR BLENDING 1 Cor. 12:12-13, 23-27 Pray for the saints to live the Christian life and the church life according to the practical points concerning blending, having the blending of all the individual members of the Body of Christ, all the churches in certain districts, all the co-workers, and all the elders&hellip;","og_url":"http:\/\/unceasinglypray.org\/hr\/day-22\/","og_site_name":"Unceasingly Pray","article_modified_time":"2020-06-11T15:10:40+00:00","twitter_card":"summary_large_image","twitter_misc":{"Procijenjeno vrijeme \u010ditanja":"1 minuta"},"schema":{"@context":"https:\/\/schema.org","@graph":[{"@type":"WebPage","@id":"http:\/\/unceasinglypray.org\/ko\/day-22\/","url":"http:\/\/unceasinglypray.org\/ko\/day-22\/","name":"Day 22 - Unceasingly Pray","isPartOf":{"@id":"https:\/\/unceasinglypray.org\/ar\/#website"},"datePublished":"2020-04-21T17:06:58+00:00","dateModified":"2020-06-11T15:10:40+00:00","breadcrumb":{"@id":"http:\/\/unceasinglypray.org\/ko\/day-22\/#breadcrumb"},"inLanguage":"hr","potentialAction":[{"@type":"ReadAction","target":["http:\/\/unceasinglypray.org\/ko\/day-22\/"]}]},{"@type":"BreadcrumbList","@id":"http:\/\/unceasinglypray.org\/ko\/day-22\/#breadcrumb","itemListElement":[{"@type":"ListItem","position":1,"name":"Home","item":"https:\/\/unceasinglypray.org\/pt\/"},{"@type":"ListItem","position":2,"name":"Day 22"}]},{"@type":"WebSite","@id":"https:\/\/unceasinglypray.org\/ar\/#website","url":"https:\/\/unceasinglypray.org\/ar\/","name":"Unceasingly Pray","description":"","potentialAction":[{"@type":"SearchAction","target":{"@type":"EntryPoint","urlTemplate":"https:\/\/unceasinglypray.org\/ar\/?s={search_term_string}"},"query-input":{"@type":"PropertyValueSpecification","valueRequired":true,"valueName":"search_term_string"}}],"inLanguage":"hr"}]}},"_links":{"self":[{"href":"https:\/\/unceasinglypray.org\/hr\/wp-json\/wp\/v2\/pages\/747","targetHints":{"allow":["GET"]}}],"collection":[{"href":"https:\/\/unceasinglypray.org\/hr\/wp-json\/wp\/v2\/pages"}],"about":[{"href":"https:\/\/unceasinglypray.org\/hr\/wp-json\/wp\/v2\/types\/page"}],"author":[{"embeddable":true,"href":"https:\/\/unceasinglypray.org\/hr\/wp-json\/wp\/v2\/users\/1"}],"replies":[{"embeddable":true,"href":"https:\/\/unceasinglypray.org\/hr\/wp-json\/wp\/v2\/comments?post=747"}],"version-history":[{"count":0,"href":"https:\/\/unceasinglypray.org\/hr\/wp-json\/wp\/v2\/pages\/747\/revisions"}],"wp:attachment":[{"href":"https:\/\/unceasinglypray.org\/hr\/wp-json\/wp\/v2\/media?parent=747"}],"curies":[{"name":"wp","href":"https:\/\/api.w.org\/{rel}","templated":true}]}}