{"id":530,"date":"2020-04-04T21:54:56","date_gmt":"2020-04-04T21:54:56","guid":{"rendered":"https:\/\/unceasinglypray.org\/?page_id=530"},"modified":"2020-06-11T14:43:30","modified_gmt":"2020-06-11T14:43:30","slug":"day-17","status":"publish","type":"page","link":"https:\/\/unceasinglypray.org\/hr\/day-17\/","title":{"rendered":"Day 17"},"content":{"rendered":"<p>DAY 17: PRAYER FOR THE SAINTS TO BE LABORING PRIESTS<\/p>\n\t<p>RIM 15:16; 2 TIM 4:2; DJELA 10:24<\/p>\n\t<p>17.\tDa svi sveti budu energizirani kao sve\u0107enici koji se trude u Evan\u0111elju, koji propovijedaju Rije\u010d bilo zgodno, bilo nezgodno, svojim ro\u0111acima, prijateljima, kolegama i ljudima koje susre\u0107u, kako bi ih osvojili i prinijeli Bogu kao posve\u0107enu \u017ertvu (Rim 15:16; 2 Tim 4:2; Dj 10:24).<\/p>\n\t<p><strong>Rim 15:16 -<\/strong>da budem bogoslu\u017enik Krista Isusa me\u0111u poganima, sve\u0107enik evan\u0111elja Bo\u017ejega te prinos pogana postane ugodan, posve\u0107en Duhom Svetim.<\/p>\n<p><strong>2 Tim 4:2 -<\/strong>propovijedaj Rije\u010d, uporan budi - bilo to zgodno ili nezgodno - uvjeravaj, prijeti, zapovijedaj sa svom strpljivo\u0161\u0107u i poukom.<\/p>\n<p><strong>Djela 10:24 -<\/strong>Drugi dan sti\u017ee u Cezareju. Kornelije ih je \u010dekao sazvav\u0161i rodbinu i prisne prijatelje.<\/p>\n\t\t<h3><\/h3>\n\t\t<p>Ustrajte u molitvi.<\/p>\n\t\t\t<a href=\"https:\/\/unceasinglypray.org\/hr\/sign-up\/\" target=\"_self\" role=\"button\" rel=\"noopener noreferrer\">\n\t\t\t\t\t\t\tODABERITE VREMENSKI PERIOD\n\t\t\t\t\t<\/a>","protected":false},"excerpt":{"rendered":"<p>DAY 17: PRAYER FOR THE SAINTS TO BE LABORING PRIESTS Rom. 15:16; 2 Tim. 4:2; Acts 10:24 For all the saints to be energized as laboring priests of the gospel, who preach the Word in season and out of season to their relatives, friends, colleagues, and people they meet, in order to gain them and&hellip;<\/p>","protected":false},"author":1,"featured_media":771,"parent":0,"menu_order":0,"comment_status":"closed","ping_status":"closed","template":"","meta":{"inline_featured_image":false,"footnotes":""},"class_list":["post-530","page","type-page","status-publish","has-post-thumbnail","hentry"],"yoast_head":"<!-- This site is optimized with the Yoast SEO plugin v27.4 - https:\/\/yoast.com\/product\/yoast-seo-wordpress\/ -->\n<title>Day 17 - Unceasingly Pray<\/title>\n<meta name=\"robots\" content=\"index, follow, max-snippet:-1, max-image-preview:large, max-video-preview:-1\" \/>\n<link rel=\"canonical\" href=\"https:\/\/unceasinglypray.org\/hr\/day-17\/\" \/>\n<meta property=\"og:locale\" content=\"hr_HR\" \/>\n<meta property=\"og:type\" content=\"article\" \/>\n<meta property=\"og:title\" content=\"Day 17 - Unceasingly Pray\" \/>\n<meta property=\"og:description\" content=\"DAY 17: PRAYER FOR THE SAINTS TO BE LABORING PRIESTS Rom. 15:16; 2 Tim. 4:2; Acts 10:24 For all the saints to be energized as laboring priests of the gospel, who preach the Word in season and out of season to their relatives, friends, colleagues, and people they meet, in order to gain them and&hellip;\" \/>\n<meta property=\"og:url\" content=\"https:\/\/unceasinglypray.org\/hr\/day-17\/\" \/>\n<meta property=\"og:site_name\" content=\"Unceasingly Pray\" \/>\n<meta property=\"article:modified_time\" content=\"2020-06-11T14:43:30+00:00\" \/>\n<meta property=\"og:image\" content=\"https:\/\/unceasinglypray.org\/wp-content\/uploads\/2020\/04\/social_share.gif\" \/>\n\t<meta property=\"og:image:width\" content=\"1200\" \/>\n\t<meta property=\"og:image:height\" content=\"630\" \/>\n\t<meta property=\"og:image:type\" content=\"image\/gif\" \/>\n<meta name=\"twitter:card\" content=\"summary_large_image\" \/>\n<meta name=\"twitter:label1\" content=\"Procijenjeno vrijeme \u010ditanja\" \/>\n\t<meta name=\"twitter:data1\" content=\"1 minuta\" \/>\n<script type=\"application\/ld+json\" class=\"yoast-schema-graph\">{\"@context\":\"https:\\\/\\\/schema.org\",\"@graph\":[{\"@type\":\"WebPage\",\"@id\":\"https:\\\/\\\/unceasinglypray.org\\\/sk_sk\\\/day-17\\\/\",\"url\":\"https:\\\/\\\/unceasinglypray.org\\\/sk_sk\\\/day-17\\\/\",\"name\":\"Day 17 - Unceasingly Pray\",\"isPartOf\":{\"@id\":\"https:\\\/\\\/unceasinglypray.org\\\/ar\\\/#website\"},\"primaryImageOfPage\":{\"@id\":\"https:\\\/\\\/unceasinglypray.org\\\/sk_sk\\\/day-17\\\/#primaryimage\"},\"image\":{\"@id\":\"https:\\\/\\\/unceasinglypray.org\\\/sk_sk\\\/day-17\\\/#primaryimage\"},\"thumbnailUrl\":\"https:\\\/\\\/unceasinglypray.org\\\/wp-content\\\/uploads\\\/2020\\\/04\\\/social_share.gif\",\"datePublished\":\"2020-04-04T21:54:56+00:00\",\"dateModified\":\"2020-06-11T14:43:30+00:00\",\"breadcrumb\":{\"@id\":\"https:\\\/\\\/unceasinglypray.org\\\/sk_sk\\\/day-17\\\/#breadcrumb\"},\"inLanguage\":\"hr\",\"potentialAction\":[{\"@type\":\"ReadAction\",\"target\":[\"https:\\\/\\\/unceasinglypray.org\\\/sk_sk\\\/day-17\\\/\"]}]},{\"@type\":\"ImageObject\",\"inLanguage\":\"hr\",\"@id\":\"https:\\\/\\\/unceasinglypray.org\\\/sk_sk\\\/day-17\\\/#primaryimage\",\"url\":\"https:\\\/\\\/unceasinglypray.org\\\/wp-content\\\/uploads\\\/2020\\\/04\\\/social_share.gif\",\"contentUrl\":\"https:\\\/\\\/unceasinglypray.org\\\/wp-content\\\/uploads\\\/2020\\\/04\\\/social_share.gif\",\"width\":1200,\"height\":630},{\"@type\":\"BreadcrumbList\",\"@id\":\"https:\\\/\\\/unceasinglypray.org\\\/sk_sk\\\/day-17\\\/#breadcrumb\",\"itemListElement\":[{\"@type\":\"ListItem\",\"position\":1,\"name\":\"Home\",\"item\":\"https:\\\/\\\/unceasinglypray.org\\\/pt\\\/\"},{\"@type\":\"ListItem\",\"position\":2,\"name\":\"Day 17\"}]},{\"@type\":\"WebSite\",\"@id\":\"https:\\\/\\\/unceasinglypray.org\\\/ar\\\/#website\",\"url\":\"https:\\\/\\\/unceasinglypray.org\\\/ar\\\/\",\"name\":\"Unceasingly Pray\",\"description\":\"\",\"potentialAction\":[{\"@type\":\"SearchAction\",\"target\":{\"@type\":\"EntryPoint\",\"urlTemplate\":\"https:\\\/\\\/unceasinglypray.org\\\/ar\\\/?s={search_term_string}\"},\"query-input\":{\"@type\":\"PropertyValueSpecification\",\"valueRequired\":true,\"valueName\":\"search_term_string\"}}],\"inLanguage\":\"hr\"}]}<\/script>\n<!-- \/ Yoast SEO plugin. -->","yoast_head_json":{"title":"Day 17 - Unceasingly Pray","robots":{"index":"index","follow":"follow","max-snippet":"max-snippet:-1","max-image-preview":"max-image-preview:large","max-video-preview":"max-video-preview:-1"},"canonical":"https:\/\/unceasinglypray.org\/hr\/day-17\/","og_locale":"hr_HR","og_type":"article","og_title":"Day 17 - Unceasingly Pray","og_description":"DAY 17: PRAYER FOR THE SAINTS TO BE LABORING PRIESTS Rom. 15:16; 2 Tim. 4:2; Acts 10:24 For all the saints to be energized as laboring priests of the gospel, who preach the Word in season and out of season to their relatives, friends, colleagues, and people they meet, in order to gain them and&hellip;","og_url":"https:\/\/unceasinglypray.org\/hr\/day-17\/","og_site_name":"Unceasingly Pray","article_modified_time":"2020-06-11T14:43:30+00:00","og_image":[{"width":1200,"height":630,"url":"https:\/\/unceasinglypray.org\/wp-content\/uploads\/2020\/04\/social_share.gif","type":"image\/gif"}],"twitter_card":"summary_large_image","twitter_misc":{"Procijenjeno vrijeme \u010ditanja":"1 minuta"},"schema":{"@context":"https:\/\/schema.org","@graph":[{"@type":"WebPage","@id":"https:\/\/unceasinglypray.org\/sk_sk\/day-17\/","url":"https:\/\/unceasinglypray.org\/sk_sk\/day-17\/","name":"Day 17 - Unceasingly Pray","isPartOf":{"@id":"https:\/\/unceasinglypray.org\/ar\/#website"},"primaryImageOfPage":{"@id":"https:\/\/unceasinglypray.org\/sk_sk\/day-17\/#primaryimage"},"image":{"@id":"https:\/\/unceasinglypray.org\/sk_sk\/day-17\/#primaryimage"},"thumbnailUrl":"https:\/\/unceasinglypray.org\/wp-content\/uploads\/2020\/04\/social_share.gif","datePublished":"2020-04-04T21:54:56+00:00","dateModified":"2020-06-11T14:43:30+00:00","breadcrumb":{"@id":"https:\/\/unceasinglypray.org\/sk_sk\/day-17\/#breadcrumb"},"inLanguage":"hr","potentialAction":[{"@type":"ReadAction","target":["https:\/\/unceasinglypray.org\/sk_sk\/day-17\/"]}]},{"@type":"ImageObject","inLanguage":"hr","@id":"https:\/\/unceasinglypray.org\/sk_sk\/day-17\/#primaryimage","url":"https:\/\/unceasinglypray.org\/wp-content\/uploads\/2020\/04\/social_share.gif","contentUrl":"https:\/\/unceasinglypray.org\/wp-content\/uploads\/2020\/04\/social_share.gif","width":1200,"height":630},{"@type":"BreadcrumbList","@id":"https:\/\/unceasinglypray.org\/sk_sk\/day-17\/#breadcrumb","itemListElement":[{"@type":"ListItem","position":1,"name":"Home","item":"https:\/\/unceasinglypray.org\/pt\/"},{"@type":"ListItem","position":2,"name":"Day 17"}]},{"@type":"WebSite","@id":"https:\/\/unceasinglypray.org\/ar\/#website","url":"https:\/\/unceasinglypray.org\/ar\/","name":"Unceasingly Pray","description":"","potentialAction":[{"@type":"SearchAction","target":{"@type":"EntryPoint","urlTemplate":"https:\/\/unceasinglypray.org\/ar\/?s={search_term_string}"},"query-input":{"@type":"PropertyValueSpecification","valueRequired":true,"valueName":"search_term_string"}}],"inLanguage":"hr"}]}},"_links":{"self":[{"href":"https:\/\/unceasinglypray.org\/hr\/wp-json\/wp\/v2\/pages\/530","targetHints":{"allow":["GET"]}}],"collection":[{"href":"https:\/\/unceasinglypray.org\/hr\/wp-json\/wp\/v2\/pages"}],"about":[{"href":"https:\/\/unceasinglypray.org\/hr\/wp-json\/wp\/v2\/types\/page"}],"author":[{"embeddable":true,"href":"https:\/\/unceasinglypray.org\/hr\/wp-json\/wp\/v2\/users\/1"}],"replies":[{"embeddable":true,"href":"https:\/\/unceasinglypray.org\/hr\/wp-json\/wp\/v2\/comments?post=530"}],"version-history":[{"count":0,"href":"https:\/\/unceasinglypray.org\/hr\/wp-json\/wp\/v2\/pages\/530\/revisions"}],"wp:featuredmedia":[{"embeddable":true,"href":"https:\/\/unceasinglypray.org\/hr\/wp-json\/wp\/v2\/media\/771"}],"wp:attachment":[{"href":"https:\/\/unceasinglypray.org\/hr\/wp-json\/wp\/v2\/media?parent=530"}],"curies":[{"name":"wp","href":"https:\/\/api.w.org\/{rel}","templated":true}]}}