{"id":516,"date":"2020-04-04T21:44:41","date_gmt":"2020-04-04T21:44:41","guid":{"rendered":"https:\/\/unceasinglypray.org\/?page_id=516"},"modified":"2020-06-11T13:42:50","modified_gmt":"2020-06-11T13:42:50","slug":"day-3","status":"publish","type":"page","link":"https:\/\/unceasinglypray.org\/hr\/day-3\/","title":{"rendered":"Day 3"},"content":{"rendered":"<p>DAY 3: PRAYER FOR WORLD AFFAIRS<\/p>\n\t<p>DN 4:17; OTK 1:5; IZR 21:1; DN 2:21<\/p>\n\t<p>3.\tDa Bog u Kristu vlada nad svim zbivanjima u svijetu (Dn 4:17; Otk 1:5), da okrene srca kraljeva da vr\u0161e Njegovu volju (Izr 21:1) te da podigne i makne vo\u0111e kako On vidi da je Njemu prikladno (Dn 2:21).<\/p>\n\n\t<p><strong>Dn 4:17-<\/strong>Ovo \u0161to se ti\u010de proglasa stra\u017eara, i ta odluka zapovijed je svetih, tako da \u017eivi znaju da je Svevi\u0161nji Vladar kraljevstva ljudi i daje ga kome god On ho\u0107e i nad njime postavlja najni\u017ee od ljudi.<\/p>\n<p><strong>Otk 1:5-<\/strong>i od Isusa Krista, Svjedoka vjernoga, Prvoro\u0111enca od mrtvih, Vladara nad kraljevima zemaljskim. Njemu koji nas ljubi, koji nas krvlju svojom otkupi od na\u0161ih grijeha<\/p>\n<p><strong>Izreke 21:1-<\/strong>Kraljevo je srce u ruci Jahve kao voda teku\u0107ica; vodi ga kuda god ho\u0107e.<\/p>\n<p><strong>Dn 2:21-<\/strong>On mijenja doba i vremena, ru\u0161i i postavlja kraljeve, daje mudrost mudrima a znanje pronicavima.<\/p>\n\t\t<h3><\/h3>\n\t\t<p>Ustrajte u molitvi.<\/p>\n\t\t\t<a href=\"https:\/\/unceasinglypray.org\/hr\/sign-up\/\" target=\"_self\" role=\"button\" rel=\"noopener noreferrer\">\n\t\t\t\t\t\t\tODABERITE VREMENSKI PERIOD\n\t\t\t\t\t<\/a>","protected":false},"excerpt":{"rendered":"<p>DAY 3: PRAYER FOR WORLD AFFAIRS DAN. 4:17; REV. 1:5; PROV. 21:1; DAN. 2:21 For God in Christ to rule over all world affairs (Dan. 4:17; Rev. 1:5), to turn the hearts of kings to do His will (Prov. 21:1), and to raise up and put down leaders as He sees fit (Dan. 2:21). Dan.&hellip;<\/p>","protected":false},"author":1,"featured_media":0,"parent":0,"menu_order":0,"comment_status":"closed","ping_status":"closed","template":"","meta":{"inline_featured_image":false,"footnotes":""},"class_list":["post-516","page","type-page","status-publish","hentry"],"yoast_head":"<!-- This site is optimized with the Yoast SEO plugin v27.5 - https:\/\/yoast.com\/product\/yoast-seo-wordpress\/ -->\n<title>Day 3 - Unceasingly Pray<\/title>\n<meta name=\"robots\" content=\"index, follow, max-snippet:-1, max-image-preview:large, max-video-preview:-1\" \/>\n<link rel=\"canonical\" href=\"https:\/\/unceasinglypray.org\/hr\/day-3\/\" \/>\n<meta property=\"og:locale\" content=\"hr_HR\" \/>\n<meta property=\"og:type\" content=\"article\" \/>\n<meta property=\"og:title\" content=\"Day 3 - Unceasingly Pray\" \/>\n<meta property=\"og:description\" content=\"DAY 3: PRAYER FOR WORLD AFFAIRS DAN. 4:17; REV. 1:5; PROV. 21:1; DAN. 2:21 For God in Christ to rule over all world affairs (Dan. 4:17; Rev. 1:5), to turn the hearts of kings to do His will (Prov. 21:1), and to raise up and put down leaders as He sees fit (Dan. 2:21). Dan.&hellip;\" \/>\n<meta property=\"og:url\" content=\"https:\/\/unceasinglypray.org\/hr\/day-3\/\" \/>\n<meta property=\"og:site_name\" content=\"Unceasingly Pray\" \/>\n<meta property=\"article:modified_time\" content=\"2020-06-11T13:42:50+00:00\" \/>\n<meta name=\"twitter:card\" content=\"summary_large_image\" \/>\n<meta name=\"twitter:label1\" content=\"Procijenjeno vrijeme \u010ditanja\" \/>\n\t<meta name=\"twitter:data1\" content=\"1 minuta\" \/>\n<script type=\"application\/ld+json\" class=\"yoast-schema-graph\">{\"@context\":\"https:\\\/\\\/schema.org\",\"@graph\":[{\"@type\":\"WebPage\",\"@id\":\"https:\\\/\\\/unceasinglypray.org\\\/ceb\\\/day-3\\\/\",\"url\":\"https:\\\/\\\/unceasinglypray.org\\\/ceb\\\/day-3\\\/\",\"name\":\"Day 3 - Unceasingly Pray\",\"isPartOf\":{\"@id\":\"https:\\\/\\\/unceasinglypray.org\\\/ar\\\/#website\"},\"datePublished\":\"2020-04-04T21:44:41+00:00\",\"dateModified\":\"2020-06-11T13:42:50+00:00\",\"breadcrumb\":{\"@id\":\"https:\\\/\\\/unceasinglypray.org\\\/ceb\\\/day-3\\\/#breadcrumb\"},\"inLanguage\":\"hr\",\"potentialAction\":[{\"@type\":\"ReadAction\",\"target\":[\"https:\\\/\\\/unceasinglypray.org\\\/ceb\\\/day-3\\\/\"]}]},{\"@type\":\"BreadcrumbList\",\"@id\":\"https:\\\/\\\/unceasinglypray.org\\\/ceb\\\/day-3\\\/#breadcrumb\",\"itemListElement\":[{\"@type\":\"ListItem\",\"position\":1,\"name\":\"Home\",\"item\":\"https:\\\/\\\/unceasinglypray.org\\\/pt\\\/\"},{\"@type\":\"ListItem\",\"position\":2,\"name\":\"Day 3\"}]},{\"@type\":\"WebSite\",\"@id\":\"https:\\\/\\\/unceasinglypray.org\\\/ar\\\/#website\",\"url\":\"https:\\\/\\\/unceasinglypray.org\\\/ar\\\/\",\"name\":\"Unceasingly Pray\",\"description\":\"\",\"potentialAction\":[{\"@type\":\"SearchAction\",\"target\":{\"@type\":\"EntryPoint\",\"urlTemplate\":\"https:\\\/\\\/unceasinglypray.org\\\/ar\\\/?s={search_term_string}\"},\"query-input\":{\"@type\":\"PropertyValueSpecification\",\"valueRequired\":true,\"valueName\":\"search_term_string\"}}],\"inLanguage\":\"hr\"}]}<\/script>\n<!-- \/ Yoast SEO plugin. -->","yoast_head_json":{"title":"Day 3 - Unceasingly Pray","robots":{"index":"index","follow":"follow","max-snippet":"max-snippet:-1","max-image-preview":"max-image-preview:large","max-video-preview":"max-video-preview:-1"},"canonical":"https:\/\/unceasinglypray.org\/hr\/day-3\/","og_locale":"hr_HR","og_type":"article","og_title":"Day 3 - Unceasingly Pray","og_description":"DAY 3: PRAYER FOR WORLD AFFAIRS DAN. 4:17; REV. 1:5; PROV. 21:1; DAN. 2:21 For God in Christ to rule over all world affairs (Dan. 4:17; Rev. 1:5), to turn the hearts of kings to do His will (Prov. 21:1), and to raise up and put down leaders as He sees fit (Dan. 2:21). Dan.&hellip;","og_url":"https:\/\/unceasinglypray.org\/hr\/day-3\/","og_site_name":"Unceasingly Pray","article_modified_time":"2020-06-11T13:42:50+00:00","twitter_card":"summary_large_image","twitter_misc":{"Procijenjeno vrijeme \u010ditanja":"1 minuta"},"schema":{"@context":"https:\/\/schema.org","@graph":[{"@type":"WebPage","@id":"https:\/\/unceasinglypray.org\/ceb\/day-3\/","url":"https:\/\/unceasinglypray.org\/ceb\/day-3\/","name":"Day 3 - Unceasingly Pray","isPartOf":{"@id":"https:\/\/unceasinglypray.org\/ar\/#website"},"datePublished":"2020-04-04T21:44:41+00:00","dateModified":"2020-06-11T13:42:50+00:00","breadcrumb":{"@id":"https:\/\/unceasinglypray.org\/ceb\/day-3\/#breadcrumb"},"inLanguage":"hr","potentialAction":[{"@type":"ReadAction","target":["https:\/\/unceasinglypray.org\/ceb\/day-3\/"]}]},{"@type":"BreadcrumbList","@id":"https:\/\/unceasinglypray.org\/ceb\/day-3\/#breadcrumb","itemListElement":[{"@type":"ListItem","position":1,"name":"Home","item":"https:\/\/unceasinglypray.org\/pt\/"},{"@type":"ListItem","position":2,"name":"Day 3"}]},{"@type":"WebSite","@id":"https:\/\/unceasinglypray.org\/ar\/#website","url":"https:\/\/unceasinglypray.org\/ar\/","name":"Unceasingly Pray","description":"","potentialAction":[{"@type":"SearchAction","target":{"@type":"EntryPoint","urlTemplate":"https:\/\/unceasinglypray.org\/ar\/?s={search_term_string}"},"query-input":{"@type":"PropertyValueSpecification","valueRequired":true,"valueName":"search_term_string"}}],"inLanguage":"hr"}]}},"_links":{"self":[{"href":"https:\/\/unceasinglypray.org\/hr\/wp-json\/wp\/v2\/pages\/516","targetHints":{"allow":["GET"]}}],"collection":[{"href":"https:\/\/unceasinglypray.org\/hr\/wp-json\/wp\/v2\/pages"}],"about":[{"href":"https:\/\/unceasinglypray.org\/hr\/wp-json\/wp\/v2\/types\/page"}],"author":[{"embeddable":true,"href":"https:\/\/unceasinglypray.org\/hr\/wp-json\/wp\/v2\/users\/1"}],"replies":[{"embeddable":true,"href":"https:\/\/unceasinglypray.org\/hr\/wp-json\/wp\/v2\/comments?post=516"}],"version-history":[{"count":0,"href":"https:\/\/unceasinglypray.org\/hr\/wp-json\/wp\/v2\/pages\/516\/revisions"}],"wp:attachment":[{"href":"https:\/\/unceasinglypray.org\/hr\/wp-json\/wp\/v2\/media?parent=516"}],"curies":[{"name":"wp","href":"https:\/\/api.w.org\/{rel}","templated":true}]}}