{"id":515,"date":"2020-04-04T21:43:27","date_gmt":"2020-04-04T21:43:27","guid":{"rendered":"https:\/\/unceasinglypray.org\/?page_id=515"},"modified":"2020-06-11T13:42:29","modified_gmt":"2020-06-11T13:42:29","slug":"day-2","status":"publish","type":"page","link":"https:\/\/unceasinglypray.org\/hr\/day-2\/","title":{"rendered":"Day 2"},"content":{"rendered":"<p>DAY 2: PRAYER FOR THE NEW MAN &amp; THE BRIDE<\/p>\n\t<p>EF 1:9-10, 23; 4:13, 16; 5:27; OTK 19:7<\/p>\n\t<p>2.\tDa se ispuni Bo\u017eja ugoda, da se ostvari Njegov naum, te da se sprovede Njegova ekonomija (Ef 1:9-10), kako bi mogao imati crkvu, kao za Krista izgra\u0111eno Tijelo, i potpuno odraslog \u010dovjeka da Ga izra\u017eava (stih 23; 4:13, 16) te kao za Krista pripremljenu nevjestu da Ga zadovolji u ljubavi (5:27; Otk 19:7).<\/p>\n\n\t<p><strong>Ef 1:9-10-<\/strong>obznaniv\u0161i nam otajstvo svoje volje po dobrohotnom naumu svojem \u0161to ga prije u njemu zasnova da se provede punina vremena: uglaviti u Kristu sve - na nebesima i na zemlji.<\/p>\n<p><strong>Ef 1:23-<\/strong>koja je Njegovo Tijelo, punina Onoga koji ispunjava sve u svemu.<\/p>\n<p><strong>Ef 4:13-<\/strong>dok svi ne prispijemo do jedinstva vjere i spoznaje Sina Bo\u017ejega, do \u010dovjeka savr\u0161ena, do mjere uzrasta punine Kristove:<\/p>\n<p><strong>Ef 4:16-<\/strong>od kojega sve Tijelo, uskla\u0111eno i povezano svakovrsnim zglobom zbrinjavanja po djelotvornosti primjerenoj svakomu pojedinom dijelu, promi\u010de svoj rast na sazi\u0111ivanje u ljubavi.<\/p>\n<p><strong>Ef 5:27-<\/strong>te sebi predvede Crkvu slavnu, bez ljage i nabora ili \u010dega takva, nego da bude sveta i bez mane.<\/p>\n<p><strong>Otk 19:7-<\/strong>Radujmo se i kli\u010dimo i slavu mu dajmo jer do\u0111e svadba Jaganj\u010deva, opremila se \u017eena Njegova..<\/p>\n\t\t<h3><\/h3>\n\t\t<p>Ustrajte u molitvi.<\/p>\n\t\t\t<a href=\"https:\/\/unceasinglypray.org\/hr\/sign-up\/\" target=\"_self\" role=\"button\" rel=\"noopener noreferrer\">\n\t\t\t\t\t\t\tODABERITE VREMENSKI PERIOD\n\t\t\t\t\t<\/a>","protected":false},"excerpt":{"rendered":"<p>DAY 2: PRAYER FOR THE NEW MAN &amp; THE BRIDE EPH. 1:9\u201310, 23; 4:13, 16; 5:27; REV 19:7 For God\u2019s good pleasure to be fulfilled, His purpose to be accomplished, and His economy to be carried out (Eph. 1:9-10) that He might have the church as Christ\u2019s built-up Body and a full-grown new man to&hellip;<\/p>","protected":false},"author":1,"featured_media":771,"parent":0,"menu_order":0,"comment_status":"closed","ping_status":"closed","template":"","meta":{"inline_featured_image":false,"footnotes":""},"class_list":["post-515","page","type-page","status-publish","has-post-thumbnail","hentry"],"yoast_head":"<!-- This site is optimized with the Yoast SEO plugin v27.5 - https:\/\/yoast.com\/product\/yoast-seo-wordpress\/ -->\n<title>Day 2 - Unceasingly Pray<\/title>\n<meta name=\"robots\" content=\"index, follow, max-snippet:-1, max-image-preview:large, max-video-preview:-1\" \/>\n<link rel=\"canonical\" href=\"http:\/\/unceasinglypray.org\/hr\/day-2\/\" \/>\n<meta property=\"og:locale\" content=\"hr_HR\" \/>\n<meta property=\"og:type\" content=\"article\" \/>\n<meta property=\"og:title\" content=\"Day 2 - Unceasingly Pray\" \/>\n<meta property=\"og:description\" content=\"DAY 2: PRAYER FOR THE NEW MAN &amp; THE BRIDE EPH. 1:9\u201310, 23; 4:13, 16; 5:27; REV 19:7 For God\u2019s good pleasure to be fulfilled, His purpose to be accomplished, and His economy to be carried out (Eph. 1:9-10) that He might have the church as Christ\u2019s built-up Body and a full-grown new man to&hellip;\" \/>\n<meta property=\"og:url\" content=\"http:\/\/unceasinglypray.org\/hr\/day-2\/\" \/>\n<meta property=\"og:site_name\" content=\"Unceasingly Pray\" \/>\n<meta property=\"article:modified_time\" content=\"2020-06-11T13:42:29+00:00\" \/>\n<meta property=\"og:image\" content=\"https:\/\/unceasinglypray.org\/wp-content\/uploads\/2020\/04\/social_share.gif\" \/>\n\t<meta property=\"og:image:width\" content=\"1200\" \/>\n\t<meta property=\"og:image:height\" content=\"630\" \/>\n\t<meta property=\"og:image:type\" content=\"image\/gif\" \/>\n<meta name=\"twitter:card\" content=\"summary_large_image\" \/>\n<meta name=\"twitter:label1\" content=\"Procijenjeno vrijeme \u010ditanja\" \/>\n\t<meta name=\"twitter:data1\" content=\"1 minuta\" \/>\n<script type=\"application\/ld+json\" class=\"yoast-schema-graph\">{\"@context\":\"https:\\\/\\\/schema.org\",\"@graph\":[{\"@type\":\"WebPage\",\"@id\":\"http:\\\/\\\/unceasinglypray.org\\\/hr\\\/day-2\\\/\",\"url\":\"http:\\\/\\\/unceasinglypray.org\\\/hr\\\/day-2\\\/\",\"name\":\"Day 2 - Unceasingly Pray\",\"isPartOf\":{\"@id\":\"https:\\\/\\\/unceasinglypray.org\\\/ar\\\/#website\"},\"primaryImageOfPage\":{\"@id\":\"http:\\\/\\\/unceasinglypray.org\\\/hr\\\/day-2\\\/#primaryimage\"},\"image\":{\"@id\":\"http:\\\/\\\/unceasinglypray.org\\\/hr\\\/day-2\\\/#primaryimage\"},\"thumbnailUrl\":\"https:\\\/\\\/unceasinglypray.org\\\/wp-content\\\/uploads\\\/2020\\\/04\\\/social_share.gif\",\"datePublished\":\"2020-04-04T21:43:27+00:00\",\"dateModified\":\"2020-06-11T13:42:29+00:00\",\"breadcrumb\":{\"@id\":\"http:\\\/\\\/unceasinglypray.org\\\/hr\\\/day-2\\\/#breadcrumb\"},\"inLanguage\":\"hr\",\"potentialAction\":[{\"@type\":\"ReadAction\",\"target\":[\"http:\\\/\\\/unceasinglypray.org\\\/hr\\\/day-2\\\/\"]}]},{\"@type\":\"ImageObject\",\"inLanguage\":\"hr\",\"@id\":\"http:\\\/\\\/unceasinglypray.org\\\/hr\\\/day-2\\\/#primaryimage\",\"url\":\"https:\\\/\\\/unceasinglypray.org\\\/wp-content\\\/uploads\\\/2020\\\/04\\\/social_share.gif\",\"contentUrl\":\"https:\\\/\\\/unceasinglypray.org\\\/wp-content\\\/uploads\\\/2020\\\/04\\\/social_share.gif\",\"width\":1200,\"height\":630},{\"@type\":\"BreadcrumbList\",\"@id\":\"http:\\\/\\\/unceasinglypray.org\\\/hr\\\/day-2\\\/#breadcrumb\",\"itemListElement\":[{\"@type\":\"ListItem\",\"position\":1,\"name\":\"Home\",\"item\":\"https:\\\/\\\/unceasinglypray.org\\\/pt\\\/\"},{\"@type\":\"ListItem\",\"position\":2,\"name\":\"Day 2\"}]},{\"@type\":\"WebSite\",\"@id\":\"https:\\\/\\\/unceasinglypray.org\\\/ar\\\/#website\",\"url\":\"https:\\\/\\\/unceasinglypray.org\\\/ar\\\/\",\"name\":\"Unceasingly Pray\",\"description\":\"\",\"potentialAction\":[{\"@type\":\"SearchAction\",\"target\":{\"@type\":\"EntryPoint\",\"urlTemplate\":\"https:\\\/\\\/unceasinglypray.org\\\/ar\\\/?s={search_term_string}\"},\"query-input\":{\"@type\":\"PropertyValueSpecification\",\"valueRequired\":true,\"valueName\":\"search_term_string\"}}],\"inLanguage\":\"hr\"}]}<\/script>\n<!-- \/ Yoast SEO plugin. -->","yoast_head_json":{"title":"Day 2 - Unceasingly Pray","robots":{"index":"index","follow":"follow","max-snippet":"max-snippet:-1","max-image-preview":"max-image-preview:large","max-video-preview":"max-video-preview:-1"},"canonical":"http:\/\/unceasinglypray.org\/hr\/day-2\/","og_locale":"hr_HR","og_type":"article","og_title":"Day 2 - Unceasingly Pray","og_description":"DAY 2: PRAYER FOR THE NEW MAN &amp; THE BRIDE EPH. 1:9\u201310, 23; 4:13, 16; 5:27; REV 19:7 For God\u2019s good pleasure to be fulfilled, His purpose to be accomplished, and His economy to be carried out (Eph. 1:9-10) that He might have the church as Christ\u2019s built-up Body and a full-grown new man to&hellip;","og_url":"http:\/\/unceasinglypray.org\/hr\/day-2\/","og_site_name":"Unceasingly Pray","article_modified_time":"2020-06-11T13:42:29+00:00","og_image":[{"width":1200,"height":630,"url":"https:\/\/unceasinglypray.org\/wp-content\/uploads\/2020\/04\/social_share.gif","type":"image\/gif"}],"twitter_card":"summary_large_image","twitter_misc":{"Procijenjeno vrijeme \u010ditanja":"1 minuta"},"schema":{"@context":"https:\/\/schema.org","@graph":[{"@type":"WebPage","@id":"http:\/\/unceasinglypray.org\/hr\/day-2\/","url":"http:\/\/unceasinglypray.org\/hr\/day-2\/","name":"Day 2 - Unceasingly Pray","isPartOf":{"@id":"https:\/\/unceasinglypray.org\/ar\/#website"},"primaryImageOfPage":{"@id":"http:\/\/unceasinglypray.org\/hr\/day-2\/#primaryimage"},"image":{"@id":"http:\/\/unceasinglypray.org\/hr\/day-2\/#primaryimage"},"thumbnailUrl":"https:\/\/unceasinglypray.org\/wp-content\/uploads\/2020\/04\/social_share.gif","datePublished":"2020-04-04T21:43:27+00:00","dateModified":"2020-06-11T13:42:29+00:00","breadcrumb":{"@id":"http:\/\/unceasinglypray.org\/hr\/day-2\/#breadcrumb"},"inLanguage":"hr","potentialAction":[{"@type":"ReadAction","target":["http:\/\/unceasinglypray.org\/hr\/day-2\/"]}]},{"@type":"ImageObject","inLanguage":"hr","@id":"http:\/\/unceasinglypray.org\/hr\/day-2\/#primaryimage","url":"https:\/\/unceasinglypray.org\/wp-content\/uploads\/2020\/04\/social_share.gif","contentUrl":"https:\/\/unceasinglypray.org\/wp-content\/uploads\/2020\/04\/social_share.gif","width":1200,"height":630},{"@type":"BreadcrumbList","@id":"http:\/\/unceasinglypray.org\/hr\/day-2\/#breadcrumb","itemListElement":[{"@type":"ListItem","position":1,"name":"Home","item":"https:\/\/unceasinglypray.org\/pt\/"},{"@type":"ListItem","position":2,"name":"Day 2"}]},{"@type":"WebSite","@id":"https:\/\/unceasinglypray.org\/ar\/#website","url":"https:\/\/unceasinglypray.org\/ar\/","name":"Unceasingly Pray","description":"","potentialAction":[{"@type":"SearchAction","target":{"@type":"EntryPoint","urlTemplate":"https:\/\/unceasinglypray.org\/ar\/?s={search_term_string}"},"query-input":{"@type":"PropertyValueSpecification","valueRequired":true,"valueName":"search_term_string"}}],"inLanguage":"hr"}]}},"_links":{"self":[{"href":"https:\/\/unceasinglypray.org\/hr\/wp-json\/wp\/v2\/pages\/515","targetHints":{"allow":["GET"]}}],"collection":[{"href":"https:\/\/unceasinglypray.org\/hr\/wp-json\/wp\/v2\/pages"}],"about":[{"href":"https:\/\/unceasinglypray.org\/hr\/wp-json\/wp\/v2\/types\/page"}],"author":[{"embeddable":true,"href":"https:\/\/unceasinglypray.org\/hr\/wp-json\/wp\/v2\/users\/1"}],"replies":[{"embeddable":true,"href":"https:\/\/unceasinglypray.org\/hr\/wp-json\/wp\/v2\/comments?post=515"}],"version-history":[{"count":0,"href":"https:\/\/unceasinglypray.org\/hr\/wp-json\/wp\/v2\/pages\/515\/revisions"}],"wp:featuredmedia":[{"embeddable":true,"href":"https:\/\/unceasinglypray.org\/hr\/wp-json\/wp\/v2\/media\/771"}],"wp:attachment":[{"href":"https:\/\/unceasinglypray.org\/hr\/wp-json\/wp\/v2\/media?parent=515"}],"curies":[{"name":"wp","href":"https:\/\/api.w.org\/{rel}","templated":true}]}}