{"id":313,"date":"2020-03-30T23:34:54","date_gmt":"2020-03-30T23:34:54","guid":{"rendered":"https:\/\/unceasepray.wpengine.com\/?page_id=313"},"modified":"2020-03-30T23:56:56","modified_gmt":"2020-03-30T23:56:56","slug":"privacy-policy-temp","status":"publish","type":"page","link":"https:\/\/unceasinglypray.org\/hr\/privacy-policy-temp\/","title":{"rendered":"Privacy Policy Temp"},"content":{"rendered":"<h1>\n\t\tPRAVILA O PRIVATNOSTI\n\t<\/h1>\n\t<p>Bespekridno molite (\"Unceasingly Pray\") raduje se \u0161to mo\u017ee pru\u017eiti online informacije o pravilima o privatnosti posjetiteljima na\u0161e stranice. Va\u0161a privatnost nam je va\u017ena, i na\u0161a online pravila o privatnosti tu su sa svrhom da osiguraju i za\u0161tite bilo kakvu identifikacijsku informaciju (\"osobnu informaciju\") koju predate stranici Unceasingly Pray kad posje\u0107ujete i koristite Unceasingly Pray web stranice ili usluge (kolektivno \"stranice\").<\/p>\n<p>Ova pravila o privatnosti ostat \u0107e na punoj snazi i va\u017eit \u0107e dok god ste korisnik bilo koje Unceasingly Pray stranica. Posje\u0107uju\u0107i ili koriste\u0107i bilo koju od Unceasingly Pray stranica vi prihva\u0107ate prakse opisane u ovim pravilima o privatnosti. Ako se ne sla\u017eete sa ovim pravilima o privatnosti, ne biste trebali da u\u010destvujete niti u jednoj aktivnosti koje zahtijevaju od vas da dostavite svoje osobne podatke.<\/p>\n<p>Mi redovito, gdje je nu\u017eno, a\u017euriramo na\u0161a pravila o privatnosti. Sva a\u017euriranja te izmjene i dopune stupaju odmah na snagu, i mi \u0107emo vas obavijestiti o bilo kakvim primjenjivim promjenama nakon \u0161to ste posjetili na\u0161e stranice.<\/p>\n<p>&nbsp;<\/p>\n<p><strong>Podaci koje prikupljamo<\/strong><\/p>\n<p>Osobne podatke koje prikupljamo vi nam dobrovoljno dostavljate kada:<\/p>\n<ul>\n<li>Zahtijevate informacije od Unceasingly Pray<\/li>\n<li>Kreirate ra\u010dun sa Unceasingly Pray<\/li>\n<li>se prijavite da primate e-po\u0161tu od Unceasingly Pray<\/li>\n<\/ul>\n<p>Osobne podatke koje prikupljamo mogu uklju\u010divati va\u0161e ime i prezime, adresu e-po\u0161te i\/ili grad i dr\u017eavu prebivali\u0161ta.<\/p>\n<p>In addition, we collect non-identifying demographic and interest data through Google Analytics Demographic and Interest Reporting. Visitors may opt out of Google Analytics for Display Advertising through Google\u2019s Ads Settings, or via the Google Analytics opt-out browser add-on, which can be found at\u00a0<a href=\"http:\/\/tools.google.com\/dlpage\/gaoptout\">http:\/\/tools.google.com\/dlpage\/gaoptout<\/a>.<\/p>\n<p>&nbsp;<\/p>\n<p><strong>Kako koristimo podatke<\/strong><\/p>\n<p>Va\u0161i osobni podaci koristit \u0107e se da vam po\u0161aljemo informacije koje zahtijevate te bilo koju dodatnu literaturu povezanu Unceasingly Pray aktivnostima.<\/p>\n<p>Unceasingly Pray ne prodaje, ne razmjenjuje, ne posu\u0111uje, ne podastire niti na bilo koji drugi na\u010din ne razotkriva va\u0161e osobne podatke tre\u0107im strankama, osobama ili organizacijama. Mi ne koristimo va\u0161e osobne podatke ni u kakve komercijalne svrhe.<\/p>\n<p>Unceasingly Pray pridr\u017eava si pravo da koristi ili razotkrije bilo koji podatak ukoliko to zahtijeva bilo koji zakon, odredba ili zakonsko pravilo kako bismo za\u0161titili integritet stranica; kako bismo ispunili va\u0161e zahtjeve; ili ako sura\u0111ujemo u bilo kakvoj zakonskoj odredbi, istrazi ili bilo kojoj istrazi koja se ti\u010de javne sigurnosti.<\/p>\n<p>Demografski i interestni podaci sakupljeni kroz Google Analytics Demographic i Interest Reporting tu su sa svrhom analiziranja trendova u socijalnom agregatu i nikad nisu povezani sa osobnim identificiraju\u0107im podacima.<\/p>\n<p>Mi vam tako\u0111er pru\u017eamo priliku da pregledate, a\u017eurirate ili izbri\u0161ete va\u0161e osobne podatke koje su prikupile na\u0161e stranice. Molimo vas, pregledajte odjeljak \"Mijenjanje osobnih podataka\" ispod u ovim pravilima o privatnosti.<\/p>\n<p>&nbsp;<\/p>\n<p><strong>Podaci koje nam dostave korisnici<\/strong><\/p>\n<p>Pitanja, kometari i opaske koje predate Unceasingly Pray kroz bilo koju od njegovih stranica ili bilo koji drugim posredstvom uklju\u010duju\u0107i, ali ne ograni\u010deno na, e-po\u0161tu, tretirat \u0107e se kao nepovjerljivim i neza\u0161ti\u0107enima.<\/p>\n<p>Unceasingly Pray pridr\u017eava si pravo da ure\u0111uje, koristi ili ne koristi u svom samodiskercijskom pravu bilo kakve podatke od bilo kojih korisnika bilo kojim sredstvom na Unceasingly Pray stranicama ili u drugim materijalima.<\/p>\n<p>&nbsp;<\/p>\n<p><strong>Koliko dugo \u010duvamo va\u0161e osobne podatke<\/strong><\/p>\n<p>Kad se va\u0161i osobni podaci koriste sa va\u0161im pristankom za Unceasingly Pray usluge, mo\u017eete svoju pretplatu otkazati u bilo kojem trenutku.<\/p>\n<p>&nbsp;<\/p>\n<p><strong>Kako \u0161titimo va\u0161e osobne podatke<\/strong><\/p>\n<p>Mi dajemo sve od sebe da za\u0161titimo va\u0161u privatnost. Kao takvi, primijenjujemo standardne industrijske sigurnosne sisteme i procedure da za\u0161titimo va\u0161e osobne podatke od neovla\u0161tenog razotkrivanja, zloupotrebe ili uni\u0161tenja.<\/p>\n<p>&nbsp;<\/p>\n<p><strong>Mijenjanje oosbnih podataka<\/strong><\/p>\n<p>Vi mo\u017eete pregledati, a\u017eurirati ili zahtijevati brisanje va\u0161ih osobnih podataka koje su prikupile na\u0161e stranice. Kako biste to u\u010dinili, molimo vas, obratite se e-po\u0161tom Administratoru na info@besprekidnomolite.org sa svojim zahtjevom. Od vas \u0107e se zahtijevati da podastrete dokaze o svom identitetu prije nego \u0161to se sprovede bilo koja promjena. Pridr\u017eavamo si pravo da ne odobrimo pristup bilo kojem korisniku ako vjerujemo da je upitan va\u0161 identitet.\u00a0<a href=\"mailto:info@unceasinglypray.org\">info@unceasinglypray.org<\/a>\u00a0with your request. You will be required to verify your identity before any changes will be made. We reserve the right to deny access to any user if we believe there is a question about your identity.<\/p>\n<p>&nbsp;<\/p>\n<p><strong>Pravila o privatnosti koja se ti\u010du maloljetnika<\/strong><\/p>\n<p>Korisnici Unceasingly Pray stranica moraju imati najmanje 14 godina kako bi mogli imati udjela u bilo kojoj aktivnosti koja zahtijeva predaju osobnih podataka. Predaju\u0107i osobne podatke Unceasingly Pray stranicama ili pri u\u010de\u0161\u0107u na na\u0161im stranicama vi snosite odgovornost da imate najmanje 14 godina. Od svih korisnika ovih stranica zahtijeva se da podastru istinite. trenutne, potpune i precizne osobne podatke, i mi \u0107emo izbrisati bilo koji une\u0161eni podatak za kojeg u dobroj vjeri vjerujemo da je la\u017ean ili nevaljan.<\/p>\n<p>Mi sa svoje strane ne prihva\u0107amo osobne podatke od bilo koga koji ima manje od 14 godina te \u0107emo automatski odbaciti i izbrisati osobne podatke od bilo koga za kojeg u dobroj vjeri vjerujemo da ima manje od 14 godina.<\/p>\n<p>&nbsp;<\/p>\n<p><strong>Poveznice sa drugim web stranicama<\/strong><\/p>\n<p>Unceasingly Pray stranice pru\u017eaju poveznice (linkove) web stranicama tre\u0107e stranke koje bi mogli biti zanimljivi na\u0161im korisnicima. Unceasingly Pray nije operater tih drugih web stranica te nije odgovoran za pravila i prakse drugih kompanija i njihovih web stranica.<\/p>\n<p>&nbsp;<\/p>\n<p><strong>Kola\u010di\u0107i<\/strong><\/p>\n<p>Kola\u010di\u0107 je mala tekstovna datoteka (fajl) koju kreiraju web stranice i spremaju na va\u0161e ra\u010dunalo sadr\u017eavaju\u0107i podatke kao \u0161to su identifikacija korisnikovog ra\u010dunala, prilago\u0111ene postavke ili aktivnosti dok posje\u0107ujete web stranicu. Unceasingly Pray ne razotkriva tre\u0107im strankama bilo koji podatak kola\u010di\u0107a kreiranog od web stranice, osim ako se nu\u017eno treba udovoljiti bilo kojem zakonu, odredbi ili zakonskom zahtjevu. Unceasingly Pray nije odgovoran za kreiranje ili \u010duvanje bilo kojih kola\u010di\u0107a na va\u0161em ra\u010dunalu od drugih kompanija ili web stranica. Mo\u017eete odabrati da odbijete ili onesposobite kola\u010di\u0107e mijenjaju\u0107i sigurnosne postavke na va\u0161em internet pregledniku.<strong>\u00a0<\/strong><\/p>\n<p>&nbsp;<\/p>\n<p><strong>Kontaktirajte nas<\/strong><\/p>\n<p class=\"translation-block\">If you have any questions or concerns, you can contact us by emailing <a href=\"mailto:info@unceasinglypray.org\" target=\"_self\">info@unceasinglypray.org<\/a>.<\/p>","protected":false},"excerpt":{"rendered":"<p>PRIVACY POLICY Unceasingly Pray (\u201cUnceasingly Pray\u201d) is pleased to provide information to our website visitors about our online Privacy Policy. Your privacy is important to us, and our online Privacy Policy is intended to protect and secure any personally identifiable information (\u201cPersonal Information\u201d) you provide to Unceasingly Pray online when you visit and use Unceasingly&hellip;<\/p>","protected":false},"author":3,"featured_media":0,"parent":0,"menu_order":0,"comment_status":"closed","ping_status":"closed","template":"","meta":{"inline_featured_image":false,"footnotes":""},"class_list":["post-313","page","type-page","status-publish","hentry"],"yoast_head":"<!-- This site is optimized with the Yoast SEO plugin v27.4 - https:\/\/yoast.com\/product\/yoast-seo-wordpress\/ -->\n<title>Privacy Policy Temp - Unceasingly Pray<\/title>\n<meta name=\"robots\" content=\"index, follow, max-snippet:-1, max-image-preview:large, max-video-preview:-1\" \/>\n<link rel=\"canonical\" href=\"https:\/\/unceasinglypray.org\/hr\/privacy-policy-temp\/\" \/>\n<meta property=\"og:locale\" content=\"hr_HR\" \/>\n<meta property=\"og:type\" content=\"article\" \/>\n<meta property=\"og:title\" content=\"Privacy Policy Temp - Unceasingly Pray\" \/>\n<meta property=\"og:description\" content=\"PRIVACY POLICY Unceasingly Pray (\u201cUnceasingly Pray\u201d) is pleased to provide information to our website visitors about our online Privacy Policy. Your privacy is important to us, and our online Privacy Policy is intended to protect and secure any personally identifiable information (\u201cPersonal Information\u201d) you provide to Unceasingly Pray online when you visit and use Unceasingly&hellip;\" \/>\n<meta property=\"og:url\" content=\"https:\/\/unceasinglypray.org\/hr\/privacy-policy-temp\/\" \/>\n<meta property=\"og:site_name\" content=\"Unceasingly Pray\" \/>\n<meta property=\"article:modified_time\" content=\"2020-03-30T23:56:56+00:00\" \/>\n<meta name=\"twitter:card\" content=\"summary_large_image\" \/>\n<meta name=\"twitter:label1\" content=\"Procijenjeno vrijeme \u010ditanja\" \/>\n\t<meta name=\"twitter:data1\" content=\"5 minuta\" \/>\n<script type=\"application\/ld+json\" class=\"yoast-schema-graph\">{\"@context\":\"https:\\\/\\\/schema.org\",\"@graph\":[{\"@type\":\"WebPage\",\"@id\":\"https:\\\/\\\/unceasinglypray.org\\\/sk_sk\\\/privacy-policy-temp\\\/\",\"url\":\"https:\\\/\\\/unceasinglypray.org\\\/sk_sk\\\/privacy-policy-temp\\\/\",\"name\":\"Privacy Policy Temp - Unceasingly Pray\",\"isPartOf\":{\"@id\":\"https:\\\/\\\/unceasinglypray.org\\\/ar\\\/#website\"},\"datePublished\":\"2020-03-30T23:34:54+00:00\",\"dateModified\":\"2020-03-30T23:56:56+00:00\",\"breadcrumb\":{\"@id\":\"https:\\\/\\\/unceasinglypray.org\\\/sk_sk\\\/privacy-policy-temp\\\/#breadcrumb\"},\"inLanguage\":\"hr\",\"potentialAction\":[{\"@type\":\"ReadAction\",\"target\":[\"https:\\\/\\\/unceasinglypray.org\\\/sk_sk\\\/privacy-policy-temp\\\/\"]}]},{\"@type\":\"BreadcrumbList\",\"@id\":\"https:\\\/\\\/unceasinglypray.org\\\/sk_sk\\\/privacy-policy-temp\\\/#breadcrumb\",\"itemListElement\":[{\"@type\":\"ListItem\",\"position\":1,\"name\":\"Home\",\"item\":\"https:\\\/\\\/unceasinglypray.org\\\/pt\\\/\"},{\"@type\":\"ListItem\",\"position\":2,\"name\":\"Privacy Policy Temp\"}]},{\"@type\":\"WebSite\",\"@id\":\"https:\\\/\\\/unceasinglypray.org\\\/ar\\\/#website\",\"url\":\"https:\\\/\\\/unceasinglypray.org\\\/ar\\\/\",\"name\":\"Unceasingly Pray\",\"description\":\"\",\"potentialAction\":[{\"@type\":\"SearchAction\",\"target\":{\"@type\":\"EntryPoint\",\"urlTemplate\":\"https:\\\/\\\/unceasinglypray.org\\\/ar\\\/?s={search_term_string}\"},\"query-input\":{\"@type\":\"PropertyValueSpecification\",\"valueRequired\":true,\"valueName\":\"search_term_string\"}}],\"inLanguage\":\"hr\"}]}<\/script>\n<!-- \/ Yoast SEO plugin. -->","yoast_head_json":{"title":"Privacy Policy Temp - Unceasingly Pray","robots":{"index":"index","follow":"follow","max-snippet":"max-snippet:-1","max-image-preview":"max-image-preview:large","max-video-preview":"max-video-preview:-1"},"canonical":"https:\/\/unceasinglypray.org\/hr\/privacy-policy-temp\/","og_locale":"hr_HR","og_type":"article","og_title":"Privacy Policy Temp - Unceasingly Pray","og_description":"PRIVACY POLICY Unceasingly Pray (\u201cUnceasingly Pray\u201d) is pleased to provide information to our website visitors about our online Privacy Policy. Your privacy is important to us, and our online Privacy Policy is intended to protect and secure any personally identifiable information (\u201cPersonal Information\u201d) you provide to Unceasingly Pray online when you visit and use Unceasingly&hellip;","og_url":"https:\/\/unceasinglypray.org\/hr\/privacy-policy-temp\/","og_site_name":"Unceasingly Pray","article_modified_time":"2020-03-30T23:56:56+00:00","twitter_card":"summary_large_image","twitter_misc":{"Procijenjeno vrijeme \u010ditanja":"5 minuta"},"schema":{"@context":"https:\/\/schema.org","@graph":[{"@type":"WebPage","@id":"https:\/\/unceasinglypray.org\/sk_sk\/privacy-policy-temp\/","url":"https:\/\/unceasinglypray.org\/sk_sk\/privacy-policy-temp\/","name":"Privacy Policy Temp - Unceasingly Pray","isPartOf":{"@id":"https:\/\/unceasinglypray.org\/ar\/#website"},"datePublished":"2020-03-30T23:34:54+00:00","dateModified":"2020-03-30T23:56:56+00:00","breadcrumb":{"@id":"https:\/\/unceasinglypray.org\/sk_sk\/privacy-policy-temp\/#breadcrumb"},"inLanguage":"hr","potentialAction":[{"@type":"ReadAction","target":["https:\/\/unceasinglypray.org\/sk_sk\/privacy-policy-temp\/"]}]},{"@type":"BreadcrumbList","@id":"https:\/\/unceasinglypray.org\/sk_sk\/privacy-policy-temp\/#breadcrumb","itemListElement":[{"@type":"ListItem","position":1,"name":"Home","item":"https:\/\/unceasinglypray.org\/pt\/"},{"@type":"ListItem","position":2,"name":"Privacy Policy Temp"}]},{"@type":"WebSite","@id":"https:\/\/unceasinglypray.org\/ar\/#website","url":"https:\/\/unceasinglypray.org\/ar\/","name":"Unceasingly Pray","description":"","potentialAction":[{"@type":"SearchAction","target":{"@type":"EntryPoint","urlTemplate":"https:\/\/unceasinglypray.org\/ar\/?s={search_term_string}"},"query-input":{"@type":"PropertyValueSpecification","valueRequired":true,"valueName":"search_term_string"}}],"inLanguage":"hr"}]}},"_links":{"self":[{"href":"https:\/\/unceasinglypray.org\/hr\/wp-json\/wp\/v2\/pages\/313","targetHints":{"allow":["GET"]}}],"collection":[{"href":"https:\/\/unceasinglypray.org\/hr\/wp-json\/wp\/v2\/pages"}],"about":[{"href":"https:\/\/unceasinglypray.org\/hr\/wp-json\/wp\/v2\/types\/page"}],"author":[{"embeddable":true,"href":"https:\/\/unceasinglypray.org\/hr\/wp-json\/wp\/v2\/users\/3"}],"replies":[{"embeddable":true,"href":"https:\/\/unceasinglypray.org\/hr\/wp-json\/wp\/v2\/comments?post=313"}],"version-history":[{"count":0,"href":"https:\/\/unceasinglypray.org\/hr\/wp-json\/wp\/v2\/pages\/313\/revisions"}],"wp:attachment":[{"href":"https:\/\/unceasinglypray.org\/hr\/wp-json\/wp\/v2\/media?parent=313"}],"curies":[{"name":"wp","href":"https:\/\/api.w.org\/{rel}","templated":true}]}}