{"id":993,"date":"2020-05-31T19:34:28","date_gmt":"2020-05-31T19:34:28","guid":{"rendered":"https:\/\/unceasinglypray.org\/?page_id=993"},"modified":"2020-05-31T19:34:28","modified_gmt":"2020-05-31T19:34:28","slug":"letter-3","status":"publish","type":"page","link":"https:\/\/unceasinglypray.org\/fr\/letter-3\/","title":{"rendered":"Letter 3"},"content":{"rendered":"<h2>\n\t\tPERS\u00c9V\u00c9RER DANS L'INTERCESSION\n\t<\/h2>\n\t<p>le 29 avril 2020<\/p>\n\t<p>Chers saints,<\/p>\n<p>Combien nous remercions le Seigneur pour Son approvisionnement abondant envers les \u00e9glises et les saints qui a permis \u00e0 tant d\u2019interc\u00e9der comme un seul homme durant ce mois d\u2019avril. Dans l\u2019histoire de Son recouvrement, il n\u2019y a jamais eu une telle pri\u00e8re continuelle sur toute la terre. Bien que nous ressentions qu\u2019il faille mettre fin au 30 avril \u00e0 cette pri\u00e8re coordonn\u00e9e, nous esp\u00e9rons dans le Seigneur que cela ne restera pas une simple \u00ab saison \u00bb de pri\u00e8re mais, au contraire, qu\u2019Il nous soutiendra tous pour que nous continuions d\u2019avancer dans notre vie de pri\u00e8re personnelle ainsi que dans le minist\u00e8re de pri\u00e8re collectif de l\u2019\u00e9glise.<\/p>\n<p>\u00a0Nous croyons que tous les saints qui ont pris part \u00e0 ce fardeau se sont dans une certaine mesure rendu compte de la pers\u00e9v\u00e9rance qui est n\u00e9cessaire \u00e0 la pri\u00e8re d\u2019intercession (Col 4.2). Cela tient au fait que, dans la sph\u00e8re spirituelle invisible \u00e0 nos yeux, une guerre fait rage entre Dieu et Son ennemi, Satan. Bien \u00e9videmment, le dessein de Dieu finira par s\u2019accomplir. Toutefois, la rapidit\u00e9 de son ex\u00e9cution et le ressenti concernant quelle partie gagne la bataille \u00e0 un instant donn\u00e9 d\u00e9pend du degr\u00e9 auquel le peuple de Dieu coop\u00e8re pour prier. Satan sait bien cela, et il cherche ainsi par tous les moyens \u00e0 entraver notre pri\u00e8re. En fait, parce que le courant de cet \u00e2ge fait totalement obstacle \u00e0 nos pri\u00e8res, le fr\u00e8re Lee nous a dit : \u00ab Pers\u00e9v\u00e9rer dans la pri\u00e8re, c\u2019est comme ramer \u00e0 contre-courant. Si vous ne pers\u00e9v\u00e9rez pas, vous serez emport\u00e9s par le courant. Nul doute, pers\u00e9v\u00e9rer de cette mani\u00e8re, en ramant ou en priant, exige beaucoup d\u2019\u00e9nergie. \u00bb (<i>\u00c9tude de vie de Colossiens<\/i>, p. 582). Pour cette raison, il nous faut \u00eatre fortifi\u00e9s dans le Seigneur (Ep 6.10).<\/p>\n<p>\u00a0Le fr\u00e8re Lee nous a donn\u00e9 quelques conseils pratiques pour nous aider \u00e0 pers\u00e9v\u00e9rer dans la pri\u00e8re. Premi\u00e8rement, il nous a exhort\u00e9s \u00e0 avoir de profondes transactions avec le Seigneur et m\u00eame \u00e0 faire un v\u0153u devant Lui concernant notre vie de pri\u00e8re. Un tel v\u0153u exprime notre aspiration \u00e0 \u00eatre une personne de pri\u00e8re, tout en reconnaissant que nous avons besoin du Seigneur pour que nous puissions \u00eatre fid\u00e8les et accomplir notre v\u0153u. Deuxi\u00e8mement, nous devons d\u00e9dier un ou plusieurs moments pr\u00e9cis chaque jour pour la pri\u00e8re (Dn 6.10). Nous devrions croire que rien n'est plus important que la pri\u00e8re et de ce fait, nous ne devrions rien laisser usurper les moments que nous consacrons \u00e0 la pri\u00e8re ou interrompre notre pri\u00e8re. Troisi\u00e8mement, nous devons faire attention \u00e0 ce que nous disons dans notre vie quotidienne, car des paroles imprudentes \u00e9toufferont notre esprit de pri\u00e8re (Ep 4.29-30 ; voir 1 Th 5.19 et la note associ\u00e9e). Quatri\u00e8mement, nous devons utiliser notre esprit, exercer notre volont\u00e9, apaiser nos pens\u00e9es et r\u00e9guler nos \u00e9motions afin de prier correctement (Ep 6.18 ; 2 Tm 1.7 ; 1 P 4.7). Cinqui\u00e8mement, l'exp\u00e9rience nous montre que prier avec un compagnon nous aide \u00e0 d\u00e9velopper de la r\u00e9gularit\u00e9 et de la constance dans notre vie de pri\u00e8re (voir <i>\u00c9tude de vie de Colossiens<\/i>, p. 583-585, et <i>l'\u00c9tude de vie d\u2019\u00c9ph\u00e9siens<\/i>, p. , pour plus de d\u00e9tails sur ces pratiques bien utiles).<\/p>\n<p>\u00a0S'exercer \u00e0 la pri\u00e8re de cette mani\u00e8re apporte d'\u00e9normes bienfaits. Cela nous m\u00e9lange au Seigneur au point que nous devenons une reproduction de Lui comme l'Homme de pri\u00e8re (Mt 14.23 ; Mc 1.35 ; Lc 5.16). Cela nous fait placer nos pens\u00e9es sur les choses d'en haut, plut\u00f4t que sur les domaines terrestres li\u00e9s \u00e0 nos propres int\u00e9r\u00eats (Col 3.2). Cela nous permet de nous joindre au minist\u00e8re d'intercession du Christ mont\u00e9 en ascension, pour les int\u00e9r\u00eats de Dieu sur terre (Rm 8.34 ; Heb 7.25). Cette pri\u00e8re d'intercession, qui a lieu en Christ et s\u2019accomplit avec Christ comme encens, n'est pas \u00ab la pri\u00e8re que nous faisons par rapport \u00e0 nous-m\u00eames, mais une pri\u00e8re qui ex\u00e9cute l'administration divine, qui transmet l'approvisionnement de la gr\u00e2ce de Dieu, et qui interc\u00e8de en faveur des \u00e9glises et des saints. Une telle pri\u00e8re est un encens parfum\u00e9 pour Dieu : elle accomplit Son dessein, satisfait Son d\u00e9sir et r\u00e9jouit Son c\u0153ur \u00bb (Ex 30.7 et la note 1). De plus, en nous approchant du tr\u00f4ne de la gr\u00e2ce dans la pri\u00e8re, nous recevons la mis\u00e9ricorde et trouvons la gr\u00e2ce pour un secours opportun (Heb 4.16). Notre pri\u00e8re nous apportera la b\u00e9n\u00e9diction ainsi qu\u2019\u00e0 nos \u00e9glises et \u00e0 nos pays.<\/p>\n<p>\u00a0Ind\u00e9pendamment du sentiment d\u2019avoir r\u00e9ussi ou \u00e9chou\u00e9 dans notre pri\u00e8re au cours des trente derniers jours, nous devons aller de l'avant et progresser \u00e0 partir de maintenant. Nous recommandons vivement \u00e0 tous les saints de prendre les trente fardeaux de pri\u00e8re qui ont \u00e9t\u00e9 sugg\u00e9r\u00e9s sur le site <a href=\"https:\/\/unceasinglypray.org\/fr\/prayer-burdens\/\">unceasinglypray.org\/fr<span style=\"color: #000000\"><\/span><\/a> et de les pr\u00e9senter \u00e0 nouveau en pri\u00e8re durant ce mois de mai. Nous sommes convaincus que si vous priez \u00e0 nouveau ces trente \u00e9l\u00e9ments et les versets qui les accompagnent, vous percevrez que beaucoup de sujets n\u00e9cessitent encore notre intercession continue. Que le Seigneur fortifie Son recouvrement et fasse de nous Sa maison de pri\u00e8re (Mc 11.17). Louons notre Souverain Sacrificateur fid\u00e8le et mis\u00e9ricordieux, qui est \u00e9lev\u00e9 au-dessus des cieux (Heb 2.17 ; 7.26) et qui nous rend un avec Lui dans Son minist\u00e8re c\u00e9leste d'intercession (Jc 5.17 et la note associ\u00e9e).<\/p>\n<p>\u00a0Vos fr\u00e8res en Christ,<\/p>\n<p>Les collaborateurs dans le recouvrement du Seigneur<\/p>\n<p>&nbsp;<\/p>","protected":false},"excerpt":{"rendered":"<p>CONTINUING STEADFASTLY IN INTERCESSION APRIL 29, 2020 Dear saints, How we thank the Lord for His abundant supply to the churches and the saints in His recovery that has enabled so many to intercede as one man over this past month. There has never been such global, round-the-clock prayer in the history of His recovery.&hellip;<\/p>","protected":false},"author":2,"featured_media":0,"parent":0,"menu_order":0,"comment_status":"closed","ping_status":"closed","template":"","meta":{"inline_featured_image":false,"footnotes":""},"class_list":["post-993","page","type-page","status-publish","hentry"],"yoast_head":"<!-- This site is optimized with the Yoast SEO plugin v27.4 - https:\/\/yoast.com\/product\/yoast-seo-wordpress\/ -->\n<title>Letter 3 - Unceasingly Pray<\/title>\n<meta name=\"robots\" content=\"index, follow, max-snippet:-1, max-image-preview:large, max-video-preview:-1\" \/>\n<link rel=\"canonical\" href=\"https:\/\/unceasinglypray.org\/fr\/letter-3\/\" \/>\n<meta property=\"og:locale\" content=\"fr_FR\" \/>\n<meta property=\"og:type\" content=\"article\" \/>\n<meta property=\"og:title\" content=\"Letter 3 - Unceasingly Pray\" \/>\n<meta property=\"og:description\" content=\"CONTINUING STEADFASTLY IN INTERCESSION APRIL 29, 2020 Dear saints, How we thank the Lord for His abundant supply to the churches and the saints in His recovery that has enabled so many to intercede as one man over this past month. There has never been such global, round-the-clock prayer in the history of His recovery.&hellip;\" \/>\n<meta property=\"og:url\" content=\"https:\/\/unceasinglypray.org\/fr\/letter-3\/\" \/>\n<meta property=\"og:site_name\" content=\"Unceasingly Pray\" \/>\n<meta name=\"twitter:card\" content=\"summary_large_image\" \/>\n<meta name=\"twitter:label1\" content=\"Dur\u00e9e de lecture estim\u00e9e\" \/>\n\t<meta name=\"twitter:data1\" content=\"4 minutes\" \/>\n<script type=\"application\/ld+json\" class=\"yoast-schema-graph\">{\"@context\":\"https:\\\/\\\/schema.org\",\"@graph\":[{\"@type\":\"WebPage\",\"@id\":\"https:\\\/\\\/unceasinglypray.org\\\/letter-3\\\/\",\"url\":\"https:\\\/\\\/unceasinglypray.org\\\/letter-3\\\/\",\"name\":\"Letter 3 - Unceasingly Pray\",\"isPartOf\":{\"@id\":\"https:\\\/\\\/unceasinglypray.org\\\/ar\\\/#website\"},\"datePublished\":\"2020-05-31T19:34:28+00:00\",\"breadcrumb\":{\"@id\":\"https:\\\/\\\/unceasinglypray.org\\\/letter-3\\\/#breadcrumb\"},\"inLanguage\":\"fr-FR\",\"potentialAction\":[{\"@type\":\"ReadAction\",\"target\":[\"https:\\\/\\\/unceasinglypray.org\\\/letter-3\\\/\"]}]},{\"@type\":\"BreadcrumbList\",\"@id\":\"https:\\\/\\\/unceasinglypray.org\\\/letter-3\\\/#breadcrumb\",\"itemListElement\":[{\"@type\":\"ListItem\",\"position\":1,\"name\":\"Home\",\"item\":\"https:\\\/\\\/unceasinglypray.org\\\/pt\\\/\"},{\"@type\":\"ListItem\",\"position\":2,\"name\":\"Letter 3\"}]},{\"@type\":\"WebSite\",\"@id\":\"https:\\\/\\\/unceasinglypray.org\\\/ar\\\/#website\",\"url\":\"https:\\\/\\\/unceasinglypray.org\\\/ar\\\/\",\"name\":\"Unceasingly Pray\",\"description\":\"\",\"potentialAction\":[{\"@type\":\"SearchAction\",\"target\":{\"@type\":\"EntryPoint\",\"urlTemplate\":\"https:\\\/\\\/unceasinglypray.org\\\/ar\\\/?s={search_term_string}\"},\"query-input\":{\"@type\":\"PropertyValueSpecification\",\"valueRequired\":true,\"valueName\":\"search_term_string\"}}],\"inLanguage\":\"fr-FR\"}]}<\/script>\n<!-- \/ Yoast SEO plugin. -->","yoast_head_json":{"title":"Letter 3 - Unceasingly Pray","robots":{"index":"index","follow":"follow","max-snippet":"max-snippet:-1","max-image-preview":"max-image-preview:large","max-video-preview":"max-video-preview:-1"},"canonical":"https:\/\/unceasinglypray.org\/fr\/letter-3\/","og_locale":"fr_FR","og_type":"article","og_title":"Letter 3 - Unceasingly Pray","og_description":"CONTINUING STEADFASTLY IN INTERCESSION APRIL 29, 2020 Dear saints, How we thank the Lord for His abundant supply to the churches and the saints in His recovery that has enabled so many to intercede as one man over this past month. There has never been such global, round-the-clock prayer in the history of His recovery.&hellip;","og_url":"https:\/\/unceasinglypray.org\/fr\/letter-3\/","og_site_name":"Unceasingly Pray","twitter_card":"summary_large_image","twitter_misc":{"Dur\u00e9e de lecture estim\u00e9e":"4 minutes"},"schema":{"@context":"https:\/\/schema.org","@graph":[{"@type":"WebPage","@id":"https:\/\/unceasinglypray.org\/letter-3\/","url":"https:\/\/unceasinglypray.org\/letter-3\/","name":"Letter 3 - Unceasingly Pray","isPartOf":{"@id":"https:\/\/unceasinglypray.org\/ar\/#website"},"datePublished":"2020-05-31T19:34:28+00:00","breadcrumb":{"@id":"https:\/\/unceasinglypray.org\/letter-3\/#breadcrumb"},"inLanguage":"fr-FR","potentialAction":[{"@type":"ReadAction","target":["https:\/\/unceasinglypray.org\/letter-3\/"]}]},{"@type":"BreadcrumbList","@id":"https:\/\/unceasinglypray.org\/letter-3\/#breadcrumb","itemListElement":[{"@type":"ListItem","position":1,"name":"Home","item":"https:\/\/unceasinglypray.org\/pt\/"},{"@type":"ListItem","position":2,"name":"Letter 3"}]},{"@type":"WebSite","@id":"https:\/\/unceasinglypray.org\/ar\/#website","url":"https:\/\/unceasinglypray.org\/ar\/","name":"Unceasingly Pray","description":"","potentialAction":[{"@type":"SearchAction","target":{"@type":"EntryPoint","urlTemplate":"https:\/\/unceasinglypray.org\/ar\/?s={search_term_string}"},"query-input":{"@type":"PropertyValueSpecification","valueRequired":true,"valueName":"search_term_string"}}],"inLanguage":"fr-FR"}]}},"_links":{"self":[{"href":"https:\/\/unceasinglypray.org\/fr\/wp-json\/wp\/v2\/pages\/993","targetHints":{"allow":["GET"]}}],"collection":[{"href":"https:\/\/unceasinglypray.org\/fr\/wp-json\/wp\/v2\/pages"}],"about":[{"href":"https:\/\/unceasinglypray.org\/fr\/wp-json\/wp\/v2\/types\/page"}],"author":[{"embeddable":true,"href":"https:\/\/unceasinglypray.org\/fr\/wp-json\/wp\/v2\/users\/2"}],"replies":[{"embeddable":true,"href":"https:\/\/unceasinglypray.org\/fr\/wp-json\/wp\/v2\/comments?post=993"}],"version-history":[{"count":0,"href":"https:\/\/unceasinglypray.org\/fr\/wp-json\/wp\/v2\/pages\/993\/revisions"}],"wp:attachment":[{"href":"https:\/\/unceasinglypray.org\/fr\/wp-json\/wp\/v2\/media?parent=993"}],"curies":[{"name":"wp","href":"https:\/\/api.w.org\/{rel}","templated":true}]}}