{"id":791,"date":"2020-04-30T03:46:41","date_gmt":"2020-04-30T03:46:41","guid":{"rendered":"https:\/\/unceasinglypray.org\/?page_id=791"},"modified":"2020-05-08T20:52:16","modified_gmt":"2020-05-08T20:52:16","slug":"prayer-burdens-16-20","status":"publish","type":"page","link":"https:\/\/unceasinglypray.org\/fr\/prayer-burdens-16-20\/","title":{"rendered":"Prayer Burdens 16-20"},"content":{"rendered":"<p>DAY 16: PRAYER FOR THE GOD-ORDAINED WAY<\/p>\n\t<p>Ac 2.46-47 ; 1 P 4.10 ; 1 Co 14.26 ; Ep 4.12, 16<\/p>\n\t<p>Que les saints utilisent les circonstances actuelles pour d\u00e9velopper une vie d'\u00e9glise plus vitale, plus pr\u00e9valente, plus f\u00e9conde et plus conforme \u00e0 la voie prescrite par Dieu, en lib\u00e9rant la fonction organique de chaque saint (Ac 2.46-47 ; 1 P 4.10 ; 1 Co 14.26 ; Ep 4.12, 16).<\/p>\n\t<p><strong>Ac 2.46-47<\/strong>\u2014Chaque jour, ils pers\u00e9v\u00e9raient d\u2019un commun accord dans le temple, rompaient le pain de maison en maison, et prenaient leur nourriture avec exultation et simplicit\u00e9 de c\u0153ur, louant Dieu, et ayant gr\u00e2ce aupr\u00e8s de tout le peuple. Et le Seigneur incorporait chaque jour ceux qui \u00e9taient sauv\u00e9s.<\/p>\n<p><strong>1 P 4.10<\/strong>\u2014Suivant que chacun de vous a re\u00e7u quelque don, mettez-le au service des autres comme de bons \u00e9conomes de la gr\u00e2ce vari\u00e9e de Dieu.<\/p>\n<p><strong>1 Co 14.26<\/strong>\u2014Que faire donc, fr\u00e8res ? Lorsque vous vous rassemblez, chacun a-t-il un psaume, un enseignement, une r\u00e9v\u00e9lation, une langue, une interpr\u00e9tation, que tout se fasse pour l\u2019\u00e9dification.<\/p>\n<p><strong>Ep 4.12, 16<\/strong>\u2014Pour le perfectionnement des saints en vue de l\u2019\u0153uvre du minist\u00e8re, en vue de l\u2019\u00e9dification du Corps de Christ, \u2026de qui, tout le Corps, \u00e9tant reli\u00e9 et entrelac\u00e9 par chaque jointure du riche approvisionnement, et par l\u2019op\u00e9ration de chaque partie dans sa mesure, produit la croissance du Corps pour l\u2019\u00e9dification de lui-m\u00eame dans l\u2019amour.<\/p>\n\t<p><b>Minist\u00e8re : <strong>L'encens est ajout\u00e9 \u00e0 nos pri\u00e8res<\/strong><\/b><\/p>\n<p>L'Apocalypse 8 nous montre comment Dieu, dans Son administration, jugera cet \u00e2ge. Mais ce jugement attend les pri\u00e8res de ceux qui ont re\u00e7u la r\u00e9demption du sang et l'an\u00e9antissement de la croix. Ce jugement attend les pri\u00e8res de ceux qui ont \u00e9t\u00e9 ressuscit\u00e9s pour rechercher le d\u00e9sir qui est Son c\u0153ur, ceux qui se tiennent dans la position de la mort, permettant ainsi au Christ ressuscit\u00e9 de se joindre \u00e0 leurs pri\u00e8res. Ces pri\u00e8res doivent donc \u00eatre des pri\u00e8res extraordinaires, qui puissent juger et mettre fin \u00e0 cet \u00e2ge. Nous le r\u00e9p\u00e9tons, la raison pour laquelle ils sont capables de prier pour des sujets aussi \u00e9lev\u00e9s et importants est qu'ils ont \u00e9t\u00e9 an\u00e9antis par la croix et permettent ainsi au Christ ressuscit\u00e9 de s\u2019ajouter \u00e0 leurs pri\u00e8res. C'est la signification de l'encens ajout\u00e9 aux pri\u00e8res. (<em>Le\u00e7ons sur la pri\u00e8re<\/em>, p. 177)<\/p>\n<p><em>\u00a9 Living Stream Ministry. Used by permission.<\/em><\/p>\n\t<p>DAY 17: PRAYER FOR THE SAINTS TO BE LABORING PRIESTS<\/p>\n\t<p>Rm 15.16 ; 2 Tm 4.2 ; Ac 10.24<\/p>\n\t<p>Pour que tous les saints soient stimul\u00e9s en tant que sacrificateurs laborieux de l'\u00e9vangile, qui proclament la Parole en temps et hors de temps \u00e0 leurs parents, leurs amis, leurs coll\u00e8gues et aux personnes qu'ils rencontrent afin de les gagner et de les offrir \u00e0 Dieu comme une offrande sanctifi\u00e9e (Rm 15.16 ; 2 Tm 4.2 ; Ac 10.24).<\/p>\n\t<p><strong>Rm 15.16<\/strong>\u2014Pour \u00eatre un ministre de Christ J\u00e9sus pour les pa\u00efens, un sacrificateur laborieux de l\u2019\u00e9vangile de Dieu, afin que l\u2019offrande des pa\u00efens soit acceptable, \u00e9tant sanctifi\u00e9e dans le Saint-Esprit.<\/p>\n<p><strong>2 Tm. 4.2<\/strong>\u2014Proclame la parole ; sois pr\u00eat en temps et hors de temps ; convaincs, reprends, exhorte en toute longanimit\u00e9 et enseignement.<\/p>\n<p><strong>Ac 10.24<\/strong>\u2014Ils entr\u00e8rent dans C\u00e9sar\u00e9e le jour suivant. Corneille les attendait, ayant convoqu\u00e9 sa parent\u00e9 et ses amis intimes.<\/p>\n\t<p><b>Minist\u00e8re : <strong>Au nom du Seigneur J\u00e9sus - la commission re\u00e7ue de Dieu<\/strong><\/b><\/p>\n<p>L'\u00e9glise ne peut obtenir une plus grande autorit\u00e9 sur terre que celle d'agir au nom du Seigneur J\u00e9sus. Le Seigneur a confi\u00e9 Son nom \u00e0 l'\u00e9glise. C'est la plus grande commission qu\u2019il soit, puisque ce nom renvoie \u00e0 Sa personne m\u00eame. Tout ce que vous dites au nom du Seigneur J\u00e9sus devient ce qu'Il dit Lui-m\u00eame. Tout ce que vous demandez au nom du Seigneur J\u00e9sus devient ce qu'Il demande. Ce que vous d\u00e9cidez au nom du Seigneur J\u00e9sus devient ce qu'Il d\u00e9cide. L'\u00e9glise a l'autorit\u00e9 de parler au nom du Seigneur. Quelle grande chose Dieu a confi\u00e9 \u00e0 l'\u00e9glise ! (<em>Le Minist\u00e8re de pri\u00e8re de l'\u00e9glise<\/em>, p. 54-55)<\/p>\n<p><em>\u00a9 Living Stream Ministry. Used by permission.<\/em><\/p>\n\t<p>DAY 18: PRAYER TO CONTINUE STEADFASTLY<\/p>\n\t<p>Acts 2:42; Matt. 6:6; 18:19-20; Col. 4:2; 1&nbsp;Thes. 5:17<\/p>\n\t<p>For the saints to continue steadfastly in prayer and for their prayer life to be built up personally, in small groups, and in the church meetings until prayer is unceasing (Acts 2:42; Matt. 6:6; 18:19-20; Col. 4:2; 1&nbsp;Thes. 5:17).<\/p>\n\t<p><strong>Ac 2.42<\/strong>\u2014Ils pers\u00e9v\u00e9raient dans l\u2019enseignement et la communion des ap\u00f4tres, dans la fraction du pain et dans les pri\u00e8res.<\/p>\n<p><strong>Mt 6.6<\/strong>\u2014Mais toi, quand tu pries, entre dans ta pi\u00e8ce priv\u00e9e, ferme la porte, et prie ton P\u00e8re qui est dans le secret ; et ton P\u00e8re, qui voit dans le secret, te le rendra.<\/p>\n<p><strong>Mt 18.19-20<\/strong>\u2014En v\u00e9rit\u00e9 je vous dis encore que si deux d\u2019entre vous s\u2019accordent sur la terre pour demander quoi que ce soit, mon P\u00e8re qui est dans les cieux le fera pour eux. Car l\u00e0 o\u00f9 deux ou trois sont assembl\u00e9s dans mon nom, je suis l\u00e0 au milieu d\u2019eux.<\/p>\n<p><strong>Col 4.2<\/strong>\u2014Pers\u00e9v\u00e9rez dans la pri\u00e8re, veillez-y avec actions de gr\u00e2ce.<\/p>\n\t<p><b>Minist\u00e8re : <strong>La pri\u00e8re d'autorit\u00e9<\/strong><\/b><\/p>\n<p>La Bible contient une pri\u00e8re tr\u00e8s \u00e9lev\u00e9e et spirituelle, mais tr\u00e8s peu de gens la prient et peu y pr\u00eatent attention. Quelle est cette pri\u00e8re ? C'est \u00ab la pri\u00e8re d'autorit\u00e9 \u00bb. Nous savons qu'il y a la pri\u00e8re de louange, d'action de gr\u00e2ce, de p\u00e9tition ou encore d'intercession. Mais peu d'entre nous savent qu'il existe une pri\u00e8re d'autorit\u00e9. La pri\u00e8re d'autorit\u00e9 est une pri\u00e8re qui commande et qui est la plus cruciale et la plus spirituelle des pri\u00e8res de la Bible. Ce type de pri\u00e8re est un signe et une d\u00e9claration d'autorit\u00e9.<\/p>\n<p>Brothers and sisters, if you want to be a man of prayer, you have to learn to pray with authority. This kind of prayer is described by the Lord in Matthew 18:18. \u201cWhatever you bind on the earth shall have been bound in heaven, and whatever you loose on the earth shall have been loosed in heaven.\u201d In this verse, there is a prayer that is called a binding prayer and a prayer that is called a loosing prayer&#8230;Heaven listens to the earth and obeys the command of the earth. Whatever the earth binds will be bound in heaven, and whatever the earth looses will be loosed in heaven. The earth does not pray; it binds and looses. This is to pray with authority. (<em>Le Minist\u00e8re de pri\u00e8re de l'\u00e9glise<\/em>, p. 63)<\/p>\n<p><em>\u00a9 Living Stream Ministry. Used by permission.<\/em><\/p>\n\t<p>DAY 19: PRAYER FOR THE OVERCOMERS<\/p>\n\t<p>Ap 2.7, 11, 17, 26 ; 3.5, 12, 21 ; 12.5, 10-11 ; 14.1-5<\/p>\n\t<p>For the saints to be raised up and constituted as overcomers to be the Lord&#8217;s dispensational instrument to turn the age (Rev. 2:7, 11, 17, 26; 3:5, 12, 21; 12:5, 10-11; 14:1-5).<\/p>\n\t<p><strong>Ap 3.21<\/strong>\u2014Celui qui vaincra, je lui donnerai de s\u2019asseoir avec moi sur mon tr\u00f4ne, comme moi aussi j\u2019ai vaincu et me suis assis avec mon P\u00e8re sur son tr\u00f4ne.<\/p>\n<p><strong>Ap 12.5<\/strong>\u2014Elle enfanta un fils, un enfant m\u00e2le, qui doit pa\u00eetre toutes les nations avec une verge de fer ; et son enfant fut enlev\u00e9 vers Dieu et vers son tr\u00f4ne.<\/p>\n<p><strong>Ap 12.10-11<\/strong>\u2014Et j\u2019entendis dans le ciel une voix forte qui disait : Maintenant le salut est venu, et la puissance, le royaume de notre Dieu et l\u2019autorit\u00e9 de son Christ ; car il a \u00e9t\u00e9 pr\u00e9cipit\u00e9, l\u2019accusateur de nos fr\u00e8res, celui qui les accuse devant notre Dieu jour et nuit. Il l\u2019ont vaincu \u00e0 cause du sang de l\u2019agneau et \u00e0 cause de la parole de leur t\u00e9moignage, et ils n\u2019ont pas aim\u00e9 la vie de leur \u00e2me, m\u00eame jusqu\u2019\u00e0 la mort<\/p>\n\t<p><b>Minist\u00e8re : <strong>La pri\u00e8re d'autorit\u00e9<\/strong><\/b><\/p>\n<p>The Bible shows us the relationship between prayer, fasting, and authority. Prayer indicates that we seek after God, while fasting indicates that we deny our self&#8230;We have to seek God and deny the self at the same time. When our pursuit of God and our denial of self are joined and mingled together, immediately there is faith. When we have faith, we have the authority to command the demons to go away. Brothers and sisters, if we seek after God but do not deny our self, we do not have faith, and we do not have authority. But if we seek after God and deny our self, immediately we will have faith and authority and be able to utter prayers of faith and authority. Brothers and sisters, the most important prayers and the most spiritual prayers are prayers of authority. (<em>Le Minist\u00e8re de pri\u00e8re de l'\u00e9glise<\/em>, pp. 73-74)<\/p>\n<p><em>\u00a9 Living Stream Ministry. Used by permission.<\/em><\/p>\n\t<p>DAY 20: PRAYER TO BIND THE ENEMY<\/p>\n\t<p>Mc 3.27 ; 1 Jn 3.8 ; Ap 12.10-11 ; Lc 18.7<\/p>\n\t<p>Que l'ennemi, Satan, soit li\u00e9, que les \u0153uvres du diable soient d\u00e9truites, que l'accusateur des fr\u00e8res soit renvers\u00e9 et que les saints soient veng\u00e9s de leur adversaire (Mc 3.27 ; 1 Jn 3.8 ; Ap 12.10-11 ; Lc 18.7).<\/p>\n\t<p><strong>Mc 3.27<\/strong>\u2014Mais personne ne peut entrer dans la maison de l\u2019homme fort et piller enti\u00e8rement ses biens, s\u2019il n\u2019a pas d\u2019abord li\u00e9 l\u2019homme fort ; alors il pillera enti\u00e8rement sa maison.<\/p>\n<p><strong>1 Jn 3.8<\/strong>\u2014Celui qui pratique le p\u00e9ch\u00e9 est du diable, car le diable a p\u00e9ch\u00e9 d\u00e8s le commencement. C\u2019est pourquoi le Fils de Dieu a \u00e9t\u00e9 manifest\u00e9, afin de d\u00e9truire les \u0153uvres du diable.<\/p>\n<p><strong>Ap 12.10-11<\/strong>\u2014Et j\u2019entendis dans le ciel une voix forte qui disait : Maintenant le salut est venu, et la puissance, le royaume de notre Dieu et l\u2019autorit\u00e9 de son Christ ; car il a \u00e9t\u00e9 pr\u00e9cipit\u00e9, l\u2019accusateur de nos fr\u00e8res, celui qui les accuse devant notre Dieu jour et nuit. Il l\u2019ont vaincu \u00e0 cause du sang de l\u2019agneau et \u00e0 cause de la parole de leur t\u00e9moignage, et ils n\u2019ont pas aim\u00e9 la vie de leur \u00e2me, m\u00eame jusqu\u2019\u00e0 la mort<\/p>\n<p><strong>Lc 18.7<\/strong>\u2014Et Dieu ne vengera-t-il pas ses \u00e9lus, qui crient \u00e0 lui jour et nuit, tout en \u00e9tant longanime \u00e0 leur \u00e9gard ?<\/p>\n\t<p><b>Minist\u00e8re : <strong>Une pleine provision pour notre pri\u00e8re<\/strong><\/b><\/p>\n<p>Nos faiblesses se manifestent davantage dans nos pri\u00e8res. Aucune autre activit\u00e9 n'expose autant nos faiblesses spirituelles que la pri\u00e8re. Nous savons combien il \u00e9tait difficile pour les disciples de prier dans le jardin de Geths\u00e9mani ; ils ne pouvaient ni veiller ni prier. Mais nous remercions le Seigneur que nous ayons l'Esprit puissant pour nous aider. Nous devons faire confiance \u00e0 l'Esprit qui nous habite en comptant sur Lui pour op\u00e9rer en nous selon Sa puissance, car Il est notre aide lorsque nous sommes faibles et insens\u00e9s. M\u00eame si nous ne savons pas comment prier, le Saint-Esprit, qui conna\u00eet la volont\u00e9 de Dieu, est en nous et Il nous apprendra \u00e0 prier selon cette volont\u00e9. Il nous apprendra \u00e0 \u00eatre en communion avec Dieu intelligemment et nous introduira dans la r\u00e9alit\u00e9 de la communion. Nous devons faire confiance au Christ en qui nous croyons et \u00e0 l'Esprit qui nous soutient et nous aide \u00e0 prier (<em>The Collected Works of Watchman Nee, vol. 38<\/em>, p. 460-461)<\/p>\n<p><em>\u00a9 Living Stream Ministry. Used by permission.<\/em><\/p>\n\t\t<h3><\/h3>\n\t\t<p>Priez sans cesse<\/p>\n\t\t\t<a href=\"https:\/\/unceasinglypray.org\/fr\/sign-up\/\" target=\"_self\" role=\"button\" rel=\"noopener noreferrer\">\n\t\t\t\t\t\t\tCHOISIR UN CR\u00c9NEAU\n\t\t\t\t\t<\/a>","protected":false},"excerpt":{"rendered":"<p>DAY 16: PRAYER FOR THE GOD-ORDAINED WAY Acts 2:46-47; 1 Pet. 4:10; 1 Cor. 14:26; Eph. 4:12, 16 For the saints to use the present circumstances to cultivate a church life that is more vital, more prevailing, more fruitful, and more according to the God-ordained way through the release of the organic function of every&hellip;<\/p>","protected":false},"author":2,"featured_media":0,"parent":0,"menu_order":0,"comment_status":"closed","ping_status":"closed","template":"","meta":{"inline_featured_image":false,"footnotes":""},"class_list":["post-791","page","type-page","status-publish","hentry"],"yoast_head":"<!-- This site is optimized with the Yoast SEO plugin v27.5 - https:\/\/yoast.com\/product\/yoast-seo-wordpress\/ -->\n<title>Prayer Burdens 16-20 - Unceasingly Pray<\/title>\n<meta name=\"robots\" content=\"index, follow, max-snippet:-1, max-image-preview:large, max-video-preview:-1\" \/>\n<link rel=\"canonical\" href=\"https:\/\/unceasinglypray.org\/fr\/prayer-burdens-16-20\/\" \/>\n<meta property=\"og:locale\" content=\"fr_FR\" \/>\n<meta property=\"og:type\" content=\"article\" \/>\n<meta property=\"og:title\" content=\"Prayer Burdens 16-20 - Unceasingly Pray\" \/>\n<meta property=\"og:description\" content=\"DAY 16: PRAYER FOR THE GOD-ORDAINED WAY Acts 2:46-47; 1 Pet. 4:10; 1 Cor. 14:26; Eph. 4:12, 16 For the saints to use the present circumstances to cultivate a church life that is more vital, more prevailing, more fruitful, and more according to the God-ordained way through the release of the organic function of every&hellip;\" \/>\n<meta property=\"og:url\" content=\"https:\/\/unceasinglypray.org\/fr\/prayer-burdens-16-20\/\" \/>\n<meta property=\"og:site_name\" content=\"Unceasingly Pray\" \/>\n<meta property=\"article:modified_time\" content=\"2020-05-08T20:52:16+00:00\" \/>\n<meta name=\"twitter:card\" content=\"summary_large_image\" \/>\n<meta name=\"twitter:label1\" content=\"Dur\u00e9e de lecture estim\u00e9e\" \/>\n\t<meta name=\"twitter:data1\" content=\"9 minutes\" \/>\n<script type=\"application\/ld+json\" class=\"yoast-schema-graph\">{\"@context\":\"https:\\\/\\\/schema.org\",\"@graph\":[{\"@type\":\"WebPage\",\"@id\":\"https:\\\/\\\/unceasinglypray.org\\\/ar\\\/prayer-burdens-16-20\\\/\",\"url\":\"https:\\\/\\\/unceasinglypray.org\\\/ar\\\/prayer-burdens-16-20\\\/\",\"name\":\"Prayer Burdens 16-20 - Unceasingly Pray\",\"isPartOf\":{\"@id\":\"https:\\\/\\\/unceasinglypray.org\\\/ar\\\/#website\"},\"datePublished\":\"2020-04-30T03:46:41+00:00\",\"dateModified\":\"2020-05-08T20:52:16+00:00\",\"breadcrumb\":{\"@id\":\"https:\\\/\\\/unceasinglypray.org\\\/ar\\\/prayer-burdens-16-20\\\/#breadcrumb\"},\"inLanguage\":\"fr-FR\",\"potentialAction\":[{\"@type\":\"ReadAction\",\"target\":[\"https:\\\/\\\/unceasinglypray.org\\\/ar\\\/prayer-burdens-16-20\\\/\"]}]},{\"@type\":\"BreadcrumbList\",\"@id\":\"https:\\\/\\\/unceasinglypray.org\\\/ar\\\/prayer-burdens-16-20\\\/#breadcrumb\",\"itemListElement\":[{\"@type\":\"ListItem\",\"position\":1,\"name\":\"Home\",\"item\":\"https:\\\/\\\/unceasinglypray.org\\\/pt\\\/\"},{\"@type\":\"ListItem\",\"position\":2,\"name\":\"Prayer Burdens 16-20\"}]},{\"@type\":\"WebSite\",\"@id\":\"https:\\\/\\\/unceasinglypray.org\\\/ar\\\/#website\",\"url\":\"https:\\\/\\\/unceasinglypray.org\\\/ar\\\/\",\"name\":\"Unceasingly Pray\",\"description\":\"\",\"potentialAction\":[{\"@type\":\"SearchAction\",\"target\":{\"@type\":\"EntryPoint\",\"urlTemplate\":\"https:\\\/\\\/unceasinglypray.org\\\/ar\\\/?s={search_term_string}\"},\"query-input\":{\"@type\":\"PropertyValueSpecification\",\"valueRequired\":true,\"valueName\":\"search_term_string\"}}],\"inLanguage\":\"fr-FR\"}]}<\/script>\n<!-- \/ Yoast SEO plugin. -->","yoast_head_json":{"title":"Prayer Burdens 16-20 - Unceasingly Pray","robots":{"index":"index","follow":"follow","max-snippet":"max-snippet:-1","max-image-preview":"max-image-preview:large","max-video-preview":"max-video-preview:-1"},"canonical":"https:\/\/unceasinglypray.org\/fr\/prayer-burdens-16-20\/","og_locale":"fr_FR","og_type":"article","og_title":"Prayer Burdens 16-20 - Unceasingly Pray","og_description":"DAY 16: PRAYER FOR THE GOD-ORDAINED WAY Acts 2:46-47; 1 Pet. 4:10; 1 Cor. 14:26; Eph. 4:12, 16 For the saints to use the present circumstances to cultivate a church life that is more vital, more prevailing, more fruitful, and more according to the God-ordained way through the release of the organic function of every&hellip;","og_url":"https:\/\/unceasinglypray.org\/fr\/prayer-burdens-16-20\/","og_site_name":"Unceasingly Pray","article_modified_time":"2020-05-08T20:52:16+00:00","twitter_card":"summary_large_image","twitter_misc":{"Dur\u00e9e de lecture estim\u00e9e":"9 minutes"},"schema":{"@context":"https:\/\/schema.org","@graph":[{"@type":"WebPage","@id":"https:\/\/unceasinglypray.org\/ar\/prayer-burdens-16-20\/","url":"https:\/\/unceasinglypray.org\/ar\/prayer-burdens-16-20\/","name":"Prayer Burdens 16-20 - Unceasingly Pray","isPartOf":{"@id":"https:\/\/unceasinglypray.org\/ar\/#website"},"datePublished":"2020-04-30T03:46:41+00:00","dateModified":"2020-05-08T20:52:16+00:00","breadcrumb":{"@id":"https:\/\/unceasinglypray.org\/ar\/prayer-burdens-16-20\/#breadcrumb"},"inLanguage":"fr-FR","potentialAction":[{"@type":"ReadAction","target":["https:\/\/unceasinglypray.org\/ar\/prayer-burdens-16-20\/"]}]},{"@type":"BreadcrumbList","@id":"https:\/\/unceasinglypray.org\/ar\/prayer-burdens-16-20\/#breadcrumb","itemListElement":[{"@type":"ListItem","position":1,"name":"Home","item":"https:\/\/unceasinglypray.org\/pt\/"},{"@type":"ListItem","position":2,"name":"Prayer Burdens 16-20"}]},{"@type":"WebSite","@id":"https:\/\/unceasinglypray.org\/ar\/#website","url":"https:\/\/unceasinglypray.org\/ar\/","name":"Unceasingly Pray","description":"","potentialAction":[{"@type":"SearchAction","target":{"@type":"EntryPoint","urlTemplate":"https:\/\/unceasinglypray.org\/ar\/?s={search_term_string}"},"query-input":{"@type":"PropertyValueSpecification","valueRequired":true,"valueName":"search_term_string"}}],"inLanguage":"fr-FR"}]}},"_links":{"self":[{"href":"https:\/\/unceasinglypray.org\/fr\/wp-json\/wp\/v2\/pages\/791","targetHints":{"allow":["GET"]}}],"collection":[{"href":"https:\/\/unceasinglypray.org\/fr\/wp-json\/wp\/v2\/pages"}],"about":[{"href":"https:\/\/unceasinglypray.org\/fr\/wp-json\/wp\/v2\/types\/page"}],"author":[{"embeddable":true,"href":"https:\/\/unceasinglypray.org\/fr\/wp-json\/wp\/v2\/users\/2"}],"replies":[{"embeddable":true,"href":"https:\/\/unceasinglypray.org\/fr\/wp-json\/wp\/v2\/comments?post=791"}],"version-history":[{"count":0,"href":"https:\/\/unceasinglypray.org\/fr\/wp-json\/wp\/v2\/pages\/791\/revisions"}],"wp:attachment":[{"href":"https:\/\/unceasinglypray.org\/fr\/wp-json\/wp\/v2\/media?parent=791"}],"curies":[{"name":"wp","href":"https:\/\/api.w.org\/{rel}","templated":true}]}}