{"id":778,"date":"2020-04-29T19:42:00","date_gmt":"2020-04-29T19:42:00","guid":{"rendered":"https:\/\/unceasinglypray.org\/?page_id=778"},"modified":"2020-04-29T22:46:57","modified_gmt":"2020-04-29T22:46:57","slug":"letter-2","status":"publish","type":"page","link":"https:\/\/unceasinglypray.org\/fr\/letter-2\/","title":{"rendered":"Letter 2"},"content":{"rendered":"<h2>\n\t\tPERS\u00c9V\u00c9RER DANS LA PRI\u00c8RE\n\t<\/h2>\n\t<p>LE 16 AVRIL 2020<\/p>\n\t<p><img \/>Chers saints,<\/p>\n<p class=\"translation-block\">Nous sommes en adoration devant le Seigneur en voyant \u00e0 quel point vous avez \u00e9t\u00e9 nombreux \u00e0 recevoir le fardeau actuel de la part du Seigneur de participer \u00e0 21 jours de pri\u00e8re. Jamais auparavant n\u2019y a-t-il eu un si grand nombre de saints sur toute la terre unis pour prier avec autant de constance dans le commun accord et comme un seul homme. Nous avons l\u2019assurance que notre Seigneur en ascension entend les pri\u00e8res de l\u2019\u00e9glise et que celles-ci contribueront \u00e0 l\u2019accomplissement de ce qu\u2019Il d\u00e9sire. Apr\u00e8s avoir examin\u00e9 davantage la situation pr\u00e9sente et avoir eu beaucoup de communion, nous avons d\u00e9cid\u00e9 de demander aux saints de <strong>pers\u00e9v\u00e9rer dans la pri\u00e8re 9 jours de plus<\/strong>, c\u2019est-\u00e0-dire, jusqu\u2019au 30 avril.<\/p>\n&nbsp;<br \/>\nNous esp\u00e9rons que ce mois de pri\u00e8re ne sera pas juste un \u00e9v\u00e9nement \u00e9ph\u00e9m\u00e8re, mais qu\u2019il permettra bien au contraire de fortifier \u00e9norm\u00e9ment notre vie de pri\u00e8re personnelle ainsi que le minist\u00e8re de pri\u00e8re collectif de l\u2019\u00e9glise. La pri\u00e8re est vraiment notre plus grande \u0153uvre aux yeux du Seigneur. Elle est \u00e9galement la pire des menaces contre l\u2019ennemi de Dieu. C\u2019est pourquoi Satan s\u2019\u00e9vertue \u00e0 affaiblir notre vie de pri\u00e8re et le minist\u00e8re de pri\u00e8re de l\u2019\u00e9glise. Sachant cela, l\u2019ap\u00f4tre Paul associa \u00e0 la pri\u00e8re la pers\u00e9v\u00e9rance (Rm 12.12 ; Ep 6.18 ; Col 4.2 ; <i>cf<\/i> 1 Th 5.17). Lorsque nous faisons face \u00e0 des obstacles, la constance et la persistance sont essentielles pour b\u00e2tir une vie et un minist\u00e8re de pri\u00e8re. Cela n\u2019est pas seulement l\u2019enseignement des ap\u00f4tres, car c\u2019est \u00e9galement illustr\u00e9 maintes fois dans la Parole de Dieu.<br \/>\n&nbsp;<br \/>\nAlors que Josu\u00e9 menait les Isra\u00eblites dans la bataille contre Amalec, Mo\u00efse, lui, se tenait sur le sommet d\u2019une colline, son b\u00e2ton \u00e0 la main (Ex 17.9-10). Le verset 11 d\u00e9clare : \u00ab Lorsque Mo\u00efse \u00e9levait la main, Isra\u00ebl \u00e9tait le plus fort ; et lorsqu\u2019il reposait la main, Amalec \u00e9tait le plus fort. \u00bb Mo\u00efse qui \u00e9levait sa main au sommet de la colline typifie le Christ en ascension qui interc\u00e8de dans les cieux (Rm 8.34b ; He 7.25 ; <i>cf<\/i> 1 Tm 2.8). Josu\u00e9, quant \u00e0 lui, typifie Christ comme l\u2019Esprit qui demeure dans les croyants et combat contre la chair, repr\u00e9sent\u00e9e par Amalec (Rm 8.9-11 ; Ga 5.16-17). Cela veut dire que la victoire dans le combat spirituel d\u00e9pend largement de l\u2019intercession de Christ. Toutefois, le verset 12 nous dit que les mains de Mo\u00efse devinrent lourdes et eurent besoin d\u2019\u00eatre soutenues. Mo\u00efse, par le fait que ces mains s\u2019alourdirent, ne repr\u00e9sente pas Christ, mais il nous repr\u00e9sente, montrant que pendant que Christ prie dans les cieux, nous devons \u00e9galement prier sur la terre (1 Tm 2.8). Une pierre, qui typifie Christ comme notre force et notre constance dans la pri\u00e8re, fut apport\u00e9e afin que Mo\u00efse puisse s\u2019asseoir dessus. De plus, Mo\u00efse re\u00e7ut de l\u2019aide, avec Aaron d\u2019un c\u00f4t\u00e9 et Hour de l\u2019autre, tous deux repr\u00e9sentant respectivement le sacerdoce et la royaut\u00e9. Cela implique que pour pers\u00e9v\u00e9rer dans les pri\u00e8res d\u2019intercession pour le combat spirituel, nous devons \u00eatre des sacrificateurs exerc\u00e9s \u00e0 prier dans notre esprit, le Saint des saints d\u2019aujourd\u2019hui, et devons aussi \u00eatre compl\u00e8tement soumis \u00e0 l\u2019autorit\u00e9 du Seigneur.<br \/>\n&nbsp;<br \/>\nDaniel was a person who, knowing the promise of God regarding Israel\u2019s return from captivity (Jer. 29:10), persevered in prayer for the Lord\u2019s desire (Dan. 9:2-3). He had the habit of praying three times daily (6:10) and would not let anything frustrate his prayer, not even the threat of death (vv. 7-9). Daniel was thus a channel of prayer the Lord could use to carry out His desire. Regarding Daniel chapter 6, Brother Lee said, \u201cGod desires to carry out His economy, but man is needed to pray for His economy on earth. God carries out His economy on the earth through His faithful channels of prayer. Satan&#8217;s strategy is to frustrate the prayer which is for God&#8217;s move&#8230;There is no other way to bring God\u2019s economy into fullness and into fulfillment except by prayer\u201d (Life-study of Daniel, p. 45). Daniel\u2019s cooperation with the Lord in prayer afforded the Lord a way to take a great step in His move.<br \/>\n&nbsp;<br \/>\nLe Seigneur aujourd\u2019hui recherche des pri\u00e8res \u00e0 valeur dispensationnelle, des pri\u00e8res qui font \u00e9cho au d\u00e9sir qui est dans le c\u0153ur de Dieu, des pri\u00e8res pour la progression de l\u2019avance de Dieu, des pri\u00e8res pour la pr\u00e9paration de la mari\u00e9e, des pri\u00e8res pour produire les vainqueurs qui viendront composer l\u2019arm\u00e9e de Dieu, des pri\u00e8res qui d\u00e9font l\u2019ennemi, des pri\u00e8res qui changent l\u2019\u00e2ge. Les pri\u00e8res des saints et de l\u2019\u00e9glise sont un facteur d\u00e9terminant pour le passage dispensationnel de l\u2019\u00e2ge pr\u00e9sent vers celui du royaume (Lc 18.1-8 ; Ap 6.9-10 ; 8.3-5). Afin de pers\u00e9v\u00e9rer dans de telles pri\u00e8res, nous avons assur\u00e9ment besoin d\u2019\u00eatre fortifi\u00e9s par le Seigneur (Ep 6.10).<br \/>\n&nbsp;<br \/>\nChers saints, le Seigneur veut susciter un sacerdoce royal qui se joindra \u00e0 Lui, l\u2019Intercesseur en ascension, dans Son minist\u00e8re c\u00e9leste d\u2019intercession. Ayant conscience de cela, nous vous exhortons \u00e0 poursuivre ensemble la pri\u00e8re mondiale 24h sur 24h, jusqu\u2019\u00e0 la fin de ce mois d\u2019avril, et nous vous encourageons \u00e0 inviter d\u2019autres saints \u00e0 y participer (sur <a href=\"https:\/\/unceasinglypray.org\/fr\/sign-up\/\">unceasinglypray.org\/fr<span style=\"color: #000000\"><\/span><\/a> Que le Seigneur fasse ce qu\u2019Il d\u00e9sire en nous et que nos pri\u00e8res ouvrent la voie afin qu\u2019Il puisse accomplir sur la terre tout ce qui est dans Son c\u0153ur.<br \/>\n&nbsp;<br \/>\nVos fr\u00e8res en Christ,<br \/>\nLes collaborateurs dans le recouvrement du Seigneur\n<p><img alt=\"\" width=\"25650\" height=\"150\" \/><\/p>","protected":false},"excerpt":{"rendered":"<p>PERSEVERING IN PRAYER APRIL 16, 2020 Dear saints, We worship the Lord that He has stirred up so many of you to participate in the present burden for twenty-one days of prayer. Never before have so many across the entire globe joined together in one accord to pray as one man in such a sustained&hellip;<\/p>","protected":false},"author":1,"featured_media":0,"parent":0,"menu_order":0,"comment_status":"closed","ping_status":"closed","template":"","meta":{"inline_featured_image":false,"footnotes":""},"class_list":["post-778","page","type-page","status-publish","hentry"],"yoast_head":"<!-- This site is optimized with the Yoast SEO plugin v27.4 - https:\/\/yoast.com\/product\/yoast-seo-wordpress\/ -->\n<title>Letter 2 - Unceasingly Pray<\/title>\n<meta name=\"robots\" content=\"index, follow, max-snippet:-1, max-image-preview:large, max-video-preview:-1\" \/>\n<link rel=\"canonical\" href=\"https:\/\/unceasinglypray.org\/fr\/letter-2\/\" \/>\n<meta property=\"og:locale\" content=\"fr_FR\" \/>\n<meta property=\"og:type\" content=\"article\" \/>\n<meta property=\"og:title\" content=\"Letter 2 - Unceasingly Pray\" \/>\n<meta property=\"og:description\" content=\"PERSEVERING IN PRAYER APRIL 16, 2020 Dear saints, We worship the Lord that He has stirred up so many of you to participate in the present burden for twenty-one days of prayer. Never before have so many across the entire globe joined together in one accord to pray as one man in such a sustained&hellip;\" \/>\n<meta property=\"og:url\" content=\"https:\/\/unceasinglypray.org\/fr\/letter-2\/\" \/>\n<meta property=\"og:site_name\" content=\"Unceasingly Pray\" \/>\n<meta property=\"article:modified_time\" content=\"2020-04-29T22:46:57+00:00\" \/>\n<meta name=\"twitter:card\" content=\"summary_large_image\" \/>\n<meta name=\"twitter:label1\" content=\"Dur\u00e9e de lecture estim\u00e9e\" \/>\n\t<meta name=\"twitter:data1\" content=\"4 minutes\" \/>\n<script type=\"application\/ld+json\" class=\"yoast-schema-graph\">{\"@context\":\"https:\\\/\\\/schema.org\",\"@graph\":[{\"@type\":\"WebPage\",\"@id\":\"https:\\\/\\\/unceasinglypray.org\\\/sk_sk\\\/letter-2\\\/\",\"url\":\"https:\\\/\\\/unceasinglypray.org\\\/sk_sk\\\/letter-2\\\/\",\"name\":\"Letter 2 - Unceasingly Pray\",\"isPartOf\":{\"@id\":\"https:\\\/\\\/unceasinglypray.org\\\/ar\\\/#website\"},\"datePublished\":\"2020-04-29T19:42:00+00:00\",\"dateModified\":\"2020-04-29T22:46:57+00:00\",\"breadcrumb\":{\"@id\":\"https:\\\/\\\/unceasinglypray.org\\\/sk_sk\\\/letter-2\\\/#breadcrumb\"},\"inLanguage\":\"fr-FR\",\"potentialAction\":[{\"@type\":\"ReadAction\",\"target\":[\"https:\\\/\\\/unceasinglypray.org\\\/sk_sk\\\/letter-2\\\/\"]}]},{\"@type\":\"BreadcrumbList\",\"@id\":\"https:\\\/\\\/unceasinglypray.org\\\/sk_sk\\\/letter-2\\\/#breadcrumb\",\"itemListElement\":[{\"@type\":\"ListItem\",\"position\":1,\"name\":\"Home\",\"item\":\"https:\\\/\\\/unceasinglypray.org\\\/pt\\\/\"},{\"@type\":\"ListItem\",\"position\":2,\"name\":\"Letter 2\"}]},{\"@type\":\"WebSite\",\"@id\":\"https:\\\/\\\/unceasinglypray.org\\\/ar\\\/#website\",\"url\":\"https:\\\/\\\/unceasinglypray.org\\\/ar\\\/\",\"name\":\"Unceasingly Pray\",\"description\":\"\",\"potentialAction\":[{\"@type\":\"SearchAction\",\"target\":{\"@type\":\"EntryPoint\",\"urlTemplate\":\"https:\\\/\\\/unceasinglypray.org\\\/ar\\\/?s={search_term_string}\"},\"query-input\":{\"@type\":\"PropertyValueSpecification\",\"valueRequired\":true,\"valueName\":\"search_term_string\"}}],\"inLanguage\":\"fr-FR\"}]}<\/script>\n<!-- \/ Yoast SEO plugin. -->","yoast_head_json":{"title":"Letter 2 - Unceasingly Pray","robots":{"index":"index","follow":"follow","max-snippet":"max-snippet:-1","max-image-preview":"max-image-preview:large","max-video-preview":"max-video-preview:-1"},"canonical":"https:\/\/unceasinglypray.org\/fr\/letter-2\/","og_locale":"fr_FR","og_type":"article","og_title":"Letter 2 - Unceasingly Pray","og_description":"PERSEVERING IN PRAYER APRIL 16, 2020 Dear saints, We worship the Lord that He has stirred up so many of you to participate in the present burden for twenty-one days of prayer. Never before have so many across the entire globe joined together in one accord to pray as one man in such a sustained&hellip;","og_url":"https:\/\/unceasinglypray.org\/fr\/letter-2\/","og_site_name":"Unceasingly Pray","article_modified_time":"2020-04-29T22:46:57+00:00","twitter_card":"summary_large_image","twitter_misc":{"Dur\u00e9e de lecture estim\u00e9e":"4 minutes"},"schema":{"@context":"https:\/\/schema.org","@graph":[{"@type":"WebPage","@id":"https:\/\/unceasinglypray.org\/sk_sk\/letter-2\/","url":"https:\/\/unceasinglypray.org\/sk_sk\/letter-2\/","name":"Letter 2 - Unceasingly Pray","isPartOf":{"@id":"https:\/\/unceasinglypray.org\/ar\/#website"},"datePublished":"2020-04-29T19:42:00+00:00","dateModified":"2020-04-29T22:46:57+00:00","breadcrumb":{"@id":"https:\/\/unceasinglypray.org\/sk_sk\/letter-2\/#breadcrumb"},"inLanguage":"fr-FR","potentialAction":[{"@type":"ReadAction","target":["https:\/\/unceasinglypray.org\/sk_sk\/letter-2\/"]}]},{"@type":"BreadcrumbList","@id":"https:\/\/unceasinglypray.org\/sk_sk\/letter-2\/#breadcrumb","itemListElement":[{"@type":"ListItem","position":1,"name":"Home","item":"https:\/\/unceasinglypray.org\/pt\/"},{"@type":"ListItem","position":2,"name":"Letter 2"}]},{"@type":"WebSite","@id":"https:\/\/unceasinglypray.org\/ar\/#website","url":"https:\/\/unceasinglypray.org\/ar\/","name":"Unceasingly Pray","description":"","potentialAction":[{"@type":"SearchAction","target":{"@type":"EntryPoint","urlTemplate":"https:\/\/unceasinglypray.org\/ar\/?s={search_term_string}"},"query-input":{"@type":"PropertyValueSpecification","valueRequired":true,"valueName":"search_term_string"}}],"inLanguage":"fr-FR"}]}},"_links":{"self":[{"href":"https:\/\/unceasinglypray.org\/fr\/wp-json\/wp\/v2\/pages\/778","targetHints":{"allow":["GET"]}}],"collection":[{"href":"https:\/\/unceasinglypray.org\/fr\/wp-json\/wp\/v2\/pages"}],"about":[{"href":"https:\/\/unceasinglypray.org\/fr\/wp-json\/wp\/v2\/types\/page"}],"author":[{"embeddable":true,"href":"https:\/\/unceasinglypray.org\/fr\/wp-json\/wp\/v2\/users\/1"}],"replies":[{"embeddable":true,"href":"https:\/\/unceasinglypray.org\/fr\/wp-json\/wp\/v2\/comments?post=778"}],"version-history":[{"count":0,"href":"https:\/\/unceasinglypray.org\/fr\/wp-json\/wp\/v2\/pages\/778\/revisions"}],"wp:attachment":[{"href":"https:\/\/unceasinglypray.org\/fr\/wp-json\/wp\/v2\/media?parent=778"}],"curies":[{"name":"wp","href":"https:\/\/api.w.org\/{rel}","templated":true}]}}