{"id":750,"date":"2020-04-21T17:29:53","date_gmt":"2020-04-21T17:29:53","guid":{"rendered":"https:\/\/unceasinglypray.org\/?page_id=750"},"modified":"2020-06-11T15:11:41","modified_gmt":"2020-06-11T15:11:41","slug":"day-25","status":"publish","type":"page","link":"https:\/\/unceasinglypray.org\/fr\/day-25\/","title":{"rendered":"Day 25"},"content":{"rendered":"<p><a href=\"https:\/\/unceasinglypray.org\/fr\/day-25\/\">DAY 25: PRAYER TO HAVE A HIDDEN LIFE WITH THE FATHER<\/a><\/p>\n\t<p>Mt 6.1-6 ; Col 3.3<\/p>\n\t<p>Pour que les saints, qui sont le peuple du royaume et les enfants du P\u00e8re c\u00e9leste, aient une vie spirituelle qui corresponde \u00e0 la nature myst\u00e9rieuse et cach\u00e9e de la vie divine, priant leur P\u00e8re dans le secret, faisant l\u2019exp\u00e9rience d\u2019une r\u00e9jouissance secr\u00e8te du P\u00e8re, et recevant de Sa part des r\u00e9ponses dans le secret (Mt 6.1-6 ; Col 3.3).<\/p>\n\t<p><strong>Mt 6.1-6<\/strong>\u2014Mais gardez-vous de pratiquer votre justice devant les hommes, pour \u00eatre vus par eux ; autrement, vous n\u2019aurez pas de r\u00e9compense aupr\u00e8s de votre P\u00e8re qui est dans les cieux. Donc, lorsque tu fais l\u2019aum\u00f4ne, ne sonne pas de la trompette devant toi, comme font les hypocrites dans les synagogues et dans les rues, afin d\u2019\u00eatre glorifi\u00e9s par les hommes. Je vous le dis en v\u00e9rit\u00e9, ils ont leur pleine r\u00e9compense. Mais toi, quand tu fais l\u2019aum\u00f4ne, que ta main gauche ne sache pas ce que fait ta droite, afin que ton aum\u00f4ne soit faite en secret ; et ton P\u00e8re qui voit dans le secret, te le rendra. Et lorsque vous priez, ne soyez pas comme les hypocrites ; car ils aiment \u00e0 prier debout dans les synagogues et aux coins des rues, pour \u00eatre vus des hommes. Je vous le dis en v\u00e9rit\u00e9, ils ont leur plein r\u00e9compense. Mais toi, quand tu pries, entre dans ta pi\u00e8ce priv\u00e9e, ferme la porte, et prie ton P\u00e8re qui est dans le secret ; et ton P\u00e8re, qui voit dans le secret, te le rendra.<\/p>\n<p><strong>Co 3.3<\/strong>\u2014car vous \u00eates morts, et votre vie est cach\u00e9e avec Christ en Dieu.<\/p>\n\t\t<h3><\/h3>\n\t\t<p>Priez sans cesse<\/p>\n\t\t\t<a href=\"https:\/\/unceasinglypray.org\/fr\/sign-up\/\" target=\"_self\" role=\"button\" rel=\"noopener noreferrer\">\n\t\t\t\t\t\t\tCHOISIR UN CR\u00c9NEAU\n\t\t\t\t\t<\/a>","protected":false},"excerpt":{"rendered":"<p>DAY 25: PRAYER TO HAVE A HIDDEN LIFE WITH THE FATHER Matt. 6:1-6; Col. 3:3 Pray for the saints, as kingdom people, children of the heavenly Father, to have a spiritual life that corresponds with the mysterious, hidden nature of the divine life, praying to their heavenly Father in secret, experiencing some secret enjoyment of&hellip;<\/p>","protected":false},"author":2,"featured_media":0,"parent":0,"menu_order":0,"comment_status":"closed","ping_status":"closed","template":"","meta":{"inline_featured_image":false,"footnotes":""},"class_list":["post-750","page","type-page","status-publish","hentry"],"yoast_head":"<!-- This site is optimized with the Yoast SEO plugin v27.4 - https:\/\/yoast.com\/product\/yoast-seo-wordpress\/ -->\n<title>Day 25 - Unceasingly Pray<\/title>\n<meta name=\"robots\" content=\"index, follow, max-snippet:-1, max-image-preview:large, max-video-preview:-1\" \/>\n<link rel=\"canonical\" href=\"https:\/\/unceasinglypray.org\/fr\/day-25\/\" \/>\n<meta property=\"og:locale\" content=\"fr_FR\" \/>\n<meta property=\"og:type\" content=\"article\" \/>\n<meta property=\"og:title\" content=\"Day 25 - Unceasingly Pray\" \/>\n<meta property=\"og:description\" content=\"DAY 25: PRAYER TO HAVE A HIDDEN LIFE WITH THE FATHER Matt. 6:1-6; Col. 3:3 Pray for the saints, as kingdom people, children of the heavenly Father, to have a spiritual life that corresponds with the mysterious, hidden nature of the divine life, praying to their heavenly Father in secret, experiencing some secret enjoyment of&hellip;\" \/>\n<meta property=\"og:url\" content=\"https:\/\/unceasinglypray.org\/fr\/day-25\/\" \/>\n<meta property=\"og:site_name\" content=\"Unceasingly Pray\" \/>\n<meta property=\"article:modified_time\" content=\"2020-06-11T15:11:41+00:00\" \/>\n<meta name=\"twitter:card\" content=\"summary_large_image\" \/>\n<meta name=\"twitter:label1\" content=\"Dur\u00e9e de lecture estim\u00e9e\" \/>\n\t<meta name=\"twitter:data1\" content=\"1 minute\" \/>\n<script type=\"application\/ld+json\" class=\"yoast-schema-graph\">{\"@context\":\"https:\\\/\\\/schema.org\",\"@graph\":[{\"@type\":\"WebPage\",\"@id\":\"https:\\\/\\\/unceasinglypray.org\\\/day-25\\\/\",\"url\":\"https:\\\/\\\/unceasinglypray.org\\\/day-25\\\/\",\"name\":\"Day 25 - Unceasingly Pray\",\"isPartOf\":{\"@id\":\"https:\\\/\\\/unceasinglypray.org\\\/ar\\\/#website\"},\"datePublished\":\"2020-04-21T17:29:53+00:00\",\"dateModified\":\"2020-06-11T15:11:41+00:00\",\"breadcrumb\":{\"@id\":\"https:\\\/\\\/unceasinglypray.org\\\/day-25\\\/#breadcrumb\"},\"inLanguage\":\"fr-FR\",\"potentialAction\":[{\"@type\":\"ReadAction\",\"target\":[\"https:\\\/\\\/unceasinglypray.org\\\/day-25\\\/\"]}]},{\"@type\":\"BreadcrumbList\",\"@id\":\"https:\\\/\\\/unceasinglypray.org\\\/day-25\\\/#breadcrumb\",\"itemListElement\":[{\"@type\":\"ListItem\",\"position\":1,\"name\":\"Home\",\"item\":\"https:\\\/\\\/unceasinglypray.org\\\/pt\\\/\"},{\"@type\":\"ListItem\",\"position\":2,\"name\":\"Day 25\"}]},{\"@type\":\"WebSite\",\"@id\":\"https:\\\/\\\/unceasinglypray.org\\\/ar\\\/#website\",\"url\":\"https:\\\/\\\/unceasinglypray.org\\\/ar\\\/\",\"name\":\"Unceasingly Pray\",\"description\":\"\",\"potentialAction\":[{\"@type\":\"SearchAction\",\"target\":{\"@type\":\"EntryPoint\",\"urlTemplate\":\"https:\\\/\\\/unceasinglypray.org\\\/ar\\\/?s={search_term_string}\"},\"query-input\":{\"@type\":\"PropertyValueSpecification\",\"valueRequired\":true,\"valueName\":\"search_term_string\"}}],\"inLanguage\":\"fr-FR\"}]}<\/script>\n<!-- \/ Yoast SEO plugin. -->","yoast_head_json":{"title":"Day 25 - Unceasingly Pray","robots":{"index":"index","follow":"follow","max-snippet":"max-snippet:-1","max-image-preview":"max-image-preview:large","max-video-preview":"max-video-preview:-1"},"canonical":"https:\/\/unceasinglypray.org\/fr\/day-25\/","og_locale":"fr_FR","og_type":"article","og_title":"Day 25 - Unceasingly Pray","og_description":"DAY 25: PRAYER TO HAVE A HIDDEN LIFE WITH THE FATHER Matt. 6:1-6; Col. 3:3 Pray for the saints, as kingdom people, children of the heavenly Father, to have a spiritual life that corresponds with the mysterious, hidden nature of the divine life, praying to their heavenly Father in secret, experiencing some secret enjoyment of&hellip;","og_url":"https:\/\/unceasinglypray.org\/fr\/day-25\/","og_site_name":"Unceasingly Pray","article_modified_time":"2020-06-11T15:11:41+00:00","twitter_card":"summary_large_image","twitter_misc":{"Dur\u00e9e de lecture estim\u00e9e":"1 minute"},"schema":{"@context":"https:\/\/schema.org","@graph":[{"@type":"WebPage","@id":"https:\/\/unceasinglypray.org\/day-25\/","url":"https:\/\/unceasinglypray.org\/day-25\/","name":"Day 25 - Unceasingly Pray","isPartOf":{"@id":"https:\/\/unceasinglypray.org\/ar\/#website"},"datePublished":"2020-04-21T17:29:53+00:00","dateModified":"2020-06-11T15:11:41+00:00","breadcrumb":{"@id":"https:\/\/unceasinglypray.org\/day-25\/#breadcrumb"},"inLanguage":"fr-FR","potentialAction":[{"@type":"ReadAction","target":["https:\/\/unceasinglypray.org\/day-25\/"]}]},{"@type":"BreadcrumbList","@id":"https:\/\/unceasinglypray.org\/day-25\/#breadcrumb","itemListElement":[{"@type":"ListItem","position":1,"name":"Home","item":"https:\/\/unceasinglypray.org\/pt\/"},{"@type":"ListItem","position":2,"name":"Day 25"}]},{"@type":"WebSite","@id":"https:\/\/unceasinglypray.org\/ar\/#website","url":"https:\/\/unceasinglypray.org\/ar\/","name":"Unceasingly Pray","description":"","potentialAction":[{"@type":"SearchAction","target":{"@type":"EntryPoint","urlTemplate":"https:\/\/unceasinglypray.org\/ar\/?s={search_term_string}"},"query-input":{"@type":"PropertyValueSpecification","valueRequired":true,"valueName":"search_term_string"}}],"inLanguage":"fr-FR"}]}},"_links":{"self":[{"href":"https:\/\/unceasinglypray.org\/fr\/wp-json\/wp\/v2\/pages\/750","targetHints":{"allow":["GET"]}}],"collection":[{"href":"https:\/\/unceasinglypray.org\/fr\/wp-json\/wp\/v2\/pages"}],"about":[{"href":"https:\/\/unceasinglypray.org\/fr\/wp-json\/wp\/v2\/types\/page"}],"author":[{"embeddable":true,"href":"https:\/\/unceasinglypray.org\/fr\/wp-json\/wp\/v2\/users\/2"}],"replies":[{"embeddable":true,"href":"https:\/\/unceasinglypray.org\/fr\/wp-json\/wp\/v2\/comments?post=750"}],"version-history":[{"count":0,"href":"https:\/\/unceasinglypray.org\/fr\/wp-json\/wp\/v2\/pages\/750\/revisions"}],"wp:attachment":[{"href":"https:\/\/unceasinglypray.org\/fr\/wp-json\/wp\/v2\/media?parent=750"}],"curies":[{"name":"wp","href":"https:\/\/api.w.org\/{rel}","templated":true}]}}