{"id":748,"date":"2020-04-21T17:27:58","date_gmt":"2020-04-21T17:27:58","guid":{"rendered":"https:\/\/unceasinglypray.org\/?page_id=748"},"modified":"2023-06-26T13:25:30","modified_gmt":"2023-06-26T13:25:30","slug":"day-23","status":"publish","type":"page","link":"https:\/\/unceasinglypray.org\/fr\/day-23\/","title":{"rendered":"Day 23"},"content":{"rendered":"<p><a href=\"https:\/\/unceasinglypray.org\/fr\/day-23\/\">DAY 23: PRAYER FOR GOD&#8217;S RIGHTEOUS JUDGMENT<\/a><\/p>\n\t<p>Ap 8.1-8<\/p>\n\t<p>Pour que les saints fassent des pri\u00e8res auxquelles Christ comme l\u2019autre Ange peut ajouter l\u2019encens, afin qu\u2019\u00e0 partir du tr\u00f4ne de Dieu, le feu du juste jugement de Dieu soit jet\u00e9 sur la terre pour rem\u00e9dier \u00e0 l\u2019impi\u00e9t\u00e9 et \u00e0 l\u2019iniquit\u00e9 (Ap 8.1-8).<\/p>\n\t<p><strong>Ap 8.1-8<\/strong>\u2014Quand il ouvrit le septi\u00e8me sceau, il y eut dans le ciel un silence d\u2019environ un demi-heure. Et je vis les sept anges qui se tiennent devant Dieu, et sept trompettes leur furent donn\u00e9es. Et un autre Ange vint se tint aupr\u00e8s de l\u2019autel, ayant un encensoir d\u2019or ; on lui donna beaucoup d\u2019encens, afin qu\u2019il l\u2019offre avec les pri\u00e8res de tous les saints, sur l\u2019autel d\u2019or qui \u00e9taient devant le tr\u00f4ne. Et la fum\u00e9e de l\u2019encens monta avec les pri\u00e8res des saints, de la main de l\u2019Ange devant Dieu. Et l\u2019Ange prit l\u2019encensoir, le remplit du feu de l\u2019autel, et le jeta sur la terre ; et il y eut des coups de tonnerre, des voix, des \u00e9clairs et un tremblement de terre. Et les sept anges qui avaient les sept trompettes se pr\u00e9par\u00e8rent \u00e0 en sonner. Le premier sonna de la trompette ; et il y eut de la gr\u00eale et du feu m\u00eal\u00e9s de sang, et ils furent jet\u00e9s sur la terre ; le tiers de la terre fut br\u00fbl\u00e9, le tiers des arbres fut br\u00fbl\u00e9, et toute herbe verte fut br\u00fbl\u00e9e. Le deuxi\u00e8me ange sonna de la trompette ; et quelque chose comme une grande montagne embras\u00e9e par le feu fut jet\u00e9 dans la mer, le tiers de la mer devint du sang.<\/p>\n\t\t<h3><\/h3>\n\t\t<p>Priez sans cesse<\/p>\n\t\t\t<a href=\"https:\/\/unceasinglypray.org\/fr\/sign-up\/\" target=\"_self\" role=\"button\" rel=\"noopener noreferrer\">\n\t\t\t\t\t\t\tCHOISIR UN CR\u00c9NEAU\n\t\t\t\t\t<\/a>","protected":false},"excerpt":{"rendered":"<p>DAY 23: PRAYER FOR GOD&#8217;S RIGHTEOUS JUDGMENT Rev. 8:1-8 Pray for the saints to offer prayers to which Christ as another Angel can add incense so that from the throne of God the fire of righteous judgment will be cast to the earth to deal with godlessness and lawlessness (Rev. 8:1-8). Rev. 8:1-8\u2014And when He&hellip;<\/p>","protected":false},"author":2,"featured_media":0,"parent":0,"menu_order":0,"comment_status":"closed","ping_status":"closed","template":"","meta":{"inline_featured_image":false,"footnotes":""},"class_list":["post-748","page","type-page","status-publish","hentry"],"yoast_head":"<!-- This site is optimized with the Yoast SEO plugin v27.4 - https:\/\/yoast.com\/product\/yoast-seo-wordpress\/ -->\n<title>Day 23 - Unceasingly Pray<\/title>\n<meta name=\"robots\" content=\"index, follow, max-snippet:-1, max-image-preview:large, max-video-preview:-1\" \/>\n<link rel=\"canonical\" href=\"https:\/\/unceasinglypray.org\/fr\/day-23\/\" \/>\n<meta property=\"og:locale\" content=\"fr_FR\" \/>\n<meta property=\"og:type\" content=\"article\" \/>\n<meta property=\"og:title\" content=\"Day 23 - Unceasingly Pray\" \/>\n<meta property=\"og:description\" content=\"DAY 23: PRAYER FOR GOD&#8217;S RIGHTEOUS JUDGMENT Rev. 8:1-8 Pray for the saints to offer prayers to which Christ as another Angel can add incense so that from the throne of God the fire of righteous judgment will be cast to the earth to deal with godlessness and lawlessness (Rev. 8:1-8). Rev. 8:1-8\u2014And when He&hellip;\" \/>\n<meta property=\"og:url\" content=\"https:\/\/unceasinglypray.org\/fr\/day-23\/\" \/>\n<meta property=\"og:site_name\" content=\"Unceasingly Pray\" \/>\n<meta property=\"article:modified_time\" content=\"2023-06-26T13:25:30+00:00\" \/>\n<meta name=\"twitter:card\" content=\"summary_large_image\" \/>\n<meta name=\"twitter:label1\" content=\"Dur\u00e9e de lecture estim\u00e9e\" \/>\n\t<meta name=\"twitter:data1\" content=\"2 minutes\" \/>\n<script type=\"application\/ld+json\" class=\"yoast-schema-graph\">{\"@context\":\"https:\\\/\\\/schema.org\",\"@graph\":[{\"@type\":\"WebPage\",\"@id\":\"https:\\\/\\\/unceasinglypray.org\\\/day-23\\\/\",\"url\":\"https:\\\/\\\/unceasinglypray.org\\\/day-23\\\/\",\"name\":\"Day 23 - Unceasingly Pray\",\"isPartOf\":{\"@id\":\"https:\\\/\\\/unceasinglypray.org\\\/ar\\\/#website\"},\"datePublished\":\"2020-04-21T17:27:58+00:00\",\"dateModified\":\"2023-06-26T13:25:30+00:00\",\"breadcrumb\":{\"@id\":\"https:\\\/\\\/unceasinglypray.org\\\/day-23\\\/#breadcrumb\"},\"inLanguage\":\"fr-FR\",\"potentialAction\":[{\"@type\":\"ReadAction\",\"target\":[\"https:\\\/\\\/unceasinglypray.org\\\/day-23\\\/\"]}]},{\"@type\":\"BreadcrumbList\",\"@id\":\"https:\\\/\\\/unceasinglypray.org\\\/day-23\\\/#breadcrumb\",\"itemListElement\":[{\"@type\":\"ListItem\",\"position\":1,\"name\":\"Home\",\"item\":\"https:\\\/\\\/unceasinglypray.org\\\/pt\\\/\"},{\"@type\":\"ListItem\",\"position\":2,\"name\":\"Day 23\"}]},{\"@type\":\"WebSite\",\"@id\":\"https:\\\/\\\/unceasinglypray.org\\\/ar\\\/#website\",\"url\":\"https:\\\/\\\/unceasinglypray.org\\\/ar\\\/\",\"name\":\"Unceasingly Pray\",\"description\":\"\",\"potentialAction\":[{\"@type\":\"SearchAction\",\"target\":{\"@type\":\"EntryPoint\",\"urlTemplate\":\"https:\\\/\\\/unceasinglypray.org\\\/ar\\\/?s={search_term_string}\"},\"query-input\":{\"@type\":\"PropertyValueSpecification\",\"valueRequired\":true,\"valueName\":\"search_term_string\"}}],\"inLanguage\":\"fr-FR\"}]}<\/script>\n<!-- \/ Yoast SEO plugin. -->","yoast_head_json":{"title":"Day 23 - Unceasingly Pray","robots":{"index":"index","follow":"follow","max-snippet":"max-snippet:-1","max-image-preview":"max-image-preview:large","max-video-preview":"max-video-preview:-1"},"canonical":"https:\/\/unceasinglypray.org\/fr\/day-23\/","og_locale":"fr_FR","og_type":"article","og_title":"Day 23 - Unceasingly Pray","og_description":"DAY 23: PRAYER FOR GOD&#8217;S RIGHTEOUS JUDGMENT Rev. 8:1-8 Pray for the saints to offer prayers to which Christ as another Angel can add incense so that from the throne of God the fire of righteous judgment will be cast to the earth to deal with godlessness and lawlessness (Rev. 8:1-8). Rev. 8:1-8\u2014And when He&hellip;","og_url":"https:\/\/unceasinglypray.org\/fr\/day-23\/","og_site_name":"Unceasingly Pray","article_modified_time":"2023-06-26T13:25:30+00:00","twitter_card":"summary_large_image","twitter_misc":{"Dur\u00e9e de lecture estim\u00e9e":"2 minutes"},"schema":{"@context":"https:\/\/schema.org","@graph":[{"@type":"WebPage","@id":"https:\/\/unceasinglypray.org\/day-23\/","url":"https:\/\/unceasinglypray.org\/day-23\/","name":"Day 23 - Unceasingly Pray","isPartOf":{"@id":"https:\/\/unceasinglypray.org\/ar\/#website"},"datePublished":"2020-04-21T17:27:58+00:00","dateModified":"2023-06-26T13:25:30+00:00","breadcrumb":{"@id":"https:\/\/unceasinglypray.org\/day-23\/#breadcrumb"},"inLanguage":"fr-FR","potentialAction":[{"@type":"ReadAction","target":["https:\/\/unceasinglypray.org\/day-23\/"]}]},{"@type":"BreadcrumbList","@id":"https:\/\/unceasinglypray.org\/day-23\/#breadcrumb","itemListElement":[{"@type":"ListItem","position":1,"name":"Home","item":"https:\/\/unceasinglypray.org\/pt\/"},{"@type":"ListItem","position":2,"name":"Day 23"}]},{"@type":"WebSite","@id":"https:\/\/unceasinglypray.org\/ar\/#website","url":"https:\/\/unceasinglypray.org\/ar\/","name":"Unceasingly Pray","description":"","potentialAction":[{"@type":"SearchAction","target":{"@type":"EntryPoint","urlTemplate":"https:\/\/unceasinglypray.org\/ar\/?s={search_term_string}"},"query-input":{"@type":"PropertyValueSpecification","valueRequired":true,"valueName":"search_term_string"}}],"inLanguage":"fr-FR"}]}},"_links":{"self":[{"href":"https:\/\/unceasinglypray.org\/fr\/wp-json\/wp\/v2\/pages\/748","targetHints":{"allow":["GET"]}}],"collection":[{"href":"https:\/\/unceasinglypray.org\/fr\/wp-json\/wp\/v2\/pages"}],"about":[{"href":"https:\/\/unceasinglypray.org\/fr\/wp-json\/wp\/v2\/types\/page"}],"author":[{"embeddable":true,"href":"https:\/\/unceasinglypray.org\/fr\/wp-json\/wp\/v2\/users\/2"}],"replies":[{"embeddable":true,"href":"https:\/\/unceasinglypray.org\/fr\/wp-json\/wp\/v2\/comments?post=748"}],"version-history":[{"count":0,"href":"https:\/\/unceasinglypray.org\/fr\/wp-json\/wp\/v2\/pages\/748\/revisions"}],"wp:attachment":[{"href":"https:\/\/unceasinglypray.org\/fr\/wp-json\/wp\/v2\/media?parent=748"}],"curies":[{"name":"wp","href":"https:\/\/api.w.org\/{rel}","templated":true}]}}