{"id":747,"date":"2020-04-21T17:06:58","date_gmt":"2020-04-21T17:06:58","guid":{"rendered":"https:\/\/unceasinglypray.org\/?page_id=747"},"modified":"2020-06-11T15:10:40","modified_gmt":"2020-06-11T15:10:40","slug":"day-22","status":"publish","type":"page","link":"https:\/\/unceasinglypray.org\/fr\/day-22\/","title":{"rendered":"Day 22"},"content":{"rendered":"<p><a href=\"https:\/\/unceasinglypray.org\/fr\/day-22\/\">DAY 22: PRAYER FOR BLENDING<\/a><\/p>\n\t<p>1 Co 12.12-13, 23-27<\/p>\n\t<p>Pour que les saints m\u00e8nent la vie chr\u00e9tienne et la vie d'\u00e9glise selon les points pratiques \u00e9voqu\u00e9s concernant le m\u00ealement, en ayant le m\u00ealement de tous les membres individuels du Corps de Christ, de toutes les \u00e9glises dans certains districts, de tous les collaborateurs et de tous les anciens par la communion et en faisant tout \u00e0 travers la croix et par l'Esprit afin de dispenser Christ pour le Corps, dans le but que nous ayons dans le recouvrement du Seigneur la r\u00e9alit\u00e9 du Corps de Christ (1 Co 12.12-13, 23-27).<\/p>\n\t<p><strong>1 Co 12.12-13<\/strong>\u2014Car, de m\u00eame que le corps est un et a beaucoup de membres, et que tous les membres du corps, bine que nombreux, forment un seul corps, ainsi en est-il du Christ. Car, dans un seul Esprit, nous avons tous aussi \u00e9t\u00e9 baptis\u00e9s dans un seul corps, soit Juifs, soit Grecs, soit esclaves, soit libres, et nous avons tous \u00e9t\u00e9 abreuv\u00e9s d\u2019un seul Esprit.<\/p>\n<p><strong>1 Co 12.23-27<\/strong>\u2014Et les membres du corps, que nous estimons \u00eatre les moins honorables, ceux-l\u00e0 nous les rev\u00eatons de beaucoup plus d\u2019honneur ; et nos membres les moins \u00e9l\u00e9gants parviennent \u00e0 avoir beaucoup plus d\u2019\u00e9l\u00e9gance, tandis que nos membres \u00e9l\u00e9gants n\u2019ont aucun besoin. Mais Dieu a m\u00eal\u00e9 le corps en donnant beaucoup plus d\u2019honneur au membre qui en manquait, afin qu\u2019il n\u2019y ait pas de division dans le corps, mais que les membres aient \u00e9galement soin les uns des autres. Et si un membre souffre, tous les membres souffrent avec lui ; et si un membre est glorifi\u00e9, tous les membres se r\u00e9jouissent avec lui. Or, vous \u00eates le corps de Christ, et vous \u00eates des membres, individuellement.<\/p>\n\t\t<h3><\/h3>\n\t\t<p>Priez sans cesse<\/p>\n\t\t\t<a href=\"https:\/\/unceasinglypray.org\/fr\/sign-up\/\" target=\"_self\" role=\"button\" rel=\"noopener noreferrer\">\n\t\t\t\t\t\t\tCHOISIR UN CR\u00c9NEAU\n\t\t\t\t\t<\/a>","protected":false},"excerpt":{"rendered":"<p>DAY 22: PRAYER FOR BLENDING 1 Cor. 12:12-13, 23-27 Pray for the saints to live the Christian life and the church life according to the practical points concerning blending, having the blending of all the individual members of the Body of Christ, all the churches in certain districts, all the co-workers, and all the elders&hellip;<\/p>","protected":false},"author":1,"featured_media":0,"parent":0,"menu_order":0,"comment_status":"closed","ping_status":"closed","template":"","meta":{"inline_featured_image":false,"footnotes":""},"class_list":["post-747","page","type-page","status-publish","hentry"],"yoast_head":"<!-- This site is optimized with the Yoast SEO plugin v27.3 - https:\/\/yoast.com\/product\/yoast-seo-wordpress\/ -->\n<title>Day 22 - Unceasingly Pray<\/title>\n<meta name=\"robots\" content=\"index, follow, max-snippet:-1, max-image-preview:large, max-video-preview:-1\" \/>\n<link rel=\"canonical\" href=\"http:\/\/unceasinglypray.org\/fr\/day-22\/\" \/>\n<meta property=\"og:locale\" content=\"fr_FR\" \/>\n<meta property=\"og:type\" content=\"article\" \/>\n<meta property=\"og:title\" content=\"Day 22 - Unceasingly Pray\" \/>\n<meta property=\"og:description\" content=\"DAY 22: PRAYER FOR BLENDING 1 Cor. 12:12-13, 23-27 Pray for the saints to live the Christian life and the church life according to the practical points concerning blending, having the blending of all the individual members of the Body of Christ, all the churches in certain districts, all the co-workers, and all the elders&hellip;\" \/>\n<meta property=\"og:url\" content=\"http:\/\/unceasinglypray.org\/fr\/day-22\/\" \/>\n<meta property=\"og:site_name\" content=\"Unceasingly Pray\" \/>\n<meta property=\"article:modified_time\" content=\"2020-06-11T15:10:40+00:00\" \/>\n<meta name=\"twitter:card\" content=\"summary_large_image\" \/>\n<meta name=\"twitter:label1\" content=\"Dur\u00e9e de lecture estim\u00e9e\" \/>\n\t<meta name=\"twitter:data1\" content=\"1 minute\" \/>\n<script type=\"application\/ld+json\" class=\"yoast-schema-graph\">{\"@context\":\"https:\\\/\\\/schema.org\",\"@graph\":[{\"@type\":\"WebPage\",\"@id\":\"http:\\\/\\\/unceasinglypray.org\\\/ko\\\/day-22\\\/\",\"url\":\"http:\\\/\\\/unceasinglypray.org\\\/ko\\\/day-22\\\/\",\"name\":\"Day 22 - Unceasingly Pray\",\"isPartOf\":{\"@id\":\"https:\\\/\\\/unceasinglypray.org\\\/ar\\\/#website\"},\"datePublished\":\"2020-04-21T17:06:58+00:00\",\"dateModified\":\"2020-06-11T15:10:40+00:00\",\"breadcrumb\":{\"@id\":\"http:\\\/\\\/unceasinglypray.org\\\/ko\\\/day-22\\\/#breadcrumb\"},\"inLanguage\":\"fr-FR\",\"potentialAction\":[{\"@type\":\"ReadAction\",\"target\":[\"http:\\\/\\\/unceasinglypray.org\\\/ko\\\/day-22\\\/\"]}]},{\"@type\":\"BreadcrumbList\",\"@id\":\"http:\\\/\\\/unceasinglypray.org\\\/ko\\\/day-22\\\/#breadcrumb\",\"itemListElement\":[{\"@type\":\"ListItem\",\"position\":1,\"name\":\"Home\",\"item\":\"https:\\\/\\\/unceasinglypray.org\\\/pt\\\/\"},{\"@type\":\"ListItem\",\"position\":2,\"name\":\"Day 22\"}]},{\"@type\":\"WebSite\",\"@id\":\"https:\\\/\\\/unceasinglypray.org\\\/ar\\\/#website\",\"url\":\"https:\\\/\\\/unceasinglypray.org\\\/ar\\\/\",\"name\":\"Unceasingly Pray\",\"description\":\"\",\"potentialAction\":[{\"@type\":\"SearchAction\",\"target\":{\"@type\":\"EntryPoint\",\"urlTemplate\":\"https:\\\/\\\/unceasinglypray.org\\\/ar\\\/?s={search_term_string}\"},\"query-input\":{\"@type\":\"PropertyValueSpecification\",\"valueRequired\":true,\"valueName\":\"search_term_string\"}}],\"inLanguage\":\"fr-FR\"}]}<\/script>\n<!-- \/ Yoast SEO plugin. -->","yoast_head_json":{"title":"Day 22 - Unceasingly Pray","robots":{"index":"index","follow":"follow","max-snippet":"max-snippet:-1","max-image-preview":"max-image-preview:large","max-video-preview":"max-video-preview:-1"},"canonical":"http:\/\/unceasinglypray.org\/fr\/day-22\/","og_locale":"fr_FR","og_type":"article","og_title":"Day 22 - Unceasingly Pray","og_description":"DAY 22: PRAYER FOR BLENDING 1 Cor. 12:12-13, 23-27 Pray for the saints to live the Christian life and the church life according to the practical points concerning blending, having the blending of all the individual members of the Body of Christ, all the churches in certain districts, all the co-workers, and all the elders&hellip;","og_url":"http:\/\/unceasinglypray.org\/fr\/day-22\/","og_site_name":"Unceasingly Pray","article_modified_time":"2020-06-11T15:10:40+00:00","twitter_card":"summary_large_image","twitter_misc":{"Dur\u00e9e de lecture estim\u00e9e":"1 minute"},"schema":{"@context":"https:\/\/schema.org","@graph":[{"@type":"WebPage","@id":"http:\/\/unceasinglypray.org\/ko\/day-22\/","url":"http:\/\/unceasinglypray.org\/ko\/day-22\/","name":"Day 22 - Unceasingly Pray","isPartOf":{"@id":"https:\/\/unceasinglypray.org\/ar\/#website"},"datePublished":"2020-04-21T17:06:58+00:00","dateModified":"2020-06-11T15:10:40+00:00","breadcrumb":{"@id":"http:\/\/unceasinglypray.org\/ko\/day-22\/#breadcrumb"},"inLanguage":"fr-FR","potentialAction":[{"@type":"ReadAction","target":["http:\/\/unceasinglypray.org\/ko\/day-22\/"]}]},{"@type":"BreadcrumbList","@id":"http:\/\/unceasinglypray.org\/ko\/day-22\/#breadcrumb","itemListElement":[{"@type":"ListItem","position":1,"name":"Home","item":"https:\/\/unceasinglypray.org\/pt\/"},{"@type":"ListItem","position":2,"name":"Day 22"}]},{"@type":"WebSite","@id":"https:\/\/unceasinglypray.org\/ar\/#website","url":"https:\/\/unceasinglypray.org\/ar\/","name":"Unceasingly Pray","description":"","potentialAction":[{"@type":"SearchAction","target":{"@type":"EntryPoint","urlTemplate":"https:\/\/unceasinglypray.org\/ar\/?s={search_term_string}"},"query-input":{"@type":"PropertyValueSpecification","valueRequired":true,"valueName":"search_term_string"}}],"inLanguage":"fr-FR"}]}},"_links":{"self":[{"href":"https:\/\/unceasinglypray.org\/fr\/wp-json\/wp\/v2\/pages\/747","targetHints":{"allow":["GET"]}}],"collection":[{"href":"https:\/\/unceasinglypray.org\/fr\/wp-json\/wp\/v2\/pages"}],"about":[{"href":"https:\/\/unceasinglypray.org\/fr\/wp-json\/wp\/v2\/types\/page"}],"author":[{"embeddable":true,"href":"https:\/\/unceasinglypray.org\/fr\/wp-json\/wp\/v2\/users\/1"}],"replies":[{"embeddable":true,"href":"https:\/\/unceasinglypray.org\/fr\/wp-json\/wp\/v2\/comments?post=747"}],"version-history":[{"count":0,"href":"https:\/\/unceasinglypray.org\/fr\/wp-json\/wp\/v2\/pages\/747\/revisions"}],"wp:attachment":[{"href":"https:\/\/unceasinglypray.org\/fr\/wp-json\/wp\/v2\/media?parent=747"}],"curies":[{"name":"wp","href":"https:\/\/api.w.org\/{rel}","templated":true}]}}