{"id":743,"date":"2020-04-20T23:30:43","date_gmt":"2020-04-20T23:30:43","guid":{"rendered":"https:\/\/unceasinglypray.org\/?page_id=743"},"modified":"2020-06-11T15:10:03","modified_gmt":"2020-06-11T15:10:03","slug":"day-21","status":"publish","type":"page","link":"https:\/\/unceasinglypray.org\/fr\/day-21\/","title":{"rendered":"Day 21"},"content":{"rendered":"<p><a href=\"https:\/\/unceasinglypray.org\/fr\/day-21\/\">DAY 21: PRAYER FOR THE CENTRAL WORK OF GOD<\/a><\/p>\n\t<p>Ga 4.19 ; Ep 3.14-21 ; Mt 16.18 ; Ep 2.21-22 ; 1 Co 12.27<\/p>\n\t<p>Pour que tous les saints ouvrent leur \u00eatre tout entier au Seigneur afin qu'Il puisse accomplir l'\u0153uvre  centrale de Dieu : qu'Il se forge en Christ dans notre \u00eatre et nous \u00e9difie en Lui-m\u00eame pour l'\u00e9dification de l'\u00e9glise comme le Corps de Christ (Ga 4.19 ; Ep 3.14-21 ; Mt 16.18 ; Ep 2.21-22 ; 1 Co 12.27)<\/p>\n\t<p><strong>Ga 4.19<\/strong>\u2014Mes enfants, pour qui j'\u00e9prouve de nouveau les douleurs de l'enfantement, jusqu'\u00e0 ce que Christ soit form\u00e9 en vous.<\/p>\n<p><strong>Ep 3.16-17, 19b<\/strong>\u2014That He would grant you, according to the riches of His glory, to be strengthened with power through His Spirit into the inner man, that Christ may make His home in your hearts through faith&#8230;that you may be filled unto all the fullness of God.<\/p>\n<p><strong>Mt 16.18<\/strong>\u2014Et moi, je te dis aussi que tu es Pierre ; et sur ce roc je b\u00e2tirai mon \u00e9glise, et les portes du s\u00e9jour des morts ne pr\u00e9vaudront pas contre elle.<\/p>\n<p><strong>Ep 2.21-22<\/strong>\u2014en qui tout l'\u00e9difice, bien ajust\u00e9 ensemble, cro\u00eet pour \u00eatre un temple saint dans le Seigneur ; en qui vous aussi, vous \u00eates \u00e9difi\u00e9s ensemble pour \u00eatre une habitation de Dieu en esprit.<\/p>\n<p><strong>1 Co 12.27<\/strong>\u2014Or, vous \u00eates le corps de Christ, et vous \u00eates des membres, individuellement.<\/p>\n\t\t<h3><\/h3>\n\t\t<p>Priez sans cesse<\/p>\n\t\t\t<a href=\"https:\/\/unceasinglypray.org\/fr\/sign-up\/\" target=\"_self\" role=\"button\" rel=\"noopener noreferrer\">\n\t\t\t\t\t\t\tCHOISIR UN CR\u00c9NEAU\n\t\t\t\t\t<\/a>","protected":false},"excerpt":{"rendered":"<p>DAY 21: PRAYER FOR THE CENTRAL WORK OF GOD Gal. 4:19; Eph. 3:14-21; Matt. 16:18; Eph. 2:21-22; 1 Cor. 12:27 Pray for all the saints to open their entire being to the Lord so that He may carry out the central work of God\u2014God building Himself in Christ into us and building us into Himself&hellip;<\/p>","protected":false},"author":1,"featured_media":771,"parent":0,"menu_order":0,"comment_status":"closed","ping_status":"closed","template":"","meta":{"inline_featured_image":false,"footnotes":""},"class_list":["post-743","page","type-page","status-publish","has-post-thumbnail","hentry"],"yoast_head":"<!-- This site is optimized with the Yoast SEO plugin v27.4 - https:\/\/yoast.com\/product\/yoast-seo-wordpress\/ -->\n<title>Day 21 - Unceasingly Pray<\/title>\n<meta name=\"robots\" content=\"index, follow, max-snippet:-1, max-image-preview:large, max-video-preview:-1\" \/>\n<link rel=\"canonical\" href=\"https:\/\/unceasinglypray.org\/fr\/day-21\/\" \/>\n<meta property=\"og:locale\" content=\"fr_FR\" \/>\n<meta property=\"og:type\" content=\"article\" \/>\n<meta property=\"og:title\" content=\"Day 21 - Unceasingly Pray\" \/>\n<meta property=\"og:description\" content=\"DAY 21: PRAYER FOR THE CENTRAL WORK OF GOD Gal. 4:19; Eph. 3:14-21; Matt. 16:18; Eph. 2:21-22; 1 Cor. 12:27 Pray for all the saints to open their entire being to the Lord so that He may carry out the central work of God\u2014God building Himself in Christ into us and building us into Himself&hellip;\" \/>\n<meta property=\"og:url\" content=\"https:\/\/unceasinglypray.org\/fr\/day-21\/\" \/>\n<meta property=\"og:site_name\" content=\"Unceasingly Pray\" \/>\n<meta property=\"article:modified_time\" content=\"2020-06-11T15:10:03+00:00\" \/>\n<meta property=\"og:image\" content=\"https:\/\/unceasinglypray.org\/wp-content\/uploads\/2020\/04\/social_share.gif\" \/>\n\t<meta property=\"og:image:width\" content=\"1200\" \/>\n\t<meta property=\"og:image:height\" content=\"630\" \/>\n\t<meta property=\"og:image:type\" content=\"image\/gif\" \/>\n<meta name=\"twitter:card\" content=\"summary_large_image\" \/>\n<meta name=\"twitter:label1\" content=\"Dur\u00e9e de lecture estim\u00e9e\" \/>\n\t<meta name=\"twitter:data1\" content=\"1 minute\" \/>\n<script type=\"application\/ld+json\" class=\"yoast-schema-graph\">{\"@context\":\"https:\\\/\\\/schema.org\",\"@graph\":[{\"@type\":\"WebPage\",\"@id\":\"https:\\\/\\\/unceasinglypray.org\\\/fr\\\/day-21\\\/\",\"url\":\"https:\\\/\\\/unceasinglypray.org\\\/fr\\\/day-21\\\/\",\"name\":\"Day 21 - Unceasingly Pray\",\"isPartOf\":{\"@id\":\"https:\\\/\\\/unceasinglypray.org\\\/ar\\\/#website\"},\"primaryImageOfPage\":{\"@id\":\"https:\\\/\\\/unceasinglypray.org\\\/fr\\\/day-21\\\/#primaryimage\"},\"image\":{\"@id\":\"https:\\\/\\\/unceasinglypray.org\\\/fr\\\/day-21\\\/#primaryimage\"},\"thumbnailUrl\":\"https:\\\/\\\/unceasinglypray.org\\\/wp-content\\\/uploads\\\/2020\\\/04\\\/social_share.gif\",\"datePublished\":\"2020-04-20T23:30:43+00:00\",\"dateModified\":\"2020-06-11T15:10:03+00:00\",\"breadcrumb\":{\"@id\":\"https:\\\/\\\/unceasinglypray.org\\\/fr\\\/day-21\\\/#breadcrumb\"},\"inLanguage\":\"fr-FR\",\"potentialAction\":[{\"@type\":\"ReadAction\",\"target\":[\"https:\\\/\\\/unceasinglypray.org\\\/fr\\\/day-21\\\/\"]}]},{\"@type\":\"ImageObject\",\"inLanguage\":\"fr-FR\",\"@id\":\"https:\\\/\\\/unceasinglypray.org\\\/fr\\\/day-21\\\/#primaryimage\",\"url\":\"https:\\\/\\\/unceasinglypray.org\\\/wp-content\\\/uploads\\\/2020\\\/04\\\/social_share.gif\",\"contentUrl\":\"https:\\\/\\\/unceasinglypray.org\\\/wp-content\\\/uploads\\\/2020\\\/04\\\/social_share.gif\",\"width\":1200,\"height\":630},{\"@type\":\"BreadcrumbList\",\"@id\":\"https:\\\/\\\/unceasinglypray.org\\\/fr\\\/day-21\\\/#breadcrumb\",\"itemListElement\":[{\"@type\":\"ListItem\",\"position\":1,\"name\":\"Home\",\"item\":\"https:\\\/\\\/unceasinglypray.org\\\/pt\\\/\"},{\"@type\":\"ListItem\",\"position\":2,\"name\":\"Day 21\"}]},{\"@type\":\"WebSite\",\"@id\":\"https:\\\/\\\/unceasinglypray.org\\\/ar\\\/#website\",\"url\":\"https:\\\/\\\/unceasinglypray.org\\\/ar\\\/\",\"name\":\"Unceasingly Pray\",\"description\":\"\",\"potentialAction\":[{\"@type\":\"SearchAction\",\"target\":{\"@type\":\"EntryPoint\",\"urlTemplate\":\"https:\\\/\\\/unceasinglypray.org\\\/ar\\\/?s={search_term_string}\"},\"query-input\":{\"@type\":\"PropertyValueSpecification\",\"valueRequired\":true,\"valueName\":\"search_term_string\"}}],\"inLanguage\":\"fr-FR\"}]}<\/script>\n<!-- \/ Yoast SEO plugin. -->","yoast_head_json":{"title":"Day 21 - Unceasingly Pray","robots":{"index":"index","follow":"follow","max-snippet":"max-snippet:-1","max-image-preview":"max-image-preview:large","max-video-preview":"max-video-preview:-1"},"canonical":"https:\/\/unceasinglypray.org\/fr\/day-21\/","og_locale":"fr_FR","og_type":"article","og_title":"Day 21 - Unceasingly Pray","og_description":"DAY 21: PRAYER FOR THE CENTRAL WORK OF GOD Gal. 4:19; Eph. 3:14-21; Matt. 16:18; Eph. 2:21-22; 1 Cor. 12:27 Pray for all the saints to open their entire being to the Lord so that He may carry out the central work of God\u2014God building Himself in Christ into us and building us into Himself&hellip;","og_url":"https:\/\/unceasinglypray.org\/fr\/day-21\/","og_site_name":"Unceasingly Pray","article_modified_time":"2020-06-11T15:10:03+00:00","og_image":[{"width":1200,"height":630,"url":"https:\/\/unceasinglypray.org\/wp-content\/uploads\/2020\/04\/social_share.gif","type":"image\/gif"}],"twitter_card":"summary_large_image","twitter_misc":{"Dur\u00e9e de lecture estim\u00e9e":"1 minute"},"schema":{"@context":"https:\/\/schema.org","@graph":[{"@type":"WebPage","@id":"https:\/\/unceasinglypray.org\/fr\/day-21\/","url":"https:\/\/unceasinglypray.org\/fr\/day-21\/","name":"Day 21 - Unceasingly Pray","isPartOf":{"@id":"https:\/\/unceasinglypray.org\/ar\/#website"},"primaryImageOfPage":{"@id":"https:\/\/unceasinglypray.org\/fr\/day-21\/#primaryimage"},"image":{"@id":"https:\/\/unceasinglypray.org\/fr\/day-21\/#primaryimage"},"thumbnailUrl":"https:\/\/unceasinglypray.org\/wp-content\/uploads\/2020\/04\/social_share.gif","datePublished":"2020-04-20T23:30:43+00:00","dateModified":"2020-06-11T15:10:03+00:00","breadcrumb":{"@id":"https:\/\/unceasinglypray.org\/fr\/day-21\/#breadcrumb"},"inLanguage":"fr-FR","potentialAction":[{"@type":"ReadAction","target":["https:\/\/unceasinglypray.org\/fr\/day-21\/"]}]},{"@type":"ImageObject","inLanguage":"fr-FR","@id":"https:\/\/unceasinglypray.org\/fr\/day-21\/#primaryimage","url":"https:\/\/unceasinglypray.org\/wp-content\/uploads\/2020\/04\/social_share.gif","contentUrl":"https:\/\/unceasinglypray.org\/wp-content\/uploads\/2020\/04\/social_share.gif","width":1200,"height":630},{"@type":"BreadcrumbList","@id":"https:\/\/unceasinglypray.org\/fr\/day-21\/#breadcrumb","itemListElement":[{"@type":"ListItem","position":1,"name":"Home","item":"https:\/\/unceasinglypray.org\/pt\/"},{"@type":"ListItem","position":2,"name":"Day 21"}]},{"@type":"WebSite","@id":"https:\/\/unceasinglypray.org\/ar\/#website","url":"https:\/\/unceasinglypray.org\/ar\/","name":"Unceasingly Pray","description":"","potentialAction":[{"@type":"SearchAction","target":{"@type":"EntryPoint","urlTemplate":"https:\/\/unceasinglypray.org\/ar\/?s={search_term_string}"},"query-input":{"@type":"PropertyValueSpecification","valueRequired":true,"valueName":"search_term_string"}}],"inLanguage":"fr-FR"}]}},"_links":{"self":[{"href":"https:\/\/unceasinglypray.org\/fr\/wp-json\/wp\/v2\/pages\/743","targetHints":{"allow":["GET"]}}],"collection":[{"href":"https:\/\/unceasinglypray.org\/fr\/wp-json\/wp\/v2\/pages"}],"about":[{"href":"https:\/\/unceasinglypray.org\/fr\/wp-json\/wp\/v2\/types\/page"}],"author":[{"embeddable":true,"href":"https:\/\/unceasinglypray.org\/fr\/wp-json\/wp\/v2\/users\/1"}],"replies":[{"embeddable":true,"href":"https:\/\/unceasinglypray.org\/fr\/wp-json\/wp\/v2\/comments?post=743"}],"version-history":[{"count":0,"href":"https:\/\/unceasinglypray.org\/fr\/wp-json\/wp\/v2\/pages\/743\/revisions"}],"wp:featuredmedia":[{"embeddable":true,"href":"https:\/\/unceasinglypray.org\/fr\/wp-json\/wp\/v2\/media\/771"}],"wp:attachment":[{"href":"https:\/\/unceasinglypray.org\/fr\/wp-json\/wp\/v2\/media?parent=743"}],"curies":[{"name":"wp","href":"https:\/\/api.w.org\/{rel}","templated":true}]}}