{"id":533,"date":"2020-04-04T21:56:46","date_gmt":"2020-04-04T21:56:46","guid":{"rendered":"https:\/\/unceasinglypray.org\/?page_id=533"},"modified":"2020-06-11T14:47:29","modified_gmt":"2020-06-11T14:47:29","slug":"day-20","status":"publish","type":"page","link":"https:\/\/unceasinglypray.org\/fr\/day-20\/","title":{"rendered":"Day 20"},"content":{"rendered":"<p>DAY 20: PRAYER TO BIND THE ENEMY<\/p>\n\t<p>Mc 3.27 ; 1 Jn 3.8 ; Ap 12.10-11 ; Lc 18.7<\/p>\n\t<p>Que l'ennemi, Satan, soit li\u00e9, que les \u0153uvres du diable soient d\u00e9truites, que l'accusateur des fr\u00e8res soit renvers\u00e9 et que les saints soient veng\u00e9s de leur adversaire (Mc 3.27 ; 1 Jn 3.8 ; Ap 12.10-11 ; Lc 18.7).<\/p>\n\t<p><strong>Mc 3.27<\/strong>\u2014Mais personne ne peut entrer dans la maison de l\u2019homme fort et piller enti\u00e8rement ses biens, s\u2019il n\u2019a pas d\u2019abord li\u00e9 l\u2019homme fort ; alors il pillera enti\u00e8rement sa maison.<\/p>\n<p><strong>1 Jn 3.8<\/strong>\u2014Celui qui pratique le p\u00e9ch\u00e9 est du diable, car le diable a p\u00e9ch\u00e9 d\u00e8s le commencement. C\u2019est pourquoi le Fils de Dieu a \u00e9t\u00e9 manifest\u00e9, afin de d\u00e9truire les \u0153uvres du diable.<\/p>\n<p><strong>Ap 12.10-11<\/strong>\u2014Et j\u2019entendis dans le ciel une voix forte qui disait : Maintenant le salut est venu, et la puissance, le royaume de notre Dieu et l\u2019autorit\u00e9 de son Christ ; car il a \u00e9t\u00e9 pr\u00e9cipit\u00e9, l\u2019accusateur de nos fr\u00e8res, celui qui les accuse devant notre Dieu jour et nuit. Il l\u2019ont vaincu \u00e0 cause du sang de l\u2019agneau et \u00e0 cause de la parole de leur t\u00e9moignage, et ils n\u2019ont pas aim\u00e9 la vie de leur \u00e2me, m\u00eame jusqu\u2019\u00e0 la mort<\/p>\n<p><strong>Lc 18.7<\/strong>\u2014Et Dieu ne vengera-t-il pas ses \u00e9lus, qui crient \u00e0 lui jour et nuit, tout en \u00e9tant longanime \u00e0 leur \u00e9gard ?<\/p>\n\t\t<h3><\/h3>\n\t\t<p>Priez sans cesse<\/p>\n\t\t\t<a href=\"https:\/\/unceasinglypray.org\/fr\/sign-up\/\" target=\"_self\" role=\"button\" rel=\"noopener noreferrer\">\n\t\t\t\t\t\t\tCHOISIR UN CR\u00c9NEAU\n\t\t\t\t\t<\/a>","protected":false},"excerpt":{"rendered":"<p>DAY 20: PRAYER TO BIND THE ENEMY Mark 3:27; 1 John 3:8; Rev. 12:10-11; Luke 18:7 For the enemy, Satan, to be bound, for the works of the devil to be destroyed, for the accuser of the brothers to be cast down, and for the saints to be avenged of their adversary (Mark 3:27; 1&hellip;<\/p>","protected":false},"author":1,"featured_media":771,"parent":0,"menu_order":0,"comment_status":"closed","ping_status":"closed","template":"","meta":{"inline_featured_image":false,"footnotes":""},"class_list":["post-533","page","type-page","status-publish","has-post-thumbnail","hentry"],"yoast_head":"<!-- This site is optimized with the Yoast SEO plugin v27.4 - https:\/\/yoast.com\/product\/yoast-seo-wordpress\/ -->\n<title>Day 20 - Unceasingly Pray<\/title>\n<meta name=\"robots\" content=\"index, follow, max-snippet:-1, max-image-preview:large, max-video-preview:-1\" \/>\n<link rel=\"canonical\" href=\"https:\/\/unceasinglypray.org\/fr\/day-20\/\" \/>\n<meta property=\"og:locale\" content=\"fr_FR\" \/>\n<meta property=\"og:type\" content=\"article\" \/>\n<meta property=\"og:title\" content=\"Day 20 - Unceasingly Pray\" \/>\n<meta property=\"og:description\" content=\"DAY 20: PRAYER TO BIND THE ENEMY Mark 3:27; 1 John 3:8; Rev. 12:10-11; Luke 18:7 For the enemy, Satan, to be bound, for the works of the devil to be destroyed, for the accuser of the brothers to be cast down, and for the saints to be avenged of their adversary (Mark 3:27; 1&hellip;\" \/>\n<meta property=\"og:url\" content=\"https:\/\/unceasinglypray.org\/fr\/day-20\/\" \/>\n<meta property=\"og:site_name\" content=\"Unceasingly Pray\" \/>\n<meta property=\"article:modified_time\" content=\"2020-06-11T14:47:29+00:00\" \/>\n<meta property=\"og:image\" content=\"https:\/\/unceasinglypray.org\/wp-content\/uploads\/2020\/04\/social_share.gif\" \/>\n\t<meta property=\"og:image:width\" content=\"1200\" \/>\n\t<meta property=\"og:image:height\" content=\"630\" \/>\n\t<meta property=\"og:image:type\" content=\"image\/gif\" \/>\n<meta name=\"twitter:card\" content=\"summary_large_image\" \/>\n<meta name=\"twitter:label1\" content=\"Dur\u00e9e de lecture estim\u00e9e\" \/>\n\t<meta name=\"twitter:data1\" content=\"1 minute\" \/>\n<script type=\"application\/ld+json\" class=\"yoast-schema-graph\">{\"@context\":\"https:\\\/\\\/schema.org\",\"@graph\":[{\"@type\":\"WebPage\",\"@id\":\"https:\\\/\\\/unceasinglypray.org\\\/ar\\\/day-20\\\/\",\"url\":\"https:\\\/\\\/unceasinglypray.org\\\/ar\\\/day-20\\\/\",\"name\":\"Day 20 - Unceasingly Pray\",\"isPartOf\":{\"@id\":\"https:\\\/\\\/unceasinglypray.org\\\/ar\\\/#website\"},\"primaryImageOfPage\":{\"@id\":\"https:\\\/\\\/unceasinglypray.org\\\/ar\\\/day-20\\\/#primaryimage\"},\"image\":{\"@id\":\"https:\\\/\\\/unceasinglypray.org\\\/ar\\\/day-20\\\/#primaryimage\"},\"thumbnailUrl\":\"https:\\\/\\\/unceasinglypray.org\\\/wp-content\\\/uploads\\\/2020\\\/04\\\/social_share.gif\",\"datePublished\":\"2020-04-04T21:56:46+00:00\",\"dateModified\":\"2020-06-11T14:47:29+00:00\",\"breadcrumb\":{\"@id\":\"https:\\\/\\\/unceasinglypray.org\\\/ar\\\/day-20\\\/#breadcrumb\"},\"inLanguage\":\"fr-FR\",\"potentialAction\":[{\"@type\":\"ReadAction\",\"target\":[\"https:\\\/\\\/unceasinglypray.org\\\/ar\\\/day-20\\\/\"]}]},{\"@type\":\"ImageObject\",\"inLanguage\":\"fr-FR\",\"@id\":\"https:\\\/\\\/unceasinglypray.org\\\/ar\\\/day-20\\\/#primaryimage\",\"url\":\"https:\\\/\\\/unceasinglypray.org\\\/wp-content\\\/uploads\\\/2020\\\/04\\\/social_share.gif\",\"contentUrl\":\"https:\\\/\\\/unceasinglypray.org\\\/wp-content\\\/uploads\\\/2020\\\/04\\\/social_share.gif\",\"width\":1200,\"height\":630},{\"@type\":\"BreadcrumbList\",\"@id\":\"https:\\\/\\\/unceasinglypray.org\\\/ar\\\/day-20\\\/#breadcrumb\",\"itemListElement\":[{\"@type\":\"ListItem\",\"position\":1,\"name\":\"Home\",\"item\":\"https:\\\/\\\/unceasinglypray.org\\\/pt\\\/\"},{\"@type\":\"ListItem\",\"position\":2,\"name\":\"Day 20\"}]},{\"@type\":\"WebSite\",\"@id\":\"https:\\\/\\\/unceasinglypray.org\\\/ar\\\/#website\",\"url\":\"https:\\\/\\\/unceasinglypray.org\\\/ar\\\/\",\"name\":\"Unceasingly Pray\",\"description\":\"\",\"potentialAction\":[{\"@type\":\"SearchAction\",\"target\":{\"@type\":\"EntryPoint\",\"urlTemplate\":\"https:\\\/\\\/unceasinglypray.org\\\/ar\\\/?s={search_term_string}\"},\"query-input\":{\"@type\":\"PropertyValueSpecification\",\"valueRequired\":true,\"valueName\":\"search_term_string\"}}],\"inLanguage\":\"fr-FR\"}]}<\/script>\n<!-- \/ Yoast SEO plugin. -->","yoast_head_json":{"title":"Day 20 - Unceasingly Pray","robots":{"index":"index","follow":"follow","max-snippet":"max-snippet:-1","max-image-preview":"max-image-preview:large","max-video-preview":"max-video-preview:-1"},"canonical":"https:\/\/unceasinglypray.org\/fr\/day-20\/","og_locale":"fr_FR","og_type":"article","og_title":"Day 20 - Unceasingly Pray","og_description":"DAY 20: PRAYER TO BIND THE ENEMY Mark 3:27; 1 John 3:8; Rev. 12:10-11; Luke 18:7 For the enemy, Satan, to be bound, for the works of the devil to be destroyed, for the accuser of the brothers to be cast down, and for the saints to be avenged of their adversary (Mark 3:27; 1&hellip;","og_url":"https:\/\/unceasinglypray.org\/fr\/day-20\/","og_site_name":"Unceasingly Pray","article_modified_time":"2020-06-11T14:47:29+00:00","og_image":[{"width":1200,"height":630,"url":"https:\/\/unceasinglypray.org\/wp-content\/uploads\/2020\/04\/social_share.gif","type":"image\/gif"}],"twitter_card":"summary_large_image","twitter_misc":{"Dur\u00e9e de lecture estim\u00e9e":"1 minute"},"schema":{"@context":"https:\/\/schema.org","@graph":[{"@type":"WebPage","@id":"https:\/\/unceasinglypray.org\/ar\/day-20\/","url":"https:\/\/unceasinglypray.org\/ar\/day-20\/","name":"Day 20 - Unceasingly Pray","isPartOf":{"@id":"https:\/\/unceasinglypray.org\/ar\/#website"},"primaryImageOfPage":{"@id":"https:\/\/unceasinglypray.org\/ar\/day-20\/#primaryimage"},"image":{"@id":"https:\/\/unceasinglypray.org\/ar\/day-20\/#primaryimage"},"thumbnailUrl":"https:\/\/unceasinglypray.org\/wp-content\/uploads\/2020\/04\/social_share.gif","datePublished":"2020-04-04T21:56:46+00:00","dateModified":"2020-06-11T14:47:29+00:00","breadcrumb":{"@id":"https:\/\/unceasinglypray.org\/ar\/day-20\/#breadcrumb"},"inLanguage":"fr-FR","potentialAction":[{"@type":"ReadAction","target":["https:\/\/unceasinglypray.org\/ar\/day-20\/"]}]},{"@type":"ImageObject","inLanguage":"fr-FR","@id":"https:\/\/unceasinglypray.org\/ar\/day-20\/#primaryimage","url":"https:\/\/unceasinglypray.org\/wp-content\/uploads\/2020\/04\/social_share.gif","contentUrl":"https:\/\/unceasinglypray.org\/wp-content\/uploads\/2020\/04\/social_share.gif","width":1200,"height":630},{"@type":"BreadcrumbList","@id":"https:\/\/unceasinglypray.org\/ar\/day-20\/#breadcrumb","itemListElement":[{"@type":"ListItem","position":1,"name":"Home","item":"https:\/\/unceasinglypray.org\/pt\/"},{"@type":"ListItem","position":2,"name":"Day 20"}]},{"@type":"WebSite","@id":"https:\/\/unceasinglypray.org\/ar\/#website","url":"https:\/\/unceasinglypray.org\/ar\/","name":"Unceasingly Pray","description":"","potentialAction":[{"@type":"SearchAction","target":{"@type":"EntryPoint","urlTemplate":"https:\/\/unceasinglypray.org\/ar\/?s={search_term_string}"},"query-input":{"@type":"PropertyValueSpecification","valueRequired":true,"valueName":"search_term_string"}}],"inLanguage":"fr-FR"}]}},"_links":{"self":[{"href":"https:\/\/unceasinglypray.org\/fr\/wp-json\/wp\/v2\/pages\/533","targetHints":{"allow":["GET"]}}],"collection":[{"href":"https:\/\/unceasinglypray.org\/fr\/wp-json\/wp\/v2\/pages"}],"about":[{"href":"https:\/\/unceasinglypray.org\/fr\/wp-json\/wp\/v2\/types\/page"}],"author":[{"embeddable":true,"href":"https:\/\/unceasinglypray.org\/fr\/wp-json\/wp\/v2\/users\/1"}],"replies":[{"embeddable":true,"href":"https:\/\/unceasinglypray.org\/fr\/wp-json\/wp\/v2\/comments?post=533"}],"version-history":[{"count":0,"href":"https:\/\/unceasinglypray.org\/fr\/wp-json\/wp\/v2\/pages\/533\/revisions"}],"wp:featuredmedia":[{"embeddable":true,"href":"https:\/\/unceasinglypray.org\/fr\/wp-json\/wp\/v2\/media\/771"}],"wp:attachment":[{"href":"https:\/\/unceasinglypray.org\/fr\/wp-json\/wp\/v2\/media?parent=533"}],"curies":[{"name":"wp","href":"https:\/\/api.w.org\/{rel}","templated":true}]}}