{"id":532,"date":"2020-04-04T21:56:12","date_gmt":"2020-04-04T21:56:12","guid":{"rendered":"https:\/\/unceasinglypray.org\/?page_id=532"},"modified":"2020-06-11T14:46:40","modified_gmt":"2020-06-11T14:46:40","slug":"day-19","status":"publish","type":"page","link":"https:\/\/unceasinglypray.org\/fr\/day-19\/","title":{"rendered":"Day 19"},"content":{"rendered":"<p>DAY 19: PRAYER FOR THE OVERCOMERS<\/p>\n\t<p>Ap 2.7, 11, 17, 26 ; 3.5, 12, 21 ; 12.5, 10-11 ; 14.1-5<\/p>\n\t<p>For the saints to be raised up and constituted as overcomers to be the Lord&#8217;s dispensational instrument to turn the age (Rev. 2:7, 11, 17, 26; 3:5, 12, 21; 12:5, 10-11; 14:1-5).<\/p>\n\t<p><strong>Ap 3.21<\/strong>\u2014Celui qui vaincra, je lui donnerai de s\u2019asseoir avec moi sur mon tr\u00f4ne, comme moi aussi j\u2019ai vaincu et me suis assis avec mon P\u00e8re sur son tr\u00f4ne.<\/p>\n<p><strong>Ap 12.5<\/strong>\u2014Elle enfanta un fils, un enfant m\u00e2le, qui doit pa\u00eetre toutes les nations avec une verge de fer ; et son enfant fut enlev\u00e9 vers Dieu et vers son tr\u00f4ne.<\/p>\n<p><strong>Ap 12.10-11<\/strong>\u2014Et j\u2019entendis dans le ciel une voix forte qui disait : Maintenant le salut est venu, et la puissance, le royaume de notre Dieu et l\u2019autorit\u00e9 de son Christ ; car il a \u00e9t\u00e9 pr\u00e9cipit\u00e9, l\u2019accusateur de nos fr\u00e8res, celui qui les accuse devant notre Dieu jour et nuit. Il l\u2019ont vaincu \u00e0 cause du sang de l\u2019agneau et \u00e0 cause de la parole de leur t\u00e9moignage, et ils n\u2019ont pas aim\u00e9 la vie de leur \u00e2me, m\u00eame jusqu\u2019\u00e0 la mort<\/p>\n\t\t<h3><\/h3>\n\t\t<p>Priez sans cesse<\/p>\n\t\t\t<a href=\"https:\/\/unceasinglypray.org\/fr\/sign-up\/\" target=\"_self\" role=\"button\" rel=\"noopener noreferrer\">\n\t\t\t\t\t\t\tCHOISIR UN CR\u00c9NEAU\n\t\t\t\t\t<\/a>","protected":false},"excerpt":{"rendered":"<p>DAY 19: PRAYER FOR THE OVERCOMERS Rev. 2:7, 11, 17, 26; 3:5, 12, 21; 12:5, 10-11; 14:1-5 For the saints to be raised up and constituted as overcomers to be the Lord&#8217;s dispensational instrument to turn the age (Rev. 2:7, 11, 17, 26; 3:5, 12, 21; 12:5, 10-11; 14:1-5). Rev. 3:21\u2014He who overcomes, to him&hellip;<\/p>","protected":false},"author":1,"featured_media":771,"parent":0,"menu_order":0,"comment_status":"closed","ping_status":"closed","template":"","meta":{"inline_featured_image":false,"footnotes":""},"class_list":["post-532","page","type-page","status-publish","has-post-thumbnail","hentry"],"yoast_head":"<!-- This site is optimized with the Yoast SEO plugin v27.4 - https:\/\/yoast.com\/product\/yoast-seo-wordpress\/ -->\n<title>Day 19 - Unceasingly Pray<\/title>\n<meta name=\"robots\" content=\"index, follow, max-snippet:-1, max-image-preview:large, max-video-preview:-1\" \/>\n<link rel=\"canonical\" href=\"https:\/\/unceasinglypray.org\/fr\/day-19\/\" \/>\n<meta property=\"og:locale\" content=\"fr_FR\" \/>\n<meta property=\"og:type\" content=\"article\" \/>\n<meta property=\"og:title\" content=\"Day 19 - Unceasingly Pray\" \/>\n<meta property=\"og:description\" content=\"DAY 19: PRAYER FOR THE OVERCOMERS Rev. 2:7, 11, 17, 26; 3:5, 12, 21; 12:5, 10-11; 14:1-5 For the saints to be raised up and constituted as overcomers to be the Lord&#8217;s dispensational instrument to turn the age (Rev. 2:7, 11, 17, 26; 3:5, 12, 21; 12:5, 10-11; 14:1-5). Rev. 3:21\u2014He who overcomes, to him&hellip;\" \/>\n<meta property=\"og:url\" content=\"https:\/\/unceasinglypray.org\/fr\/day-19\/\" \/>\n<meta property=\"og:site_name\" content=\"Unceasingly Pray\" \/>\n<meta property=\"article:modified_time\" content=\"2020-06-11T14:46:40+00:00\" \/>\n<meta property=\"og:image\" content=\"https:\/\/unceasinglypray.org\/wp-content\/uploads\/2020\/04\/social_share.gif\" \/>\n\t<meta property=\"og:image:width\" content=\"1200\" \/>\n\t<meta property=\"og:image:height\" content=\"630\" \/>\n\t<meta property=\"og:image:type\" content=\"image\/gif\" \/>\n<meta name=\"twitter:card\" content=\"summary_large_image\" \/>\n<meta name=\"twitter:label1\" content=\"Dur\u00e9e de lecture estim\u00e9e\" \/>\n\t<meta name=\"twitter:data1\" content=\"1 minute\" \/>\n<script type=\"application\/ld+json\" class=\"yoast-schema-graph\">{\"@context\":\"https:\\\/\\\/schema.org\",\"@graph\":[{\"@type\":\"WebPage\",\"@id\":\"https:\\\/\\\/unceasinglypray.org\\\/fr\\\/day-19\\\/\",\"url\":\"https:\\\/\\\/unceasinglypray.org\\\/fr\\\/day-19\\\/\",\"name\":\"Day 19 - Unceasingly Pray\",\"isPartOf\":{\"@id\":\"https:\\\/\\\/unceasinglypray.org\\\/ar\\\/#website\"},\"primaryImageOfPage\":{\"@id\":\"https:\\\/\\\/unceasinglypray.org\\\/fr\\\/day-19\\\/#primaryimage\"},\"image\":{\"@id\":\"https:\\\/\\\/unceasinglypray.org\\\/fr\\\/day-19\\\/#primaryimage\"},\"thumbnailUrl\":\"https:\\\/\\\/unceasinglypray.org\\\/wp-content\\\/uploads\\\/2020\\\/04\\\/social_share.gif\",\"datePublished\":\"2020-04-04T21:56:12+00:00\",\"dateModified\":\"2020-06-11T14:46:40+00:00\",\"breadcrumb\":{\"@id\":\"https:\\\/\\\/unceasinglypray.org\\\/fr\\\/day-19\\\/#breadcrumb\"},\"inLanguage\":\"fr-FR\",\"potentialAction\":[{\"@type\":\"ReadAction\",\"target\":[\"https:\\\/\\\/unceasinglypray.org\\\/fr\\\/day-19\\\/\"]}]},{\"@type\":\"ImageObject\",\"inLanguage\":\"fr-FR\",\"@id\":\"https:\\\/\\\/unceasinglypray.org\\\/fr\\\/day-19\\\/#primaryimage\",\"url\":\"https:\\\/\\\/unceasinglypray.org\\\/wp-content\\\/uploads\\\/2020\\\/04\\\/social_share.gif\",\"contentUrl\":\"https:\\\/\\\/unceasinglypray.org\\\/wp-content\\\/uploads\\\/2020\\\/04\\\/social_share.gif\",\"width\":1200,\"height\":630},{\"@type\":\"BreadcrumbList\",\"@id\":\"https:\\\/\\\/unceasinglypray.org\\\/fr\\\/day-19\\\/#breadcrumb\",\"itemListElement\":[{\"@type\":\"ListItem\",\"position\":1,\"name\":\"Home\",\"item\":\"https:\\\/\\\/unceasinglypray.org\\\/pt\\\/\"},{\"@type\":\"ListItem\",\"position\":2,\"name\":\"Day 19\"}]},{\"@type\":\"WebSite\",\"@id\":\"https:\\\/\\\/unceasinglypray.org\\\/ar\\\/#website\",\"url\":\"https:\\\/\\\/unceasinglypray.org\\\/ar\\\/\",\"name\":\"Unceasingly Pray\",\"description\":\"\",\"potentialAction\":[{\"@type\":\"SearchAction\",\"target\":{\"@type\":\"EntryPoint\",\"urlTemplate\":\"https:\\\/\\\/unceasinglypray.org\\\/ar\\\/?s={search_term_string}\"},\"query-input\":{\"@type\":\"PropertyValueSpecification\",\"valueRequired\":true,\"valueName\":\"search_term_string\"}}],\"inLanguage\":\"fr-FR\"}]}<\/script>\n<!-- \/ Yoast SEO plugin. -->","yoast_head_json":{"title":"Day 19 - Unceasingly Pray","robots":{"index":"index","follow":"follow","max-snippet":"max-snippet:-1","max-image-preview":"max-image-preview:large","max-video-preview":"max-video-preview:-1"},"canonical":"https:\/\/unceasinglypray.org\/fr\/day-19\/","og_locale":"fr_FR","og_type":"article","og_title":"Day 19 - Unceasingly Pray","og_description":"DAY 19: PRAYER FOR THE OVERCOMERS Rev. 2:7, 11, 17, 26; 3:5, 12, 21; 12:5, 10-11; 14:1-5 For the saints to be raised up and constituted as overcomers to be the Lord&#8217;s dispensational instrument to turn the age (Rev. 2:7, 11, 17, 26; 3:5, 12, 21; 12:5, 10-11; 14:1-5). Rev. 3:21\u2014He who overcomes, to him&hellip;","og_url":"https:\/\/unceasinglypray.org\/fr\/day-19\/","og_site_name":"Unceasingly Pray","article_modified_time":"2020-06-11T14:46:40+00:00","og_image":[{"width":1200,"height":630,"url":"https:\/\/unceasinglypray.org\/wp-content\/uploads\/2020\/04\/social_share.gif","type":"image\/gif"}],"twitter_card":"summary_large_image","twitter_misc":{"Dur\u00e9e de lecture estim\u00e9e":"1 minute"},"schema":{"@context":"https:\/\/schema.org","@graph":[{"@type":"WebPage","@id":"https:\/\/unceasinglypray.org\/fr\/day-19\/","url":"https:\/\/unceasinglypray.org\/fr\/day-19\/","name":"Day 19 - Unceasingly Pray","isPartOf":{"@id":"https:\/\/unceasinglypray.org\/ar\/#website"},"primaryImageOfPage":{"@id":"https:\/\/unceasinglypray.org\/fr\/day-19\/#primaryimage"},"image":{"@id":"https:\/\/unceasinglypray.org\/fr\/day-19\/#primaryimage"},"thumbnailUrl":"https:\/\/unceasinglypray.org\/wp-content\/uploads\/2020\/04\/social_share.gif","datePublished":"2020-04-04T21:56:12+00:00","dateModified":"2020-06-11T14:46:40+00:00","breadcrumb":{"@id":"https:\/\/unceasinglypray.org\/fr\/day-19\/#breadcrumb"},"inLanguage":"fr-FR","potentialAction":[{"@type":"ReadAction","target":["https:\/\/unceasinglypray.org\/fr\/day-19\/"]}]},{"@type":"ImageObject","inLanguage":"fr-FR","@id":"https:\/\/unceasinglypray.org\/fr\/day-19\/#primaryimage","url":"https:\/\/unceasinglypray.org\/wp-content\/uploads\/2020\/04\/social_share.gif","contentUrl":"https:\/\/unceasinglypray.org\/wp-content\/uploads\/2020\/04\/social_share.gif","width":1200,"height":630},{"@type":"BreadcrumbList","@id":"https:\/\/unceasinglypray.org\/fr\/day-19\/#breadcrumb","itemListElement":[{"@type":"ListItem","position":1,"name":"Home","item":"https:\/\/unceasinglypray.org\/pt\/"},{"@type":"ListItem","position":2,"name":"Day 19"}]},{"@type":"WebSite","@id":"https:\/\/unceasinglypray.org\/ar\/#website","url":"https:\/\/unceasinglypray.org\/ar\/","name":"Unceasingly Pray","description":"","potentialAction":[{"@type":"SearchAction","target":{"@type":"EntryPoint","urlTemplate":"https:\/\/unceasinglypray.org\/ar\/?s={search_term_string}"},"query-input":{"@type":"PropertyValueSpecification","valueRequired":true,"valueName":"search_term_string"}}],"inLanguage":"fr-FR"}]}},"_links":{"self":[{"href":"https:\/\/unceasinglypray.org\/fr\/wp-json\/wp\/v2\/pages\/532","targetHints":{"allow":["GET"]}}],"collection":[{"href":"https:\/\/unceasinglypray.org\/fr\/wp-json\/wp\/v2\/pages"}],"about":[{"href":"https:\/\/unceasinglypray.org\/fr\/wp-json\/wp\/v2\/types\/page"}],"author":[{"embeddable":true,"href":"https:\/\/unceasinglypray.org\/fr\/wp-json\/wp\/v2\/users\/1"}],"replies":[{"embeddable":true,"href":"https:\/\/unceasinglypray.org\/fr\/wp-json\/wp\/v2\/comments?post=532"}],"version-history":[{"count":0,"href":"https:\/\/unceasinglypray.org\/fr\/wp-json\/wp\/v2\/pages\/532\/revisions"}],"wp:featuredmedia":[{"embeddable":true,"href":"https:\/\/unceasinglypray.org\/fr\/wp-json\/wp\/v2\/media\/771"}],"wp:attachment":[{"href":"https:\/\/unceasinglypray.org\/fr\/wp-json\/wp\/v2\/media?parent=532"}],"curies":[{"name":"wp","href":"https:\/\/api.w.org\/{rel}","templated":true}]}}