{"id":531,"date":"2020-04-04T21:55:36","date_gmt":"2020-04-04T21:55:36","guid":{"rendered":"https:\/\/unceasinglypray.org\/?page_id=531"},"modified":"2020-06-11T14:46:03","modified_gmt":"2020-06-11T14:46:03","slug":"day-18","status":"publish","type":"page","link":"https:\/\/unceasinglypray.org\/fr\/day-18\/","title":{"rendered":"Day 18"},"content":{"rendered":"<p>DAY 18: PRAYER TO CONTINUE STEADFASTLY<\/p>\n\t<p>Ac 2.42 ; Mt 6.6 ; 18.19-20 ; Col 4.2 ; 1 Th 5.17<\/p>\n\t<p>Que les saints continuent \u00e0 prier avec pers\u00e9v\u00e9rance et que leur vie de pri\u00e8re soit \u00e9difi\u00e9e tant personnellement qu\u2019en petits groupes et dans les r\u00e9unions de l'\u00e9glise jusqu'\u00e0 ce que la pri\u00e8re soit incessante (Ac 2.42 ; Mt 6.6 ; 18.19-20 ; Col 4.2 ; 1 Th 5.17).<\/p>\n\t<p><strong>Ac 2.42<\/strong>\u2014Ils pers\u00e9v\u00e9raient dans l\u2019enseignement et la communion des ap\u00f4tres, dans la fraction du pain et dans les pri\u00e8res.<\/p>\n<p><strong>Mt 6.6<\/strong>\u2014Mais toi, quand tu pries, entre dans ta pi\u00e8ce priv\u00e9e, ferme la porte, et prie ton P\u00e8re qui est dans le secret ; et ton P\u00e8re, qui voit dans le secret, te le rendra.<\/p>\n<p><strong>Mt 18.19-20<\/strong>\u2014En v\u00e9rit\u00e9 je vous dis encore que si deux d\u2019entre vous s\u2019accordent sur la terre pour demander quoi que ce soit, mon P\u00e8re qui est dans les cieux le fera pour eux. Car l\u00e0 o\u00f9 deux ou trois sont assembl\u00e9s dans mon nom, je suis l\u00e0 au milieu d\u2019eux.<\/p>\n<p><strong>Col 4.2<\/strong>\u2014Pers\u00e9v\u00e9rez dans la pri\u00e8re, veillez-y avec actions de gr\u00e2ce.<\/p>\n\t\t<h3><\/h3>\n\t\t<p>Priez sans cesse<\/p>\n\t\t\t<a href=\"https:\/\/unceasinglypray.org\/fr\/sign-up\/\" target=\"_self\" role=\"button\" rel=\"noopener noreferrer\">\n\t\t\t\t\t\t\tCHOISIR UN CR\u00c9NEAU\n\t\t\t\t\t<\/a>","protected":false},"excerpt":{"rendered":"<p>DAY 18: PRAYER TO CONTINUE STEADFASTLY Acts 2:42; Matt. 6:6; 18:19-20; Col. 4:2; 1\u00a0Thes. 5:17 For the saints to continue steadfastly in prayer and for their prayer life to be built up personally, in small groups, and in the church meetings until prayer is unceasing (Acts 2:42; Matt. 6:6; 18:19-20; Col. 4:2; 1\u00a0Thes. 5:17). Acts&hellip;<\/p>","protected":false},"author":1,"featured_media":771,"parent":0,"menu_order":0,"comment_status":"closed","ping_status":"closed","template":"","meta":{"inline_featured_image":false,"footnotes":""},"class_list":["post-531","page","type-page","status-publish","has-post-thumbnail","hentry"],"yoast_head":"<!-- This site is optimized with the Yoast SEO plugin v27.4 - https:\/\/yoast.com\/product\/yoast-seo-wordpress\/ -->\n<title>Day 18 - Unceasingly Pray<\/title>\n<meta name=\"robots\" content=\"index, follow, max-snippet:-1, max-image-preview:large, max-video-preview:-1\" \/>\n<link rel=\"canonical\" href=\"https:\/\/unceasinglypray.org\/fr\/day-18\/\" \/>\n<meta property=\"og:locale\" content=\"fr_FR\" \/>\n<meta property=\"og:type\" content=\"article\" \/>\n<meta property=\"og:title\" content=\"Day 18 - Unceasingly Pray\" \/>\n<meta property=\"og:description\" content=\"DAY 18: PRAYER TO CONTINUE STEADFASTLY Acts 2:42; Matt. 6:6; 18:19-20; Col. 4:2; 1\u00a0Thes. 5:17 For the saints to continue steadfastly in prayer and for their prayer life to be built up personally, in small groups, and in the church meetings until prayer is unceasing (Acts 2:42; Matt. 6:6; 18:19-20; Col. 4:2; 1\u00a0Thes. 5:17). Acts&hellip;\" \/>\n<meta property=\"og:url\" content=\"https:\/\/unceasinglypray.org\/fr\/day-18\/\" \/>\n<meta property=\"og:site_name\" content=\"Unceasingly Pray\" \/>\n<meta property=\"article:modified_time\" content=\"2020-06-11T14:46:03+00:00\" \/>\n<meta property=\"og:image\" content=\"https:\/\/unceasinglypray.org\/wp-content\/uploads\/2020\/04\/social_share.gif\" \/>\n\t<meta property=\"og:image:width\" content=\"1200\" \/>\n\t<meta property=\"og:image:height\" content=\"630\" \/>\n\t<meta property=\"og:image:type\" content=\"image\/gif\" \/>\n<meta name=\"twitter:card\" content=\"summary_large_image\" \/>\n<meta name=\"twitter:label1\" content=\"Dur\u00e9e de lecture estim\u00e9e\" \/>\n\t<meta name=\"twitter:data1\" content=\"1 minute\" \/>\n<script type=\"application\/ld+json\" class=\"yoast-schema-graph\">{\"@context\":\"https:\\\/\\\/schema.org\",\"@graph\":[{\"@type\":\"WebPage\",\"@id\":\"https:\\\/\\\/unceasinglypray.org\\\/es\\\/day-18\\\/\",\"url\":\"https:\\\/\\\/unceasinglypray.org\\\/es\\\/day-18\\\/\",\"name\":\"Day 18 - Unceasingly Pray\",\"isPartOf\":{\"@id\":\"https:\\\/\\\/unceasinglypray.org\\\/ar\\\/#website\"},\"primaryImageOfPage\":{\"@id\":\"https:\\\/\\\/unceasinglypray.org\\\/es\\\/day-18\\\/#primaryimage\"},\"image\":{\"@id\":\"https:\\\/\\\/unceasinglypray.org\\\/es\\\/day-18\\\/#primaryimage\"},\"thumbnailUrl\":\"https:\\\/\\\/unceasinglypray.org\\\/wp-content\\\/uploads\\\/2020\\\/04\\\/social_share.gif\",\"datePublished\":\"2020-04-04T21:55:36+00:00\",\"dateModified\":\"2020-06-11T14:46:03+00:00\",\"breadcrumb\":{\"@id\":\"https:\\\/\\\/unceasinglypray.org\\\/es\\\/day-18\\\/#breadcrumb\"},\"inLanguage\":\"fr-FR\",\"potentialAction\":[{\"@type\":\"ReadAction\",\"target\":[\"https:\\\/\\\/unceasinglypray.org\\\/es\\\/day-18\\\/\"]}]},{\"@type\":\"ImageObject\",\"inLanguage\":\"fr-FR\",\"@id\":\"https:\\\/\\\/unceasinglypray.org\\\/es\\\/day-18\\\/#primaryimage\",\"url\":\"https:\\\/\\\/unceasinglypray.org\\\/wp-content\\\/uploads\\\/2020\\\/04\\\/social_share.gif\",\"contentUrl\":\"https:\\\/\\\/unceasinglypray.org\\\/wp-content\\\/uploads\\\/2020\\\/04\\\/social_share.gif\",\"width\":1200,\"height\":630},{\"@type\":\"BreadcrumbList\",\"@id\":\"https:\\\/\\\/unceasinglypray.org\\\/es\\\/day-18\\\/#breadcrumb\",\"itemListElement\":[{\"@type\":\"ListItem\",\"position\":1,\"name\":\"Home\",\"item\":\"https:\\\/\\\/unceasinglypray.org\\\/pt\\\/\"},{\"@type\":\"ListItem\",\"position\":2,\"name\":\"Day 18\"}]},{\"@type\":\"WebSite\",\"@id\":\"https:\\\/\\\/unceasinglypray.org\\\/ar\\\/#website\",\"url\":\"https:\\\/\\\/unceasinglypray.org\\\/ar\\\/\",\"name\":\"Unceasingly Pray\",\"description\":\"\",\"potentialAction\":[{\"@type\":\"SearchAction\",\"target\":{\"@type\":\"EntryPoint\",\"urlTemplate\":\"https:\\\/\\\/unceasinglypray.org\\\/ar\\\/?s={search_term_string}\"},\"query-input\":{\"@type\":\"PropertyValueSpecification\",\"valueRequired\":true,\"valueName\":\"search_term_string\"}}],\"inLanguage\":\"fr-FR\"}]}<\/script>\n<!-- \/ Yoast SEO plugin. -->","yoast_head_json":{"title":"Day 18 - Unceasingly Pray","robots":{"index":"index","follow":"follow","max-snippet":"max-snippet:-1","max-image-preview":"max-image-preview:large","max-video-preview":"max-video-preview:-1"},"canonical":"https:\/\/unceasinglypray.org\/fr\/day-18\/","og_locale":"fr_FR","og_type":"article","og_title":"Day 18 - Unceasingly Pray","og_description":"DAY 18: PRAYER TO CONTINUE STEADFASTLY Acts 2:42; Matt. 6:6; 18:19-20; Col. 4:2; 1\u00a0Thes. 5:17 For the saints to continue steadfastly in prayer and for their prayer life to be built up personally, in small groups, and in the church meetings until prayer is unceasing (Acts 2:42; Matt. 6:6; 18:19-20; Col. 4:2; 1\u00a0Thes. 5:17). Acts&hellip;","og_url":"https:\/\/unceasinglypray.org\/fr\/day-18\/","og_site_name":"Unceasingly Pray","article_modified_time":"2020-06-11T14:46:03+00:00","og_image":[{"width":1200,"height":630,"url":"https:\/\/unceasinglypray.org\/wp-content\/uploads\/2020\/04\/social_share.gif","type":"image\/gif"}],"twitter_card":"summary_large_image","twitter_misc":{"Dur\u00e9e de lecture estim\u00e9e":"1 minute"},"schema":{"@context":"https:\/\/schema.org","@graph":[{"@type":"WebPage","@id":"https:\/\/unceasinglypray.org\/es\/day-18\/","url":"https:\/\/unceasinglypray.org\/es\/day-18\/","name":"Day 18 - Unceasingly Pray","isPartOf":{"@id":"https:\/\/unceasinglypray.org\/ar\/#website"},"primaryImageOfPage":{"@id":"https:\/\/unceasinglypray.org\/es\/day-18\/#primaryimage"},"image":{"@id":"https:\/\/unceasinglypray.org\/es\/day-18\/#primaryimage"},"thumbnailUrl":"https:\/\/unceasinglypray.org\/wp-content\/uploads\/2020\/04\/social_share.gif","datePublished":"2020-04-04T21:55:36+00:00","dateModified":"2020-06-11T14:46:03+00:00","breadcrumb":{"@id":"https:\/\/unceasinglypray.org\/es\/day-18\/#breadcrumb"},"inLanguage":"fr-FR","potentialAction":[{"@type":"ReadAction","target":["https:\/\/unceasinglypray.org\/es\/day-18\/"]}]},{"@type":"ImageObject","inLanguage":"fr-FR","@id":"https:\/\/unceasinglypray.org\/es\/day-18\/#primaryimage","url":"https:\/\/unceasinglypray.org\/wp-content\/uploads\/2020\/04\/social_share.gif","contentUrl":"https:\/\/unceasinglypray.org\/wp-content\/uploads\/2020\/04\/social_share.gif","width":1200,"height":630},{"@type":"BreadcrumbList","@id":"https:\/\/unceasinglypray.org\/es\/day-18\/#breadcrumb","itemListElement":[{"@type":"ListItem","position":1,"name":"Home","item":"https:\/\/unceasinglypray.org\/pt\/"},{"@type":"ListItem","position":2,"name":"Day 18"}]},{"@type":"WebSite","@id":"https:\/\/unceasinglypray.org\/ar\/#website","url":"https:\/\/unceasinglypray.org\/ar\/","name":"Unceasingly Pray","description":"","potentialAction":[{"@type":"SearchAction","target":{"@type":"EntryPoint","urlTemplate":"https:\/\/unceasinglypray.org\/ar\/?s={search_term_string}"},"query-input":{"@type":"PropertyValueSpecification","valueRequired":true,"valueName":"search_term_string"}}],"inLanguage":"fr-FR"}]}},"_links":{"self":[{"href":"https:\/\/unceasinglypray.org\/fr\/wp-json\/wp\/v2\/pages\/531","targetHints":{"allow":["GET"]}}],"collection":[{"href":"https:\/\/unceasinglypray.org\/fr\/wp-json\/wp\/v2\/pages"}],"about":[{"href":"https:\/\/unceasinglypray.org\/fr\/wp-json\/wp\/v2\/types\/page"}],"author":[{"embeddable":true,"href":"https:\/\/unceasinglypray.org\/fr\/wp-json\/wp\/v2\/users\/1"}],"replies":[{"embeddable":true,"href":"https:\/\/unceasinglypray.org\/fr\/wp-json\/wp\/v2\/comments?post=531"}],"version-history":[{"count":0,"href":"https:\/\/unceasinglypray.org\/fr\/wp-json\/wp\/v2\/pages\/531\/revisions"}],"wp:featuredmedia":[{"embeddable":true,"href":"https:\/\/unceasinglypray.org\/fr\/wp-json\/wp\/v2\/media\/771"}],"wp:attachment":[{"href":"https:\/\/unceasinglypray.org\/fr\/wp-json\/wp\/v2\/media?parent=531"}],"curies":[{"name":"wp","href":"https:\/\/api.w.org\/{rel}","templated":true}]}}