{"id":529,"date":"2020-04-04T21:54:22","date_gmt":"2020-04-04T21:54:22","guid":{"rendered":"https:\/\/unceasinglypray.org\/?page_id=529"},"modified":"2020-06-11T14:26:48","modified_gmt":"2020-06-11T14:26:48","slug":"day-16","status":"publish","type":"page","link":"https:\/\/unceasinglypray.org\/fr\/day-16\/","title":{"rendered":"Day 16"},"content":{"rendered":"<p>DAY 16: PRAYER FOR THE GOD-ORDAINED WAY<\/p>\n\t<p>Ac 2.46-47 ; 1 P 4.10 ; 1 Co 14.26 ; Ep 4.12, 16<\/p>\n\t<p>Que les saints utilisent les circonstances actuelles pour d\u00e9velopper une vie d'\u00e9glise plus vitale, plus pr\u00e9valente, plus f\u00e9conde et plus conforme \u00e0 la voie prescrite par Dieu, en lib\u00e9rant la fonction organique de chaque saint (Ac 2.46-47 ; 1 P 4.10 ; 1 Co 14.26 ; Ep 4.12, 16).<\/p>\n\t<p><strong>Ac 2.46-47<\/strong>\u2014Chaque jour, ils pers\u00e9v\u00e9raient d\u2019un commun accord dans le temple, rompaient le pain de maison en maison, et prenaient leur nourriture avec exultation et simplicit\u00e9 de c\u0153ur, louant Dieu, et ayant gr\u00e2ce aupr\u00e8s de tout le peuple. Et le Seigneur incorporait chaque jour ceux qui \u00e9taient sauv\u00e9s.<\/p>\n<p><strong>1 P 4.10<\/strong>\u2014Suivant que chacun de vous a re\u00e7u quelque don, mettez-le au service des autres comme de bons \u00e9conomes de la gr\u00e2ce vari\u00e9e de Dieu.<\/p>\n<p><strong>1 Co 14.26<\/strong>\u2014Que faire donc, fr\u00e8res ? Lorsque vous vous rassemblez, chacun a-t-il un psaume, un enseignement, une r\u00e9v\u00e9lation, une langue, une interpr\u00e9tation, que tout se fasse pour l\u2019\u00e9dification.<\/p>\n<p><strong>Ep 4.12, 16<\/strong>\u2014Pour le perfectionnement des saints en vue de l\u2019\u0153uvre du minist\u00e8re, en vue de l\u2019\u00e9dification du Corps de Christ, \u2026de qui, tout le Corps, \u00e9tant reli\u00e9 et entrelac\u00e9 par chaque jointure du riche approvisionnement, et par l\u2019op\u00e9ration de chaque partie dans sa mesure, produit la croissance du Corps pour l\u2019\u00e9dification de lui-m\u00eame dans l\u2019amour.<\/p>\n\t\t<h3><\/h3>\n\t\t<p>Priez sans cesse<\/p>\n\t\t\t<a href=\"https:\/\/unceasinglypray.org\/fr\/sign-up\/\" target=\"_self\" role=\"button\" rel=\"noopener noreferrer\">\n\t\t\t\t\t\t\tCHOISIR UN CR\u00c9NEAU\n\t\t\t\t\t<\/a>","protected":false},"excerpt":{"rendered":"<p>DAY 16: PRAYER FOR THE GOD-ORDAINED WAY Acts 2:46-47; 1 Pet. 4:10; 1 Cor. 14:26; Eph. 4:12, 16 For the saints to use the present circumstances to cultivate a church life that is more vital, more prevailing, more fruitful, and more according to the God-ordained way through the release of the organic function of every&hellip;<\/p>","protected":false},"author":1,"featured_media":771,"parent":0,"menu_order":0,"comment_status":"closed","ping_status":"closed","template":"","meta":{"inline_featured_image":false,"footnotes":""},"class_list":["post-529","page","type-page","status-publish","has-post-thumbnail","hentry"],"yoast_head":"<!-- This site is optimized with the Yoast SEO plugin v27.5 - https:\/\/yoast.com\/product\/yoast-seo-wordpress\/ -->\n<title>Day 16 - Unceasingly Pray<\/title>\n<meta name=\"robots\" content=\"index, follow, max-snippet:-1, max-image-preview:large, max-video-preview:-1\" \/>\n<link rel=\"canonical\" href=\"https:\/\/unceasinglypray.org\/fr\/day-16\/\" \/>\n<meta property=\"og:locale\" content=\"fr_FR\" \/>\n<meta property=\"og:type\" content=\"article\" \/>\n<meta property=\"og:title\" content=\"Day 16 - Unceasingly Pray\" \/>\n<meta property=\"og:description\" content=\"DAY 16: PRAYER FOR THE GOD-ORDAINED WAY Acts 2:46-47; 1 Pet. 4:10; 1 Cor. 14:26; Eph. 4:12, 16 For the saints to use the present circumstances to cultivate a church life that is more vital, more prevailing, more fruitful, and more according to the God-ordained way through the release of the organic function of every&hellip;\" \/>\n<meta property=\"og:url\" content=\"https:\/\/unceasinglypray.org\/fr\/day-16\/\" \/>\n<meta property=\"og:site_name\" content=\"Unceasingly Pray\" \/>\n<meta property=\"article:modified_time\" content=\"2020-06-11T14:26:48+00:00\" \/>\n<meta property=\"og:image\" content=\"https:\/\/unceasinglypray.org\/wp-content\/uploads\/2020\/04\/social_share.gif\" \/>\n\t<meta property=\"og:image:width\" content=\"1200\" \/>\n\t<meta property=\"og:image:height\" content=\"630\" \/>\n\t<meta property=\"og:image:type\" content=\"image\/gif\" \/>\n<meta name=\"twitter:card\" content=\"summary_large_image\" \/>\n<meta name=\"twitter:label1\" content=\"Dur\u00e9e de lecture estim\u00e9e\" \/>\n\t<meta name=\"twitter:data1\" content=\"1 minute\" \/>\n<script type=\"application\/ld+json\" class=\"yoast-schema-graph\">{\"@context\":\"https:\\\/\\\/schema.org\",\"@graph\":[{\"@type\":\"WebPage\",\"@id\":\"https:\\\/\\\/unceasinglypray.org\\\/pt\\\/day-16\\\/\",\"url\":\"https:\\\/\\\/unceasinglypray.org\\\/pt\\\/day-16\\\/\",\"name\":\"Day 16 - Unceasingly Pray\",\"isPartOf\":{\"@id\":\"https:\\\/\\\/unceasinglypray.org\\\/ar\\\/#website\"},\"primaryImageOfPage\":{\"@id\":\"https:\\\/\\\/unceasinglypray.org\\\/pt\\\/day-16\\\/#primaryimage\"},\"image\":{\"@id\":\"https:\\\/\\\/unceasinglypray.org\\\/pt\\\/day-16\\\/#primaryimage\"},\"thumbnailUrl\":\"https:\\\/\\\/unceasinglypray.org\\\/wp-content\\\/uploads\\\/2020\\\/04\\\/social_share.gif\",\"datePublished\":\"2020-04-04T21:54:22+00:00\",\"dateModified\":\"2020-06-11T14:26:48+00:00\",\"breadcrumb\":{\"@id\":\"https:\\\/\\\/unceasinglypray.org\\\/pt\\\/day-16\\\/#breadcrumb\"},\"inLanguage\":\"fr-FR\",\"potentialAction\":[{\"@type\":\"ReadAction\",\"target\":[\"https:\\\/\\\/unceasinglypray.org\\\/pt\\\/day-16\\\/\"]}]},{\"@type\":\"ImageObject\",\"inLanguage\":\"fr-FR\",\"@id\":\"https:\\\/\\\/unceasinglypray.org\\\/pt\\\/day-16\\\/#primaryimage\",\"url\":\"https:\\\/\\\/unceasinglypray.org\\\/wp-content\\\/uploads\\\/2020\\\/04\\\/social_share.gif\",\"contentUrl\":\"https:\\\/\\\/unceasinglypray.org\\\/wp-content\\\/uploads\\\/2020\\\/04\\\/social_share.gif\",\"width\":1200,\"height\":630},{\"@type\":\"BreadcrumbList\",\"@id\":\"https:\\\/\\\/unceasinglypray.org\\\/pt\\\/day-16\\\/#breadcrumb\",\"itemListElement\":[{\"@type\":\"ListItem\",\"position\":1,\"name\":\"Home\",\"item\":\"https:\\\/\\\/unceasinglypray.org\\\/pt\\\/\"},{\"@type\":\"ListItem\",\"position\":2,\"name\":\"Day 16\"}]},{\"@type\":\"WebSite\",\"@id\":\"https:\\\/\\\/unceasinglypray.org\\\/ar\\\/#website\",\"url\":\"https:\\\/\\\/unceasinglypray.org\\\/ar\\\/\",\"name\":\"Unceasingly Pray\",\"description\":\"\",\"potentialAction\":[{\"@type\":\"SearchAction\",\"target\":{\"@type\":\"EntryPoint\",\"urlTemplate\":\"https:\\\/\\\/unceasinglypray.org\\\/ar\\\/?s={search_term_string}\"},\"query-input\":{\"@type\":\"PropertyValueSpecification\",\"valueRequired\":true,\"valueName\":\"search_term_string\"}}],\"inLanguage\":\"fr-FR\"}]}<\/script>\n<!-- \/ Yoast SEO plugin. -->","yoast_head_json":{"title":"Day 16 - Unceasingly Pray","robots":{"index":"index","follow":"follow","max-snippet":"max-snippet:-1","max-image-preview":"max-image-preview:large","max-video-preview":"max-video-preview:-1"},"canonical":"https:\/\/unceasinglypray.org\/fr\/day-16\/","og_locale":"fr_FR","og_type":"article","og_title":"Day 16 - Unceasingly Pray","og_description":"DAY 16: PRAYER FOR THE GOD-ORDAINED WAY Acts 2:46-47; 1 Pet. 4:10; 1 Cor. 14:26; Eph. 4:12, 16 For the saints to use the present circumstances to cultivate a church life that is more vital, more prevailing, more fruitful, and more according to the God-ordained way through the release of the organic function of every&hellip;","og_url":"https:\/\/unceasinglypray.org\/fr\/day-16\/","og_site_name":"Unceasingly Pray","article_modified_time":"2020-06-11T14:26:48+00:00","og_image":[{"width":1200,"height":630,"url":"https:\/\/unceasinglypray.org\/wp-content\/uploads\/2020\/04\/social_share.gif","type":"image\/gif"}],"twitter_card":"summary_large_image","twitter_misc":{"Dur\u00e9e de lecture estim\u00e9e":"1 minute"},"schema":{"@context":"https:\/\/schema.org","@graph":[{"@type":"WebPage","@id":"https:\/\/unceasinglypray.org\/pt\/day-16\/","url":"https:\/\/unceasinglypray.org\/pt\/day-16\/","name":"Day 16 - Unceasingly Pray","isPartOf":{"@id":"https:\/\/unceasinglypray.org\/ar\/#website"},"primaryImageOfPage":{"@id":"https:\/\/unceasinglypray.org\/pt\/day-16\/#primaryimage"},"image":{"@id":"https:\/\/unceasinglypray.org\/pt\/day-16\/#primaryimage"},"thumbnailUrl":"https:\/\/unceasinglypray.org\/wp-content\/uploads\/2020\/04\/social_share.gif","datePublished":"2020-04-04T21:54:22+00:00","dateModified":"2020-06-11T14:26:48+00:00","breadcrumb":{"@id":"https:\/\/unceasinglypray.org\/pt\/day-16\/#breadcrumb"},"inLanguage":"fr-FR","potentialAction":[{"@type":"ReadAction","target":["https:\/\/unceasinglypray.org\/pt\/day-16\/"]}]},{"@type":"ImageObject","inLanguage":"fr-FR","@id":"https:\/\/unceasinglypray.org\/pt\/day-16\/#primaryimage","url":"https:\/\/unceasinglypray.org\/wp-content\/uploads\/2020\/04\/social_share.gif","contentUrl":"https:\/\/unceasinglypray.org\/wp-content\/uploads\/2020\/04\/social_share.gif","width":1200,"height":630},{"@type":"BreadcrumbList","@id":"https:\/\/unceasinglypray.org\/pt\/day-16\/#breadcrumb","itemListElement":[{"@type":"ListItem","position":1,"name":"Home","item":"https:\/\/unceasinglypray.org\/pt\/"},{"@type":"ListItem","position":2,"name":"Day 16"}]},{"@type":"WebSite","@id":"https:\/\/unceasinglypray.org\/ar\/#website","url":"https:\/\/unceasinglypray.org\/ar\/","name":"Unceasingly Pray","description":"","potentialAction":[{"@type":"SearchAction","target":{"@type":"EntryPoint","urlTemplate":"https:\/\/unceasinglypray.org\/ar\/?s={search_term_string}"},"query-input":{"@type":"PropertyValueSpecification","valueRequired":true,"valueName":"search_term_string"}}],"inLanguage":"fr-FR"}]}},"_links":{"self":[{"href":"https:\/\/unceasinglypray.org\/fr\/wp-json\/wp\/v2\/pages\/529","targetHints":{"allow":["GET"]}}],"collection":[{"href":"https:\/\/unceasinglypray.org\/fr\/wp-json\/wp\/v2\/pages"}],"about":[{"href":"https:\/\/unceasinglypray.org\/fr\/wp-json\/wp\/v2\/types\/page"}],"author":[{"embeddable":true,"href":"https:\/\/unceasinglypray.org\/fr\/wp-json\/wp\/v2\/users\/1"}],"replies":[{"embeddable":true,"href":"https:\/\/unceasinglypray.org\/fr\/wp-json\/wp\/v2\/comments?post=529"}],"version-history":[{"count":0,"href":"https:\/\/unceasinglypray.org\/fr\/wp-json\/wp\/v2\/pages\/529\/revisions"}],"wp:featuredmedia":[{"embeddable":true,"href":"https:\/\/unceasinglypray.org\/fr\/wp-json\/wp\/v2\/media\/771"}],"wp:attachment":[{"href":"https:\/\/unceasinglypray.org\/fr\/wp-json\/wp\/v2\/media?parent=529"}],"curies":[{"name":"wp","href":"https:\/\/api.w.org\/{rel}","templated":true}]}}