{"id":527,"date":"2020-04-04T21:52:48","date_gmt":"2020-04-04T21:52:48","guid":{"rendered":"https:\/\/unceasinglypray.org\/?page_id=527"},"modified":"2020-06-11T14:26:08","modified_gmt":"2020-06-11T14:26:08","slug":"day-14","status":"publish","type":"page","link":"https:\/\/unceasinglypray.org\/fr\/day-14\/","title":{"rendered":"Day 14"},"content":{"rendered":"<p>DAY 14: PRAYER TO POSSESS THE ALL-INCLUSIVE CHRIST<\/p>\n\t<p>Col 1.12 ; Ep 3.8, 17-18<\/p>\n\t<p>Pour que les saints poss\u00e8dent pleinement la part qui leur est allou\u00e9e du Christ extensif et tout-inclusif en \u00e9tant fortifi\u00e9s avec puissance par l'Esprit dans leur homme int\u00e9rieur afin que Christ puisse faire Sa demeure dans leur c\u0153ur (Col 1.12 ; Ep 3.8, 17-18).<\/p>\n\t<p><strong>Col 1.12<\/strong>\u2014Rendant gr\u00e2ces au P\u00e8re qui vous a qualifi\u00e9s pour avoir part \u00e0 la portion lotie des saints dans la lumi\u00e8re.<\/p>\n<p><strong>Ep 3.8<\/strong>\u2014\u00c0 moi, qui suis moins que le moindre de tous les saints, cette gr\u00e2ce a \u00e9t\u00e9 donn\u00e9e d\u2019annoncer aux nations les richesses insondables de Christ comme \u00e9vangile.<\/p>\n<p><strong>Ep 3.17-18<\/strong>\u2014Afin que Christ fasse sa demeure dans vos c\u0153urs par la foi, afin qu\u2019enracin\u00e9s et fond\u00e9s dans l\u2019amour, vous soyez pleins de force pour pouvoir saisir avec tous les saints quelle est la largeur, la longueur, la hauteur et la profondeur.<\/p>\n\t\t<h3><\/h3>\n\t\t<p>Priez sans cesse<\/p>\n\t\t\t<a href=\"https:\/\/unceasinglypray.org\/fr\/sign-up\/\" target=\"_self\" role=\"button\" rel=\"noopener noreferrer\">\n\t\t\t\t\t\t\tCHOISIR UN CR\u00c9NEAU\n\t\t\t\t\t<\/a>","protected":false},"excerpt":{"rendered":"<p>DAY 14: PRAYER TO POSSESS THE ALL-INCLUSIVE CHRIST Col. 1:12; Eph. 3:8, 17-18 For the saints to fully possess their allotted portion of the all-inclusive, all-extensive Christ by being strengthened with power through the Spirit into their inner man that Christ may make His home in their hearts (Col. 1:12; Eph. 3:8, 17-18). Col. 1:12\u2014Giving&hellip;<\/p>","protected":false},"author":1,"featured_media":771,"parent":0,"menu_order":0,"comment_status":"closed","ping_status":"closed","template":"","meta":{"inline_featured_image":false,"footnotes":""},"class_list":["post-527","page","type-page","status-publish","has-post-thumbnail","hentry"],"yoast_head":"<!-- This site is optimized with the Yoast SEO plugin v27.3 - https:\/\/yoast.com\/product\/yoast-seo-wordpress\/ -->\n<title>Day 14 - Unceasingly Pray<\/title>\n<meta name=\"robots\" content=\"index, follow, max-snippet:-1, max-image-preview:large, max-video-preview:-1\" \/>\n<link rel=\"canonical\" href=\"https:\/\/unceasinglypray.org\/fr\/day-14\/\" \/>\n<meta property=\"og:locale\" content=\"fr_FR\" \/>\n<meta property=\"og:type\" content=\"article\" \/>\n<meta property=\"og:title\" content=\"Day 14 - Unceasingly Pray\" \/>\n<meta property=\"og:description\" content=\"DAY 14: PRAYER TO POSSESS THE ALL-INCLUSIVE CHRIST Col. 1:12; Eph. 3:8, 17-18 For the saints to fully possess their allotted portion of the all-inclusive, all-extensive Christ by being strengthened with power through the Spirit into their inner man that Christ may make His home in their hearts (Col. 1:12; Eph. 3:8, 17-18). Col. 1:12\u2014Giving&hellip;\" \/>\n<meta property=\"og:url\" content=\"https:\/\/unceasinglypray.org\/fr\/day-14\/\" \/>\n<meta property=\"og:site_name\" content=\"Unceasingly Pray\" \/>\n<meta property=\"article:modified_time\" content=\"2020-06-11T14:26:08+00:00\" \/>\n<meta property=\"og:image\" content=\"https:\/\/unceasinglypray.org\/wp-content\/uploads\/2020\/04\/social_share.gif\" \/>\n\t<meta property=\"og:image:width\" content=\"1200\" \/>\n\t<meta property=\"og:image:height\" content=\"630\" \/>\n\t<meta property=\"og:image:type\" content=\"image\/gif\" \/>\n<meta name=\"twitter:card\" content=\"summary_large_image\" \/>\n<meta name=\"twitter:label1\" content=\"Dur\u00e9e de lecture estim\u00e9e\" \/>\n\t<meta name=\"twitter:data1\" content=\"1 minute\" \/>\n<script type=\"application\/ld+json\" class=\"yoast-schema-graph\">{\"@context\":\"https:\\\/\\\/schema.org\",\"@graph\":[{\"@type\":\"WebPage\",\"@id\":\"https:\\\/\\\/unceasinglypray.org\\\/pt\\\/day-14\\\/\",\"url\":\"https:\\\/\\\/unceasinglypray.org\\\/pt\\\/day-14\\\/\",\"name\":\"Day 14 - Unceasingly Pray\",\"isPartOf\":{\"@id\":\"https:\\\/\\\/unceasinglypray.org\\\/ar\\\/#website\"},\"primaryImageOfPage\":{\"@id\":\"https:\\\/\\\/unceasinglypray.org\\\/pt\\\/day-14\\\/#primaryimage\"},\"image\":{\"@id\":\"https:\\\/\\\/unceasinglypray.org\\\/pt\\\/day-14\\\/#primaryimage\"},\"thumbnailUrl\":\"https:\\\/\\\/unceasinglypray.org\\\/wp-content\\\/uploads\\\/2020\\\/04\\\/social_share.gif\",\"datePublished\":\"2020-04-04T21:52:48+00:00\",\"dateModified\":\"2020-06-11T14:26:08+00:00\",\"breadcrumb\":{\"@id\":\"https:\\\/\\\/unceasinglypray.org\\\/pt\\\/day-14\\\/#breadcrumb\"},\"inLanguage\":\"fr-FR\",\"potentialAction\":[{\"@type\":\"ReadAction\",\"target\":[\"https:\\\/\\\/unceasinglypray.org\\\/pt\\\/day-14\\\/\"]}]},{\"@type\":\"ImageObject\",\"inLanguage\":\"fr-FR\",\"@id\":\"https:\\\/\\\/unceasinglypray.org\\\/pt\\\/day-14\\\/#primaryimage\",\"url\":\"https:\\\/\\\/unceasinglypray.org\\\/wp-content\\\/uploads\\\/2020\\\/04\\\/social_share.gif\",\"contentUrl\":\"https:\\\/\\\/unceasinglypray.org\\\/wp-content\\\/uploads\\\/2020\\\/04\\\/social_share.gif\",\"width\":1200,\"height\":630},{\"@type\":\"BreadcrumbList\",\"@id\":\"https:\\\/\\\/unceasinglypray.org\\\/pt\\\/day-14\\\/#breadcrumb\",\"itemListElement\":[{\"@type\":\"ListItem\",\"position\":1,\"name\":\"Home\",\"item\":\"https:\\\/\\\/unceasinglypray.org\\\/pt\\\/\"},{\"@type\":\"ListItem\",\"position\":2,\"name\":\"Day 14\"}]},{\"@type\":\"WebSite\",\"@id\":\"https:\\\/\\\/unceasinglypray.org\\\/ar\\\/#website\",\"url\":\"https:\\\/\\\/unceasinglypray.org\\\/ar\\\/\",\"name\":\"Unceasingly Pray\",\"description\":\"\",\"potentialAction\":[{\"@type\":\"SearchAction\",\"target\":{\"@type\":\"EntryPoint\",\"urlTemplate\":\"https:\\\/\\\/unceasinglypray.org\\\/ar\\\/?s={search_term_string}\"},\"query-input\":{\"@type\":\"PropertyValueSpecification\",\"valueRequired\":true,\"valueName\":\"search_term_string\"}}],\"inLanguage\":\"fr-FR\"}]}<\/script>\n<!-- \/ Yoast SEO plugin. -->","yoast_head_json":{"title":"Day 14 - Unceasingly Pray","robots":{"index":"index","follow":"follow","max-snippet":"max-snippet:-1","max-image-preview":"max-image-preview:large","max-video-preview":"max-video-preview:-1"},"canonical":"https:\/\/unceasinglypray.org\/fr\/day-14\/","og_locale":"fr_FR","og_type":"article","og_title":"Day 14 - Unceasingly Pray","og_description":"DAY 14: PRAYER TO POSSESS THE ALL-INCLUSIVE CHRIST Col. 1:12; Eph. 3:8, 17-18 For the saints to fully possess their allotted portion of the all-inclusive, all-extensive Christ by being strengthened with power through the Spirit into their inner man that Christ may make His home in their hearts (Col. 1:12; Eph. 3:8, 17-18). Col. 1:12\u2014Giving&hellip;","og_url":"https:\/\/unceasinglypray.org\/fr\/day-14\/","og_site_name":"Unceasingly Pray","article_modified_time":"2020-06-11T14:26:08+00:00","og_image":[{"width":1200,"height":630,"url":"https:\/\/unceasinglypray.org\/wp-content\/uploads\/2020\/04\/social_share.gif","type":"image\/gif"}],"twitter_card":"summary_large_image","twitter_misc":{"Dur\u00e9e de lecture estim\u00e9e":"1 minute"},"schema":{"@context":"https:\/\/schema.org","@graph":[{"@type":"WebPage","@id":"https:\/\/unceasinglypray.org\/pt\/day-14\/","url":"https:\/\/unceasinglypray.org\/pt\/day-14\/","name":"Day 14 - Unceasingly Pray","isPartOf":{"@id":"https:\/\/unceasinglypray.org\/ar\/#website"},"primaryImageOfPage":{"@id":"https:\/\/unceasinglypray.org\/pt\/day-14\/#primaryimage"},"image":{"@id":"https:\/\/unceasinglypray.org\/pt\/day-14\/#primaryimage"},"thumbnailUrl":"https:\/\/unceasinglypray.org\/wp-content\/uploads\/2020\/04\/social_share.gif","datePublished":"2020-04-04T21:52:48+00:00","dateModified":"2020-06-11T14:26:08+00:00","breadcrumb":{"@id":"https:\/\/unceasinglypray.org\/pt\/day-14\/#breadcrumb"},"inLanguage":"fr-FR","potentialAction":[{"@type":"ReadAction","target":["https:\/\/unceasinglypray.org\/pt\/day-14\/"]}]},{"@type":"ImageObject","inLanguage":"fr-FR","@id":"https:\/\/unceasinglypray.org\/pt\/day-14\/#primaryimage","url":"https:\/\/unceasinglypray.org\/wp-content\/uploads\/2020\/04\/social_share.gif","contentUrl":"https:\/\/unceasinglypray.org\/wp-content\/uploads\/2020\/04\/social_share.gif","width":1200,"height":630},{"@type":"BreadcrumbList","@id":"https:\/\/unceasinglypray.org\/pt\/day-14\/#breadcrumb","itemListElement":[{"@type":"ListItem","position":1,"name":"Home","item":"https:\/\/unceasinglypray.org\/pt\/"},{"@type":"ListItem","position":2,"name":"Day 14"}]},{"@type":"WebSite","@id":"https:\/\/unceasinglypray.org\/ar\/#website","url":"https:\/\/unceasinglypray.org\/ar\/","name":"Unceasingly Pray","description":"","potentialAction":[{"@type":"SearchAction","target":{"@type":"EntryPoint","urlTemplate":"https:\/\/unceasinglypray.org\/ar\/?s={search_term_string}"},"query-input":{"@type":"PropertyValueSpecification","valueRequired":true,"valueName":"search_term_string"}}],"inLanguage":"fr-FR"}]}},"_links":{"self":[{"href":"https:\/\/unceasinglypray.org\/fr\/wp-json\/wp\/v2\/pages\/527","targetHints":{"allow":["GET"]}}],"collection":[{"href":"https:\/\/unceasinglypray.org\/fr\/wp-json\/wp\/v2\/pages"}],"about":[{"href":"https:\/\/unceasinglypray.org\/fr\/wp-json\/wp\/v2\/types\/page"}],"author":[{"embeddable":true,"href":"https:\/\/unceasinglypray.org\/fr\/wp-json\/wp\/v2\/users\/1"}],"replies":[{"embeddable":true,"href":"https:\/\/unceasinglypray.org\/fr\/wp-json\/wp\/v2\/comments?post=527"}],"version-history":[{"count":0,"href":"https:\/\/unceasinglypray.org\/fr\/wp-json\/wp\/v2\/pages\/527\/revisions"}],"wp:featuredmedia":[{"embeddable":true,"href":"https:\/\/unceasinglypray.org\/fr\/wp-json\/wp\/v2\/media\/771"}],"wp:attachment":[{"href":"https:\/\/unceasinglypray.org\/fr\/wp-json\/wp\/v2\/media?parent=527"}],"curies":[{"name":"wp","href":"https:\/\/api.w.org\/{rel}","templated":true}]}}