{"id":526,"date":"2020-04-04T21:52:20","date_gmt":"2020-04-04T21:52:20","guid":{"rendered":"https:\/\/unceasinglypray.org\/?page_id=526"},"modified":"2020-06-11T13:47:13","modified_gmt":"2020-06-11T13:47:13","slug":"day-13","status":"publish","type":"page","link":"https:\/\/unceasinglypray.org\/fr\/day-13\/","title":{"rendered":"Day 13"},"content":{"rendered":"<p>DAY 13: PRAYER FOR THE SAINTS TO BE SANCTIFIED<\/p>\n\t<p>1 Th 5.22-23 ; Rm 12.2, 4-5<\/p>\n\t<p>Pour que les saints soient pr\u00e9serv\u00e9s et sanctifi\u00e9s dans leur \u00eatre tripartite, pour qu'ils soient s\u00e9par\u00e9s des choses communes et p\u00e9cheresses envers Dieu (1 Th 5.22-23) et pour qu'ils ne soient pas fa\u00e7onn\u00e9s \u00e0 l\u2019image cet \u00e2ge mais qu'ils soient transform\u00e9s afin de discerner la volont\u00e9 de Dieu en vivant la vie du Corps (Rm 12.2, 4-5).<\/p>\n\t<p><strong>1 Th 5.22-23<\/strong>\u2014Abstenez-vous de toute esp\u00e8ce de mal. Et que le Dieu de paix vous sanctifie lui-m\u00eame tout entiers, et que votre esprit, votre \u00e2me et votre corps soient conserv\u00e9s complets, sans reproche, lors de la venue de notre Seigneur J\u00e9sus-Christ.<\/p>\n<p><strong>Rm 12.2<\/strong>\u2014Ne vous fa\u00e7onnez pas \u00e0 l\u2019image de cet \u00e2ge, mais soyez transform\u00e9s par le renouvellement de l\u2019intelligence, afin que vous discernez quelle est la volont\u00e9 de Dieu, ce qui est bon, agr\u00e9able et parfait.<\/p>\n<p><strong>Rm 12.4-5<\/strong>\u2014Car, comme nous avons de nombreux membres dans un seul corps, et que tous les membres n\u2019ont pas la m\u00eame fonction, ainsi, nous qui sommes nombreux, nous sommes un seul corps en Christ et, individuellement, membres les uns des autres. <strong>\u00a0<\/strong><\/p>\n\t\t<h3><\/h3>\n\t\t<p>Priez sans cesse<\/p>\n\t\t\t<a href=\"https:\/\/unceasinglypray.org\/fr\/sign-up\/\" target=\"_self\" role=\"button\" rel=\"noopener noreferrer\">\n\t\t\t\t\t\t\tCHOISIR UN CR\u00c9NEAU\n\t\t\t\t\t<\/a>","protected":false},"excerpt":{"rendered":"<p>DAY 13: PRAYER FOR THE SAINTS TO BE SANCTIFIED 1 Thes. 5:22-23; Rom 12:2, 4-5 For the saints to be preserved and sanctified in their tripartite being, to be separated unto God from common and sinful things (1 Thes. 5:22-23), and to not be conformed to this age but to be transformed and prove the&hellip;<\/p>","protected":false},"author":1,"featured_media":771,"parent":0,"menu_order":0,"comment_status":"closed","ping_status":"closed","template":"","meta":{"inline_featured_image":false,"footnotes":""},"class_list":["post-526","page","type-page","status-publish","has-post-thumbnail","hentry"],"yoast_head":"<!-- This site is optimized with the Yoast SEO plugin v27.4 - https:\/\/yoast.com\/product\/yoast-seo-wordpress\/ -->\n<title>Day 13 - Unceasingly Pray<\/title>\n<meta name=\"robots\" content=\"index, follow, max-snippet:-1, max-image-preview:large, max-video-preview:-1\" \/>\n<link rel=\"canonical\" href=\"http:\/\/unceasinglypray.org\/fr\/day-13\/\" \/>\n<meta property=\"og:locale\" content=\"fr_FR\" \/>\n<meta property=\"og:type\" content=\"article\" \/>\n<meta property=\"og:title\" content=\"Day 13 - Unceasingly Pray\" \/>\n<meta property=\"og:description\" content=\"DAY 13: PRAYER FOR THE SAINTS TO BE SANCTIFIED 1 Thes. 5:22-23; Rom 12:2, 4-5 For the saints to be preserved and sanctified in their tripartite being, to be separated unto God from common and sinful things (1 Thes. 5:22-23), and to not be conformed to this age but to be transformed and prove the&hellip;\" \/>\n<meta property=\"og:url\" content=\"http:\/\/unceasinglypray.org\/fr\/day-13\/\" \/>\n<meta property=\"og:site_name\" content=\"Unceasingly Pray\" \/>\n<meta property=\"article:modified_time\" content=\"2020-06-11T13:47:13+00:00\" \/>\n<meta property=\"og:image\" content=\"https:\/\/unceasinglypray.org\/wp-content\/uploads\/2020\/04\/social_share.gif\" \/>\n\t<meta property=\"og:image:width\" content=\"1200\" \/>\n\t<meta property=\"og:image:height\" content=\"630\" \/>\n\t<meta property=\"og:image:type\" content=\"image\/gif\" \/>\n<meta name=\"twitter:card\" content=\"summary_large_image\" \/>\n<meta name=\"twitter:label1\" content=\"Dur\u00e9e de lecture estim\u00e9e\" \/>\n\t<meta name=\"twitter:data1\" content=\"1 minute\" \/>\n<script type=\"application\/ld+json\" class=\"yoast-schema-graph\">{\"@context\":\"https:\\\/\\\/schema.org\",\"@graph\":[{\"@type\":\"WebPage\",\"@id\":\"http:\\\/\\\/unceasinglypray.org\\\/cs\\\/day-13\\\/\",\"url\":\"http:\\\/\\\/unceasinglypray.org\\\/cs\\\/day-13\\\/\",\"name\":\"Day 13 - Unceasingly Pray\",\"isPartOf\":{\"@id\":\"https:\\\/\\\/unceasinglypray.org\\\/ar\\\/#website\"},\"primaryImageOfPage\":{\"@id\":\"http:\\\/\\\/unceasinglypray.org\\\/cs\\\/day-13\\\/#primaryimage\"},\"image\":{\"@id\":\"http:\\\/\\\/unceasinglypray.org\\\/cs\\\/day-13\\\/#primaryimage\"},\"thumbnailUrl\":\"https:\\\/\\\/unceasinglypray.org\\\/wp-content\\\/uploads\\\/2020\\\/04\\\/social_share.gif\",\"datePublished\":\"2020-04-04T21:52:20+00:00\",\"dateModified\":\"2020-06-11T13:47:13+00:00\",\"breadcrumb\":{\"@id\":\"http:\\\/\\\/unceasinglypray.org\\\/cs\\\/day-13\\\/#breadcrumb\"},\"inLanguage\":\"fr-FR\",\"potentialAction\":[{\"@type\":\"ReadAction\",\"target\":[\"http:\\\/\\\/unceasinglypray.org\\\/cs\\\/day-13\\\/\"]}]},{\"@type\":\"ImageObject\",\"inLanguage\":\"fr-FR\",\"@id\":\"http:\\\/\\\/unceasinglypray.org\\\/cs\\\/day-13\\\/#primaryimage\",\"url\":\"https:\\\/\\\/unceasinglypray.org\\\/wp-content\\\/uploads\\\/2020\\\/04\\\/social_share.gif\",\"contentUrl\":\"https:\\\/\\\/unceasinglypray.org\\\/wp-content\\\/uploads\\\/2020\\\/04\\\/social_share.gif\",\"width\":1200,\"height\":630},{\"@type\":\"BreadcrumbList\",\"@id\":\"http:\\\/\\\/unceasinglypray.org\\\/cs\\\/day-13\\\/#breadcrumb\",\"itemListElement\":[{\"@type\":\"ListItem\",\"position\":1,\"name\":\"Home\",\"item\":\"https:\\\/\\\/unceasinglypray.org\\\/pt\\\/\"},{\"@type\":\"ListItem\",\"position\":2,\"name\":\"Day 13\"}]},{\"@type\":\"WebSite\",\"@id\":\"https:\\\/\\\/unceasinglypray.org\\\/ar\\\/#website\",\"url\":\"https:\\\/\\\/unceasinglypray.org\\\/ar\\\/\",\"name\":\"Unceasingly Pray\",\"description\":\"\",\"potentialAction\":[{\"@type\":\"SearchAction\",\"target\":{\"@type\":\"EntryPoint\",\"urlTemplate\":\"https:\\\/\\\/unceasinglypray.org\\\/ar\\\/?s={search_term_string}\"},\"query-input\":{\"@type\":\"PropertyValueSpecification\",\"valueRequired\":true,\"valueName\":\"search_term_string\"}}],\"inLanguage\":\"fr-FR\"}]}<\/script>\n<!-- \/ Yoast SEO plugin. -->","yoast_head_json":{"title":"Day 13 - Unceasingly Pray","robots":{"index":"index","follow":"follow","max-snippet":"max-snippet:-1","max-image-preview":"max-image-preview:large","max-video-preview":"max-video-preview:-1"},"canonical":"http:\/\/unceasinglypray.org\/fr\/day-13\/","og_locale":"fr_FR","og_type":"article","og_title":"Day 13 - Unceasingly Pray","og_description":"DAY 13: PRAYER FOR THE SAINTS TO BE SANCTIFIED 1 Thes. 5:22-23; Rom 12:2, 4-5 For the saints to be preserved and sanctified in their tripartite being, to be separated unto God from common and sinful things (1 Thes. 5:22-23), and to not be conformed to this age but to be transformed and prove the&hellip;","og_url":"http:\/\/unceasinglypray.org\/fr\/day-13\/","og_site_name":"Unceasingly Pray","article_modified_time":"2020-06-11T13:47:13+00:00","og_image":[{"width":1200,"height":630,"url":"https:\/\/unceasinglypray.org\/wp-content\/uploads\/2020\/04\/social_share.gif","type":"image\/gif"}],"twitter_card":"summary_large_image","twitter_misc":{"Dur\u00e9e de lecture estim\u00e9e":"1 minute"},"schema":{"@context":"https:\/\/schema.org","@graph":[{"@type":"WebPage","@id":"http:\/\/unceasinglypray.org\/cs\/day-13\/","url":"http:\/\/unceasinglypray.org\/cs\/day-13\/","name":"Day 13 - Unceasingly Pray","isPartOf":{"@id":"https:\/\/unceasinglypray.org\/ar\/#website"},"primaryImageOfPage":{"@id":"http:\/\/unceasinglypray.org\/cs\/day-13\/#primaryimage"},"image":{"@id":"http:\/\/unceasinglypray.org\/cs\/day-13\/#primaryimage"},"thumbnailUrl":"https:\/\/unceasinglypray.org\/wp-content\/uploads\/2020\/04\/social_share.gif","datePublished":"2020-04-04T21:52:20+00:00","dateModified":"2020-06-11T13:47:13+00:00","breadcrumb":{"@id":"http:\/\/unceasinglypray.org\/cs\/day-13\/#breadcrumb"},"inLanguage":"fr-FR","potentialAction":[{"@type":"ReadAction","target":["http:\/\/unceasinglypray.org\/cs\/day-13\/"]}]},{"@type":"ImageObject","inLanguage":"fr-FR","@id":"http:\/\/unceasinglypray.org\/cs\/day-13\/#primaryimage","url":"https:\/\/unceasinglypray.org\/wp-content\/uploads\/2020\/04\/social_share.gif","contentUrl":"https:\/\/unceasinglypray.org\/wp-content\/uploads\/2020\/04\/social_share.gif","width":1200,"height":630},{"@type":"BreadcrumbList","@id":"http:\/\/unceasinglypray.org\/cs\/day-13\/#breadcrumb","itemListElement":[{"@type":"ListItem","position":1,"name":"Home","item":"https:\/\/unceasinglypray.org\/pt\/"},{"@type":"ListItem","position":2,"name":"Day 13"}]},{"@type":"WebSite","@id":"https:\/\/unceasinglypray.org\/ar\/#website","url":"https:\/\/unceasinglypray.org\/ar\/","name":"Unceasingly Pray","description":"","potentialAction":[{"@type":"SearchAction","target":{"@type":"EntryPoint","urlTemplate":"https:\/\/unceasinglypray.org\/ar\/?s={search_term_string}"},"query-input":{"@type":"PropertyValueSpecification","valueRequired":true,"valueName":"search_term_string"}}],"inLanguage":"fr-FR"}]}},"_links":{"self":[{"href":"https:\/\/unceasinglypray.org\/fr\/wp-json\/wp\/v2\/pages\/526","targetHints":{"allow":["GET"]}}],"collection":[{"href":"https:\/\/unceasinglypray.org\/fr\/wp-json\/wp\/v2\/pages"}],"about":[{"href":"https:\/\/unceasinglypray.org\/fr\/wp-json\/wp\/v2\/types\/page"}],"author":[{"embeddable":true,"href":"https:\/\/unceasinglypray.org\/fr\/wp-json\/wp\/v2\/users\/1"}],"replies":[{"embeddable":true,"href":"https:\/\/unceasinglypray.org\/fr\/wp-json\/wp\/v2\/comments?post=526"}],"version-history":[{"count":0,"href":"https:\/\/unceasinglypray.org\/fr\/wp-json\/wp\/v2\/pages\/526\/revisions"}],"wp:featuredmedia":[{"embeddable":true,"href":"https:\/\/unceasinglypray.org\/fr\/wp-json\/wp\/v2\/media\/771"}],"wp:attachment":[{"href":"https:\/\/unceasinglypray.org\/fr\/wp-json\/wp\/v2\/media?parent=526"}],"curies":[{"name":"wp","href":"https:\/\/api.w.org\/{rel}","templated":true}]}}