{"id":522,"date":"2020-04-04T21:49:31","date_gmt":"2020-04-04T21:49:31","guid":{"rendered":"https:\/\/unceasinglypray.org\/?page_id=522"},"modified":"2020-06-11T13:44:50","modified_gmt":"2020-06-11T13:44:50","slug":"day-9","status":"publish","type":"page","link":"https:\/\/unceasinglypray.org\/fr\/day-9\/","title":{"rendered":"Day 9"},"content":{"rendered":"<p>DAY 9: PRAYER FOR THE SCATTERED BELIEVERS<\/p>\n\t<p>Ac 9.2 ; 26.19 ; Esd 1.5 ; Ez 36.24<\/p>\n\t<p>Pour que les croyants dispers\u00e9s puissent voir la vision c\u00e9leste du dessein \u00e9ternel de Dieu, qu'ils s'\u00e9veillent dans leur esprit pour chercher les choses plus profondes de Christ et de l\u2019\u00e9difice de Dieu, et qu'ils prennent la voie de l'\u00e9conomie de Dieu du Nouveau Testament (Ac 9.2 ; 26.19 ; Esd 1.5 ; Ez 36.24).<\/p>\n\t<p><strong>Ac 9.2<\/strong>\u2014Et lui demanda des lettres pour les synagogues de Damas, afin que, s\u2019il en trouvait quelques-uns qui soient de la Voie, hommes ou femmes, il les am\u00e8ne li\u00e9s \u00e0 J\u00e9rusalem.<\/p>\n<p><strong>Ac 26.19<\/strong>\u2014C\u2019est pourquoi, roi Agrippa, je n\u2019ai pas \u00e9t\u00e9 d\u00e9sob\u00e9issant \u00e0 la vision c\u00e9leste.<\/p>\n<p><strong>Esd 1.5<\/strong>\u2014 Alors, les chefs de famille de Juda et de Benjamin, les sacrificateurs et les L\u00e9vites, tous ceux dont Dieu r\u00e9veilla l\u2019esprit se lev\u00e8rent pour monter (au pays) et b\u00e2tir la maison de l\u2019\u00c9ternel qui est \u00e0 J\u00e9rusalem.<\/p>\n<p><strong>Ez 36.24<\/strong>\u2014 Je vous retirerai d\u2019entre les nations, je vous rassemblerai de tous les pays et je vous ram\u00e8nerai sur votre territoire.<\/p>\n\t\t<h3><\/h3>\n\t\t<p>Priez sans cesse<\/p>\n\t\t\t<a href=\"https:\/\/unceasinglypray.org\/fr\/sign-up\/\" target=\"_self\" role=\"button\" rel=\"noopener noreferrer\">\n\t\t\t\t\t\t\tCHOISIR UN CR\u00c9NEAU\n\t\t\t\t\t<\/a>","protected":false},"excerpt":{"rendered":"<p>DAY 9: PRAYER FOR THE SCATTERED BELIEVERS Acts 9:2, Acts 26:19; Ezra 1:5; Ezek. 36:24 For the scattered believers to see the heavenly vision of God\u2019s eternal purpose, to be stirred up in their spirits to seek the deeper things of Christ and God\u2019s building, and to take the way of God\u2019s New Testament economy&hellip;<\/p>","protected":false},"author":1,"featured_media":771,"parent":0,"menu_order":0,"comment_status":"closed","ping_status":"closed","template":"","meta":{"inline_featured_image":false,"footnotes":""},"class_list":["post-522","page","type-page","status-publish","has-post-thumbnail","hentry"],"yoast_head":"<!-- This site is optimized with the Yoast SEO plugin v27.3 - https:\/\/yoast.com\/product\/yoast-seo-wordpress\/ -->\n<title>Day 9 - Unceasingly Pray<\/title>\n<meta name=\"robots\" content=\"index, follow, max-snippet:-1, max-image-preview:large, max-video-preview:-1\" \/>\n<link rel=\"canonical\" href=\"https:\/\/unceasinglypray.org\/fr\/day-9\/\" \/>\n<meta property=\"og:locale\" content=\"fr_FR\" \/>\n<meta property=\"og:type\" content=\"article\" \/>\n<meta property=\"og:title\" content=\"Day 9 - Unceasingly Pray\" \/>\n<meta property=\"og:description\" content=\"DAY 9: PRAYER FOR THE SCATTERED BELIEVERS Acts 9:2, Acts 26:19; Ezra 1:5; Ezek. 36:24 For the scattered believers to see the heavenly vision of God\u2019s eternal purpose, to be stirred up in their spirits to seek the deeper things of Christ and God\u2019s building, and to take the way of God\u2019s New Testament economy&hellip;\" \/>\n<meta property=\"og:url\" content=\"https:\/\/unceasinglypray.org\/fr\/day-9\/\" \/>\n<meta property=\"og:site_name\" content=\"Unceasingly Pray\" \/>\n<meta property=\"article:modified_time\" content=\"2020-06-11T13:44:50+00:00\" \/>\n<meta property=\"og:image\" content=\"https:\/\/unceasinglypray.org\/wp-content\/uploads\/2020\/04\/social_share.gif\" \/>\n\t<meta property=\"og:image:width\" content=\"1200\" \/>\n\t<meta property=\"og:image:height\" content=\"630\" \/>\n\t<meta property=\"og:image:type\" content=\"image\/gif\" \/>\n<meta name=\"twitter:card\" content=\"summary_large_image\" \/>\n<meta name=\"twitter:label1\" content=\"Dur\u00e9e de lecture estim\u00e9e\" \/>\n\t<meta name=\"twitter:data1\" content=\"1 minute\" \/>\n<script type=\"application\/ld+json\" class=\"yoast-schema-graph\">{\"@context\":\"https:\\\/\\\/schema.org\",\"@graph\":[{\"@type\":\"WebPage\",\"@id\":\"https:\\\/\\\/unceasinglypray.org\\\/ro\\\/day-9\\\/\",\"url\":\"https:\\\/\\\/unceasinglypray.org\\\/ro\\\/day-9\\\/\",\"name\":\"Day 9 - Unceasingly Pray\",\"isPartOf\":{\"@id\":\"https:\\\/\\\/unceasinglypray.org\\\/ar\\\/#website\"},\"primaryImageOfPage\":{\"@id\":\"https:\\\/\\\/unceasinglypray.org\\\/ro\\\/day-9\\\/#primaryimage\"},\"image\":{\"@id\":\"https:\\\/\\\/unceasinglypray.org\\\/ro\\\/day-9\\\/#primaryimage\"},\"thumbnailUrl\":\"https:\\\/\\\/unceasinglypray.org\\\/wp-content\\\/uploads\\\/2020\\\/04\\\/social_share.gif\",\"datePublished\":\"2020-04-04T21:49:31+00:00\",\"dateModified\":\"2020-06-11T13:44:50+00:00\",\"breadcrumb\":{\"@id\":\"https:\\\/\\\/unceasinglypray.org\\\/ro\\\/day-9\\\/#breadcrumb\"},\"inLanguage\":\"fr-FR\",\"potentialAction\":[{\"@type\":\"ReadAction\",\"target\":[\"https:\\\/\\\/unceasinglypray.org\\\/ro\\\/day-9\\\/\"]}]},{\"@type\":\"ImageObject\",\"inLanguage\":\"fr-FR\",\"@id\":\"https:\\\/\\\/unceasinglypray.org\\\/ro\\\/day-9\\\/#primaryimage\",\"url\":\"https:\\\/\\\/unceasinglypray.org\\\/wp-content\\\/uploads\\\/2020\\\/04\\\/social_share.gif\",\"contentUrl\":\"https:\\\/\\\/unceasinglypray.org\\\/wp-content\\\/uploads\\\/2020\\\/04\\\/social_share.gif\",\"width\":1200,\"height\":630},{\"@type\":\"BreadcrumbList\",\"@id\":\"https:\\\/\\\/unceasinglypray.org\\\/ro\\\/day-9\\\/#breadcrumb\",\"itemListElement\":[{\"@type\":\"ListItem\",\"position\":1,\"name\":\"Home\",\"item\":\"https:\\\/\\\/unceasinglypray.org\\\/pt\\\/\"},{\"@type\":\"ListItem\",\"position\":2,\"name\":\"Day 9\"}]},{\"@type\":\"WebSite\",\"@id\":\"https:\\\/\\\/unceasinglypray.org\\\/ar\\\/#website\",\"url\":\"https:\\\/\\\/unceasinglypray.org\\\/ar\\\/\",\"name\":\"Unceasingly Pray\",\"description\":\"\",\"potentialAction\":[{\"@type\":\"SearchAction\",\"target\":{\"@type\":\"EntryPoint\",\"urlTemplate\":\"https:\\\/\\\/unceasinglypray.org\\\/ar\\\/?s={search_term_string}\"},\"query-input\":{\"@type\":\"PropertyValueSpecification\",\"valueRequired\":true,\"valueName\":\"search_term_string\"}}],\"inLanguage\":\"fr-FR\"}]}<\/script>\n<!-- \/ Yoast SEO plugin. -->","yoast_head_json":{"title":"Day 9 - Unceasingly Pray","robots":{"index":"index","follow":"follow","max-snippet":"max-snippet:-1","max-image-preview":"max-image-preview:large","max-video-preview":"max-video-preview:-1"},"canonical":"https:\/\/unceasinglypray.org\/fr\/day-9\/","og_locale":"fr_FR","og_type":"article","og_title":"Day 9 - Unceasingly Pray","og_description":"DAY 9: PRAYER FOR THE SCATTERED BELIEVERS Acts 9:2, Acts 26:19; Ezra 1:5; Ezek. 36:24 For the scattered believers to see the heavenly vision of God\u2019s eternal purpose, to be stirred up in their spirits to seek the deeper things of Christ and God\u2019s building, and to take the way of God\u2019s New Testament economy&hellip;","og_url":"https:\/\/unceasinglypray.org\/fr\/day-9\/","og_site_name":"Unceasingly Pray","article_modified_time":"2020-06-11T13:44:50+00:00","og_image":[{"width":1200,"height":630,"url":"https:\/\/unceasinglypray.org\/wp-content\/uploads\/2020\/04\/social_share.gif","type":"image\/gif"}],"twitter_card":"summary_large_image","twitter_misc":{"Dur\u00e9e de lecture estim\u00e9e":"1 minute"},"schema":{"@context":"https:\/\/schema.org","@graph":[{"@type":"WebPage","@id":"https:\/\/unceasinglypray.org\/ro\/day-9\/","url":"https:\/\/unceasinglypray.org\/ro\/day-9\/","name":"Day 9 - Unceasingly Pray","isPartOf":{"@id":"https:\/\/unceasinglypray.org\/ar\/#website"},"primaryImageOfPage":{"@id":"https:\/\/unceasinglypray.org\/ro\/day-9\/#primaryimage"},"image":{"@id":"https:\/\/unceasinglypray.org\/ro\/day-9\/#primaryimage"},"thumbnailUrl":"https:\/\/unceasinglypray.org\/wp-content\/uploads\/2020\/04\/social_share.gif","datePublished":"2020-04-04T21:49:31+00:00","dateModified":"2020-06-11T13:44:50+00:00","breadcrumb":{"@id":"https:\/\/unceasinglypray.org\/ro\/day-9\/#breadcrumb"},"inLanguage":"fr-FR","potentialAction":[{"@type":"ReadAction","target":["https:\/\/unceasinglypray.org\/ro\/day-9\/"]}]},{"@type":"ImageObject","inLanguage":"fr-FR","@id":"https:\/\/unceasinglypray.org\/ro\/day-9\/#primaryimage","url":"https:\/\/unceasinglypray.org\/wp-content\/uploads\/2020\/04\/social_share.gif","contentUrl":"https:\/\/unceasinglypray.org\/wp-content\/uploads\/2020\/04\/social_share.gif","width":1200,"height":630},{"@type":"BreadcrumbList","@id":"https:\/\/unceasinglypray.org\/ro\/day-9\/#breadcrumb","itemListElement":[{"@type":"ListItem","position":1,"name":"Home","item":"https:\/\/unceasinglypray.org\/pt\/"},{"@type":"ListItem","position":2,"name":"Day 9"}]},{"@type":"WebSite","@id":"https:\/\/unceasinglypray.org\/ar\/#website","url":"https:\/\/unceasinglypray.org\/ar\/","name":"Unceasingly Pray","description":"","potentialAction":[{"@type":"SearchAction","target":{"@type":"EntryPoint","urlTemplate":"https:\/\/unceasinglypray.org\/ar\/?s={search_term_string}"},"query-input":{"@type":"PropertyValueSpecification","valueRequired":true,"valueName":"search_term_string"}}],"inLanguage":"fr-FR"}]}},"_links":{"self":[{"href":"https:\/\/unceasinglypray.org\/fr\/wp-json\/wp\/v2\/pages\/522","targetHints":{"allow":["GET"]}}],"collection":[{"href":"https:\/\/unceasinglypray.org\/fr\/wp-json\/wp\/v2\/pages"}],"about":[{"href":"https:\/\/unceasinglypray.org\/fr\/wp-json\/wp\/v2\/types\/page"}],"author":[{"embeddable":true,"href":"https:\/\/unceasinglypray.org\/fr\/wp-json\/wp\/v2\/users\/1"}],"replies":[{"embeddable":true,"href":"https:\/\/unceasinglypray.org\/fr\/wp-json\/wp\/v2\/comments?post=522"}],"version-history":[{"count":0,"href":"https:\/\/unceasinglypray.org\/fr\/wp-json\/wp\/v2\/pages\/522\/revisions"}],"wp:featuredmedia":[{"embeddable":true,"href":"https:\/\/unceasinglypray.org\/fr\/wp-json\/wp\/v2\/media\/771"}],"wp:attachment":[{"href":"https:\/\/unceasinglypray.org\/fr\/wp-json\/wp\/v2\/media?parent=522"}],"curies":[{"name":"wp","href":"https:\/\/api.w.org\/{rel}","templated":true}]}}